{"id":7398,"date":"2026-05-01T23:02:21","date_gmt":"2026-05-01T21:02:21","guid":{"rendered":"https:\/\/www.organscore.com\/?post_type=product&#038;p=7398"},"modified":"2026-05-02T21:19:48","modified_gmt":"2026-05-02T19:19:48","slug":"repertoire-orgue-pour-les-celebrations","status":"publish","type":"product","link":"https:\/\/www.organscore.com\/fr\/produit\/repertoire-orgue-pour-les-celebrations\/","title":{"rendered":"R\u00e9pertoire d\u2019orgue pour les c\u00e9l\u00e9brations"},"content":{"rendered":"<p style=\"text-align: justify;\">Ce nouveau volume OrganScore est le fruit de plus de 25 ans d\u2019exp\u00e9rience pratique comme organiste, au fil des demandes musicales re\u00e7ues pour des mariages, des fun\u00e9railles et d\u2019autres c\u00e9r\u00e9monies liturgiques occasionnelles. Avec le temps, le m\u00eame besoin s\u2019est impos\u00e9 : disposer de pi\u00e8ces connues, fiables et efficaces, pouvant \u00eatre pr\u00e9par\u00e9es rapidement \u2014 ou parfois m\u00eame d\u00e9chiffr\u00e9es \u2014 lorsqu\u2019une c\u00e9r\u00e9monie approche.<\/p>\n<p style=\"text-align: justify;\">Ce recueil rassemble 86 pi\u00e8ces pour orgue, avec un large choix d\u2019\u0153uvres famili\u00e8res souvent demand\u00e9es par les familles et les assembl\u00e9es : Bach, Haendel, Vivaldi, Mozart, Pachelbel, Franck et bien d\u2019autres, aux c\u00f4t\u00e9s de grandes pages classiques qui n\u2019ont pas toujours \u00e9t\u00e9 \u00e9crites pour l\u2019orgue, mais qui peuvent trouver naturellement leur place dans un cadre liturgique.<\/p>\n<p style=\"text-align: justify;\">L\u2019une des id\u00e9es directrices de ce volume est le recoupement fr\u00e9quent entre les musiques demand\u00e9es pour les fun\u00e9railles et celles demand\u00e9es pour les mariages, m\u00eame si ces derniers soient devenus plus rare au fil du temps. M\u00eame si les occasions sont tr\u00e8s diff\u00e9rentes, le r\u00e9pertoire souhait\u00e9 est souvent proche : pi\u00e8ces solennelles, paisibles, m\u00e9ditatives, lumineuses ou doucement joyeuses. Les mariages comportent souvent des moments plus recueillis, tandis que les fun\u00e9railles appellent tr\u00e8s souvent une musique porteuse de r\u00e9confort, de lumi\u00e8re et d\u2019esp\u00e9rance, plut\u00f4t qu\u2019une tristesse trop appuy\u00e9e.<\/p>\n<p style=\"text-align: justify;\">De nombreuses pi\u00e8ces de ce volume sont des transcriptions ou des arrangements choisis pour leur clart\u00e9, leur efficacit\u00e9 et leur jouabilit\u00e9. Certaines sont des arrangements originaux OrganScore, volontairement con\u00e7us de mani\u00e8re aussi pratique que possible ; d\u2019autres sont dues \u00e0 des arrangeurs reconnus, comme William T. Best ou Th\u00e9odore Dubois, parfois accompagn\u00e9es de versions plus courtes ou plus faciles, imm\u00e9diatement utilisables.<\/p>\n<p style=\"text-align: justify;\">Bien qu\u2019il ait \u00e9t\u00e9 con\u00e7u d\u2019abord pour les mariages, les fun\u00e9railles et les c\u00e9r\u00e9monies occasionnelles, une grande partie de ce r\u00e9pertoire peut aussi \u00eatre utilis\u00e9e lors des offices dominicaux \u2014 \u00e0 la communion, en sortie, ou \u00e0 d\u2019autres moments liturgiques \u2014 et parfois m\u00eame en concert.<\/p>\n<p style=\"text-align: justify;\">Fid\u00e8le au format OrganScore, ce volume propose une mise en page pens\u00e9e pour le confort de l\u2019interpr\u00e8te : pas de tournes, une pr\u00e9sentation claire et une gravure pratique, con\u00e7ue pour l\u2019usage r\u00e9el \u00e0 l\u2019orgue. Il se veut une ressource fiable pour les organistes confront\u00e9s \u00e0 ces demandes musicales de derni\u00e8re minute, personnelles, touchantes et toujours importantes.<\/p>\n<p style=\"text-align: justify;\"><strong>Contenu :<\/strong><\/p>\n<p style=\"text-align: justify;\">J.S. Bach \u2013 Nun danket alle Gott (Cantate BWV 79)<br \/>\nJ.S. Bach \u2013 Sonatina (Actus Tragicus BWV 106)<br \/>\nJ.S. Bach \u2013 Jesus bleibet meine Freude (Cantate BWV 147)<br \/>\nJ.S. Bach \u2013 Matth\u00e4us Passion Finale (BWV 244)<br \/>\nJ.S. Bach \u2013 Largo (Sonate en trio BWV 526)<br \/>\nJ.S. Bach \u2013 Toccata (BWV 565)<br \/>\nJ.S. Bach \u2013 Adagio (Toccata, Adagio &amp; Fugue BWV 564-II)<br \/>\nJ.S. Bach\/A. Vivaldi \u2013 Adagio (Concerto en La mineur BWV 593-II)<br \/>\nJ.S. Bach\/A. Vivaldi \u2013 Largo e spiccato (Concerto en R\u00e9 mineur BWV 596-II)<br \/>\nJ.S. Bach\/A. Vivaldi \u2013 Adagio (Concerto en R\u00e9 majeur BWV 972-II)<br \/>\nJ.S. Bach\/B\/ Marcello \u2013 Adagio (Concerto en R\u00e9 mineur BWV 974-II)<br \/>\nJ.S. Bach\/A. Vivaldi \u2013 Adagio (Concerto en Ut majeur BWV 976-II)<br \/>\nJ.S. Bach \u2013 Aria (Variations Goldberg BWV 988)<br \/>\nJ.S. Bach \u2013 Largo (Concerto en Fa mineur BWV 1056-II)<br \/>\nJ.S. Bach \u2013 Aria (Ouverture en R\u00e9 majeur BWV 1068-II)<br \/>\nJ.S. Bach \u2013 O Mensch, bewein\u02b9 dein\u02b9 S\u00fcnde gro\u00df (BWV 622)<br \/>\nJ.S. Bach \u2013 Christ lag in Todesbanden (BWV 625)<br \/>\nJ.S. Bach \u2013 Wenn wir in h\u00f6chsten N\u00f6ten sein (BWV 639)<br \/>\nJ.S. Bach \u2013 Ich ruf zu dir, Herr Jesu Christ (BWV 641)<br \/>\nJ.S. Bach \u2013 Wer nur den lieben Gott l\u00e4sst walten (BWV 642)<br \/>\nJ.S. Bach \u2013 Wer nur den lieben Gott l\u00e4sst walten (BWV 647)<br \/>\nJ.S. Bach \u2013 Meine Seele erhebt den Herren (BWV 648)<br \/>\nJ.S. Bach \u2013 Vom Himmel hoch, da komm ich her (BWV 700)<br \/>\nJ.S. Bach \u2013 Herr Jesu Christ, dich zu uns wend (BWV 709)<br \/>\nJ.S. Bach \u2013 Erbarm dich mein, O Herre Gott (BWV 721)<br \/>\nJ.S. Bach \u2013 Gelobet seist du, Jesu Christ (BWV 723, J. Michael Bach)<br \/>\nJ.S. Bach \u2013 Jesus, meine Zuversicht (BWV 727)<br \/>\nJ.S. Bach \u2013 Herzlich tut mich verlangen (BWV 728)<br \/>\nJ.S. Bach \u2013 Liebster Jesu, wir sind hier (BWV 760)<br \/>\nJ.S. Bach \u2013 Liebster Jesu, wir sind hier (BWV 731)<br \/>\nJ.S. Bach \u2013 Vater unser im Himmelreich (BWV 737)<br \/>\nJ.S. Bach \u2013 Jesu, meine Freude (BWV 753)<br \/>\nJ.S. Bach \u2013 Schm\u00fccke dich, o liebe Seele (BWV 759, G.A. Homilius)<br \/>\nJ.S. Bach \u2013 O Jesu, ist dein Gestalt (BWV 1094)<br \/>\nJ.S. Bach \u2013 O Lamm Gottes unschuldig (BWV 1095)<br \/>\nJ.S. Bach \u2013 Vor deinen Thron tret\u02b9 ich hiermit (BWV 768)<br \/>\nG. B\u00f6hm \u2013 Vater unser im Himmelreich<br \/>\nD. Buxtehude \u2013 Vater unser im Himmelreich (BuxWV 206)<br \/>\nD. Buxtehude \u2013 Ach Herr, mich armen S\u00fcnder (BuxWV 178)<br \/>\nD. Buxtehude \u2013 Nun lob mein Seel\u02b9 den Herren (BuxWV 214)<br \/>\nM.A. Charpentier \u2013 Pr\u00e9lude (Te Deum-I) en Ut et R\u00e9 (In C and D)<br \/>\nJ. Clarke \u2013 The Prince of Denmark\u02b9s March<br \/>\nL.N. Cl\u00e9rambault \u2013 R\u00e9cit de Nazard<br \/>\nL. Couperin \u2013 Chaconne en Sol mineur<br \/>\nJ.B. Lully \u2013 Marche pour la c\u00e9r\u00e9monie des Turcs, \u00ab Le Bourgeois gentilhomme \u00bb<br \/>\nH. Purcell \u2013 Trumpet Tune en R\u00e9 majeur<br \/>\nJ. Brahms \u2013 Es ist ein Ros\u02b9 entsprungen (avec Ped. \/ with Ped.)<br \/>\nA. Chauvet \u2013 Pr\u00e9lude en Sol mineur<br \/>\nF. Chopin \u2013 Marche Fun\u00e8bre<br \/>\nC. Franck \u2013 Pr\u00e9lude (extr. \u00ab Pr\u00e9lude, fugue et variation)<br \/>\nC. Franck \u2013 2 pi\u00e8ces en Ut majeur<br \/>\nC. Franck \u2013 3 Pi\u00e8ce en R\u00e9b, R\u00e9 &amp; Mi majeurs<br \/>\nC. Franck \u2013 Offertoire fun\u00e8bre<br \/>\nC. Franck \u2013 Offertoire en La majeur<br \/>\nC. Franck \u2013 Sortie en Fa majeur<br \/>\nG.F. Haendel \u2013 Alleluia du \u02baMessie\u02ba HWV 56<br \/>\nG.F. Haendel \u2013 Andante en Sol majeur (Concerto pour orgue HWV 289-IV)<br \/>\nG.F. Haendel \u2013 Hornpipe (\u00ab Water Music \u00bb HWV 348-VIII)<br \/>\nG.F. Haendel \u2013 Passacaille en Sol mineur (Suite HWV 432)<br \/>\nG.F. Haendel \u2013 Sarabande en R\u00e9 mineur (Suite HWV 437)<br \/>\nG.F. Haendel \u2013 Sonate en Sib (Suite HWV 434)<br \/>\nG.F. Haendel \u2013 Menuet en Sol mineur (Suite HWV 434)<br \/>\nG.F. Haendel \u2013 Lascia ch\u02b9io pianga (T. Best)<br \/>\nG.F. Haendel \u2013 Lascia ch\u02b9io pianga (Facile\/Easy)<br \/>\nL.A.J. Lef\u00e9bure-W\u00e9ly \u2013 Andante \u02baCh\u0153ur de voix humaines\u02ba<br \/>\nL.A.J. Lef\u00e9bure-W\u00e9ly \u2013 Elevation ou Communion<br \/>\nL.A.J. Lef\u00e9bure-W\u00e9ly \u2013 Pastorale<br \/>\nE. Elgar \u2013 Marche (Pomp &amp; Circumstances)<br \/>\nJ. Lemmens \u2013 Fanfare<br \/>\nF. Liszt \u2013 Rhapsodie hongroise n\u00b0 2 (Evocation)<br \/>\nF. Mendelssohn \u2013 Marche Nuptiale (facile) \u2013 Wedding March (easy)<br \/>\nF. Mendelssohn \u2013 Marche Nuptiale \u2013 Wedding March (T. Dubois)<br \/>\nF. Mendelssohn \u2013 O k\u00f6nnt\u2019 ich fliegen wie Tauben dahin (T. Best\/Extr.)<br \/>\nF. Mendelssohn \u2013 Andante religioso (Sonate n\u00b0 3)<br \/>\nF. Mendelssohn \u2013 Andante (Sonate n\u00b0 6)<br \/>\nW.A. Mozart \u2013 Adagio en Si mineur (KV 540)<br \/>\nW.A. Mozart \u2013 Adagio en Ut majeur (KV 356, pour Glassharmonika)<br \/>\nW.A. Mozart \u2013 Adagio en R\u00e9 majeur (Concerto pour Clarinette KV 622)<br \/>\nW.A. Mozart \u2013 Lacrimosa (Requiem KV 626)<br \/>\nPachelbel \u2013 Canon en R\u00e9 majeur (abr\u00e9g\u00e9)<br \/>\nA. Danican Philidor (copiste) \u2013 Pavane pour le sacre de Louis XIII (Anon.)<br \/>\nG.B. Pergolesi \u2013 Stabat Mater dolorosa (I)<br \/>\nF. Schubert \u2013 Adagio (Quintette D 956)<br \/>\nA. Vivaldi \u2013 Largo (\u00ab Le Quattro Stagioni \u00bb, l\u2019Inverno II)<br \/>\nR. Wagner \u2013 Marche des fiancailles \/ Bridal March<br \/>\nCh.M. Widor \u2013 Toccata (Symphonie n\u00b05)<\/p>\n","protected":false},"excerpt":{"rendered":"<p>R\u00e9pertoire d\u2019orgue pour les c\u00e9l\u00e9brations,<br \/>\n<strong>Sans Probl\u00e8me de Tourne de Page<br \/>\n<\/strong><em>(contenu jouable sans assistant tourneur de pages)<\/em><\/p>\n<p>OSC 030 \u2014 ISMN : 979-0-707109-30-4<br \/>\n37.5cm x 29.7cm (+spirale)<br \/>\n106 pages \u2014 120g\/m\u00b2<\/p>\n","protected":false},"featured_media":7401,"template":"","meta":{"_monsterinsights_skip_tracking":false,"_monsterinsights_sitenote_active":false,"_monsterinsights_sitenote_note":"","_monsterinsights_sitenote_category":0,"site-sidebar-layout":"default","site-content-layout":"default","ast-site-content-layout":"default","site-content-style":"default","site-sidebar-style":"default","ast-global-header-display":"","ast-banner-title-visibility":"","ast-main-header-display":"","ast-hfb-above-header-display":"","ast-hfb-below-header-display":"","ast-hfb-mobile-header-display":"","site-post-title":"","ast-breadcrumbs-content":"","ast-featured-img":"","footer-sml-layout":"","ast-disable-related-posts":"","theme-transparent-header-meta":"default","adv-header-id-meta":"","stick-header-meta":"default","header-above-stick-meta":"","header-main-stick-meta":"","header-below-stick-meta":"","astra-migrate-meta-layouts":"set","ast-page-background-enabled":"default","ast-page-background-meta":{"desktop":{"background-color":"","background-image":"","background-repeat":"repeat","background-position":"center center","background-size":"auto","background-attachment":"scroll","background-type":"","background-media":"","overlay-type":"","overlay-color":"","overlay-opacity":"","overlay-gradient":""},"tablet":{"background-color":"","background-image":"","background-repeat":"repeat","background-position":"center center","background-size":"auto","background-attachment":"scroll","background-type":"","background-media":"","overlay-type":"","overlay-color":"","overlay-opacity":"","overlay-gradient":""},"mobile":{"background-color":"","background-image":"","background-repeat":"repeat","background-position":"center center","background-size":"auto","background-attachment":"scroll","background-type":"","background-media":"","overlay-type":"","overlay-color":"","overlay-opacity":"","overlay-gradient":""}},"ast-content-background-meta":{"desktop":{"background-color":"var(--ast-global-color-5)","background-image":"","background-repeat":"repeat","background-position":"center center","background-size":"auto","background-attachment":"scroll","background-type":"","background-media":"","overlay-type":"","overlay-color":"","overlay-opacity":"","overlay-gradient":""},"tablet":{"background-color":"var(--ast-global-color-5)","background-image":"","background-repeat":"repeat","background-position":"center center","background-size":"auto","background-attachment":"scroll","background-type":"","background-media":"","overlay-type":"","overlay-color":"","overlay-opacity":"","overlay-gradient":""},"mobile":{"background-color":"var(--ast-global-color-5)","background-image":"","background-repeat":"repeat","background-position":"center center","background-size":"auto","background-attachment":"scroll","background-type":"","background-media":"","overlay-type":"","overlay-color":"","overlay-opacity":"","overlay-gradient":""}}},"product_brand":[],"product_cat":[51],"product_tag":[],"class_list":{"0":"post-7398","1":"product","2":"type-product","3":"status-publish","4":"has-post-thumbnail","6":"product_cat-partition-papier","7":"desktop-align-left","8":"tablet-align-left","9":"mobile-align-left","10":"ast-product-gallery-layout-horizontal-slider","11":"ast-product-tabs-layout-horizontal","13":"first","14":"instock","15":"shipping-taxable","16":"purchasable","17":"product-type-simple"},"yoast_head":"<!-- This site is optimized with the Yoast SEO plugin v27.4 - https:\/\/yoast.com\/product\/yoast-seo-wordpress\/ -->\n<title>Musique d\u2019orgue pour fun\u00e9railles, mariages et c\u00e9l\u00e9brations occasionnelles OrganScore<\/title>\n<meta name=\"description\" content=\"Musique d\u2019orgue pour fun\u00e9railles, mariages et c\u00e9l\u00e9brations occasionnelles\" \/>\n<meta name=\"robots\" content=\"index, follow, max-snippet:-1, max-image-preview:large, max-video-preview:-1\" \/>\n<link rel=\"canonical\" href=\"https:\/\/www.organscore.com\/fr\/produit\/repertoire-orgue-pour-les-celebrations\/\" \/>\n<meta property=\"og:locale\" content=\"fr_FR\" \/>\n<meta property=\"og:type\" content=\"article\" \/>\n<meta property=\"og:title\" content=\"Musique d\u2019orgue pour fun\u00e9railles, mariages et c\u00e9l\u00e9brations occasionnelles OrganScore\" \/>\n<meta property=\"og:description\" content=\"Musique d\u2019orgue pour fun\u00e9railles, mariages et c\u00e9l\u00e9brations occasionnelles\" \/>\n<meta property=\"og:url\" content=\"https:\/\/www.organscore.com\/fr\/produit\/repertoire-orgue-pour-les-celebrations\/\" \/>\n<meta property=\"og:site_name\" content=\"OrganScore\" \/>\n<meta property=\"article:modified_time\" content=\"2026-05-02T19:19:48+00:00\" \/>\n<meta property=\"og:image\" content=\"https:\/\/www.organscore.com\/wp-content\/uploads\/2026\/05\/Cover_30_rouge-scaled.jpg\" \/>\n\t<meta property=\"og:image:width\" content=\"2560\" \/>\n\t<meta property=\"og:image:height\" content=\"2028\" \/>\n\t<meta property=\"og:image:type\" content=\"image\/jpeg\" \/>\n<meta name=\"twitter:card\" content=\"summary_large_image\" \/>\n<meta name=\"twitter:label1\" content=\"Dur\u00e9e de lecture estim\u00e9e\" \/>\n\t<meta name=\"twitter:data1\" content=\"5 minutes\" \/>\n<script type=\"application\/ld+json\" class=\"yoast-schema-graph\">{\"@context\":\"https:\\\/\\\/schema.org\",\"@graph\":[{\"@type\":\"WebPage\",\"@id\":\"https:\\\/\\\/www.organscore.com\\\/fr\\\/produit\\\/repertoire-orgue-pour-les-celebrations\\\/\",\"url\":\"https:\\\/\\\/www.organscore.com\\\/fr\\\/produit\\\/repertoire-orgue-pour-les-celebrations\\\/\",\"name\":\"Musique d\u2019orgue pour fun\u00e9railles, mariages et c\u00e9l\u00e9brations occasionnelles OrganScore\",\"isPartOf\":{\"@id\":\"https:\\\/\\\/www.organscore.com\\\/#website\"},\"primaryImageOfPage\":{\"@id\":\"https:\\\/\\\/www.organscore.com\\\/fr\\\/produit\\\/repertoire-orgue-pour-les-celebrations\\\/#primaryimage\"},\"image\":{\"@id\":\"https:\\\/\\\/www.organscore.com\\\/fr\\\/produit\\\/repertoire-orgue-pour-les-celebrations\\\/#primaryimage\"},\"thumbnailUrl\":\"https:\\\/\\\/www.organscore.com\\\/wp-content\\\/uploads\\\/2026\\\/05\\\/Cover_30_rouge-scaled.jpg\",\"datePublished\":\"2026-05-01T21:02:21+00:00\",\"dateModified\":\"2026-05-02T19:19:48+00:00\",\"description\":\"Musique d\u2019orgue pour fun\u00e9railles, mariages et c\u00e9l\u00e9brations occasionnelles\",\"breadcrumb\":{\"@id\":\"https:\\\/\\\/www.organscore.com\\\/fr\\\/produit\\\/repertoire-orgue-pour-les-celebrations\\\/#breadcrumb\"},\"inLanguage\":\"fr-FR\",\"potentialAction\":[{\"@type\":\"ReadAction\",\"target\":[\"https:\\\/\\\/www.organscore.com\\\/fr\\\/produit\\\/repertoire-orgue-pour-les-celebrations\\\/\"]}]},{\"@type\":\"ImageObject\",\"inLanguage\":\"fr-FR\",\"@id\":\"https:\\\/\\\/www.organscore.com\\\/fr\\\/produit\\\/repertoire-orgue-pour-les-celebrations\\\/#primaryimage\",\"url\":\"https:\\\/\\\/www.organscore.com\\\/wp-content\\\/uploads\\\/2026\\\/05\\\/Cover_30_rouge-scaled.jpg\",\"contentUrl\":\"https:\\\/\\\/www.organscore.com\\\/wp-content\\\/uploads\\\/2026\\\/05\\\/Cover_30_rouge-scaled.jpg\",\"width\":2560,\"height\":2028,\"caption\":\"Volume OrganScore de 86 pi\u00e8ces pour orgue destin\u00e9es aux fun\u00e9railles, mariages et c\u00e9l\u00e9brations occasionnelles.\"},{\"@type\":\"BreadcrumbList\",\"@id\":\"https:\\\/\\\/www.organscore.com\\\/fr\\\/produit\\\/repertoire-orgue-pour-les-celebrations\\\/#breadcrumb\",\"itemListElement\":[{\"@type\":\"ListItem\",\"position\":1,\"name\":\"Home\",\"item\":\"https:\\\/\\\/www.organscore.com\\\/fr\\\/\"},{\"@type\":\"ListItem\",\"position\":2,\"name\":\"Acheter\",\"item\":\"https:\\\/\\\/www.organscore.com\\\/fr\\\/boutique\\\/\"},{\"@type\":\"ListItem\",\"position\":3,\"name\":\"R\u00e9pertoire d\u2019orgue pour les c\u00e9l\u00e9brations\"}]},{\"@type\":\"WebSite\",\"@id\":\"https:\\\/\\\/www.organscore.com\\\/#website\",\"url\":\"https:\\\/\\\/www.organscore.com\\\/\",\"name\":\"OrganScore\",\"description\":\"The Practical Score for Organists\",\"publisher\":{\"@id\":\"https:\\\/\\\/www.organscore.com\\\/#organization\"},\"potentialAction\":[{\"@type\":\"SearchAction\",\"target\":{\"@type\":\"EntryPoint\",\"urlTemplate\":\"https:\\\/\\\/www.organscore.com\\\/?s={search_term_string}\"},\"query-input\":{\"@type\":\"PropertyValueSpecification\",\"valueRequired\":true,\"valueName\":\"search_term_string\"}}],\"inLanguage\":\"fr-FR\"},{\"@type\":\"Organization\",\"@id\":\"https:\\\/\\\/www.organscore.com\\\/#organization\",\"name\":\"OrganScore\",\"url\":\"https:\\\/\\\/www.organscore.com\\\/\",\"logo\":{\"@type\":\"ImageObject\",\"inLanguage\":\"fr-FR\",\"@id\":\"https:\\\/\\\/www.organscore.com\\\/#\\\/schema\\\/logo\\\/image\\\/\",\"url\":\"https:\\\/\\\/www.organscore.com\\\/wp-content\\\/uploads\\\/2018\\\/09\\\/organscore-logo-0153bf-h142px-shaded.png\",\"contentUrl\":\"https:\\\/\\\/www.organscore.com\\\/wp-content\\\/uploads\\\/2018\\\/09\\\/organscore-logo-0153bf-h142px-shaded.png\",\"width\":434,\"height\":142,\"caption\":\"OrganScore\"},\"image\":{\"@id\":\"https:\\\/\\\/www.organscore.com\\\/#\\\/schema\\\/logo\\\/image\\\/\"},\"sameAs\":[\"https:\\\/\\\/www.youtube.com\\\/user\\\/organopleno2000\"]}]}<\/script>\n<!-- \/ Yoast SEO plugin. -->","yoast_head_json":{"title":"Musique d\u2019orgue pour fun\u00e9railles, mariages et c\u00e9l\u00e9brations occasionnelles OrganScore","description":"Musique d\u2019orgue pour fun\u00e9railles, mariages et c\u00e9l\u00e9brations occasionnelles","robots":{"index":"index","follow":"follow","max-snippet":"max-snippet:-1","max-image-preview":"max-image-preview:large","max-video-preview":"max-video-preview:-1"},"canonical":"https:\/\/www.organscore.com\/fr\/produit\/repertoire-orgue-pour-les-celebrations\/","og_locale":"fr_FR","og_type":"article","og_title":"Musique d\u2019orgue pour fun\u00e9railles, mariages et c\u00e9l\u00e9brations occasionnelles OrganScore","og_description":"Musique d\u2019orgue pour fun\u00e9railles, mariages et c\u00e9l\u00e9brations occasionnelles","og_url":"https:\/\/www.organscore.com\/fr\/produit\/repertoire-orgue-pour-les-celebrations\/","og_site_name":"OrganScore","article_modified_time":"2026-05-02T19:19:48+00:00","og_image":[{"width":2560,"height":2028,"url":"https:\/\/www.organscore.com\/wp-content\/uploads\/2026\/05\/Cover_30_rouge-scaled.jpg","type":"image\/jpeg"}],"twitter_card":"summary_large_image","twitter_misc":{"Dur\u00e9e de lecture estim\u00e9e":"5 minutes"},"schema":{"@context":"https:\/\/schema.org","@graph":[{"@type":"WebPage","@id":"https:\/\/www.organscore.com\/fr\/produit\/repertoire-orgue-pour-les-celebrations\/","url":"https:\/\/www.organscore.com\/fr\/produit\/repertoire-orgue-pour-les-celebrations\/","name":"Musique d\u2019orgue pour fun\u00e9railles, mariages et c\u00e9l\u00e9brations occasionnelles OrganScore","isPartOf":{"@id":"https:\/\/www.organscore.com\/#website"},"primaryImageOfPage":{"@id":"https:\/\/www.organscore.com\/fr\/produit\/repertoire-orgue-pour-les-celebrations\/#primaryimage"},"image":{"@id":"https:\/\/www.organscore.com\/fr\/produit\/repertoire-orgue-pour-les-celebrations\/#primaryimage"},"thumbnailUrl":"https:\/\/www.organscore.com\/wp-content\/uploads\/2026\/05\/Cover_30_rouge-scaled.jpg","datePublished":"2026-05-01T21:02:21+00:00","dateModified":"2026-05-02T19:19:48+00:00","description":"Musique d\u2019orgue pour fun\u00e9railles, mariages et c\u00e9l\u00e9brations occasionnelles","breadcrumb":{"@id":"https:\/\/www.organscore.com\/fr\/produit\/repertoire-orgue-pour-les-celebrations\/#breadcrumb"},"inLanguage":"fr-FR","potentialAction":[{"@type":"ReadAction","target":["https:\/\/www.organscore.com\/fr\/produit\/repertoire-orgue-pour-les-celebrations\/"]}]},{"@type":"ImageObject","inLanguage":"fr-FR","@id":"https:\/\/www.organscore.com\/fr\/produit\/repertoire-orgue-pour-les-celebrations\/#primaryimage","url":"https:\/\/www.organscore.com\/wp-content\/uploads\/2026\/05\/Cover_30_rouge-scaled.jpg","contentUrl":"https:\/\/www.organscore.com\/wp-content\/uploads\/2026\/05\/Cover_30_rouge-scaled.jpg","width":2560,"height":2028,"caption":"Volume OrganScore de 86 pi\u00e8ces pour orgue destin\u00e9es aux fun\u00e9railles, mariages et c\u00e9l\u00e9brations occasionnelles."},{"@type":"BreadcrumbList","@id":"https:\/\/www.organscore.com\/fr\/produit\/repertoire-orgue-pour-les-celebrations\/#breadcrumb","itemListElement":[{"@type":"ListItem","position":1,"name":"Home","item":"https:\/\/www.organscore.com\/fr\/"},{"@type":"ListItem","position":2,"name":"Acheter","item":"https:\/\/www.organscore.com\/fr\/boutique\/"},{"@type":"ListItem","position":3,"name":"R\u00e9pertoire d\u2019orgue pour les c\u00e9l\u00e9brations"}]},{"@type":"WebSite","@id":"https:\/\/www.organscore.com\/#website","url":"https:\/\/www.organscore.com\/","name":"OrganScore","description":"The Practical Score for Organists","publisher":{"@id":"https:\/\/www.organscore.com\/#organization"},"potentialAction":[{"@type":"SearchAction","target":{"@type":"EntryPoint","urlTemplate":"https:\/\/www.organscore.com\/?s={search_term_string}"},"query-input":{"@type":"PropertyValueSpecification","valueRequired":true,"valueName":"search_term_string"}}],"inLanguage":"fr-FR"},{"@type":"Organization","@id":"https:\/\/www.organscore.com\/#organization","name":"OrganScore","url":"https:\/\/www.organscore.com\/","logo":{"@type":"ImageObject","inLanguage":"fr-FR","@id":"https:\/\/www.organscore.com\/#\/schema\/logo\/image\/","url":"https:\/\/www.organscore.com\/wp-content\/uploads\/2018\/09\/organscore-logo-0153bf-h142px-shaded.png","contentUrl":"https:\/\/www.organscore.com\/wp-content\/uploads\/2018\/09\/organscore-logo-0153bf-h142px-shaded.png","width":434,"height":142,"caption":"OrganScore"},"image":{"@id":"https:\/\/www.organscore.com\/#\/schema\/logo\/image\/"},"sameAs":["https:\/\/www.youtube.com\/user\/organopleno2000"]}]}},"_links":{"self":[{"href":"https:\/\/www.organscore.com\/fr\/wp-json\/wp\/v2\/product\/7398","targetHints":{"allow":["GET"]}}],"collection":[{"href":"https:\/\/www.organscore.com\/fr\/wp-json\/wp\/v2\/product"}],"about":[{"href":"https:\/\/www.organscore.com\/fr\/wp-json\/wp\/v2\/types\/product"}],"wp:featuredmedia":[{"embeddable":true,"href":"https:\/\/www.organscore.com\/fr\/wp-json\/wp\/v2\/media\/7401"}],"wp:attachment":[{"href":"https:\/\/www.organscore.com\/fr\/wp-json\/wp\/v2\/media?parent=7398"}],"wp:term":[{"taxonomy":"product_brand","embeddable":true,"href":"https:\/\/www.organscore.com\/fr\/wp-json\/wp\/v2\/product_brand?post=7398"},{"taxonomy":"product_cat","embeddable":true,"href":"https:\/\/www.organscore.com\/fr\/wp-json\/wp\/v2\/product_cat?post=7398"},{"taxonomy":"product_tag","embeddable":true,"href":"https:\/\/www.organscore.com\/fr\/wp-json\/wp\/v2\/product_tag?post=7398"}],"curies":[{"name":"wp","href":"https:\/\/api.w.org\/{rel}","templated":true}]}}