{"id":5529,"date":"2022-06-13T17:50:26","date_gmt":"2022-06-13T15:50:26","guid":{"rendered":"https:\/\/www.organscore.com\/?post_type=product&#038;p=5529"},"modified":"2024-11-12T00:48:00","modified_gmt":"2024-11-11T23:48:00","slug":"l-vierne-symphonie-no-4","status":"publish","type":"product","link":"https:\/\/www.organscore.com\/fr\/produit\/l-vierne-symphonie-no-4\/","title":{"rendered":"L. Vierne : Symphonie n\u00b0 4"},"content":{"rendered":"<p style=\"text-align: justify;\">La Symphonie n\u00b0 4 a \u00e9t\u00e9 compos\u00e9e durant l&rsquo;\u00e9t\u00e9 1914 et d\u00e9di\u00e9e \u00e0 William C. Carl, un organiste am\u00e9ricain. Elle fut publi\u00e9e en 1917 par Henry Lemoine et cr\u00e9\u00e9 par Francis Snow \u00e0 Boston cette m\u00eame ann\u00e9e. La premi\u00e8re repr\u00e9sentation en France n&rsquo;eut lieu qu&rsquo;en janvier 1923, par Andr\u00e9 Marchal, en pr\u00e9sence du compositeur au Conservatoire de Paris.<\/p>\n<p style=\"text-align: justify;\">L&rsquo;\u00e9dition OrganScore a \u00e9t\u00e9 r\u00e9alis\u00e9e \u00e0 partir des \u00e9ditions originales (<em>Louis Vierne, Symphonie No. 4 pour Grand Orgue<\/em>, Editions Henry Lemoine, 1917), sur laquelle des corrections ont \u00e9t\u00e9 n\u00e9cessaires. La plupart des corrections ont \u00e9t\u00e9 identifi\u00e9es par divers \u00e9l\u00e8ves et amis de Vierne et compil\u00e9s par Rollin Smith (<em>Louis Vierne, Organist of Notre-Dame Cathedral<\/em>, Pendragon Press, Hillsdale, N.Y., 1999).<\/p>\n<p style=\"text-align: justify;\">Une particularit\u00e9 de la 4e symphonie est la pr\u00e9sence de doigt\u00e9s propos\u00e9s par Vierne lui-m\u00eame aussi bien pour les mains que pour les pieds. Ces doigt\u00e9s ont \u00e9t\u00e9 report\u00e9s de mani\u00e8re discr\u00e8te, afin de permettre \u00e0 l&rsquo;utilisateur de noter aussi les siens (chiffres de doigts pr\u00e8s des hampes, symboles pour les pieds dans une police l\u00e9g\u00e8re).<\/p>\n<p style=\"text-align: justify;\"><strong>Contenu :<\/strong><\/p>\n<p style=\"text-align: justify;\">p. 2 : I \u2013 Pr\u00e9lude<br \/>\np. 6 : II \u2013 Allegro<br \/>\np. 12 : III \u2013 Menuet<br \/>\np. 16 : IV \u2013 Romance<br \/>\np. 22 : V \u2013 Final<\/p>\n","protected":false},"excerpt":{"rendered":"<p>L. Vierne, Symphonie n\u00b0 4, Op. 32<br \/>\n<strong>Sans Probl\u00e8me de Tourne de Page<br \/>\n<\/strong><em>(enti\u00e8rement jouable sans tourneur de page)<\/em><\/p>\n<p>OSC 044 \u2014 ISMN : 979-0-707109-44-1<br \/>\n37.5cm x 29.7cm (+reliure)<br \/>\n30 pages \u2014 120g\/m\u00b2<\/p>\n","protected":false},"featured_media":5568,"template":"","meta":{"_monsterinsights_skip_tracking":false,"_monsterinsights_sitenote_active":false,"_monsterinsights_sitenote_note":"","_monsterinsights_sitenote_category":0,"site-sidebar-layout":"default","site-content-layout":"default","ast-site-content-layout":"default","site-content-style":"default","site-sidebar-style":"default","ast-global-header-display":"","ast-banner-title-visibility":"","ast-main-header-display":"","ast-hfb-above-header-display":"","ast-hfb-below-header-display":"","ast-hfb-mobile-header-display":"","site-post-title":"","ast-breadcrumbs-content":"","ast-featured-img":"","footer-sml-layout":"","ast-disable-related-posts":"","theme-transparent-header-meta":"default","adv-header-id-meta":"","stick-header-meta":"default","header-above-stick-meta":"","header-main-stick-meta":"","header-below-stick-meta":"","astra-migrate-meta-layouts":"default","ast-page-background-enabled":"default","ast-page-background-meta":{"desktop":{"background-color":"","background-image":"","background-repeat":"repeat","background-position":"center center","background-size":"auto","background-attachment":"scroll","background-type":"","background-media":"","overlay-type":"","overlay-color":"","overlay-opacity":"","overlay-gradient":""},"tablet":{"background-color":"","background-image":"","background-repeat":"repeat","background-position":"center center","background-size":"auto","background-attachment":"scroll","background-type":"","background-media":"","overlay-type":"","overlay-color":"","overlay-opacity":"","overlay-gradient":""},"mobile":{"background-color":"","background-image":"","background-repeat":"repeat","background-position":"center center","background-size":"auto","background-attachment":"scroll","background-type":"","background-media":"","overlay-type":"","overlay-color":"","overlay-opacity":"","overlay-gradient":""}},"ast-content-background-meta":{"desktop":{"background-color":"var(--ast-global-color-5)","background-image":"","background-repeat":"repeat","background-position":"center center","background-size":"auto","background-attachment":"scroll","background-type":"","background-media":"","overlay-type":"","overlay-color":"","overlay-opacity":"","overlay-gradient":""},"tablet":{"background-color":"var(--ast-global-color-5)","background-image":"","background-repeat":"repeat","background-position":"center center","background-size":"auto","background-attachment":"scroll","background-type":"","background-media":"","overlay-type":"","overlay-color":"","overlay-opacity":"","overlay-gradient":""},"mobile":{"background-color":"var(--ast-global-color-5)","background-image":"","background-repeat":"repeat","background-position":"center center","background-size":"auto","background-attachment":"scroll","background-type":"","background-media":"","overlay-type":"","overlay-color":"","overlay-opacity":"","overlay-gradient":""}}},"product_brand":[],"product_cat":[51],"product_tag":[],"class_list":{"0":"post-5529","1":"product","2":"type-product","3":"status-publish","4":"has-post-thumbnail","6":"product_cat-partition-papier","7":"desktop-align-left","8":"tablet-align-left","9":"mobile-align-left","10":"ast-product-gallery-layout-horizontal-slider","11":"ast-product-tabs-layout-horizontal","13":"first","14":"instock","15":"shipping-taxable","16":"purchasable","17":"product-type-simple"},"yoast_head":"<!-- This site is optimized with the Yoast SEO plugin v27.3 - https:\/\/yoast.com\/product\/yoast-seo-wordpress\/ -->\n<title>Louis Vierne, Symphonie n\u00b0 4, Op. 32 - Tournes faciles ! - OrganScore<\/title>\n<meta name=\"description\" content=\"Louis Vierne, Symphonie n\u00b0 4, Op. 32 avec tournes de page faciles et doigt\u00e9s, \u00e9dit\u00e9e par Renaud Vergnet OSC 044 - ISMN 979-070710944-1\" \/>\n<meta name=\"robots\" content=\"index, follow, max-snippet:-1, max-image-preview:large, max-video-preview:-1\" \/>\n<link rel=\"canonical\" href=\"https:\/\/www.organscore.com\/produit\/l-vierne-symphony-no-4\/\" \/>\n<meta property=\"og:locale\" content=\"fr_FR\" \/>\n<meta property=\"og:type\" content=\"article\" \/>\n<meta property=\"og:title\" content=\"Louis Vierne, Symphonie n\u00b0 4, Op. 32 - Tournes faciles ! - OrganScore\" \/>\n<meta property=\"og:description\" content=\"Louis Vierne, Symphonie n\u00b0 4, Op. 32 avec tournes de page faciles et doigt\u00e9s, \u00e9dit\u00e9e par Renaud Vergnet OSC 044 - ISMN 979-070710944-1\" \/>\n<meta property=\"og:url\" content=\"https:\/\/www.organscore.com\/produit\/l-vierne-symphony-no-4\/\" \/>\n<meta property=\"og:site_name\" content=\"OrganScore\" \/>\n<meta property=\"article:modified_time\" content=\"2024-11-11T23:48:00+00:00\" \/>\n<meta property=\"og:image\" content=\"https:\/\/www.organscore.com\/wp-content\/uploads\/2022\/06\/Cover_44.jpg\" \/>\n\t<meta property=\"og:image:width\" content=\"1100\" \/>\n\t<meta property=\"og:image:height\" content=\"872\" \/>\n\t<meta property=\"og:image:type\" content=\"image\/jpeg\" \/>\n<meta name=\"twitter:card\" content=\"summary_large_image\" \/>\n<meta name=\"twitter:label1\" content=\"Dur\u00e9e de lecture estim\u00e9e\" \/>\n\t<meta name=\"twitter:data1\" content=\"1 minute\" \/>\n<script type=\"application\/ld+json\" class=\"yoast-schema-graph\">{\"@context\":\"https:\\\/\\\/schema.org\",\"@graph\":[{\"@type\":\"WebPage\",\"@id\":\"https:\\\/\\\/www.organscore.com\\\/produit\\\/l-vierne-symphony-no-4\\\/\",\"url\":\"https:\\\/\\\/www.organscore.com\\\/produit\\\/l-vierne-symphony-no-4\\\/\",\"name\":\"Louis Vierne, Symphonie n\u00b0 4, Op. 32 - Tournes faciles ! - OrganScore\",\"isPartOf\":{\"@id\":\"https:\\\/\\\/www.organscore.com\\\/#website\"},\"primaryImageOfPage\":{\"@id\":\"https:\\\/\\\/www.organscore.com\\\/produit\\\/l-vierne-symphony-no-4\\\/#primaryimage\"},\"image\":{\"@id\":\"https:\\\/\\\/www.organscore.com\\\/produit\\\/l-vierne-symphony-no-4\\\/#primaryimage\"},\"thumbnailUrl\":\"https:\\\/\\\/www.organscore.com\\\/wp-content\\\/uploads\\\/2022\\\/06\\\/Cover_44.jpg\",\"datePublished\":\"2022-06-13T15:50:26+00:00\",\"dateModified\":\"2024-11-11T23:48:00+00:00\",\"description\":\"Louis Vierne, Symphonie n\u00b0 4, Op. 32 avec tournes de page faciles et doigt\u00e9s, \u00e9dit\u00e9e par Renaud Vergnet OSC 044 - ISMN 979-070710944-1\",\"breadcrumb\":{\"@id\":\"https:\\\/\\\/www.organscore.com\\\/produit\\\/l-vierne-symphony-no-4\\\/#breadcrumb\"},\"inLanguage\":\"fr-FR\",\"potentialAction\":[{\"@type\":\"ReadAction\",\"target\":[\"https:\\\/\\\/www.organscore.com\\\/produit\\\/l-vierne-symphony-no-4\\\/\"]}]},{\"@type\":\"ImageObject\",\"inLanguage\":\"fr-FR\",\"@id\":\"https:\\\/\\\/www.organscore.com\\\/produit\\\/l-vierne-symphony-no-4\\\/#primaryimage\",\"url\":\"https:\\\/\\\/www.organscore.com\\\/wp-content\\\/uploads\\\/2022\\\/06\\\/Cover_44.jpg\",\"contentUrl\":\"https:\\\/\\\/www.organscore.com\\\/wp-content\\\/uploads\\\/2022\\\/06\\\/Cover_44.jpg\",\"width\":1100,\"height\":872,\"caption\":\"Vierne Symphonie n\u00b0 4 Couverture\"},{\"@type\":\"BreadcrumbList\",\"@id\":\"https:\\\/\\\/www.organscore.com\\\/produit\\\/l-vierne-symphony-no-4\\\/#breadcrumb\",\"itemListElement\":[{\"@type\":\"ListItem\",\"position\":1,\"name\":\"Home\",\"item\":\"https:\\\/\\\/www.organscore.com\\\/fr\\\/\"},{\"@type\":\"ListItem\",\"position\":2,\"name\":\"Acheter\",\"item\":\"https:\\\/\\\/www.organscore.com\\\/fr\\\/boutique\\\/\"},{\"@type\":\"ListItem\",\"position\":3,\"name\":\"L. Vierne : Symphonie n\u00b0 4\"}]},{\"@type\":\"WebSite\",\"@id\":\"https:\\\/\\\/www.organscore.com\\\/#website\",\"url\":\"https:\\\/\\\/www.organscore.com\\\/\",\"name\":\"OrganScore\",\"description\":\"The Practical Score for Organists\",\"publisher\":{\"@id\":\"https:\\\/\\\/www.organscore.com\\\/#organization\"},\"potentialAction\":[{\"@type\":\"SearchAction\",\"target\":{\"@type\":\"EntryPoint\",\"urlTemplate\":\"https:\\\/\\\/www.organscore.com\\\/?s={search_term_string}\"},\"query-input\":{\"@type\":\"PropertyValueSpecification\",\"valueRequired\":true,\"valueName\":\"search_term_string\"}}],\"inLanguage\":\"fr-FR\"},{\"@type\":\"Organization\",\"@id\":\"https:\\\/\\\/www.organscore.com\\\/#organization\",\"name\":\"OrganScore\",\"url\":\"https:\\\/\\\/www.organscore.com\\\/\",\"logo\":{\"@type\":\"ImageObject\",\"inLanguage\":\"fr-FR\",\"@id\":\"https:\\\/\\\/www.organscore.com\\\/#\\\/schema\\\/logo\\\/image\\\/\",\"url\":\"https:\\\/\\\/www.organscore.com\\\/wp-content\\\/uploads\\\/2018\\\/09\\\/organscore-logo-0153bf-h142px-shaded.png\",\"contentUrl\":\"https:\\\/\\\/www.organscore.com\\\/wp-content\\\/uploads\\\/2018\\\/09\\\/organscore-logo-0153bf-h142px-shaded.png\",\"width\":434,\"height\":142,\"caption\":\"OrganScore\"},\"image\":{\"@id\":\"https:\\\/\\\/www.organscore.com\\\/#\\\/schema\\\/logo\\\/image\\\/\"},\"sameAs\":[\"https:\\\/\\\/www.youtube.com\\\/user\\\/organopleno2000\"]}]}<\/script>\n<!-- \/ Yoast SEO plugin. -->","yoast_head_json":{"title":"Louis Vierne, Symphonie n\u00b0 4, Op. 32 - Tournes faciles ! - OrganScore","description":"Louis Vierne, Symphonie n\u00b0 4, Op. 32 avec tournes de page faciles et doigt\u00e9s, \u00e9dit\u00e9e par Renaud Vergnet OSC 044 - ISMN 979-070710944-1","robots":{"index":"index","follow":"follow","max-snippet":"max-snippet:-1","max-image-preview":"max-image-preview:large","max-video-preview":"max-video-preview:-1"},"canonical":"https:\/\/www.organscore.com\/produit\/l-vierne-symphony-no-4\/","og_locale":"fr_FR","og_type":"article","og_title":"Louis Vierne, Symphonie n\u00b0 4, Op. 32 - Tournes faciles ! - OrganScore","og_description":"Louis Vierne, Symphonie n\u00b0 4, Op. 32 avec tournes de page faciles et doigt\u00e9s, \u00e9dit\u00e9e par Renaud Vergnet OSC 044 - ISMN 979-070710944-1","og_url":"https:\/\/www.organscore.com\/produit\/l-vierne-symphony-no-4\/","og_site_name":"OrganScore","article_modified_time":"2024-11-11T23:48:00+00:00","og_image":[{"width":1100,"height":872,"url":"https:\/\/www.organscore.com\/wp-content\/uploads\/2022\/06\/Cover_44.jpg","type":"image\/jpeg"}],"twitter_card":"summary_large_image","twitter_misc":{"Dur\u00e9e de lecture estim\u00e9e":"1 minute"},"schema":{"@context":"https:\/\/schema.org","@graph":[{"@type":"WebPage","@id":"https:\/\/www.organscore.com\/produit\/l-vierne-symphony-no-4\/","url":"https:\/\/www.organscore.com\/produit\/l-vierne-symphony-no-4\/","name":"Louis Vierne, Symphonie n\u00b0 4, Op. 32 - Tournes faciles ! - OrganScore","isPartOf":{"@id":"https:\/\/www.organscore.com\/#website"},"primaryImageOfPage":{"@id":"https:\/\/www.organscore.com\/produit\/l-vierne-symphony-no-4\/#primaryimage"},"image":{"@id":"https:\/\/www.organscore.com\/produit\/l-vierne-symphony-no-4\/#primaryimage"},"thumbnailUrl":"https:\/\/www.organscore.com\/wp-content\/uploads\/2022\/06\/Cover_44.jpg","datePublished":"2022-06-13T15:50:26+00:00","dateModified":"2024-11-11T23:48:00+00:00","description":"Louis Vierne, Symphonie n\u00b0 4, Op. 32 avec tournes de page faciles et doigt\u00e9s, \u00e9dit\u00e9e par Renaud Vergnet OSC 044 - ISMN 979-070710944-1","breadcrumb":{"@id":"https:\/\/www.organscore.com\/produit\/l-vierne-symphony-no-4\/#breadcrumb"},"inLanguage":"fr-FR","potentialAction":[{"@type":"ReadAction","target":["https:\/\/www.organscore.com\/produit\/l-vierne-symphony-no-4\/"]}]},{"@type":"ImageObject","inLanguage":"fr-FR","@id":"https:\/\/www.organscore.com\/produit\/l-vierne-symphony-no-4\/#primaryimage","url":"https:\/\/www.organscore.com\/wp-content\/uploads\/2022\/06\/Cover_44.jpg","contentUrl":"https:\/\/www.organscore.com\/wp-content\/uploads\/2022\/06\/Cover_44.jpg","width":1100,"height":872,"caption":"Vierne Symphonie n\u00b0 4 Couverture"},{"@type":"BreadcrumbList","@id":"https:\/\/www.organscore.com\/produit\/l-vierne-symphony-no-4\/#breadcrumb","itemListElement":[{"@type":"ListItem","position":1,"name":"Home","item":"https:\/\/www.organscore.com\/fr\/"},{"@type":"ListItem","position":2,"name":"Acheter","item":"https:\/\/www.organscore.com\/fr\/boutique\/"},{"@type":"ListItem","position":3,"name":"L. Vierne : Symphonie n\u00b0 4"}]},{"@type":"WebSite","@id":"https:\/\/www.organscore.com\/#website","url":"https:\/\/www.organscore.com\/","name":"OrganScore","description":"The Practical Score for Organists","publisher":{"@id":"https:\/\/www.organscore.com\/#organization"},"potentialAction":[{"@type":"SearchAction","target":{"@type":"EntryPoint","urlTemplate":"https:\/\/www.organscore.com\/?s={search_term_string}"},"query-input":{"@type":"PropertyValueSpecification","valueRequired":true,"valueName":"search_term_string"}}],"inLanguage":"fr-FR"},{"@type":"Organization","@id":"https:\/\/www.organscore.com\/#organization","name":"OrganScore","url":"https:\/\/www.organscore.com\/","logo":{"@type":"ImageObject","inLanguage":"fr-FR","@id":"https:\/\/www.organscore.com\/#\/schema\/logo\/image\/","url":"https:\/\/www.organscore.com\/wp-content\/uploads\/2018\/09\/organscore-logo-0153bf-h142px-shaded.png","contentUrl":"https:\/\/www.organscore.com\/wp-content\/uploads\/2018\/09\/organscore-logo-0153bf-h142px-shaded.png","width":434,"height":142,"caption":"OrganScore"},"image":{"@id":"https:\/\/www.organscore.com\/#\/schema\/logo\/image\/"},"sameAs":["https:\/\/www.youtube.com\/user\/organopleno2000"]}]}},"_links":{"self":[{"href":"https:\/\/www.organscore.com\/fr\/wp-json\/wp\/v2\/product\/5529","targetHints":{"allow":["GET"]}}],"collection":[{"href":"https:\/\/www.organscore.com\/fr\/wp-json\/wp\/v2\/product"}],"about":[{"href":"https:\/\/www.organscore.com\/fr\/wp-json\/wp\/v2\/types\/product"}],"wp:featuredmedia":[{"embeddable":true,"href":"https:\/\/www.organscore.com\/fr\/wp-json\/wp\/v2\/media\/5568"}],"wp:attachment":[{"href":"https:\/\/www.organscore.com\/fr\/wp-json\/wp\/v2\/media?parent=5529"}],"wp:term":[{"taxonomy":"product_brand","embeddable":true,"href":"https:\/\/www.organscore.com\/fr\/wp-json\/wp\/v2\/product_brand?post=5529"},{"taxonomy":"product_cat","embeddable":true,"href":"https:\/\/www.organscore.com\/fr\/wp-json\/wp\/v2\/product_cat?post=5529"},{"taxonomy":"product_tag","embeddable":true,"href":"https:\/\/www.organscore.com\/fr\/wp-json\/wp\/v2\/product_tag?post=5529"}],"curies":[{"name":"wp","href":"https:\/\/api.w.org\/{rel}","templated":true}]}}