{"id":5523,"date":"2022-06-12T23:52:47","date_gmt":"2022-06-12T21:52:47","guid":{"rendered":"https:\/\/www.organscore.com\/?post_type=product&#038;p=5523"},"modified":"2023-07-18T10:32:13","modified_gmt":"2023-07-18T08:32:13","slug":"l-vierne-symphonie-no-2","status":"publish","type":"product","link":"https:\/\/www.organscore.com\/fr\/produit\/l-vierne-symphonie-no-2\/","title":{"rendered":"L. Vierne : Symphonie n\u00b0 2"},"content":{"rendered":"<p style=\"text-align: justify;\">La Symphonie n\u00b0 2 a \u00e9t\u00e9 compos\u00e9e en 1902 et publi\u00e9e par Hamelle en 1903. Elle est d\u00e9di\u00e9e \u00e0 Charles Mutin, c\u00e9l\u00e8bre facteur d&rsquo;orgues, successeur de Cavaill\u00e9-Coll., et et fut cr\u00e9\u00e9e par ce dernier. Debussy a r\u00e9serv\u00e9 un accueil \u00e9logieux \u00e0 cette symphonie.<\/p>\n<p style=\"text-align: justify;\">L&rsquo;\u00e9dition OrganScore a \u00e9t\u00e9 r\u00e9alis\u00e9e \u00e0 partir des \u00e9ditions originales (<em>2<sup style=\"font-size: 65%;\">e<\/sup> Symphonie pour Grand Orgue par Louis Vierne<\/em>, Editions Hamelle, 1903), sur laquelle des corrections ont \u00e9t\u00e9 n\u00e9cessaires. La plupart des corrections ont \u00e9t\u00e9 identifi\u00e9es par divers \u00e9l\u00e8ves et amis de Vierne et compil\u00e9s par Rollin Smith (<em>Louis Vierne, Organist of Notre-Dame Cathedral<\/em>, Pendragon Press, Hillsdale, N.Y., 1999).<\/p>\n<p style=\"text-align: justify;\"><strong>Contenu :<\/strong><\/p>\n<p style=\"text-align: justify;\">p. 2 : I \u2013 Allegro<br \/>\np. 8 : II \u2013 Choral<br \/>\np. 12 : III \u2013 Scherzo<br \/>\np. 19 : IV \u2013 Cantabile<br \/>\np. 24 : V \u2013 Final<\/p>\n","protected":false},"excerpt":{"rendered":"<p>L. Vierne, Symphonie n\u00b0 2, Op. 20<br \/>\n<strong>Sans Probl\u00e8me de Tourne de Page<br \/>\n<\/strong><em>(enti\u00e8rement jouable sans tourneur de page)<\/em><\/p>\n<p>OSC 042 \u2014 ISMN : 979-0-707109-42-7<br \/>\n37.5cm x 29.7cm (+reliure)<br \/>\n34 pages \u2014 120g\/m\u00b2<\/p>\n","protected":false},"featured_media":5550,"template":"","meta":{"_monsterinsights_skip_tracking":false,"_monsterinsights_sitenote_active":false,"_monsterinsights_sitenote_note":"","_monsterinsights_sitenote_category":0,"site-sidebar-layout":"default","site-content-layout":"default","ast-site-content-layout":"default","site-content-style":"default","site-sidebar-style":"default","ast-global-header-display":"","ast-banner-title-visibility":"","ast-main-header-display":"","ast-hfb-above-header-display":"","ast-hfb-below-header-display":"","ast-hfb-mobile-header-display":"","site-post-title":"","ast-breadcrumbs-content":"","ast-featured-img":"","footer-sml-layout":"","ast-disable-related-posts":"","theme-transparent-header-meta":"default","adv-header-id-meta":"","stick-header-meta":"default","header-above-stick-meta":"","header-main-stick-meta":"","header-below-stick-meta":"","astra-migrate-meta-layouts":"default","ast-page-background-enabled":"default","ast-page-background-meta":{"desktop":{"background-color":"","background-image":"","background-repeat":"repeat","background-position":"center center","background-size":"auto","background-attachment":"scroll","background-type":"","background-media":"","overlay-type":"","overlay-color":"","overlay-opacity":"","overlay-gradient":""},"tablet":{"background-color":"","background-image":"","background-repeat":"repeat","background-position":"center center","background-size":"auto","background-attachment":"scroll","background-type":"","background-media":"","overlay-type":"","overlay-color":"","overlay-opacity":"","overlay-gradient":""},"mobile":{"background-color":"","background-image":"","background-repeat":"repeat","background-position":"center center","background-size":"auto","background-attachment":"scroll","background-type":"","background-media":"","overlay-type":"","overlay-color":"","overlay-opacity":"","overlay-gradient":""}},"ast-content-background-meta":{"desktop":{"background-color":"var(--ast-global-color-5)","background-image":"","background-repeat":"repeat","background-position":"center center","background-size":"auto","background-attachment":"scroll","background-type":"","background-media":"","overlay-type":"","overlay-color":"","overlay-opacity":"","overlay-gradient":""},"tablet":{"background-color":"var(--ast-global-color-5)","background-image":"","background-repeat":"repeat","background-position":"center center","background-size":"auto","background-attachment":"scroll","background-type":"","background-media":"","overlay-type":"","overlay-color":"","overlay-opacity":"","overlay-gradient":""},"mobile":{"background-color":"var(--ast-global-color-5)","background-image":"","background-repeat":"repeat","background-position":"center center","background-size":"auto","background-attachment":"scroll","background-type":"","background-media":"","overlay-type":"","overlay-color":"","overlay-opacity":"","overlay-gradient":""}}},"product_brand":[],"product_cat":[51],"product_tag":[],"class_list":{"0":"post-5523","1":"product","2":"type-product","3":"status-publish","4":"has-post-thumbnail","6":"product_cat-partition-papier","7":"desktop-align-left","8":"tablet-align-left","9":"mobile-align-left","10":"ast-product-gallery-layout-horizontal-slider","11":"ast-product-tabs-layout-horizontal","13":"first","14":"instock","15":"shipping-taxable","16":"purchasable","17":"product-type-simple"},"yoast_head":"<!-- This site is optimized with the Yoast SEO plugin v27.3 - https:\/\/yoast.com\/product\/yoast-seo-wordpress\/ -->\n<title>Louis Vierne, Symphonie n\u00b0 2, Op. 20 - Tournes faciles ! - OrganScore<\/title>\n<meta name=\"description\" content=\"Louis Vierne, Symphonie n\u00b0 2, Op. 20 avec tournes de page faciles, \u00e9dit\u00e9e par Renaud Vergnet OSC 042 - ISMN 979-070710942-7\" \/>\n<meta name=\"robots\" content=\"index, follow, max-snippet:-1, max-image-preview:large, max-video-preview:-1\" \/>\n<link rel=\"canonical\" href=\"https:\/\/www.organscore.com\/produit\/l-vierne-symphony-no-2\/\" \/>\n<meta property=\"og:locale\" content=\"fr_FR\" \/>\n<meta property=\"og:type\" content=\"article\" \/>\n<meta property=\"og:title\" content=\"Louis Vierne, Symphonie n\u00b0 2, Op. 20 - Tournes faciles ! - OrganScore\" \/>\n<meta property=\"og:description\" content=\"Louis Vierne, Symphonie n\u00b0 2, Op. 20 avec tournes de page faciles, \u00e9dit\u00e9e par Renaud Vergnet OSC 042 - ISMN 979-070710942-7\" \/>\n<meta property=\"og:url\" content=\"https:\/\/www.organscore.com\/produit\/l-vierne-symphony-no-2\/\" \/>\n<meta property=\"og:site_name\" content=\"OrganScore\" \/>\n<meta property=\"article:modified_time\" content=\"2023-07-18T08:32:13+00:00\" \/>\n<meta property=\"og:image\" content=\"https:\/\/www.organscore.com\/wp-content\/uploads\/2022\/06\/Cover_42.jpg\" \/>\n\t<meta property=\"og:image:width\" content=\"1100\" \/>\n\t<meta property=\"og:image:height\" content=\"872\" \/>\n\t<meta property=\"og:image:type\" content=\"image\/jpeg\" \/>\n<meta name=\"twitter:card\" content=\"summary_large_image\" \/>\n<meta name=\"twitter:label1\" content=\"Dur\u00e9e de lecture estim\u00e9e\" \/>\n\t<meta name=\"twitter:data1\" content=\"1 minute\" \/>\n<script type=\"application\/ld+json\" class=\"yoast-schema-graph\">{\"@context\":\"https:\\\/\\\/schema.org\",\"@graph\":[{\"@type\":\"WebPage\",\"@id\":\"https:\\\/\\\/www.organscore.com\\\/produit\\\/l-vierne-symphony-no-2\\\/\",\"url\":\"https:\\\/\\\/www.organscore.com\\\/produit\\\/l-vierne-symphony-no-2\\\/\",\"name\":\"Louis Vierne, Symphonie n\u00b0 2, Op. 20 - Tournes faciles ! - OrganScore\",\"isPartOf\":{\"@id\":\"https:\\\/\\\/www.organscore.com\\\/#website\"},\"primaryImageOfPage\":{\"@id\":\"https:\\\/\\\/www.organscore.com\\\/produit\\\/l-vierne-symphony-no-2\\\/#primaryimage\"},\"image\":{\"@id\":\"https:\\\/\\\/www.organscore.com\\\/produit\\\/l-vierne-symphony-no-2\\\/#primaryimage\"},\"thumbnailUrl\":\"https:\\\/\\\/www.organscore.com\\\/wp-content\\\/uploads\\\/2022\\\/06\\\/Cover_42.jpg\",\"datePublished\":\"2022-06-12T21:52:47+00:00\",\"dateModified\":\"2023-07-18T08:32:13+00:00\",\"description\":\"Louis Vierne, Symphonie n\u00b0 2, Op. 20 avec tournes de page faciles, \u00e9dit\u00e9e par Renaud Vergnet OSC 042 - ISMN 979-070710942-7\",\"breadcrumb\":{\"@id\":\"https:\\\/\\\/www.organscore.com\\\/produit\\\/l-vierne-symphony-no-2\\\/#breadcrumb\"},\"inLanguage\":\"fr-FR\",\"potentialAction\":[{\"@type\":\"ReadAction\",\"target\":[\"https:\\\/\\\/www.organscore.com\\\/produit\\\/l-vierne-symphony-no-2\\\/\"]}]},{\"@type\":\"ImageObject\",\"inLanguage\":\"fr-FR\",\"@id\":\"https:\\\/\\\/www.organscore.com\\\/produit\\\/l-vierne-symphony-no-2\\\/#primaryimage\",\"url\":\"https:\\\/\\\/www.organscore.com\\\/wp-content\\\/uploads\\\/2022\\\/06\\\/Cover_42.jpg\",\"contentUrl\":\"https:\\\/\\\/www.organscore.com\\\/wp-content\\\/uploads\\\/2022\\\/06\\\/Cover_42.jpg\",\"width\":1100,\"height\":872,\"caption\":\"Vierne Symphonie No. 2 Couverture\"},{\"@type\":\"BreadcrumbList\",\"@id\":\"https:\\\/\\\/www.organscore.com\\\/produit\\\/l-vierne-symphony-no-2\\\/#breadcrumb\",\"itemListElement\":[{\"@type\":\"ListItem\",\"position\":1,\"name\":\"Home\",\"item\":\"https:\\\/\\\/www.organscore.com\\\/fr\\\/\"},{\"@type\":\"ListItem\",\"position\":2,\"name\":\"Acheter\",\"item\":\"https:\\\/\\\/www.organscore.com\\\/fr\\\/boutique\\\/\"},{\"@type\":\"ListItem\",\"position\":3,\"name\":\"L. Vierne : Symphonie n\u00b0 2\"}]},{\"@type\":\"WebSite\",\"@id\":\"https:\\\/\\\/www.organscore.com\\\/#website\",\"url\":\"https:\\\/\\\/www.organscore.com\\\/\",\"name\":\"OrganScore\",\"description\":\"The Practical Score for Organists\",\"publisher\":{\"@id\":\"https:\\\/\\\/www.organscore.com\\\/#organization\"},\"potentialAction\":[{\"@type\":\"SearchAction\",\"target\":{\"@type\":\"EntryPoint\",\"urlTemplate\":\"https:\\\/\\\/www.organscore.com\\\/?s={search_term_string}\"},\"query-input\":{\"@type\":\"PropertyValueSpecification\",\"valueRequired\":true,\"valueName\":\"search_term_string\"}}],\"inLanguage\":\"fr-FR\"},{\"@type\":\"Organization\",\"@id\":\"https:\\\/\\\/www.organscore.com\\\/#organization\",\"name\":\"OrganScore\",\"url\":\"https:\\\/\\\/www.organscore.com\\\/\",\"logo\":{\"@type\":\"ImageObject\",\"inLanguage\":\"fr-FR\",\"@id\":\"https:\\\/\\\/www.organscore.com\\\/#\\\/schema\\\/logo\\\/image\\\/\",\"url\":\"https:\\\/\\\/www.organscore.com\\\/wp-content\\\/uploads\\\/2018\\\/09\\\/organscore-logo-0153bf-h142px-shaded.png\",\"contentUrl\":\"https:\\\/\\\/www.organscore.com\\\/wp-content\\\/uploads\\\/2018\\\/09\\\/organscore-logo-0153bf-h142px-shaded.png\",\"width\":434,\"height\":142,\"caption\":\"OrganScore\"},\"image\":{\"@id\":\"https:\\\/\\\/www.organscore.com\\\/#\\\/schema\\\/logo\\\/image\\\/\"},\"sameAs\":[\"https:\\\/\\\/www.youtube.com\\\/user\\\/organopleno2000\"]}]}<\/script>\n<!-- \/ Yoast SEO plugin. -->","yoast_head_json":{"title":"Louis Vierne, Symphonie n\u00b0 2, Op. 20 - Tournes faciles ! - OrganScore","description":"Louis Vierne, Symphonie n\u00b0 2, Op. 20 avec tournes de page faciles, \u00e9dit\u00e9e par Renaud Vergnet OSC 042 - ISMN 979-070710942-7","robots":{"index":"index","follow":"follow","max-snippet":"max-snippet:-1","max-image-preview":"max-image-preview:large","max-video-preview":"max-video-preview:-1"},"canonical":"https:\/\/www.organscore.com\/produit\/l-vierne-symphony-no-2\/","og_locale":"fr_FR","og_type":"article","og_title":"Louis Vierne, Symphonie n\u00b0 2, Op. 20 - Tournes faciles ! - OrganScore","og_description":"Louis Vierne, Symphonie n\u00b0 2, Op. 20 avec tournes de page faciles, \u00e9dit\u00e9e par Renaud Vergnet OSC 042 - ISMN 979-070710942-7","og_url":"https:\/\/www.organscore.com\/produit\/l-vierne-symphony-no-2\/","og_site_name":"OrganScore","article_modified_time":"2023-07-18T08:32:13+00:00","og_image":[{"width":1100,"height":872,"url":"https:\/\/www.organscore.com\/wp-content\/uploads\/2022\/06\/Cover_42.jpg","type":"image\/jpeg"}],"twitter_card":"summary_large_image","twitter_misc":{"Dur\u00e9e de lecture estim\u00e9e":"1 minute"},"schema":{"@context":"https:\/\/schema.org","@graph":[{"@type":"WebPage","@id":"https:\/\/www.organscore.com\/produit\/l-vierne-symphony-no-2\/","url":"https:\/\/www.organscore.com\/produit\/l-vierne-symphony-no-2\/","name":"Louis Vierne, Symphonie n\u00b0 2, Op. 20 - Tournes faciles ! - OrganScore","isPartOf":{"@id":"https:\/\/www.organscore.com\/#website"},"primaryImageOfPage":{"@id":"https:\/\/www.organscore.com\/produit\/l-vierne-symphony-no-2\/#primaryimage"},"image":{"@id":"https:\/\/www.organscore.com\/produit\/l-vierne-symphony-no-2\/#primaryimage"},"thumbnailUrl":"https:\/\/www.organscore.com\/wp-content\/uploads\/2022\/06\/Cover_42.jpg","datePublished":"2022-06-12T21:52:47+00:00","dateModified":"2023-07-18T08:32:13+00:00","description":"Louis Vierne, Symphonie n\u00b0 2, Op. 20 avec tournes de page faciles, \u00e9dit\u00e9e par Renaud Vergnet OSC 042 - ISMN 979-070710942-7","breadcrumb":{"@id":"https:\/\/www.organscore.com\/produit\/l-vierne-symphony-no-2\/#breadcrumb"},"inLanguage":"fr-FR","potentialAction":[{"@type":"ReadAction","target":["https:\/\/www.organscore.com\/produit\/l-vierne-symphony-no-2\/"]}]},{"@type":"ImageObject","inLanguage":"fr-FR","@id":"https:\/\/www.organscore.com\/produit\/l-vierne-symphony-no-2\/#primaryimage","url":"https:\/\/www.organscore.com\/wp-content\/uploads\/2022\/06\/Cover_42.jpg","contentUrl":"https:\/\/www.organscore.com\/wp-content\/uploads\/2022\/06\/Cover_42.jpg","width":1100,"height":872,"caption":"Vierne Symphonie No. 2 Couverture"},{"@type":"BreadcrumbList","@id":"https:\/\/www.organscore.com\/produit\/l-vierne-symphony-no-2\/#breadcrumb","itemListElement":[{"@type":"ListItem","position":1,"name":"Home","item":"https:\/\/www.organscore.com\/fr\/"},{"@type":"ListItem","position":2,"name":"Acheter","item":"https:\/\/www.organscore.com\/fr\/boutique\/"},{"@type":"ListItem","position":3,"name":"L. Vierne : Symphonie n\u00b0 2"}]},{"@type":"WebSite","@id":"https:\/\/www.organscore.com\/#website","url":"https:\/\/www.organscore.com\/","name":"OrganScore","description":"The Practical Score for Organists","publisher":{"@id":"https:\/\/www.organscore.com\/#organization"},"potentialAction":[{"@type":"SearchAction","target":{"@type":"EntryPoint","urlTemplate":"https:\/\/www.organscore.com\/?s={search_term_string}"},"query-input":{"@type":"PropertyValueSpecification","valueRequired":true,"valueName":"search_term_string"}}],"inLanguage":"fr-FR"},{"@type":"Organization","@id":"https:\/\/www.organscore.com\/#organization","name":"OrganScore","url":"https:\/\/www.organscore.com\/","logo":{"@type":"ImageObject","inLanguage":"fr-FR","@id":"https:\/\/www.organscore.com\/#\/schema\/logo\/image\/","url":"https:\/\/www.organscore.com\/wp-content\/uploads\/2018\/09\/organscore-logo-0153bf-h142px-shaded.png","contentUrl":"https:\/\/www.organscore.com\/wp-content\/uploads\/2018\/09\/organscore-logo-0153bf-h142px-shaded.png","width":434,"height":142,"caption":"OrganScore"},"image":{"@id":"https:\/\/www.organscore.com\/#\/schema\/logo\/image\/"},"sameAs":["https:\/\/www.youtube.com\/user\/organopleno2000"]}]}},"_links":{"self":[{"href":"https:\/\/www.organscore.com\/fr\/wp-json\/wp\/v2\/product\/5523","targetHints":{"allow":["GET"]}}],"collection":[{"href":"https:\/\/www.organscore.com\/fr\/wp-json\/wp\/v2\/product"}],"about":[{"href":"https:\/\/www.organscore.com\/fr\/wp-json\/wp\/v2\/types\/product"}],"wp:featuredmedia":[{"embeddable":true,"href":"https:\/\/www.organscore.com\/fr\/wp-json\/wp\/v2\/media\/5550"}],"wp:attachment":[{"href":"https:\/\/www.organscore.com\/fr\/wp-json\/wp\/v2\/media?parent=5523"}],"wp:term":[{"taxonomy":"product_brand","embeddable":true,"href":"https:\/\/www.organscore.com\/fr\/wp-json\/wp\/v2\/product_brand?post=5523"},{"taxonomy":"product_cat","embeddable":true,"href":"https:\/\/www.organscore.com\/fr\/wp-json\/wp\/v2\/product_cat?post=5523"},{"taxonomy":"product_tag","embeddable":true,"href":"https:\/\/www.organscore.com\/fr\/wp-json\/wp\/v2\/product_tag?post=5523"}],"curies":[{"name":"wp","href":"https:\/\/api.w.org\/{rel}","templated":true}]}}