{"id":5460,"date":"2022-04-22T21:58:24","date_gmt":"2022-04-22T19:58:24","guid":{"rendered":"https:\/\/www.organscore.com\/?post_type=product&#038;p=5460"},"modified":"2023-01-18T18:37:39","modified_gmt":"2023-01-18T17:37:39","slug":"ch-m-widor-symphonie-no-5","status":"publish","type":"product","link":"https:\/\/www.organscore.com\/fr\/produit\/ch-m-widor-symphonie-no-5\/","title":{"rendered":"Ch.-M. Widor : Symphonie n\u00b0 5"},"content":{"rendered":"<p style=\"text-align: justify;\">La symphonie n\u00b0 5 fut achev\u00e9e en 1879 et publi\u00e9e cette m\u00eame ann\u00e9e avec la symphonie n\u00b0 6 (toutes deux faisant partie de l&rsquo;Op. 42). L&rsquo;\u0153uvre \u00e0 quelque chose de \u00abBeethovenien\u00bb : le th\u00e8me enjou\u00e9 du premier mouvement donne lieu \u00e0 une s\u00e9rie de variations ; le d\u00e9veloppement magistral, qui se conclut par un retour en force du th\u00e8me \u00e9vite toute sensation d&rsquo;acad\u00e9misme ; l&rsquo;Allegro Cantabile se veut ensuite volontiers m\u00e9lancolique, l&rsquo;Andantino continue d&#8217;emmener l&rsquo;auditeur vers des atmosph\u00e8res in\u00e9dites. L&rsquo;adagio se pr\u00e9sente enfin comme un \u00ab\u00a0calme avant la temp\u00eate\u00a0\u00bb et pr\u00e9pare \u00e0 la brillante et c\u00e9l\u00e8bre Toccata.<\/p>\n<p style=\"text-align: justify;\">Une nouvelle \u00e9dition voit le jour en 1887, sans r\u00e9vision, comprenant \u00e9galement les symphonies n\u00b0 7 et n\u00b0 8 nouvellement compos\u00e9es, ainsi que des versions r\u00e9vis\u00e9es des quatre symphonies de l&rsquo;Op. 13. L&rsquo;Op. 13 et l&rsquo;Op. 42 (symphonies n<sup style=\"font-size: 65%;\">os<\/sup>\u00a0I \u00e0 VIII) ont ensuite subi de nombreuses r\u00e9visions tout au long de la vie de Widor et fait l&rsquo;objet de plusieurs \u00e9ditions successives (1888-1892, 1900-1901, 1911, 1920, 1928-1929). C&rsquo;est le texte de la derni\u00e8re \u00e9dition qui est utilis\u00e9 ici (Leduc, ~1929).<\/p>\n<h4 style=\"text-align: justify;\">Tourne dans la Toccata<\/h4>\n<p style=\"text-align: justify;\">On ne peut trouver aucune mesure o\u00f9 une main soit libre. Heureusement, il est possible disposer ce c\u00e9l\u00e8bre mouvement sur quatre pages, et donc de limiter les tournes \u00e0 une seule. La tourne a \u00e9t\u00e9 positionn\u00e9e entre les mesures 33 et 34, juste apr\u00e8s le passage du Positif au R\u00e9cit. Personnellement, lorsque je joue la pi\u00e8ce pour un office, je l\u00e2che la main gauche au milieu de mesure 32, alors qu&rsquo;on est toujours au positif, pour tourner la page. Il s&rsquo;agit certes d&rsquo;un pis-aller qui, j&rsquo;en conviens, d\u00e9nature quelque peu ce passage. En cas de concert, il conviendra \u00e9videmment de disposer d&rsquo;une assistance pour la tourne.<\/p>\n<p style=\"text-align: justify;\"><strong>Contenu :<\/strong><\/p>\n<p style=\"text-align: justify;\">p. 2 : I \u2013 Allegro vivace<br \/>\np. 12 : II \u2013 Allegro cantabile<br \/>\np. 19 : III \u2013 Andantino quasi allegretto<br \/>\np. 23 : IV \u2013 Adagio<br \/>\np. 24 : V \u2013 Toccata<\/p>\n","protected":false},"excerpt":{"rendered":"<p>Ch.-Marie Widor, Symphonie n\u00b0 5 (Op. 42, n\u00b0 1)<br \/>\n<strong>Sans Probl\u00e8me de Tourne de Page<br \/>\n<\/strong><em>(enti\u00e8rement jouable sans tourneur de page)<\/em><\/p>\n<p>OSC 035 \u2014 ISMN : 979-0-707109-35-9<br \/>\n37.5cm x 29.7cm (+reliure)<br \/>\n32 pages \u2014 120g\/m\u00b2<\/p>\n","protected":false},"featured_media":5462,"template":"","meta":{"_monsterinsights_skip_tracking":false,"_monsterinsights_sitenote_active":false,"_monsterinsights_sitenote_note":"","_monsterinsights_sitenote_category":0,"site-sidebar-layout":"default","site-content-layout":"default","ast-site-content-layout":"default","site-content-style":"default","site-sidebar-style":"default","ast-global-header-display":"","ast-banner-title-visibility":"","ast-main-header-display":"","ast-hfb-above-header-display":"","ast-hfb-below-header-display":"","ast-hfb-mobile-header-display":"","site-post-title":"","ast-breadcrumbs-content":"","ast-featured-img":"","footer-sml-layout":"","ast-disable-related-posts":"","theme-transparent-header-meta":"default","adv-header-id-meta":"","stick-header-meta":"default","header-above-stick-meta":"","header-main-stick-meta":"","header-below-stick-meta":"","astra-migrate-meta-layouts":"default","ast-page-background-enabled":"default","ast-page-background-meta":{"desktop":{"background-color":"","background-image":"","background-repeat":"repeat","background-position":"center center","background-size":"auto","background-attachment":"scroll","background-type":"","background-media":"","overlay-type":"","overlay-color":"","overlay-opacity":"","overlay-gradient":""},"tablet":{"background-color":"","background-image":"","background-repeat":"repeat","background-position":"center center","background-size":"auto","background-attachment":"scroll","background-type":"","background-media":"","overlay-type":"","overlay-color":"","overlay-opacity":"","overlay-gradient":""},"mobile":{"background-color":"","background-image":"","background-repeat":"repeat","background-position":"center center","background-size":"auto","background-attachment":"scroll","background-type":"","background-media":"","overlay-type":"","overlay-color":"","overlay-opacity":"","overlay-gradient":""}},"ast-content-background-meta":{"desktop":{"background-color":"var(--ast-global-color-5)","background-image":"","background-repeat":"repeat","background-position":"center center","background-size":"auto","background-attachment":"scroll","background-type":"","background-media":"","overlay-type":"","overlay-color":"","overlay-opacity":"","overlay-gradient":""},"tablet":{"background-color":"var(--ast-global-color-5)","background-image":"","background-repeat":"repeat","background-position":"center center","background-size":"auto","background-attachment":"scroll","background-type":"","background-media":"","overlay-type":"","overlay-color":"","overlay-opacity":"","overlay-gradient":""},"mobile":{"background-color":"var(--ast-global-color-5)","background-image":"","background-repeat":"repeat","background-position":"center center","background-size":"auto","background-attachment":"scroll","background-type":"","background-media":"","overlay-type":"","overlay-color":"","overlay-opacity":"","overlay-gradient":""}}},"product_brand":[],"product_cat":[51],"product_tag":[],"class_list":{"0":"post-5460","1":"product","2":"type-product","3":"status-publish","4":"has-post-thumbnail","6":"product_cat-partition-papier","7":"desktop-align-left","8":"tablet-align-left","9":"mobile-align-left","10":"ast-product-gallery-layout-horizontal-slider","11":"ast-product-tabs-layout-horizontal","13":"first","14":"instock","15":"shipping-taxable","16":"purchasable","17":"product-type-simple"},"yoast_head":"<!-- This site is optimized with the Yoast SEO plugin v27.4 - https:\/\/yoast.com\/product\/yoast-seo-wordpress\/ -->\n<title>Charles-Marie Widor, Symphonie n\u00b0 5 - Tournes faciles ! - OrganScore<\/title>\n<meta name=\"description\" content=\"Charles-Marie Widor, Symphonie n\u00b0 5 (Op. 42, n\u00b0 1) avec tournes de page faciles, \u00e9dit\u00e9e par Renaud Vergnet OSC 035 - ISMN 979-070710935-9\" \/>\n<meta name=\"robots\" content=\"index, follow, max-snippet:-1, max-image-preview:large, max-video-preview:-1\" \/>\n<link rel=\"canonical\" href=\"https:\/\/www.organscore.com\/produit\/ch-m-widor-symphony-no-5\/\" \/>\n<meta property=\"og:locale\" content=\"fr_FR\" \/>\n<meta property=\"og:type\" content=\"article\" \/>\n<meta property=\"og:title\" content=\"Charles-Marie Widor, Symphonie n\u00b0 5 - Tournes faciles ! - OrganScore\" \/>\n<meta property=\"og:description\" content=\"Charles-Marie Widor, Symphonie n\u00b0 5 (Op. 42, n\u00b0 1) avec tournes de page faciles, \u00e9dit\u00e9e par Renaud Vergnet OSC 035 - ISMN 979-070710935-9\" \/>\n<meta property=\"og:url\" content=\"https:\/\/www.organscore.com\/produit\/ch-m-widor-symphony-no-5\/\" \/>\n<meta property=\"og:site_name\" content=\"OrganScore\" \/>\n<meta property=\"article:modified_time\" content=\"2023-01-18T17:37:39+00:00\" \/>\n<meta property=\"og:image\" content=\"https:\/\/www.organscore.com\/wp-content\/uploads\/2022\/04\/Cover_35.jpg\" \/>\n\t<meta property=\"og:image:width\" content=\"1100\" \/>\n\t<meta property=\"og:image:height\" content=\"872\" \/>\n\t<meta property=\"og:image:type\" content=\"image\/jpeg\" \/>\n<meta name=\"twitter:card\" content=\"summary_large_image\" \/>\n<meta name=\"twitter:label1\" content=\"Dur\u00e9e de lecture estim\u00e9e\" \/>\n\t<meta name=\"twitter:data1\" content=\"2 minutes\" \/>\n<script type=\"application\/ld+json\" class=\"yoast-schema-graph\">{\"@context\":\"https:\\\/\\\/schema.org\",\"@graph\":[{\"@type\":\"WebPage\",\"@id\":\"https:\\\/\\\/www.organscore.com\\\/produit\\\/ch-m-widor-symphony-no-5\\\/\",\"url\":\"https:\\\/\\\/www.organscore.com\\\/produit\\\/ch-m-widor-symphony-no-5\\\/\",\"name\":\"Charles-Marie Widor, Symphonie n\u00b0 5 - Tournes faciles ! - OrganScore\",\"isPartOf\":{\"@id\":\"https:\\\/\\\/www.organscore.com\\\/#website\"},\"primaryImageOfPage\":{\"@id\":\"https:\\\/\\\/www.organscore.com\\\/produit\\\/ch-m-widor-symphony-no-5\\\/#primaryimage\"},\"image\":{\"@id\":\"https:\\\/\\\/www.organscore.com\\\/produit\\\/ch-m-widor-symphony-no-5\\\/#primaryimage\"},\"thumbnailUrl\":\"https:\\\/\\\/www.organscore.com\\\/wp-content\\\/uploads\\\/2022\\\/04\\\/Cover_35.jpg\",\"datePublished\":\"2022-04-22T19:58:24+00:00\",\"dateModified\":\"2023-01-18T17:37:39+00:00\",\"description\":\"Charles-Marie Widor, Symphonie n\u00b0 5 (Op. 42, n\u00b0 1) avec tournes de page faciles, \u00e9dit\u00e9e par Renaud Vergnet OSC 035 - ISMN 979-070710935-9\",\"breadcrumb\":{\"@id\":\"https:\\\/\\\/www.organscore.com\\\/produit\\\/ch-m-widor-symphony-no-5\\\/#breadcrumb\"},\"inLanguage\":\"fr-FR\",\"potentialAction\":[{\"@type\":\"ReadAction\",\"target\":[\"https:\\\/\\\/www.organscore.com\\\/produit\\\/ch-m-widor-symphony-no-5\\\/\"]}]},{\"@type\":\"ImageObject\",\"inLanguage\":\"fr-FR\",\"@id\":\"https:\\\/\\\/www.organscore.com\\\/produit\\\/ch-m-widor-symphony-no-5\\\/#primaryimage\",\"url\":\"https:\\\/\\\/www.organscore.com\\\/wp-content\\\/uploads\\\/2022\\\/04\\\/Cover_35.jpg\",\"contentUrl\":\"https:\\\/\\\/www.organscore.com\\\/wp-content\\\/uploads\\\/2022\\\/04\\\/Cover_35.jpg\",\"width\":1100,\"height\":872,\"caption\":\"Widor Symphonie no 5 - Couverture\"},{\"@type\":\"BreadcrumbList\",\"@id\":\"https:\\\/\\\/www.organscore.com\\\/produit\\\/ch-m-widor-symphony-no-5\\\/#breadcrumb\",\"itemListElement\":[{\"@type\":\"ListItem\",\"position\":1,\"name\":\"Home\",\"item\":\"https:\\\/\\\/www.organscore.com\\\/fr\\\/\"},{\"@type\":\"ListItem\",\"position\":2,\"name\":\"Acheter\",\"item\":\"https:\\\/\\\/www.organscore.com\\\/fr\\\/boutique\\\/\"},{\"@type\":\"ListItem\",\"position\":3,\"name\":\"Ch.-M. Widor : Symphonie n\u00b0 5\"}]},{\"@type\":\"WebSite\",\"@id\":\"https:\\\/\\\/www.organscore.com\\\/#website\",\"url\":\"https:\\\/\\\/www.organscore.com\\\/\",\"name\":\"OrganScore\",\"description\":\"The Practical Score for Organists\",\"publisher\":{\"@id\":\"https:\\\/\\\/www.organscore.com\\\/#organization\"},\"potentialAction\":[{\"@type\":\"SearchAction\",\"target\":{\"@type\":\"EntryPoint\",\"urlTemplate\":\"https:\\\/\\\/www.organscore.com\\\/?s={search_term_string}\"},\"query-input\":{\"@type\":\"PropertyValueSpecification\",\"valueRequired\":true,\"valueName\":\"search_term_string\"}}],\"inLanguage\":\"fr-FR\"},{\"@type\":\"Organization\",\"@id\":\"https:\\\/\\\/www.organscore.com\\\/#organization\",\"name\":\"OrganScore\",\"url\":\"https:\\\/\\\/www.organscore.com\\\/\",\"logo\":{\"@type\":\"ImageObject\",\"inLanguage\":\"fr-FR\",\"@id\":\"https:\\\/\\\/www.organscore.com\\\/#\\\/schema\\\/logo\\\/image\\\/\",\"url\":\"https:\\\/\\\/www.organscore.com\\\/wp-content\\\/uploads\\\/2018\\\/09\\\/organscore-logo-0153bf-h142px-shaded.png\",\"contentUrl\":\"https:\\\/\\\/www.organscore.com\\\/wp-content\\\/uploads\\\/2018\\\/09\\\/organscore-logo-0153bf-h142px-shaded.png\",\"width\":434,\"height\":142,\"caption\":\"OrganScore\"},\"image\":{\"@id\":\"https:\\\/\\\/www.organscore.com\\\/#\\\/schema\\\/logo\\\/image\\\/\"},\"sameAs\":[\"https:\\\/\\\/www.youtube.com\\\/user\\\/organopleno2000\"]}]}<\/script>\n<!-- \/ Yoast SEO plugin. -->","yoast_head_json":{"title":"Charles-Marie Widor, Symphonie n\u00b0 5 - Tournes faciles ! - OrganScore","description":"Charles-Marie Widor, Symphonie n\u00b0 5 (Op. 42, n\u00b0 1) avec tournes de page faciles, \u00e9dit\u00e9e par Renaud Vergnet OSC 035 - ISMN 979-070710935-9","robots":{"index":"index","follow":"follow","max-snippet":"max-snippet:-1","max-image-preview":"max-image-preview:large","max-video-preview":"max-video-preview:-1"},"canonical":"https:\/\/www.organscore.com\/produit\/ch-m-widor-symphony-no-5\/","og_locale":"fr_FR","og_type":"article","og_title":"Charles-Marie Widor, Symphonie n\u00b0 5 - Tournes faciles ! - OrganScore","og_description":"Charles-Marie Widor, Symphonie n\u00b0 5 (Op. 42, n\u00b0 1) avec tournes de page faciles, \u00e9dit\u00e9e par Renaud Vergnet OSC 035 - ISMN 979-070710935-9","og_url":"https:\/\/www.organscore.com\/produit\/ch-m-widor-symphony-no-5\/","og_site_name":"OrganScore","article_modified_time":"2023-01-18T17:37:39+00:00","og_image":[{"width":1100,"height":872,"url":"https:\/\/www.organscore.com\/wp-content\/uploads\/2022\/04\/Cover_35.jpg","type":"image\/jpeg"}],"twitter_card":"summary_large_image","twitter_misc":{"Dur\u00e9e de lecture estim\u00e9e":"2 minutes"},"schema":{"@context":"https:\/\/schema.org","@graph":[{"@type":"WebPage","@id":"https:\/\/www.organscore.com\/produit\/ch-m-widor-symphony-no-5\/","url":"https:\/\/www.organscore.com\/produit\/ch-m-widor-symphony-no-5\/","name":"Charles-Marie Widor, Symphonie n\u00b0 5 - Tournes faciles ! - OrganScore","isPartOf":{"@id":"https:\/\/www.organscore.com\/#website"},"primaryImageOfPage":{"@id":"https:\/\/www.organscore.com\/produit\/ch-m-widor-symphony-no-5\/#primaryimage"},"image":{"@id":"https:\/\/www.organscore.com\/produit\/ch-m-widor-symphony-no-5\/#primaryimage"},"thumbnailUrl":"https:\/\/www.organscore.com\/wp-content\/uploads\/2022\/04\/Cover_35.jpg","datePublished":"2022-04-22T19:58:24+00:00","dateModified":"2023-01-18T17:37:39+00:00","description":"Charles-Marie Widor, Symphonie n\u00b0 5 (Op. 42, n\u00b0 1) avec tournes de page faciles, \u00e9dit\u00e9e par Renaud Vergnet OSC 035 - ISMN 979-070710935-9","breadcrumb":{"@id":"https:\/\/www.organscore.com\/produit\/ch-m-widor-symphony-no-5\/#breadcrumb"},"inLanguage":"fr-FR","potentialAction":[{"@type":"ReadAction","target":["https:\/\/www.organscore.com\/produit\/ch-m-widor-symphony-no-5\/"]}]},{"@type":"ImageObject","inLanguage":"fr-FR","@id":"https:\/\/www.organscore.com\/produit\/ch-m-widor-symphony-no-5\/#primaryimage","url":"https:\/\/www.organscore.com\/wp-content\/uploads\/2022\/04\/Cover_35.jpg","contentUrl":"https:\/\/www.organscore.com\/wp-content\/uploads\/2022\/04\/Cover_35.jpg","width":1100,"height":872,"caption":"Widor Symphonie no 5 - Couverture"},{"@type":"BreadcrumbList","@id":"https:\/\/www.organscore.com\/produit\/ch-m-widor-symphony-no-5\/#breadcrumb","itemListElement":[{"@type":"ListItem","position":1,"name":"Home","item":"https:\/\/www.organscore.com\/fr\/"},{"@type":"ListItem","position":2,"name":"Acheter","item":"https:\/\/www.organscore.com\/fr\/boutique\/"},{"@type":"ListItem","position":3,"name":"Ch.-M. Widor : Symphonie n\u00b0 5"}]},{"@type":"WebSite","@id":"https:\/\/www.organscore.com\/#website","url":"https:\/\/www.organscore.com\/","name":"OrganScore","description":"The Practical Score for Organists","publisher":{"@id":"https:\/\/www.organscore.com\/#organization"},"potentialAction":[{"@type":"SearchAction","target":{"@type":"EntryPoint","urlTemplate":"https:\/\/www.organscore.com\/?s={search_term_string}"},"query-input":{"@type":"PropertyValueSpecification","valueRequired":true,"valueName":"search_term_string"}}],"inLanguage":"fr-FR"},{"@type":"Organization","@id":"https:\/\/www.organscore.com\/#organization","name":"OrganScore","url":"https:\/\/www.organscore.com\/","logo":{"@type":"ImageObject","inLanguage":"fr-FR","@id":"https:\/\/www.organscore.com\/#\/schema\/logo\/image\/","url":"https:\/\/www.organscore.com\/wp-content\/uploads\/2018\/09\/organscore-logo-0153bf-h142px-shaded.png","contentUrl":"https:\/\/www.organscore.com\/wp-content\/uploads\/2018\/09\/organscore-logo-0153bf-h142px-shaded.png","width":434,"height":142,"caption":"OrganScore"},"image":{"@id":"https:\/\/www.organscore.com\/#\/schema\/logo\/image\/"},"sameAs":["https:\/\/www.youtube.com\/user\/organopleno2000"]}]}},"_links":{"self":[{"href":"https:\/\/www.organscore.com\/fr\/wp-json\/wp\/v2\/product\/5460","targetHints":{"allow":["GET"]}}],"collection":[{"href":"https:\/\/www.organscore.com\/fr\/wp-json\/wp\/v2\/product"}],"about":[{"href":"https:\/\/www.organscore.com\/fr\/wp-json\/wp\/v2\/types\/product"}],"wp:featuredmedia":[{"embeddable":true,"href":"https:\/\/www.organscore.com\/fr\/wp-json\/wp\/v2\/media\/5462"}],"wp:attachment":[{"href":"https:\/\/www.organscore.com\/fr\/wp-json\/wp\/v2\/media?parent=5460"}],"wp:term":[{"taxonomy":"product_brand","embeddable":true,"href":"https:\/\/www.organscore.com\/fr\/wp-json\/wp\/v2\/product_brand?post=5460"},{"taxonomy":"product_cat","embeddable":true,"href":"https:\/\/www.organscore.com\/fr\/wp-json\/wp\/v2\/product_cat?post=5460"},{"taxonomy":"product_tag","embeddable":true,"href":"https:\/\/www.organscore.com\/fr\/wp-json\/wp\/v2\/product_tag?post=5460"}],"curies":[{"name":"wp","href":"https:\/\/api.w.org\/{rel}","templated":true}]}}