{"id":5436,"date":"2022-04-22T17:46:12","date_gmt":"2022-04-22T15:46:12","guid":{"rendered":"https:\/\/www.organscore.com\/?post_type=product&#038;p=5436"},"modified":"2022-07-01T16:19:37","modified_gmt":"2022-07-01T14:19:37","slug":"ch-m-widor-symphonie-no-2","status":"publish","type":"product","link":"https:\/\/www.organscore.com\/fr\/produit\/ch-m-widor-symphonie-no-2\/","title":{"rendered":"Ch.-M. Widor : Symphonie n\u00b0 2"},"content":{"rendered":"<p style=\"text-align: justify;\">La Symphonie n\u00b0 2 (Op. 13, n\u00b0 2) en r\u00e9 majeur a \u00e9t\u00e9 publi\u00e9e pour la premi\u00e8re fois en 1872. Que ce soit dans sa version primitive (1872) ou r\u00e9vis\u00e9e (1901 et apr\u00e8s), on pourrait volontiers la qualifier de \u00abSymphonie Pastorale\u00bb. Le caract\u00e8re \u00e9vocateur de la \u00abPastorale\u00bb (II),\u00a0 du \u00abScherzo\u00bb (IV) avec son th\u00e8me de \u00abchasse\u00bb dans la version primitive, ou m\u00eame du \u00abSalve Regina\u00bb (IV) dans les versions r\u00e9vis\u00e9es justifieraient en effet un tel surnom.<\/p>\n<p style=\"text-align: justify;\">Les symphonies de Widor ont subi de tr\u00e8s nombreuses r\u00e9visions tout au long de la vie du compositeur. Les quatre premi\u00e8res symphonies (Op. 13), dont la premi\u00e8re \u00e9dition date de 1872, firent ainsi l&rsquo;objet de nombreuses \u00e9ditions ult\u00e9rieures (1879, 1887, 1888-1892, 1900-1901, 1911, 1920, 1928-1929&#8230;).<\/p>\n<p style=\"text-align: justify;\">C&rsquo;est la derni\u00e8re version \u00e9dit\u00e9e qui est restitu\u00e9e ici (Leduc, ~1929). Cependant il \u00e9tait int\u00e9ressant de pr\u00eater \u00e9galement attention aux \u00e9ditions ant\u00e9rieures. Par exemple, le premier mouvement a fait l&rsquo;objet de plusieurs r\u00e9-\u00e9critures importantes. Un \u00e9volution marquante fut le remplacement, dans l&rsquo;\u00e9dition de 1901, du scherzo initial (mouvement no IV) par la fantaisie sur le th\u00e8me du \u00ab\u00a0Salve Regina\u00a0\u00bb. Il s&rsquo;agit la d&rsquo;un changement notable du style de Widor. Du fait de leur int\u00e9r\u00eat musical, nous avons \u00e9dit\u00e9 et ajout\u00e9 en annexe une s\u00e9lections de mouvements ou de versions provenant\u00a0 des \u00e9ditions ant\u00e9rieures (1872, 1887, 1901).<\/p>\n<p style=\"text-align: justify;\"><strong>Contenu :<\/strong><\/p>\n<p style=\"text-align: justify;\">p. 2 : I \u2013 Pr\u00e6ludium circulare<br \/>\np. 5 : II \u2013 Pastorale<br \/>\np. 8 : III \u2013 Andante<br \/>\np. 13 : IV \u2013 Salve Regina<br \/>\np. 16 : V \u2013 Adagio<br \/>\np. 19 : VI \u2013 Finale<br \/>\nEarlier and alternate movements:<br \/>\np. 22 : Annexe 1 \u2013 [I] \u2013 Pr\u00e9lude (Ed. 1872)<br \/>\np. 24 : Annexe 2 \u2013 I \u2013 Pr\u00e9lude (Ed. 1887)<br \/>\np. 24 : Annexe 3 \u2013 I \u2013 Pr\u00e6ludium circulare (Ed. 1901)<br \/>\np. 26 : Annexe 4 \u2013 III \u2013 Andante (Ed. 1901)<br \/>\np. 32 : Annexe 5 \u2013 IV \u2013 Scherzo (Ed. 1887)<br \/>\np. 35 : Annexe 6 \u2013 [V] \u2013 Adagio (Ed. 1872)<br \/>\np. 36 : Annexe 7 \u2013 V \u2013 Adagio (Ed. 1887)<\/p>\n<div id=\"malwarebytes-root\" style=\"text-align: justify;\"><\/div>\n","protected":false},"excerpt":{"rendered":"<p>Ch.-Marie Widor, Symphonie n\u00b0 2 (Op. 13, n\u00b0 2)<br \/>\n<strong>Sans Probl\u00e8me de Tourne de Page<br \/>\n<\/strong><em>(enti\u00e8rement jouable sans tourneur de page)<\/em><\/p>\n<p>OSC 032 \u2014 ISMN : 979-0-707109-32-8<br \/>\n37.5cm x 29.7cm (+reliure)<br \/>\n42 pages \u2014 120g\/m\u00b2<\/p>\n","protected":false},"featured_media":5438,"template":"","meta":{"_monsterinsights_skip_tracking":false,"_monsterinsights_sitenote_active":false,"_monsterinsights_sitenote_note":"","_monsterinsights_sitenote_category":0,"site-sidebar-layout":"default","site-content-layout":"default","ast-site-content-layout":"default","site-content-style":"default","site-sidebar-style":"default","ast-global-header-display":"","ast-banner-title-visibility":"","ast-main-header-display":"","ast-hfb-above-header-display":"","ast-hfb-below-header-display":"","ast-hfb-mobile-header-display":"","site-post-title":"","ast-breadcrumbs-content":"","ast-featured-img":"","footer-sml-layout":"","ast-disable-related-posts":"","theme-transparent-header-meta":"default","adv-header-id-meta":"","stick-header-meta":"default","header-above-stick-meta":"","header-main-stick-meta":"","header-below-stick-meta":"","astra-migrate-meta-layouts":"default","ast-page-background-enabled":"default","ast-page-background-meta":{"desktop":{"background-color":"","background-image":"","background-repeat":"repeat","background-position":"center center","background-size":"auto","background-attachment":"scroll","background-type":"","background-media":"","overlay-type":"","overlay-color":"","overlay-opacity":"","overlay-gradient":""},"tablet":{"background-color":"","background-image":"","background-repeat":"repeat","background-position":"center center","background-size":"auto","background-attachment":"scroll","background-type":"","background-media":"","overlay-type":"","overlay-color":"","overlay-opacity":"","overlay-gradient":""},"mobile":{"background-color":"","background-image":"","background-repeat":"repeat","background-position":"center center","background-size":"auto","background-attachment":"scroll","background-type":"","background-media":"","overlay-type":"","overlay-color":"","overlay-opacity":"","overlay-gradient":""}},"ast-content-background-meta":{"desktop":{"background-color":"var(--ast-global-color-5)","background-image":"","background-repeat":"repeat","background-position":"center center","background-size":"auto","background-attachment":"scroll","background-type":"","background-media":"","overlay-type":"","overlay-color":"","overlay-opacity":"","overlay-gradient":""},"tablet":{"background-color":"var(--ast-global-color-5)","background-image":"","background-repeat":"repeat","background-position":"center center","background-size":"auto","background-attachment":"scroll","background-type":"","background-media":"","overlay-type":"","overlay-color":"","overlay-opacity":"","overlay-gradient":""},"mobile":{"background-color":"var(--ast-global-color-5)","background-image":"","background-repeat":"repeat","background-position":"center center","background-size":"auto","background-attachment":"scroll","background-type":"","background-media":"","overlay-type":"","overlay-color":"","overlay-opacity":"","overlay-gradient":""}}},"product_brand":[],"product_cat":[51],"product_tag":[],"class_list":{"0":"post-5436","1":"product","2":"type-product","3":"status-publish","4":"has-post-thumbnail","6":"product_cat-partition-papier","7":"desktop-align-left","8":"tablet-align-left","9":"mobile-align-left","10":"ast-product-gallery-layout-horizontal-slider","11":"ast-product-tabs-layout-horizontal","13":"first","14":"instock","15":"shipping-taxable","16":"purchasable","17":"product-type-simple"},"yoast_head":"<!-- This site is optimized with the Yoast SEO plugin v27.4 - https:\/\/yoast.com\/product\/yoast-seo-wordpress\/ -->\n<title>Charles-Marie Widor, Symphony n\u00b0 2 - Tournes faciles ! - OrganScore<\/title>\n<meta name=\"description\" content=\"Charles-Marie Widor, Symphonie n\u00b0 2, Op. 13 no 2 avec tournes de page faciles, \u00e9dit\u00e9e par Renaud Vergnet OSC 032 - ISMN 979-070710932-8\" \/>\n<meta name=\"robots\" content=\"index, follow, max-snippet:-1, max-image-preview:large, max-video-preview:-1\" \/>\n<link rel=\"canonical\" href=\"https:\/\/www.organscore.com\/produit\/ch-m-widor-symphony-no-2\/\" \/>\n<meta property=\"og:locale\" content=\"fr_FR\" \/>\n<meta property=\"og:type\" content=\"article\" \/>\n<meta property=\"og:title\" content=\"Charles-Marie Widor, Symphony n\u00b0 2 - Tournes faciles ! - OrganScore\" \/>\n<meta property=\"og:description\" content=\"Charles-Marie Widor, Symphonie n\u00b0 2, Op. 13 no 2 avec tournes de page faciles, \u00e9dit\u00e9e par Renaud Vergnet OSC 032 - ISMN 979-070710932-8\" \/>\n<meta property=\"og:url\" content=\"https:\/\/www.organscore.com\/produit\/ch-m-widor-symphony-no-2\/\" \/>\n<meta property=\"og:site_name\" content=\"OrganScore\" \/>\n<meta property=\"article:modified_time\" content=\"2022-07-01T14:19:37+00:00\" \/>\n<meta property=\"og:image\" content=\"https:\/\/www.organscore.com\/wp-content\/uploads\/2022\/04\/Cover_32.jpg\" \/>\n\t<meta property=\"og:image:width\" content=\"1100\" \/>\n\t<meta property=\"og:image:height\" content=\"872\" \/>\n\t<meta property=\"og:image:type\" content=\"image\/jpeg\" \/>\n<meta name=\"twitter:card\" content=\"summary_large_image\" \/>\n<meta name=\"twitter:label1\" content=\"Dur\u00e9e de lecture estim\u00e9e\" \/>\n\t<meta name=\"twitter:data1\" content=\"1 minute\" \/>\n<script type=\"application\/ld+json\" class=\"yoast-schema-graph\">{\"@context\":\"https:\\\/\\\/schema.org\",\"@graph\":[{\"@type\":\"WebPage\",\"@id\":\"https:\\\/\\\/www.organscore.com\\\/produit\\\/ch-m-widor-symphony-no-2\\\/\",\"url\":\"https:\\\/\\\/www.organscore.com\\\/produit\\\/ch-m-widor-symphony-no-2\\\/\",\"name\":\"Charles-Marie Widor, Symphony n\u00b0 2 - Tournes faciles ! - OrganScore\",\"isPartOf\":{\"@id\":\"https:\\\/\\\/www.organscore.com\\\/#website\"},\"primaryImageOfPage\":{\"@id\":\"https:\\\/\\\/www.organscore.com\\\/produit\\\/ch-m-widor-symphony-no-2\\\/#primaryimage\"},\"image\":{\"@id\":\"https:\\\/\\\/www.organscore.com\\\/produit\\\/ch-m-widor-symphony-no-2\\\/#primaryimage\"},\"thumbnailUrl\":\"https:\\\/\\\/www.organscore.com\\\/wp-content\\\/uploads\\\/2022\\\/04\\\/Cover_32.jpg\",\"datePublished\":\"2022-04-22T15:46:12+00:00\",\"dateModified\":\"2022-07-01T14:19:37+00:00\",\"description\":\"Charles-Marie Widor, Symphonie n\u00b0 2, Op. 13 no 2 avec tournes de page faciles, \u00e9dit\u00e9e par Renaud Vergnet OSC 032 - ISMN 979-070710932-8\",\"breadcrumb\":{\"@id\":\"https:\\\/\\\/www.organscore.com\\\/produit\\\/ch-m-widor-symphony-no-2\\\/#breadcrumb\"},\"inLanguage\":\"fr-FR\",\"potentialAction\":[{\"@type\":\"ReadAction\",\"target\":[\"https:\\\/\\\/www.organscore.com\\\/produit\\\/ch-m-widor-symphony-no-2\\\/\"]}]},{\"@type\":\"ImageObject\",\"inLanguage\":\"fr-FR\",\"@id\":\"https:\\\/\\\/www.organscore.com\\\/produit\\\/ch-m-widor-symphony-no-2\\\/#primaryimage\",\"url\":\"https:\\\/\\\/www.organscore.com\\\/wp-content\\\/uploads\\\/2022\\\/04\\\/Cover_32.jpg\",\"contentUrl\":\"https:\\\/\\\/www.organscore.com\\\/wp-content\\\/uploads\\\/2022\\\/04\\\/Cover_32.jpg\",\"width\":1100,\"height\":872,\"caption\":\"Widor Symphonie no 2 - Couverture\"},{\"@type\":\"BreadcrumbList\",\"@id\":\"https:\\\/\\\/www.organscore.com\\\/produit\\\/ch-m-widor-symphony-no-2\\\/#breadcrumb\",\"itemListElement\":[{\"@type\":\"ListItem\",\"position\":1,\"name\":\"Home\",\"item\":\"https:\\\/\\\/www.organscore.com\\\/fr\\\/\"},{\"@type\":\"ListItem\",\"position\":2,\"name\":\"Acheter\",\"item\":\"https:\\\/\\\/www.organscore.com\\\/fr\\\/boutique\\\/\"},{\"@type\":\"ListItem\",\"position\":3,\"name\":\"Ch.-M. Widor : Symphonie n\u00b0 2\"}]},{\"@type\":\"WebSite\",\"@id\":\"https:\\\/\\\/www.organscore.com\\\/#website\",\"url\":\"https:\\\/\\\/www.organscore.com\\\/\",\"name\":\"OrganScore\",\"description\":\"The Practical Score for Organists\",\"publisher\":{\"@id\":\"https:\\\/\\\/www.organscore.com\\\/#organization\"},\"potentialAction\":[{\"@type\":\"SearchAction\",\"target\":{\"@type\":\"EntryPoint\",\"urlTemplate\":\"https:\\\/\\\/www.organscore.com\\\/?s={search_term_string}\"},\"query-input\":{\"@type\":\"PropertyValueSpecification\",\"valueRequired\":true,\"valueName\":\"search_term_string\"}}],\"inLanguage\":\"fr-FR\"},{\"@type\":\"Organization\",\"@id\":\"https:\\\/\\\/www.organscore.com\\\/#organization\",\"name\":\"OrganScore\",\"url\":\"https:\\\/\\\/www.organscore.com\\\/\",\"logo\":{\"@type\":\"ImageObject\",\"inLanguage\":\"fr-FR\",\"@id\":\"https:\\\/\\\/www.organscore.com\\\/#\\\/schema\\\/logo\\\/image\\\/\",\"url\":\"https:\\\/\\\/www.organscore.com\\\/wp-content\\\/uploads\\\/2018\\\/09\\\/organscore-logo-0153bf-h142px-shaded.png\",\"contentUrl\":\"https:\\\/\\\/www.organscore.com\\\/wp-content\\\/uploads\\\/2018\\\/09\\\/organscore-logo-0153bf-h142px-shaded.png\",\"width\":434,\"height\":142,\"caption\":\"OrganScore\"},\"image\":{\"@id\":\"https:\\\/\\\/www.organscore.com\\\/#\\\/schema\\\/logo\\\/image\\\/\"},\"sameAs\":[\"https:\\\/\\\/www.youtube.com\\\/user\\\/organopleno2000\"]}]}<\/script>\n<!-- \/ Yoast SEO plugin. -->","yoast_head_json":{"title":"Charles-Marie Widor, Symphony n\u00b0 2 - Tournes faciles ! - OrganScore","description":"Charles-Marie Widor, Symphonie n\u00b0 2, Op. 13 no 2 avec tournes de page faciles, \u00e9dit\u00e9e par Renaud Vergnet OSC 032 - ISMN 979-070710932-8","robots":{"index":"index","follow":"follow","max-snippet":"max-snippet:-1","max-image-preview":"max-image-preview:large","max-video-preview":"max-video-preview:-1"},"canonical":"https:\/\/www.organscore.com\/produit\/ch-m-widor-symphony-no-2\/","og_locale":"fr_FR","og_type":"article","og_title":"Charles-Marie Widor, Symphony n\u00b0 2 - Tournes faciles ! - OrganScore","og_description":"Charles-Marie Widor, Symphonie n\u00b0 2, Op. 13 no 2 avec tournes de page faciles, \u00e9dit\u00e9e par Renaud Vergnet OSC 032 - ISMN 979-070710932-8","og_url":"https:\/\/www.organscore.com\/produit\/ch-m-widor-symphony-no-2\/","og_site_name":"OrganScore","article_modified_time":"2022-07-01T14:19:37+00:00","og_image":[{"width":1100,"height":872,"url":"https:\/\/www.organscore.com\/wp-content\/uploads\/2022\/04\/Cover_32.jpg","type":"image\/jpeg"}],"twitter_card":"summary_large_image","twitter_misc":{"Dur\u00e9e de lecture estim\u00e9e":"1 minute"},"schema":{"@context":"https:\/\/schema.org","@graph":[{"@type":"WebPage","@id":"https:\/\/www.organscore.com\/produit\/ch-m-widor-symphony-no-2\/","url":"https:\/\/www.organscore.com\/produit\/ch-m-widor-symphony-no-2\/","name":"Charles-Marie Widor, Symphony n\u00b0 2 - Tournes faciles ! - OrganScore","isPartOf":{"@id":"https:\/\/www.organscore.com\/#website"},"primaryImageOfPage":{"@id":"https:\/\/www.organscore.com\/produit\/ch-m-widor-symphony-no-2\/#primaryimage"},"image":{"@id":"https:\/\/www.organscore.com\/produit\/ch-m-widor-symphony-no-2\/#primaryimage"},"thumbnailUrl":"https:\/\/www.organscore.com\/wp-content\/uploads\/2022\/04\/Cover_32.jpg","datePublished":"2022-04-22T15:46:12+00:00","dateModified":"2022-07-01T14:19:37+00:00","description":"Charles-Marie Widor, Symphonie n\u00b0 2, Op. 13 no 2 avec tournes de page faciles, \u00e9dit\u00e9e par Renaud Vergnet OSC 032 - ISMN 979-070710932-8","breadcrumb":{"@id":"https:\/\/www.organscore.com\/produit\/ch-m-widor-symphony-no-2\/#breadcrumb"},"inLanguage":"fr-FR","potentialAction":[{"@type":"ReadAction","target":["https:\/\/www.organscore.com\/produit\/ch-m-widor-symphony-no-2\/"]}]},{"@type":"ImageObject","inLanguage":"fr-FR","@id":"https:\/\/www.organscore.com\/produit\/ch-m-widor-symphony-no-2\/#primaryimage","url":"https:\/\/www.organscore.com\/wp-content\/uploads\/2022\/04\/Cover_32.jpg","contentUrl":"https:\/\/www.organscore.com\/wp-content\/uploads\/2022\/04\/Cover_32.jpg","width":1100,"height":872,"caption":"Widor Symphonie no 2 - Couverture"},{"@type":"BreadcrumbList","@id":"https:\/\/www.organscore.com\/produit\/ch-m-widor-symphony-no-2\/#breadcrumb","itemListElement":[{"@type":"ListItem","position":1,"name":"Home","item":"https:\/\/www.organscore.com\/fr\/"},{"@type":"ListItem","position":2,"name":"Acheter","item":"https:\/\/www.organscore.com\/fr\/boutique\/"},{"@type":"ListItem","position":3,"name":"Ch.-M. Widor : Symphonie n\u00b0 2"}]},{"@type":"WebSite","@id":"https:\/\/www.organscore.com\/#website","url":"https:\/\/www.organscore.com\/","name":"OrganScore","description":"The Practical Score for Organists","publisher":{"@id":"https:\/\/www.organscore.com\/#organization"},"potentialAction":[{"@type":"SearchAction","target":{"@type":"EntryPoint","urlTemplate":"https:\/\/www.organscore.com\/?s={search_term_string}"},"query-input":{"@type":"PropertyValueSpecification","valueRequired":true,"valueName":"search_term_string"}}],"inLanguage":"fr-FR"},{"@type":"Organization","@id":"https:\/\/www.organscore.com\/#organization","name":"OrganScore","url":"https:\/\/www.organscore.com\/","logo":{"@type":"ImageObject","inLanguage":"fr-FR","@id":"https:\/\/www.organscore.com\/#\/schema\/logo\/image\/","url":"https:\/\/www.organscore.com\/wp-content\/uploads\/2018\/09\/organscore-logo-0153bf-h142px-shaded.png","contentUrl":"https:\/\/www.organscore.com\/wp-content\/uploads\/2018\/09\/organscore-logo-0153bf-h142px-shaded.png","width":434,"height":142,"caption":"OrganScore"},"image":{"@id":"https:\/\/www.organscore.com\/#\/schema\/logo\/image\/"},"sameAs":["https:\/\/www.youtube.com\/user\/organopleno2000"]}]}},"_links":{"self":[{"href":"https:\/\/www.organscore.com\/fr\/wp-json\/wp\/v2\/product\/5436","targetHints":{"allow":["GET"]}}],"collection":[{"href":"https:\/\/www.organscore.com\/fr\/wp-json\/wp\/v2\/product"}],"about":[{"href":"https:\/\/www.organscore.com\/fr\/wp-json\/wp\/v2\/types\/product"}],"wp:featuredmedia":[{"embeddable":true,"href":"https:\/\/www.organscore.com\/fr\/wp-json\/wp\/v2\/media\/5438"}],"wp:attachment":[{"href":"https:\/\/www.organscore.com\/fr\/wp-json\/wp\/v2\/media?parent=5436"}],"wp:term":[{"taxonomy":"product_brand","embeddable":true,"href":"https:\/\/www.organscore.com\/fr\/wp-json\/wp\/v2\/product_brand?post=5436"},{"taxonomy":"product_cat","embeddable":true,"href":"https:\/\/www.organscore.com\/fr\/wp-json\/wp\/v2\/product_cat?post=5436"},{"taxonomy":"product_tag","embeddable":true,"href":"https:\/\/www.organscore.com\/fr\/wp-json\/wp\/v2\/product_tag?post=5436"}],"curies":[{"name":"wp","href":"https:\/\/api.w.org\/{rel}","templated":true}]}}