{"id":4952,"date":"2021-06-22T14:06:49","date_gmt":"2021-06-22T12:06:49","guid":{"rendered":"https:\/\/www.organscore.com\/?post_type=product&#038;p=4952"},"modified":"2022-06-15T20:49:11","modified_gmt":"2022-06-15T18:49:11","slug":"grigny-oeuvres-completes-pour-orgue","status":"publish","type":"product","link":"https:\/\/www.organscore.com\/fr\/produit\/grigny-oeuvres-completes-pour-orgue\/","title":{"rendered":"N. de Grigny : \u0152uvres Compl\u00e8tes pour Orgue"},"content":{"rendered":"<p style=\"text-align: justify;\">L&rsquo;\u0153uvre pour orgue de Nicolas de Grigny est consid\u00e9r\u00e9e comme l&rsquo;un des exemples les plus aboutis de la musique d&rsquo;orgue baroque fran\u00e7aise. Bien que la musique fran\u00e7aise baroque pour orgue soient le plus souvent constitu\u00e9e de courtes pi\u00e8ces destin\u00e9es \u00e0 la liturgie catholique, les \u0153uvres de Grigny sont plus d\u00e9velopp\u00e9es que la moyenne. Ses fugues, dialogues, r\u00e9cits, l&rsquo;Offertoire et bien d&rsquo;autres pi\u00e8ces gagnent grandement \u00e0 \u00eatre \u00e9dit\u00e9s sans probl\u00e8mes de tourne de page. L&rsquo;\u0153uvre pour orgue de Grigny m\u00e9ritait donc une place de choix dans la collection OrganScore.<\/p>\n<p style=\"text-align: justify;\">Le premier et unique &lsquo;Livre d&rsquo;Orgue&rsquo; de Nicolas de Grigny (1672-1703) fut grav\u00e9 et publi\u00e9 pour la premi\u00e8re fois en 1699, puis r\u00e9\u00e9dit\u00e9 en 1711. Deux exemplaires manuscrits de l&rsquo;ouvrage existent \u00e9galement, l&rsquo;un par JS Bach (1685-1750), et l&rsquo;autre par J.G. Walther (1684-1748). Ces trois sources ont \u00e9t\u00e9 utilis\u00e9es pour l&rsquo;\u00e9dition OrganScore, mais parmi elles, seule l&rsquo;\u00e9dition Ballard 1699\/1711 doit \u00eatre consid\u00e9r\u00e9e comme la source originale.<\/p>\n<p style=\"text-align: justify;\">La principale caract\u00e9ristique de l&rsquo;\u00e9dition OrganScore est de permettre \u00e0 l&rsquo;interpr\u00e8te de jouer sans se pr\u00e9occuper de tourner les pages. Pour ce faire, le nombre de tours de page a \u00e9t\u00e9 drastiquement r\u00e9duit par rapport aux autres \u00e9ditions gr\u00e2ce \u00e0 un grand format de page, et les tournes in\u00e9vitables ont \u00e9t\u00e9 judicieusement positionn\u00e9s.<\/p>\n<p style=\"text-align: justify;\">En un certain nombre d&rsquo;endroits, l&rsquo;\u00e9dition Ballard est manifestement erron\u00e9e et n\u00e9cessite des corrections, par r\u00e9f\u00e9rence aux manuscrits de Bach et de Walther, soit par pure conjecture. Par cons\u00e9quent, nous avons jug\u00e9 bon d&rsquo;ajouter des notes de bas de page pour les corrections importantes avec, si n\u00e9cessaire, des versions alternatives du texte.<\/p>\n<p style=\"text-align: justify;\"><strong><span style=\"font-size: 16px;\">Contenu :<\/span><\/strong><\/p>\n<p style=\"text-align: justify;\">MESSE<br \/>\nKyrie \u2013 1. Premier Kyrie en taille \u00e0 5<br \/>\nKyrie \u2013 2. Fugue \u00e0 5 sur le chant du Kyrie<br \/>\nKyrie \u2013 3. Cromorne en taille \u00e0 2 parties<br \/>\nKyrie \u2013 4. Trio en Dialogue<br \/>\nKyrie \u2013 5. Dialogue sur les Grands Jeux<br \/>\nGloria \u2013 1. Et in Terra Pax, \u00e0 5<br \/>\nGloria \u2013 2. Fugue<br \/>\nGloria \u2013 2. Duo<br \/>\nGloria \u2013 4. R\u00e9cit de Tierce en Taille<br \/>\nGloria \u2013 5. Basse de Trompette<br \/>\nGloria \u2013 6. Dialogue<br \/>\nGloria \u2013 7. Fugue \u00e0 5<br \/>\nGloria \u2013 8. Trio<br \/>\nGloria \u2013 9. Dialogue<br \/>\nOffertoire sur les Grands Jeux<br \/>\nSanctus \u2013 1. Premier Sanctus, en Taille \u00e0 5<br \/>\nSanctus \u2013 2. Fugue<br \/>\nSanctus \u2013 3. R\u00e9cit de Tierce pour le Benedictus<br \/>\nDialogue de Fl\u00fbtes pour l\u02b9\u00c9l\u00e9vation<br \/>\nAgnus Dei \u2013 1. Premier Agnus [Plein\u2010Jeu]<br \/>\nAgnus Dei \u2013 2. Dialogue<br \/>\nDialogue \u00e0 2 Tailles de Cromorne et 2 dessus de Cornet<br \/>\nPlein Jeu<\/p>\n<p style=\"text-align: justify;\">HYMNES<br \/>\nVeni Creator \u2013 1. Plein\u2010jeu en taille \u00e0 5<br \/>\nVeni Creator \u2013 2. Fugue \u00e0 5<br \/>\nVeni Creator \u2013 3. Duo<br \/>\nVeni Creator \u2013 4. R\u00e9cit de cromorne<br \/>\nVeni Creator \u2013 5. Dialogue sur les grands jeux<br \/>\nPange lingua \u2013 1. [Plein Jeu] En taille \u00e0 4<br \/>\nPange lingua \u2013 2. Fugue \u00e0 5<br \/>\nPange lingua \u2013 3. R\u00e9cit du chant de l\u02b9Hymne pr\u00e9c\u00e9dent<br \/>\nVerbum supernum \u2013 1. [Plein jeu]<br \/>\nVerbum supernum \u2013 2. Fugue \u00e0 5<br \/>\nVerbum supernum \u2013 3. R\u00e9cit en dialogue<br \/>\nVerbum supernum \u2013 4. R\u00e9cit de Basse (Tr\/Cr)<br \/>\nAve maris stella \u2013 1. [Plein Jeu \u00e0 5]<br \/>\nAve maris stella \u2013 2. Fugue \u00e0 5 [\u00e0 4]<br \/>\nAve maris stella \u2013 3. Duo<br \/>\nAve maris stella \u2013 4. Dialogue sur les Gr. Jeux<br \/>\nA solis ortus \u2013 1. [Plein Jeu]<br \/>\nA solis ortus \u2013 2. Fugue \u00e0 5<br \/>\nA solis ortus \u2013 3. Trio<br \/>\nA solis ortus \u2013 4. Point d&rsquo;Orgue sur les Grands Jeux.<\/p>\n","protected":false},"excerpt":{"rendered":"<p>N. de Grigny: \u0152uvres Compl\u00e8tes pour Orgue<br \/>\n<strong>Sans Probl\u00e8me de Tourne de Page<br \/>\n<\/strong><em>(contenu jouable sans assistant tourneur de pages)<\/em><\/p>\n<p>OSC 026 &#8211; ISMN : 979-0-707109-26-7<br \/>\n37.5cm x 29.7cm (+reliure)<br \/>\n76 pages \u2014 120g\/m\u00b2<\/p>\n","protected":false},"featured_media":4999,"template":"","meta":{"_monsterinsights_skip_tracking":false,"_monsterinsights_sitenote_active":false,"_monsterinsights_sitenote_note":"","_monsterinsights_sitenote_category":0,"site-sidebar-layout":"default","site-content-layout":"default","ast-site-content-layout":"default","site-content-style":"default","site-sidebar-style":"default","ast-global-header-display":"","ast-banner-title-visibility":"","ast-main-header-display":"","ast-hfb-above-header-display":"","ast-hfb-below-header-display":"","ast-hfb-mobile-header-display":"","site-post-title":"","ast-breadcrumbs-content":"","ast-featured-img":"","footer-sml-layout":"","ast-disable-related-posts":"","theme-transparent-header-meta":"default","adv-header-id-meta":"","stick-header-meta":"default","header-above-stick-meta":"","header-main-stick-meta":"","header-below-stick-meta":"","astra-migrate-meta-layouts":"default","ast-page-background-enabled":"default","ast-page-background-meta":{"desktop":{"background-color":"","background-image":"","background-repeat":"repeat","background-position":"center center","background-size":"auto","background-attachment":"scroll","background-type":"","background-media":"","overlay-type":"","overlay-color":"","overlay-opacity":"","overlay-gradient":""},"tablet":{"background-color":"","background-image":"","background-repeat":"repeat","background-position":"center center","background-size":"auto","background-attachment":"scroll","background-type":"","background-media":"","overlay-type":"","overlay-color":"","overlay-opacity":"","overlay-gradient":""},"mobile":{"background-color":"","background-image":"","background-repeat":"repeat","background-position":"center center","background-size":"auto","background-attachment":"scroll","background-type":"","background-media":"","overlay-type":"","overlay-color":"","overlay-opacity":"","overlay-gradient":""}},"ast-content-background-meta":{"desktop":{"background-color":"var(--ast-global-color-5)","background-image":"","background-repeat":"repeat","background-position":"center center","background-size":"auto","background-attachment":"scroll","background-type":"","background-media":"","overlay-type":"","overlay-color":"","overlay-opacity":"","overlay-gradient":""},"tablet":{"background-color":"var(--ast-global-color-5)","background-image":"","background-repeat":"repeat","background-position":"center center","background-size":"auto","background-attachment":"scroll","background-type":"","background-media":"","overlay-type":"","overlay-color":"","overlay-opacity":"","overlay-gradient":""},"mobile":{"background-color":"var(--ast-global-color-5)","background-image":"","background-repeat":"repeat","background-position":"center center","background-size":"auto","background-attachment":"scroll","background-type":"","background-media":"","overlay-type":"","overlay-color":"","overlay-opacity":"","overlay-gradient":""}}},"product_brand":[],"product_cat":[51],"product_tag":[],"class_list":{"0":"post-4952","1":"product","2":"type-product","3":"status-publish","4":"has-post-thumbnail","6":"product_cat-partition-papier","7":"desktop-align-left","8":"tablet-align-left","9":"mobile-align-left","10":"ast-product-gallery-layout-horizontal-slider","11":"ast-product-tabs-layout-horizontal","13":"first","14":"instock","15":"shipping-taxable","16":"purchasable","17":"product-type-simple"},"yoast_head":"<!-- This site is optimized with the Yoast SEO plugin v27.4 - https:\/\/yoast.com\/product\/yoast-seo-wordpress\/ -->\n<title>\u0152uvres pour Orgue de Nicolas de Grigny (Sans Tournes) - OrganScore<\/title>\n<meta name=\"description\" content=\"Edition grand format des \u0153uvres de Grigny sans tourne de page : &#039;LIVRE D&#039;ORGUE CONTENANT UNE MESSE ET CINQ HYMNES&#039;\" \/>\n<meta name=\"robots\" content=\"index, follow, max-snippet:-1, max-image-preview:large, max-video-preview:-1\" \/>\n<link rel=\"canonical\" href=\"https:\/\/www.organscore.com\/produit\/grigny-complete-organ-works\/\" \/>\n<meta property=\"og:locale\" content=\"fr_FR\" \/>\n<meta property=\"og:type\" content=\"article\" \/>\n<meta property=\"og:title\" content=\"\u0152uvres pour Orgue de Nicolas de Grigny (Sans Tournes) - OrganScore\" \/>\n<meta property=\"og:description\" content=\"Edition grand format des \u0153uvres de Grigny sans tourne de page : &#039;LIVRE D&#039;ORGUE CONTENANT UNE MESSE ET CINQ HYMNES&#039;\" \/>\n<meta property=\"og:url\" content=\"https:\/\/www.organscore.com\/produit\/grigny-complete-organ-works\/\" \/>\n<meta property=\"og:site_name\" content=\"OrganScore\" \/>\n<meta property=\"article:modified_time\" content=\"2022-06-15T18:49:11+00:00\" \/>\n<meta property=\"og:image\" content=\"https:\/\/www.organscore.com\/wp-content\/uploads\/2021\/06\/Covers_Page_26.jpg\" \/>\n\t<meta property=\"og:image:width\" content=\"1100\" \/>\n\t<meta property=\"og:image:height\" content=\"872\" \/>\n\t<meta property=\"og:image:type\" content=\"image\/jpeg\" \/>\n<meta name=\"twitter:card\" content=\"summary_large_image\" \/>\n<meta name=\"twitter:label1\" content=\"Dur\u00e9e de lecture estim\u00e9e\" \/>\n\t<meta name=\"twitter:data1\" content=\"3 minutes\" \/>\n<script type=\"application\/ld+json\" class=\"yoast-schema-graph\">{\"@context\":\"https:\\\/\\\/schema.org\",\"@graph\":[{\"@type\":\"WebPage\",\"@id\":\"https:\\\/\\\/www.organscore.com\\\/produit\\\/grigny-complete-organ-works\\\/\",\"url\":\"https:\\\/\\\/www.organscore.com\\\/produit\\\/grigny-complete-organ-works\\\/\",\"name\":\"\u0152uvres pour Orgue de Nicolas de Grigny (Sans Tournes) - OrganScore\",\"isPartOf\":{\"@id\":\"https:\\\/\\\/www.organscore.com\\\/#website\"},\"primaryImageOfPage\":{\"@id\":\"https:\\\/\\\/www.organscore.com\\\/produit\\\/grigny-complete-organ-works\\\/#primaryimage\"},\"image\":{\"@id\":\"https:\\\/\\\/www.organscore.com\\\/produit\\\/grigny-complete-organ-works\\\/#primaryimage\"},\"thumbnailUrl\":\"https:\\\/\\\/www.organscore.com\\\/wp-content\\\/uploads\\\/2021\\\/06\\\/Covers_Page_26.jpg\",\"datePublished\":\"2021-06-22T12:06:49+00:00\",\"dateModified\":\"2022-06-15T18:49:11+00:00\",\"description\":\"Edition grand format des \u0153uvres de Grigny sans tourne de page : 'LIVRE D'ORGUE CONTENANT UNE MESSE ET CINQ HYMNES'\",\"breadcrumb\":{\"@id\":\"https:\\\/\\\/www.organscore.com\\\/produit\\\/grigny-complete-organ-works\\\/#breadcrumb\"},\"inLanguage\":\"fr-FR\",\"potentialAction\":[{\"@type\":\"ReadAction\",\"target\":[\"https:\\\/\\\/www.organscore.com\\\/produit\\\/grigny-complete-organ-works\\\/\"]}]},{\"@type\":\"ImageObject\",\"inLanguage\":\"fr-FR\",\"@id\":\"https:\\\/\\\/www.organscore.com\\\/produit\\\/grigny-complete-organ-works\\\/#primaryimage\",\"url\":\"https:\\\/\\\/www.organscore.com\\\/wp-content\\\/uploads\\\/2021\\\/06\\\/Covers_Page_26.jpg\",\"contentUrl\":\"https:\\\/\\\/www.organscore.com\\\/wp-content\\\/uploads\\\/2021\\\/06\\\/Covers_Page_26.jpg\",\"width\":1100,\"height\":872,\"caption\":\"Grigny Organ Works\"},{\"@type\":\"BreadcrumbList\",\"@id\":\"https:\\\/\\\/www.organscore.com\\\/produit\\\/grigny-complete-organ-works\\\/#breadcrumb\",\"itemListElement\":[{\"@type\":\"ListItem\",\"position\":1,\"name\":\"Home\",\"item\":\"https:\\\/\\\/www.organscore.com\\\/fr\\\/\"},{\"@type\":\"ListItem\",\"position\":2,\"name\":\"Acheter\",\"item\":\"https:\\\/\\\/www.organscore.com\\\/fr\\\/boutique\\\/\"},{\"@type\":\"ListItem\",\"position\":3,\"name\":\"N. de Grigny : \u0152uvres Compl\u00e8tes pour Orgue\"}]},{\"@type\":\"WebSite\",\"@id\":\"https:\\\/\\\/www.organscore.com\\\/#website\",\"url\":\"https:\\\/\\\/www.organscore.com\\\/\",\"name\":\"OrganScore\",\"description\":\"The Practical Score for Organists\",\"publisher\":{\"@id\":\"https:\\\/\\\/www.organscore.com\\\/#organization\"},\"potentialAction\":[{\"@type\":\"SearchAction\",\"target\":{\"@type\":\"EntryPoint\",\"urlTemplate\":\"https:\\\/\\\/www.organscore.com\\\/?s={search_term_string}\"},\"query-input\":{\"@type\":\"PropertyValueSpecification\",\"valueRequired\":true,\"valueName\":\"search_term_string\"}}],\"inLanguage\":\"fr-FR\"},{\"@type\":\"Organization\",\"@id\":\"https:\\\/\\\/www.organscore.com\\\/#organization\",\"name\":\"OrganScore\",\"url\":\"https:\\\/\\\/www.organscore.com\\\/\",\"logo\":{\"@type\":\"ImageObject\",\"inLanguage\":\"fr-FR\",\"@id\":\"https:\\\/\\\/www.organscore.com\\\/#\\\/schema\\\/logo\\\/image\\\/\",\"url\":\"https:\\\/\\\/www.organscore.com\\\/wp-content\\\/uploads\\\/2018\\\/09\\\/organscore-logo-0153bf-h142px-shaded.png\",\"contentUrl\":\"https:\\\/\\\/www.organscore.com\\\/wp-content\\\/uploads\\\/2018\\\/09\\\/organscore-logo-0153bf-h142px-shaded.png\",\"width\":434,\"height\":142,\"caption\":\"OrganScore\"},\"image\":{\"@id\":\"https:\\\/\\\/www.organscore.com\\\/#\\\/schema\\\/logo\\\/image\\\/\"},\"sameAs\":[\"https:\\\/\\\/www.youtube.com\\\/user\\\/organopleno2000\"]}]}<\/script>\n<!-- \/ Yoast SEO plugin. -->","yoast_head_json":{"title":"\u0152uvres pour Orgue de Nicolas de Grigny (Sans Tournes) - OrganScore","description":"Edition grand format des \u0153uvres de Grigny sans tourne de page : 'LIVRE D'ORGUE CONTENANT UNE MESSE ET CINQ HYMNES'","robots":{"index":"index","follow":"follow","max-snippet":"max-snippet:-1","max-image-preview":"max-image-preview:large","max-video-preview":"max-video-preview:-1"},"canonical":"https:\/\/www.organscore.com\/produit\/grigny-complete-organ-works\/","og_locale":"fr_FR","og_type":"article","og_title":"\u0152uvres pour Orgue de Nicolas de Grigny (Sans Tournes) - OrganScore","og_description":"Edition grand format des \u0153uvres de Grigny sans tourne de page : 'LIVRE D'ORGUE CONTENANT UNE MESSE ET CINQ HYMNES'","og_url":"https:\/\/www.organscore.com\/produit\/grigny-complete-organ-works\/","og_site_name":"OrganScore","article_modified_time":"2022-06-15T18:49:11+00:00","og_image":[{"width":1100,"height":872,"url":"https:\/\/www.organscore.com\/wp-content\/uploads\/2021\/06\/Covers_Page_26.jpg","type":"image\/jpeg"}],"twitter_card":"summary_large_image","twitter_misc":{"Dur\u00e9e de lecture estim\u00e9e":"3 minutes"},"schema":{"@context":"https:\/\/schema.org","@graph":[{"@type":"WebPage","@id":"https:\/\/www.organscore.com\/produit\/grigny-complete-organ-works\/","url":"https:\/\/www.organscore.com\/produit\/grigny-complete-organ-works\/","name":"\u0152uvres pour Orgue de Nicolas de Grigny (Sans Tournes) - OrganScore","isPartOf":{"@id":"https:\/\/www.organscore.com\/#website"},"primaryImageOfPage":{"@id":"https:\/\/www.organscore.com\/produit\/grigny-complete-organ-works\/#primaryimage"},"image":{"@id":"https:\/\/www.organscore.com\/produit\/grigny-complete-organ-works\/#primaryimage"},"thumbnailUrl":"https:\/\/www.organscore.com\/wp-content\/uploads\/2021\/06\/Covers_Page_26.jpg","datePublished":"2021-06-22T12:06:49+00:00","dateModified":"2022-06-15T18:49:11+00:00","description":"Edition grand format des \u0153uvres de Grigny sans tourne de page : 'LIVRE D'ORGUE CONTENANT UNE MESSE ET CINQ HYMNES'","breadcrumb":{"@id":"https:\/\/www.organscore.com\/produit\/grigny-complete-organ-works\/#breadcrumb"},"inLanguage":"fr-FR","potentialAction":[{"@type":"ReadAction","target":["https:\/\/www.organscore.com\/produit\/grigny-complete-organ-works\/"]}]},{"@type":"ImageObject","inLanguage":"fr-FR","@id":"https:\/\/www.organscore.com\/produit\/grigny-complete-organ-works\/#primaryimage","url":"https:\/\/www.organscore.com\/wp-content\/uploads\/2021\/06\/Covers_Page_26.jpg","contentUrl":"https:\/\/www.organscore.com\/wp-content\/uploads\/2021\/06\/Covers_Page_26.jpg","width":1100,"height":872,"caption":"Grigny Organ Works"},{"@type":"BreadcrumbList","@id":"https:\/\/www.organscore.com\/produit\/grigny-complete-organ-works\/#breadcrumb","itemListElement":[{"@type":"ListItem","position":1,"name":"Home","item":"https:\/\/www.organscore.com\/fr\/"},{"@type":"ListItem","position":2,"name":"Acheter","item":"https:\/\/www.organscore.com\/fr\/boutique\/"},{"@type":"ListItem","position":3,"name":"N. de Grigny : \u0152uvres Compl\u00e8tes pour Orgue"}]},{"@type":"WebSite","@id":"https:\/\/www.organscore.com\/#website","url":"https:\/\/www.organscore.com\/","name":"OrganScore","description":"The Practical Score for Organists","publisher":{"@id":"https:\/\/www.organscore.com\/#organization"},"potentialAction":[{"@type":"SearchAction","target":{"@type":"EntryPoint","urlTemplate":"https:\/\/www.organscore.com\/?s={search_term_string}"},"query-input":{"@type":"PropertyValueSpecification","valueRequired":true,"valueName":"search_term_string"}}],"inLanguage":"fr-FR"},{"@type":"Organization","@id":"https:\/\/www.organscore.com\/#organization","name":"OrganScore","url":"https:\/\/www.organscore.com\/","logo":{"@type":"ImageObject","inLanguage":"fr-FR","@id":"https:\/\/www.organscore.com\/#\/schema\/logo\/image\/","url":"https:\/\/www.organscore.com\/wp-content\/uploads\/2018\/09\/organscore-logo-0153bf-h142px-shaded.png","contentUrl":"https:\/\/www.organscore.com\/wp-content\/uploads\/2018\/09\/organscore-logo-0153bf-h142px-shaded.png","width":434,"height":142,"caption":"OrganScore"},"image":{"@id":"https:\/\/www.organscore.com\/#\/schema\/logo\/image\/"},"sameAs":["https:\/\/www.youtube.com\/user\/organopleno2000"]}]}},"_links":{"self":[{"href":"https:\/\/www.organscore.com\/fr\/wp-json\/wp\/v2\/product\/4952","targetHints":{"allow":["GET"]}}],"collection":[{"href":"https:\/\/www.organscore.com\/fr\/wp-json\/wp\/v2\/product"}],"about":[{"href":"https:\/\/www.organscore.com\/fr\/wp-json\/wp\/v2\/types\/product"}],"wp:featuredmedia":[{"embeddable":true,"href":"https:\/\/www.organscore.com\/fr\/wp-json\/wp\/v2\/media\/4999"}],"wp:attachment":[{"href":"https:\/\/www.organscore.com\/fr\/wp-json\/wp\/v2\/media?parent=4952"}],"wp:term":[{"taxonomy":"product_brand","embeddable":true,"href":"https:\/\/www.organscore.com\/fr\/wp-json\/wp\/v2\/product_brand?post=4952"},{"taxonomy":"product_cat","embeddable":true,"href":"https:\/\/www.organscore.com\/fr\/wp-json\/wp\/v2\/product_cat?post=4952"},{"taxonomy":"product_tag","embeddable":true,"href":"https:\/\/www.organscore.com\/fr\/wp-json\/wp\/v2\/product_tag?post=4952"}],"curies":[{"name":"wp","href":"https:\/\/api.w.org\/{rel}","templated":true}]}}