{"id":4693,"date":"2020-05-19T23:00:47","date_gmt":"2020-05-19T21:00:47","guid":{"rendered":"https:\/\/www.organscore.com\/?post_type=product&#038;p=4693"},"modified":"2022-06-15T17:49:19","modified_gmt":"2022-06-15T15:49:19","slug":"c-saint-saens-oeuvres-compl-pour-orgue-vol-ii","status":"publish","type":"product","link":"https:\/\/www.organscore.com\/fr\/produit\/c-saint-saens-oeuvres-compl-pour-orgue-vol-ii\/","title":{"rendered":"C. Saint-Sa\u00ebns\u00a0: \u0152uvres Compl. pour Orgue, Vol II"},"content":{"rendered":"<p>Volume II des \u0153uvres compl\u00e8tes pour orgue de Camille Saint-Sa\u00ebns (voir <strong><a href=\"https:\/\/www.organscore.com\/fr\/c-saint-saens-edition-complete-organscore\/\">page principale Saint-Sa\u00ebns<\/a><\/strong>), comprenant:<\/p>\n<ul>\n<li>Les \u0153uvres pour orgue Op. 109 (3 Pr\u00e9ludes &amp; Fugues), 150 (7 Improvisations), 156 (Cypr\u00e8s), 157 (Fantaisie n\u00b0 3).<\/li>\n<li>Neuf transcriptions par des organistes contemporains de Saint-Sa\u00ebns (Alexandre Guilmant, 1837-1911, Emile Bernard, 1843-1902, L\u00e9on Bo\u00ebllmann, 1862-1897).<\/li>\n<\/ul>\n<p><strong>Contenu :<\/strong><br \/>\nTrois Pr\u00e9ludes &amp; fugues Op. 109 :<br \/>\n\u2013 Pr\u00e9lude &amp; Fugue n\u00b0 1 en r\u00e9 mineur<br \/>\n\u2013 Pr\u00e9lude &amp; Fugue n\u00b0 2 en sol majeur<br \/>\n\u2013 Pr\u00e9lude &amp; Fugue n\u00b0 3 en ut majeur<br \/>\nSept improvisations :<br \/>\n\u2013 Improvisation n\u00b0 1<br \/>\n\u2013 Improvisation n\u00b0 2<br \/>\n\u2013 Improvisation n\u00b0 3<br \/>\n\u2013 Improvisation n\u00b0 4<br \/>\n\u2013 Improvisation n\u00b0 5<br \/>\n\u2013 Improvisation n\u00b0 6<br \/>\n\u2013 Improvisation n\u00b0 7<br \/>\nCypr\u00e8s (\u00abCypr\u00e8s et Lauriers\u00bb, Op. 156)<br \/>\nFantaisie n\u00b0 3, Op. 157<br \/>\nTranscriptions :<br \/>\n\u2013 O Salutaris Hostia, (Messe, Op. 4) \u2013 4 port\u00e9es \u2013 par Saint-Sa\u00ebns<br \/>\n\u2013 O Salutaris Hostia, (Messe, Op. 4) \u2013 3 port\u00e9es \u2013 par Saint-Sa\u00ebns<br \/>\n\u2013 Marche H\u00e9ro\u00efque, Op. 34 \u2013 par A. Guilmant<br \/>\n\u2013 Adagio (Symphonie, Op. 78) \u2013 par E. Bernard<br \/>\n\u2013 R\u00eaverie (Suite Alg\u00e9rienne, Op. 60) \u2013 par A. Guilmant<br \/>\n\u2013 Hymne \u00e0 Victor Hugo, Op. 69 \u2013 par A. Guilmant<br \/>\n\u2013 Pr\u00e9lude (Le D\u00e9luge, Op. 45) \u2013 par A. Guilmant<br \/>\n\u2013 Berceuse, Op. 105 \u2013 par A. Guilmant<br \/>\n\u2013 Marche du Synode (Henri VIII, Op\u00e9ra) \u2013 par L. Bo\u00ebllmann<br \/>\n\u2013 Le cygne (Le Carnaval des Animaux) \u2013 par A. Guilmant<\/p>\n","protected":false},"excerpt":{"rendered":"<p>C. Saint-Sa\u00ebns: \u0152uvres compl. pour Orgue, Vol II<br \/><strong>Sans Probl\u00e8me de Tourne de Page<br \/><\/strong><em>(contenu jouable sans assistant tourneur de pages)<\/em><\/p>\n<p>OSC 025 &#8211; ISMN : 979-0-707109-25-0<br \/>37.5cm x 29.7cm (+reliure)<br \/>82 pages \u2014 120g\/m\u00b2<\/p>\n","protected":false},"featured_media":4696,"template":"","meta":{"_monsterinsights_skip_tracking":false,"_monsterinsights_sitenote_active":false,"_monsterinsights_sitenote_note":"","_monsterinsights_sitenote_category":0,"site-sidebar-layout":"default","site-content-layout":"default","ast-site-content-layout":"default","site-content-style":"default","site-sidebar-style":"default","ast-global-header-display":"","ast-banner-title-visibility":"","ast-main-header-display":"","ast-hfb-above-header-display":"","ast-hfb-below-header-display":"","ast-hfb-mobile-header-display":"","site-post-title":"","ast-breadcrumbs-content":"","ast-featured-img":"","footer-sml-layout":"","ast-disable-related-posts":"","theme-transparent-header-meta":"default","adv-header-id-meta":"","stick-header-meta":"default","header-above-stick-meta":"","header-main-stick-meta":"","header-below-stick-meta":"","astra-migrate-meta-layouts":"default","ast-page-background-enabled":"default","ast-page-background-meta":{"desktop":{"background-color":"","background-image":"","background-repeat":"repeat","background-position":"center center","background-size":"auto","background-attachment":"scroll","background-type":"","background-media":"","overlay-type":"","overlay-color":"","overlay-opacity":"","overlay-gradient":""},"tablet":{"background-color":"","background-image":"","background-repeat":"repeat","background-position":"center center","background-size":"auto","background-attachment":"scroll","background-type":"","background-media":"","overlay-type":"","overlay-color":"","overlay-opacity":"","overlay-gradient":""},"mobile":{"background-color":"","background-image":"","background-repeat":"repeat","background-position":"center center","background-size":"auto","background-attachment":"scroll","background-type":"","background-media":"","overlay-type":"","overlay-color":"","overlay-opacity":"","overlay-gradient":""}},"ast-content-background-meta":{"desktop":{"background-color":"var(--ast-global-color-5)","background-image":"","background-repeat":"repeat","background-position":"center center","background-size":"auto","background-attachment":"scroll","background-type":"","background-media":"","overlay-type":"","overlay-color":"","overlay-opacity":"","overlay-gradient":""},"tablet":{"background-color":"var(--ast-global-color-5)","background-image":"","background-repeat":"repeat","background-position":"center center","background-size":"auto","background-attachment":"scroll","background-type":"","background-media":"","overlay-type":"","overlay-color":"","overlay-opacity":"","overlay-gradient":""},"mobile":{"background-color":"var(--ast-global-color-5)","background-image":"","background-repeat":"repeat","background-position":"center center","background-size":"auto","background-attachment":"scroll","background-type":"","background-media":"","overlay-type":"","overlay-color":"","overlay-opacity":"","overlay-gradient":""}}},"product_brand":[],"product_cat":[51],"product_tag":[],"class_list":{"0":"post-4693","1":"product","2":"type-product","3":"status-publish","4":"has-post-thumbnail","6":"product_cat-partition-papier","7":"desktop-align-left","8":"tablet-align-left","9":"mobile-align-left","10":"ast-product-gallery-layout-horizontal-slider","11":"ast-product-tabs-layout-horizontal","13":"first","14":"instock","15":"shipping-taxable","16":"purchasable","17":"product-type-simple"},"yoast_head":"<!-- This site is optimized with the Yoast SEO plugin v27.5 - https:\/\/yoast.com\/product\/yoast-seo-wordpress\/ -->\n<title>Saint-Sa\u00ebns \u0153uvres compl\u00e8tes pour orgue, Vol II - OrganScore<\/title>\n<meta name=\"description\" content=\"Saint-Sa\u00ebns \u0153uvres compl\u00e8tes pour orgue \u00e9vitant les tournes de pages, \u00e9dit\u00e9es par Renaud Vergnet - Volume II (Op. 109, 150, 156, 157, Transcriptions)\" \/>\n<meta name=\"robots\" content=\"index, follow, max-snippet:-1, max-image-preview:large, max-video-preview:-1\" \/>\n<link rel=\"canonical\" href=\"https:\/\/www.organscore.com\/produit\/c-saint-saens-complete-organ-works-vol-ii\/\" \/>\n<meta property=\"og:locale\" content=\"fr_FR\" \/>\n<meta property=\"og:type\" content=\"article\" \/>\n<meta property=\"og:title\" content=\"Saint-Sa\u00ebns \u0153uvres compl\u00e8tes pour orgue, Vol II - OrganScore\" \/>\n<meta property=\"og:description\" content=\"Saint-Sa\u00ebns \u0153uvres compl\u00e8tes pour orgue \u00e9vitant les tournes de pages, \u00e9dit\u00e9es par Renaud Vergnet - Volume II (Op. 109, 150, 156, 157, Transcriptions)\" \/>\n<meta property=\"og:url\" content=\"https:\/\/www.organscore.com\/produit\/c-saint-saens-complete-organ-works-vol-ii\/\" \/>\n<meta property=\"og:site_name\" content=\"OrganScore\" \/>\n<meta property=\"article:modified_time\" content=\"2022-06-15T15:49:19+00:00\" \/>\n<meta property=\"og:image\" content=\"https:\/\/www.organscore.com\/wp-content\/uploads\/2020\/05\/Covers_Page_25.jpg\" \/>\n\t<meta property=\"og:image:width\" content=\"1100\" \/>\n\t<meta property=\"og:image:height\" content=\"872\" \/>\n\t<meta property=\"og:image:type\" content=\"image\/jpeg\" \/>\n<meta name=\"twitter:card\" content=\"summary_large_image\" \/>\n<meta name=\"twitter:label1\" content=\"Dur\u00e9e de lecture estim\u00e9e\" \/>\n\t<meta name=\"twitter:data1\" content=\"1 minute\" \/>\n<script type=\"application\/ld+json\" class=\"yoast-schema-graph\">{\"@context\":\"https:\\\/\\\/schema.org\",\"@graph\":[{\"@type\":\"WebPage\",\"@id\":\"https:\\\/\\\/www.organscore.com\\\/produit\\\/c-saint-saens-complete-organ-works-vol-ii\\\/\",\"url\":\"https:\\\/\\\/www.organscore.com\\\/produit\\\/c-saint-saens-complete-organ-works-vol-ii\\\/\",\"name\":\"Saint-Sa\u00ebns \u0153uvres compl\u00e8tes pour orgue, Vol II - OrganScore\",\"isPartOf\":{\"@id\":\"https:\\\/\\\/www.organscore.com\\\/#website\"},\"primaryImageOfPage\":{\"@id\":\"https:\\\/\\\/www.organscore.com\\\/produit\\\/c-saint-saens-complete-organ-works-vol-ii\\\/#primaryimage\"},\"image\":{\"@id\":\"https:\\\/\\\/www.organscore.com\\\/produit\\\/c-saint-saens-complete-organ-works-vol-ii\\\/#primaryimage\"},\"thumbnailUrl\":\"https:\\\/\\\/www.organscore.com\\\/wp-content\\\/uploads\\\/2020\\\/05\\\/Covers_Page_25.jpg\",\"datePublished\":\"2020-05-19T21:00:47+00:00\",\"dateModified\":\"2022-06-15T15:49:19+00:00\",\"description\":\"Saint-Sa\u00ebns \u0153uvres compl\u00e8tes pour orgue \u00e9vitant les tournes de pages, \u00e9dit\u00e9es par Renaud Vergnet - Volume II (Op. 109, 150, 156, 157, Transcriptions)\",\"breadcrumb\":{\"@id\":\"https:\\\/\\\/www.organscore.com\\\/produit\\\/c-saint-saens-complete-organ-works-vol-ii\\\/#breadcrumb\"},\"inLanguage\":\"fr-FR\",\"potentialAction\":[{\"@type\":\"ReadAction\",\"target\":[\"https:\\\/\\\/www.organscore.com\\\/produit\\\/c-saint-saens-complete-organ-works-vol-ii\\\/\"]}]},{\"@type\":\"ImageObject\",\"inLanguage\":\"fr-FR\",\"@id\":\"https:\\\/\\\/www.organscore.com\\\/produit\\\/c-saint-saens-complete-organ-works-vol-ii\\\/#primaryimage\",\"url\":\"https:\\\/\\\/www.organscore.com\\\/wp-content\\\/uploads\\\/2020\\\/05\\\/Covers_Page_25.jpg\",\"contentUrl\":\"https:\\\/\\\/www.organscore.com\\\/wp-content\\\/uploads\\\/2020\\\/05\\\/Covers_Page_25.jpg\",\"width\":1100,\"height\":872,\"caption\":\"Saint-Sa\u00ebns \u0152uvres pour Orgue, Volume II Couverture\"},{\"@type\":\"BreadcrumbList\",\"@id\":\"https:\\\/\\\/www.organscore.com\\\/produit\\\/c-saint-saens-complete-organ-works-vol-ii\\\/#breadcrumb\",\"itemListElement\":[{\"@type\":\"ListItem\",\"position\":1,\"name\":\"Home\",\"item\":\"https:\\\/\\\/www.organscore.com\\\/fr\\\/\"},{\"@type\":\"ListItem\",\"position\":2,\"name\":\"Acheter\",\"item\":\"https:\\\/\\\/www.organscore.com\\\/fr\\\/boutique\\\/\"},{\"@type\":\"ListItem\",\"position\":3,\"name\":\"C. Saint-Sa\u00ebns\u00a0: \u0152uvres Compl. pour Orgue, Vol II\"}]},{\"@type\":\"WebSite\",\"@id\":\"https:\\\/\\\/www.organscore.com\\\/#website\",\"url\":\"https:\\\/\\\/www.organscore.com\\\/\",\"name\":\"OrganScore\",\"description\":\"The Practical Score for Organists\",\"publisher\":{\"@id\":\"https:\\\/\\\/www.organscore.com\\\/#organization\"},\"potentialAction\":[{\"@type\":\"SearchAction\",\"target\":{\"@type\":\"EntryPoint\",\"urlTemplate\":\"https:\\\/\\\/www.organscore.com\\\/?s={search_term_string}\"},\"query-input\":{\"@type\":\"PropertyValueSpecification\",\"valueRequired\":true,\"valueName\":\"search_term_string\"}}],\"inLanguage\":\"fr-FR\"},{\"@type\":\"Organization\",\"@id\":\"https:\\\/\\\/www.organscore.com\\\/#organization\",\"name\":\"OrganScore\",\"url\":\"https:\\\/\\\/www.organscore.com\\\/\",\"logo\":{\"@type\":\"ImageObject\",\"inLanguage\":\"fr-FR\",\"@id\":\"https:\\\/\\\/www.organscore.com\\\/#\\\/schema\\\/logo\\\/image\\\/\",\"url\":\"https:\\\/\\\/www.organscore.com\\\/wp-content\\\/uploads\\\/2018\\\/09\\\/organscore-logo-0153bf-h142px-shaded.png\",\"contentUrl\":\"https:\\\/\\\/www.organscore.com\\\/wp-content\\\/uploads\\\/2018\\\/09\\\/organscore-logo-0153bf-h142px-shaded.png\",\"width\":434,\"height\":142,\"caption\":\"OrganScore\"},\"image\":{\"@id\":\"https:\\\/\\\/www.organscore.com\\\/#\\\/schema\\\/logo\\\/image\\\/\"},\"sameAs\":[\"https:\\\/\\\/www.youtube.com\\\/user\\\/organopleno2000\"]}]}<\/script>\n<!-- \/ Yoast SEO plugin. -->","yoast_head_json":{"title":"Saint-Sa\u00ebns \u0153uvres compl\u00e8tes pour orgue, Vol II - OrganScore","description":"Saint-Sa\u00ebns \u0153uvres compl\u00e8tes pour orgue \u00e9vitant les tournes de pages, \u00e9dit\u00e9es par Renaud Vergnet - Volume II (Op. 109, 150, 156, 157, Transcriptions)","robots":{"index":"index","follow":"follow","max-snippet":"max-snippet:-1","max-image-preview":"max-image-preview:large","max-video-preview":"max-video-preview:-1"},"canonical":"https:\/\/www.organscore.com\/produit\/c-saint-saens-complete-organ-works-vol-ii\/","og_locale":"fr_FR","og_type":"article","og_title":"Saint-Sa\u00ebns \u0153uvres compl\u00e8tes pour orgue, Vol II - OrganScore","og_description":"Saint-Sa\u00ebns \u0153uvres compl\u00e8tes pour orgue \u00e9vitant les tournes de pages, \u00e9dit\u00e9es par Renaud Vergnet - Volume II (Op. 109, 150, 156, 157, Transcriptions)","og_url":"https:\/\/www.organscore.com\/produit\/c-saint-saens-complete-organ-works-vol-ii\/","og_site_name":"OrganScore","article_modified_time":"2022-06-15T15:49:19+00:00","og_image":[{"width":1100,"height":872,"url":"https:\/\/www.organscore.com\/wp-content\/uploads\/2020\/05\/Covers_Page_25.jpg","type":"image\/jpeg"}],"twitter_card":"summary_large_image","twitter_misc":{"Dur\u00e9e de lecture estim\u00e9e":"1 minute"},"schema":{"@context":"https:\/\/schema.org","@graph":[{"@type":"WebPage","@id":"https:\/\/www.organscore.com\/produit\/c-saint-saens-complete-organ-works-vol-ii\/","url":"https:\/\/www.organscore.com\/produit\/c-saint-saens-complete-organ-works-vol-ii\/","name":"Saint-Sa\u00ebns \u0153uvres compl\u00e8tes pour orgue, Vol II - OrganScore","isPartOf":{"@id":"https:\/\/www.organscore.com\/#website"},"primaryImageOfPage":{"@id":"https:\/\/www.organscore.com\/produit\/c-saint-saens-complete-organ-works-vol-ii\/#primaryimage"},"image":{"@id":"https:\/\/www.organscore.com\/produit\/c-saint-saens-complete-organ-works-vol-ii\/#primaryimage"},"thumbnailUrl":"https:\/\/www.organscore.com\/wp-content\/uploads\/2020\/05\/Covers_Page_25.jpg","datePublished":"2020-05-19T21:00:47+00:00","dateModified":"2022-06-15T15:49:19+00:00","description":"Saint-Sa\u00ebns \u0153uvres compl\u00e8tes pour orgue \u00e9vitant les tournes de pages, \u00e9dit\u00e9es par Renaud Vergnet - Volume II (Op. 109, 150, 156, 157, Transcriptions)","breadcrumb":{"@id":"https:\/\/www.organscore.com\/produit\/c-saint-saens-complete-organ-works-vol-ii\/#breadcrumb"},"inLanguage":"fr-FR","potentialAction":[{"@type":"ReadAction","target":["https:\/\/www.organscore.com\/produit\/c-saint-saens-complete-organ-works-vol-ii\/"]}]},{"@type":"ImageObject","inLanguage":"fr-FR","@id":"https:\/\/www.organscore.com\/produit\/c-saint-saens-complete-organ-works-vol-ii\/#primaryimage","url":"https:\/\/www.organscore.com\/wp-content\/uploads\/2020\/05\/Covers_Page_25.jpg","contentUrl":"https:\/\/www.organscore.com\/wp-content\/uploads\/2020\/05\/Covers_Page_25.jpg","width":1100,"height":872,"caption":"Saint-Sa\u00ebns \u0152uvres pour Orgue, Volume II Couverture"},{"@type":"BreadcrumbList","@id":"https:\/\/www.organscore.com\/produit\/c-saint-saens-complete-organ-works-vol-ii\/#breadcrumb","itemListElement":[{"@type":"ListItem","position":1,"name":"Home","item":"https:\/\/www.organscore.com\/fr\/"},{"@type":"ListItem","position":2,"name":"Acheter","item":"https:\/\/www.organscore.com\/fr\/boutique\/"},{"@type":"ListItem","position":3,"name":"C. Saint-Sa\u00ebns\u00a0: \u0152uvres Compl. pour Orgue, Vol II"}]},{"@type":"WebSite","@id":"https:\/\/www.organscore.com\/#website","url":"https:\/\/www.organscore.com\/","name":"OrganScore","description":"The Practical Score for Organists","publisher":{"@id":"https:\/\/www.organscore.com\/#organization"},"potentialAction":[{"@type":"SearchAction","target":{"@type":"EntryPoint","urlTemplate":"https:\/\/www.organscore.com\/?s={search_term_string}"},"query-input":{"@type":"PropertyValueSpecification","valueRequired":true,"valueName":"search_term_string"}}],"inLanguage":"fr-FR"},{"@type":"Organization","@id":"https:\/\/www.organscore.com\/#organization","name":"OrganScore","url":"https:\/\/www.organscore.com\/","logo":{"@type":"ImageObject","inLanguage":"fr-FR","@id":"https:\/\/www.organscore.com\/#\/schema\/logo\/image\/","url":"https:\/\/www.organscore.com\/wp-content\/uploads\/2018\/09\/organscore-logo-0153bf-h142px-shaded.png","contentUrl":"https:\/\/www.organscore.com\/wp-content\/uploads\/2018\/09\/organscore-logo-0153bf-h142px-shaded.png","width":434,"height":142,"caption":"OrganScore"},"image":{"@id":"https:\/\/www.organscore.com\/#\/schema\/logo\/image\/"},"sameAs":["https:\/\/www.youtube.com\/user\/organopleno2000"]}]}},"_links":{"self":[{"href":"https:\/\/www.organscore.com\/fr\/wp-json\/wp\/v2\/product\/4693","targetHints":{"allow":["GET"]}}],"collection":[{"href":"https:\/\/www.organscore.com\/fr\/wp-json\/wp\/v2\/product"}],"about":[{"href":"https:\/\/www.organscore.com\/fr\/wp-json\/wp\/v2\/types\/product"}],"wp:featuredmedia":[{"embeddable":true,"href":"https:\/\/www.organscore.com\/fr\/wp-json\/wp\/v2\/media\/4696"}],"wp:attachment":[{"href":"https:\/\/www.organscore.com\/fr\/wp-json\/wp\/v2\/media?parent=4693"}],"wp:term":[{"taxonomy":"product_brand","embeddable":true,"href":"https:\/\/www.organscore.com\/fr\/wp-json\/wp\/v2\/product_brand?post=4693"},{"taxonomy":"product_cat","embeddable":true,"href":"https:\/\/www.organscore.com\/fr\/wp-json\/wp\/v2\/product_cat?post=4693"},{"taxonomy":"product_tag","embeddable":true,"href":"https:\/\/www.organscore.com\/fr\/wp-json\/wp\/v2\/product_tag?post=4693"}],"curies":[{"name":"wp","href":"https:\/\/api.w.org\/{rel}","templated":true}]}}