{"id":4626,"date":"2020-05-17T14:25:08","date_gmt":"2020-05-17T12:25:08","guid":{"rendered":"https:\/\/www.organscore.com\/?post_type=product&#038;p=4626"},"modified":"2022-06-15T17:48:24","modified_gmt":"2022-06-15T15:48:24","slug":"c-saint-saens-oeuvres-compl-pour-orgue-vol-i","status":"publish","type":"product","link":"https:\/\/www.organscore.com\/fr\/produit\/c-saint-saens-oeuvres-compl-pour-orgue-vol-i\/","title":{"rendered":"C. Saint-Sa\u00ebns\u00a0: \u0152uvres Compl. pour Orgue, Vol I"},"content":{"rendered":"<p>Volume I de l&rsquo;\u0153uvre compl\u00e8te pour orgue de Camille Saint-Sa\u00ebns (voir <strong><a href=\"https:\/\/www.organscore.com\/fr\/c-saint-saens-edition-complete-organscore\/\">page principale Saint-Sa\u00ebns<\/a><\/strong>), contenant les \u0153uvres comprises entre l&rsquo;op. 1 et Op. 107, ainsi que des pi\u00e8ces sans num\u00e9ro d&rsquo;opus. Sont \u00e9galement inclus dans ce volume les \u0153uvres pour \u00abharmonium\u00bb (orgue \u00e0 anches). Certaines d&rsquo;entre elles ont des indications de registration sous forme de codes (num\u00e9ros) sp\u00e9cifiques aux jeux de l&rsquo;harmonium fran\u00e7ais classique. Le volume contient une page d&rsquo;explication sur ces codes.<\/p>\n<p><strong>Contenu <em>:<\/em><\/strong><br \/>\nPr\u00e9lude en ut majeur<br \/>\nPr\u00e9lude en fa majeur<br \/>\nDeux versets<br \/>\nOffertoire en mi majeur<br \/>\nNeuf Pi\u00e8ces pour Orgue ou Harmonium :<br \/>\n\u2013 I. Marche-Cort\u00e8ge<br \/>\n\u2013 II. Interlude fugu\u00e9<br \/>\n\u2013 III. Offertoire<br \/>\n\u2013 IV. Procession<br \/>\n\u2013 V. El\u00e9vation<br \/>\n\u2013 VI. Offertoire[Sarabande]<br \/>\n\u2013 VII. Ave verum<br \/>\n\u2013 VIII.Offertoire<br \/>\n\u2013 IX. El\u00e9vation<br \/>\nTrois Pi\u00e8ces pour harmonium, Op. 1 :<br \/>\n\u2013 I. M\u00e9ditation<br \/>\n\u2013 II. Barcarolle<br \/>\n\u2013 III. El\u00e9vation<br \/>\nFantaisie n\u00b0 1<br \/>\nTrois rhapsodies sur des cantiques bretons, Op.7 :<br \/>\n\u2013 Rhapsodie n\u00b0 1<br \/>\n\u2013 Rhapsodie n\u00b0 2<br \/>\n\u2013 Rhapsodie n\u00b0 3<br \/>\nB\u00e9n\u00e9diction nuptiale, Op. 9<br \/>\nEl\u00e9vation ou Communion, Op. 13<br \/>\nTrois Pr\u00e9ludes et Fugues, Op.99 :<br \/>\n\u2013 Pr\u00e9lude &amp; Fugue n\u00b0 1 en mi majeur<br \/>\n\u2013 Pr\u00e9lude &amp; Fugue n\u00b0 2 en si majeur<br \/>\n\u2013 Pr\u00e9lude &amp; Fugue n\u00b0 3 en mi-b majeur<br \/>\nFantaisie n\u00b0 2, Op. 101<br \/>\nMarche religieuse, Op. 107<\/p>\n","protected":false},"excerpt":{"rendered":"<p>D. Buxtehude\u00a0: \u0152uvres Compl. pour Orgue, Vol I<br \/>\n<strong>Sans Probl\u00e8me de Tourne de Page<br \/>\n<\/strong><em>(contenu jouable sans assistant tourneur de pages)<\/em><\/p>\n<p>19 \u00abPraeludiums\u00bb<\/p>\n<p>OSC 024 &#8211; ISMN : 979-0-707109-24-3<br \/>\n37.5cm x 29.7cm (+spirale)<br \/>\n82 pages \u2014 120g\/m\u00b2<\/p>\n","protected":false},"featured_media":4691,"template":"","meta":{"_monsterinsights_skip_tracking":false,"_monsterinsights_sitenote_active":false,"_monsterinsights_sitenote_note":"","_monsterinsights_sitenote_category":0,"site-sidebar-layout":"default","site-content-layout":"default","ast-site-content-layout":"default","site-content-style":"default","site-sidebar-style":"default","ast-global-header-display":"","ast-banner-title-visibility":"","ast-main-header-display":"","ast-hfb-above-header-display":"","ast-hfb-below-header-display":"","ast-hfb-mobile-header-display":"","site-post-title":"","ast-breadcrumbs-content":"","ast-featured-img":"","footer-sml-layout":"","ast-disable-related-posts":"","theme-transparent-header-meta":"default","adv-header-id-meta":"","stick-header-meta":"default","header-above-stick-meta":"","header-main-stick-meta":"","header-below-stick-meta":"","astra-migrate-meta-layouts":"default","ast-page-background-enabled":"default","ast-page-background-meta":{"desktop":{"background-color":"","background-image":"","background-repeat":"repeat","background-position":"center center","background-size":"auto","background-attachment":"scroll","background-type":"","background-media":"","overlay-type":"","overlay-color":"","overlay-opacity":"","overlay-gradient":""},"tablet":{"background-color":"","background-image":"","background-repeat":"repeat","background-position":"center center","background-size":"auto","background-attachment":"scroll","background-type":"","background-media":"","overlay-type":"","overlay-color":"","overlay-opacity":"","overlay-gradient":""},"mobile":{"background-color":"","background-image":"","background-repeat":"repeat","background-position":"center center","background-size":"auto","background-attachment":"scroll","background-type":"","background-media":"","overlay-type":"","overlay-color":"","overlay-opacity":"","overlay-gradient":""}},"ast-content-background-meta":{"desktop":{"background-color":"var(--ast-global-color-5)","background-image":"","background-repeat":"repeat","background-position":"center center","background-size":"auto","background-attachment":"scroll","background-type":"","background-media":"","overlay-type":"","overlay-color":"","overlay-opacity":"","overlay-gradient":""},"tablet":{"background-color":"var(--ast-global-color-5)","background-image":"","background-repeat":"repeat","background-position":"center center","background-size":"auto","background-attachment":"scroll","background-type":"","background-media":"","overlay-type":"","overlay-color":"","overlay-opacity":"","overlay-gradient":""},"mobile":{"background-color":"var(--ast-global-color-5)","background-image":"","background-repeat":"repeat","background-position":"center center","background-size":"auto","background-attachment":"scroll","background-type":"","background-media":"","overlay-type":"","overlay-color":"","overlay-opacity":"","overlay-gradient":""}}},"product_brand":[],"product_cat":[51],"product_tag":[],"class_list":{"0":"post-4626","1":"product","2":"type-product","3":"status-publish","4":"has-post-thumbnail","6":"product_cat-partition-papier","7":"desktop-align-left","8":"tablet-align-left","9":"mobile-align-left","10":"ast-product-gallery-layout-horizontal-slider","11":"ast-product-tabs-layout-horizontal","13":"first","14":"instock","15":"shipping-taxable","16":"purchasable","17":"product-type-simple"},"yoast_head":"<!-- This site is optimized with the Yoast SEO plugin v27.4 - https:\/\/yoast.com\/product\/yoast-seo-wordpress\/ -->\n<title>Saint-Sa\u00ebns oeuvres compl\u00e8tes pour orgue, Vol I - OrganScore<\/title>\n<meta name=\"description\" content=\"Saint-Sa\u00ebns oeuvres compl\u00e8tes pour orgue \u00e9vitant les tournes de pages, \u00e9dit\u00e9es par Renaud Vergnet - Volume I\u00a0: Praeludiums, Toccatas, BuxWV 136-154)\" \/>\n<meta name=\"robots\" content=\"index, follow, max-snippet:-1, max-image-preview:large, max-video-preview:-1\" \/>\n<link rel=\"canonical\" href=\"https:\/\/www.organscore.com\/produit\/c-saint-saens-complete-organ-works-vol-i\/\" \/>\n<meta property=\"og:locale\" content=\"fr_FR\" \/>\n<meta property=\"og:type\" content=\"article\" \/>\n<meta property=\"og:title\" content=\"Saint-Sa\u00ebns oeuvres compl\u00e8tes pour orgue, Vol I - OrganScore\" \/>\n<meta property=\"og:description\" content=\"Saint-Sa\u00ebns oeuvres compl\u00e8tes pour orgue \u00e9vitant les tournes de pages, \u00e9dit\u00e9es par Renaud Vergnet - Volume I\u00a0: Praeludiums, Toccatas, BuxWV 136-154)\" \/>\n<meta property=\"og:url\" content=\"https:\/\/www.organscore.com\/produit\/c-saint-saens-complete-organ-works-vol-i\/\" \/>\n<meta property=\"og:site_name\" content=\"OrganScore\" \/>\n<meta property=\"article:modified_time\" content=\"2022-06-15T15:48:24+00:00\" \/>\n<meta property=\"og:image\" content=\"https:\/\/www.organscore.com\/wp-content\/uploads\/2020\/05\/Covers_Page_24.jpg\" \/>\n\t<meta property=\"og:image:width\" content=\"1100\" \/>\n\t<meta property=\"og:image:height\" content=\"872\" \/>\n\t<meta property=\"og:image:type\" content=\"image\/jpeg\" \/>\n<meta name=\"twitter:card\" content=\"summary_large_image\" \/>\n<meta name=\"twitter:label1\" content=\"Dur\u00e9e de lecture estim\u00e9e\" \/>\n\t<meta name=\"twitter:data1\" content=\"1 minute\" \/>\n<script type=\"application\/ld+json\" class=\"yoast-schema-graph\">{\"@context\":\"https:\\\/\\\/schema.org\",\"@graph\":[{\"@type\":\"WebPage\",\"@id\":\"https:\\\/\\\/www.organscore.com\\\/produit\\\/c-saint-saens-complete-organ-works-vol-i\\\/\",\"url\":\"https:\\\/\\\/www.organscore.com\\\/produit\\\/c-saint-saens-complete-organ-works-vol-i\\\/\",\"name\":\"Saint-Sa\u00ebns oeuvres compl\u00e8tes pour orgue, Vol I - OrganScore\",\"isPartOf\":{\"@id\":\"https:\\\/\\\/www.organscore.com\\\/#website\"},\"primaryImageOfPage\":{\"@id\":\"https:\\\/\\\/www.organscore.com\\\/produit\\\/c-saint-saens-complete-organ-works-vol-i\\\/#primaryimage\"},\"image\":{\"@id\":\"https:\\\/\\\/www.organscore.com\\\/produit\\\/c-saint-saens-complete-organ-works-vol-i\\\/#primaryimage\"},\"thumbnailUrl\":\"https:\\\/\\\/www.organscore.com\\\/wp-content\\\/uploads\\\/2020\\\/05\\\/Covers_Page_24.jpg\",\"datePublished\":\"2020-05-17T12:25:08+00:00\",\"dateModified\":\"2022-06-15T15:48:24+00:00\",\"description\":\"Saint-Sa\u00ebns oeuvres compl\u00e8tes pour orgue \u00e9vitant les tournes de pages, \u00e9dit\u00e9es par Renaud Vergnet - Volume I\u00a0: Praeludiums, Toccatas, BuxWV 136-154)\",\"breadcrumb\":{\"@id\":\"https:\\\/\\\/www.organscore.com\\\/produit\\\/c-saint-saens-complete-organ-works-vol-i\\\/#breadcrumb\"},\"inLanguage\":\"fr-FR\",\"potentialAction\":[{\"@type\":\"ReadAction\",\"target\":[\"https:\\\/\\\/www.organscore.com\\\/produit\\\/c-saint-saens-complete-organ-works-vol-i\\\/\"]}]},{\"@type\":\"ImageObject\",\"inLanguage\":\"fr-FR\",\"@id\":\"https:\\\/\\\/www.organscore.com\\\/produit\\\/c-saint-saens-complete-organ-works-vol-i\\\/#primaryimage\",\"url\":\"https:\\\/\\\/www.organscore.com\\\/wp-content\\\/uploads\\\/2020\\\/05\\\/Covers_Page_24.jpg\",\"contentUrl\":\"https:\\\/\\\/www.organscore.com\\\/wp-content\\\/uploads\\\/2020\\\/05\\\/Covers_Page_24.jpg\",\"width\":1100,\"height\":872,\"caption\":\"Saint-Sa\u00ebns \u0152uvres Compl\u00e8tes pour Orgue Volume I, Couverture\"},{\"@type\":\"BreadcrumbList\",\"@id\":\"https:\\\/\\\/www.organscore.com\\\/produit\\\/c-saint-saens-complete-organ-works-vol-i\\\/#breadcrumb\",\"itemListElement\":[{\"@type\":\"ListItem\",\"position\":1,\"name\":\"Home\",\"item\":\"https:\\\/\\\/www.organscore.com\\\/fr\\\/\"},{\"@type\":\"ListItem\",\"position\":2,\"name\":\"Acheter\",\"item\":\"https:\\\/\\\/www.organscore.com\\\/fr\\\/boutique\\\/\"},{\"@type\":\"ListItem\",\"position\":3,\"name\":\"C. Saint-Sa\u00ebns\u00a0: \u0152uvres Compl. pour Orgue, Vol I\"}]},{\"@type\":\"WebSite\",\"@id\":\"https:\\\/\\\/www.organscore.com\\\/#website\",\"url\":\"https:\\\/\\\/www.organscore.com\\\/\",\"name\":\"OrganScore\",\"description\":\"The Practical Score for Organists\",\"publisher\":{\"@id\":\"https:\\\/\\\/www.organscore.com\\\/#organization\"},\"potentialAction\":[{\"@type\":\"SearchAction\",\"target\":{\"@type\":\"EntryPoint\",\"urlTemplate\":\"https:\\\/\\\/www.organscore.com\\\/?s={search_term_string}\"},\"query-input\":{\"@type\":\"PropertyValueSpecification\",\"valueRequired\":true,\"valueName\":\"search_term_string\"}}],\"inLanguage\":\"fr-FR\"},{\"@type\":\"Organization\",\"@id\":\"https:\\\/\\\/www.organscore.com\\\/#organization\",\"name\":\"OrganScore\",\"url\":\"https:\\\/\\\/www.organscore.com\\\/\",\"logo\":{\"@type\":\"ImageObject\",\"inLanguage\":\"fr-FR\",\"@id\":\"https:\\\/\\\/www.organscore.com\\\/#\\\/schema\\\/logo\\\/image\\\/\",\"url\":\"https:\\\/\\\/www.organscore.com\\\/wp-content\\\/uploads\\\/2018\\\/09\\\/organscore-logo-0153bf-h142px-shaded.png\",\"contentUrl\":\"https:\\\/\\\/www.organscore.com\\\/wp-content\\\/uploads\\\/2018\\\/09\\\/organscore-logo-0153bf-h142px-shaded.png\",\"width\":434,\"height\":142,\"caption\":\"OrganScore\"},\"image\":{\"@id\":\"https:\\\/\\\/www.organscore.com\\\/#\\\/schema\\\/logo\\\/image\\\/\"},\"sameAs\":[\"https:\\\/\\\/www.youtube.com\\\/user\\\/organopleno2000\"]}]}<\/script>\n<!-- \/ Yoast SEO plugin. -->","yoast_head_json":{"title":"Saint-Sa\u00ebns oeuvres compl\u00e8tes pour orgue, Vol I - OrganScore","description":"Saint-Sa\u00ebns oeuvres compl\u00e8tes pour orgue \u00e9vitant les tournes de pages, \u00e9dit\u00e9es par Renaud Vergnet - Volume I\u00a0: Praeludiums, Toccatas, BuxWV 136-154)","robots":{"index":"index","follow":"follow","max-snippet":"max-snippet:-1","max-image-preview":"max-image-preview:large","max-video-preview":"max-video-preview:-1"},"canonical":"https:\/\/www.organscore.com\/produit\/c-saint-saens-complete-organ-works-vol-i\/","og_locale":"fr_FR","og_type":"article","og_title":"Saint-Sa\u00ebns oeuvres compl\u00e8tes pour orgue, Vol I - OrganScore","og_description":"Saint-Sa\u00ebns oeuvres compl\u00e8tes pour orgue \u00e9vitant les tournes de pages, \u00e9dit\u00e9es par Renaud Vergnet - Volume I\u00a0: Praeludiums, Toccatas, BuxWV 136-154)","og_url":"https:\/\/www.organscore.com\/produit\/c-saint-saens-complete-organ-works-vol-i\/","og_site_name":"OrganScore","article_modified_time":"2022-06-15T15:48:24+00:00","og_image":[{"width":1100,"height":872,"url":"https:\/\/www.organscore.com\/wp-content\/uploads\/2020\/05\/Covers_Page_24.jpg","type":"image\/jpeg"}],"twitter_card":"summary_large_image","twitter_misc":{"Dur\u00e9e de lecture estim\u00e9e":"1 minute"},"schema":{"@context":"https:\/\/schema.org","@graph":[{"@type":"WebPage","@id":"https:\/\/www.organscore.com\/produit\/c-saint-saens-complete-organ-works-vol-i\/","url":"https:\/\/www.organscore.com\/produit\/c-saint-saens-complete-organ-works-vol-i\/","name":"Saint-Sa\u00ebns oeuvres compl\u00e8tes pour orgue, Vol I - OrganScore","isPartOf":{"@id":"https:\/\/www.organscore.com\/#website"},"primaryImageOfPage":{"@id":"https:\/\/www.organscore.com\/produit\/c-saint-saens-complete-organ-works-vol-i\/#primaryimage"},"image":{"@id":"https:\/\/www.organscore.com\/produit\/c-saint-saens-complete-organ-works-vol-i\/#primaryimage"},"thumbnailUrl":"https:\/\/www.organscore.com\/wp-content\/uploads\/2020\/05\/Covers_Page_24.jpg","datePublished":"2020-05-17T12:25:08+00:00","dateModified":"2022-06-15T15:48:24+00:00","description":"Saint-Sa\u00ebns oeuvres compl\u00e8tes pour orgue \u00e9vitant les tournes de pages, \u00e9dit\u00e9es par Renaud Vergnet - Volume I\u00a0: Praeludiums, Toccatas, BuxWV 136-154)","breadcrumb":{"@id":"https:\/\/www.organscore.com\/produit\/c-saint-saens-complete-organ-works-vol-i\/#breadcrumb"},"inLanguage":"fr-FR","potentialAction":[{"@type":"ReadAction","target":["https:\/\/www.organscore.com\/produit\/c-saint-saens-complete-organ-works-vol-i\/"]}]},{"@type":"ImageObject","inLanguage":"fr-FR","@id":"https:\/\/www.organscore.com\/produit\/c-saint-saens-complete-organ-works-vol-i\/#primaryimage","url":"https:\/\/www.organscore.com\/wp-content\/uploads\/2020\/05\/Covers_Page_24.jpg","contentUrl":"https:\/\/www.organscore.com\/wp-content\/uploads\/2020\/05\/Covers_Page_24.jpg","width":1100,"height":872,"caption":"Saint-Sa\u00ebns \u0152uvres Compl\u00e8tes pour Orgue Volume I, Couverture"},{"@type":"BreadcrumbList","@id":"https:\/\/www.organscore.com\/produit\/c-saint-saens-complete-organ-works-vol-i\/#breadcrumb","itemListElement":[{"@type":"ListItem","position":1,"name":"Home","item":"https:\/\/www.organscore.com\/fr\/"},{"@type":"ListItem","position":2,"name":"Acheter","item":"https:\/\/www.organscore.com\/fr\/boutique\/"},{"@type":"ListItem","position":3,"name":"C. Saint-Sa\u00ebns\u00a0: \u0152uvres Compl. pour Orgue, Vol I"}]},{"@type":"WebSite","@id":"https:\/\/www.organscore.com\/#website","url":"https:\/\/www.organscore.com\/","name":"OrganScore","description":"The Practical Score for Organists","publisher":{"@id":"https:\/\/www.organscore.com\/#organization"},"potentialAction":[{"@type":"SearchAction","target":{"@type":"EntryPoint","urlTemplate":"https:\/\/www.organscore.com\/?s={search_term_string}"},"query-input":{"@type":"PropertyValueSpecification","valueRequired":true,"valueName":"search_term_string"}}],"inLanguage":"fr-FR"},{"@type":"Organization","@id":"https:\/\/www.organscore.com\/#organization","name":"OrganScore","url":"https:\/\/www.organscore.com\/","logo":{"@type":"ImageObject","inLanguage":"fr-FR","@id":"https:\/\/www.organscore.com\/#\/schema\/logo\/image\/","url":"https:\/\/www.organscore.com\/wp-content\/uploads\/2018\/09\/organscore-logo-0153bf-h142px-shaded.png","contentUrl":"https:\/\/www.organscore.com\/wp-content\/uploads\/2018\/09\/organscore-logo-0153bf-h142px-shaded.png","width":434,"height":142,"caption":"OrganScore"},"image":{"@id":"https:\/\/www.organscore.com\/#\/schema\/logo\/image\/"},"sameAs":["https:\/\/www.youtube.com\/user\/organopleno2000"]}]}},"_links":{"self":[{"href":"https:\/\/www.organscore.com\/fr\/wp-json\/wp\/v2\/product\/4626","targetHints":{"allow":["GET"]}}],"collection":[{"href":"https:\/\/www.organscore.com\/fr\/wp-json\/wp\/v2\/product"}],"about":[{"href":"https:\/\/www.organscore.com\/fr\/wp-json\/wp\/v2\/types\/product"}],"wp:featuredmedia":[{"embeddable":true,"href":"https:\/\/www.organscore.com\/fr\/wp-json\/wp\/v2\/media\/4691"}],"wp:attachment":[{"href":"https:\/\/www.organscore.com\/fr\/wp-json\/wp\/v2\/media?parent=4626"}],"wp:term":[{"taxonomy":"product_brand","embeddable":true,"href":"https:\/\/www.organscore.com\/fr\/wp-json\/wp\/v2\/product_brand?post=4626"},{"taxonomy":"product_cat","embeddable":true,"href":"https:\/\/www.organscore.com\/fr\/wp-json\/wp\/v2\/product_cat?post=4626"},{"taxonomy":"product_tag","embeddable":true,"href":"https:\/\/www.organscore.com\/fr\/wp-json\/wp\/v2\/product_tag?post=4626"}],"curies":[{"name":"wp","href":"https:\/\/api.w.org\/{rel}","templated":true}]}}