{"id":4604,"date":"2020-05-15T00:05:19","date_gmt":"2020-05-14T22:05:19","guid":{"rendered":"https:\/\/www.organscore.com\/?post_type=product&#038;p=4604"},"modified":"2020-05-15T11:56:23","modified_gmt":"2020-05-15T09:56:23","slug":"c-debussy-oeuvres-a-jouer-a-l-orgue","status":"publish","type":"product","link":"https:\/\/www.organscore.com\/fr\/produit\/c-debussy-oeuvres-a-jouer-a-l-orgue\/","title":{"rendered":"C. Debussy : \u008d\u0152uvres \u00e0 Jouer \u00e0 l&rsquo;Orgue"},"content":{"rendered":"<p style=\"text-align: justify;\" data-mce-style=\"text-align: justify;\">Debussy n&rsquo;a jamais compos\u00e9 pour l&rsquo;orgue. Cependant, bon nombre de ses \u0153uvres, g\u00e9n\u00e9ralement tr\u00e8s color\u00e9es sur un plan harmonique, conviennent \u00e0 une transcription pour l&rsquo;orgue. Ce volume contient quatorze transcriptions d&rsquo;\u0153uvres bien connues de Debussy compos\u00e9es \u00e0 l&rsquo;origine pour orchestre ou piano. Douze de ces transcriptions ont \u00e9t\u00e9 produites par des organistes contemporains de Debussy et publi\u00e9es en 1911. Dans le m\u00eame esprit, deux transcriptions suppl\u00e9mentaires de Renaud Vergnet ont \u00e9t\u00e9 ajout\u00e9es (Clair de Lune, Nuages). <\/p>\n<p style=\"text-align: justify;\" data-mce-style=\"text-align: justify;\">Bien que les registrations soient indiqu\u00e9es plut\u00f4t en r\u00e9f\u00e9rence \u00e0 un orgue symphonique fran\u00e7ais, celle-ci peuvent facilement \u00eatre adapt\u00e9es \u00e0 n&rsquo;importe quel orgue disposant d&rsquo;un minimum de deux claviers et d&rsquo;un p\u00e9dalier. Un tel orgue n\u00e9cessitera de bons fonds de 8 et 4 pieds (pl\u00fbtes, principaux), si possible une Voix C\u00e9leste ou un jeu semblable, et des anches douces. Dans certains cas, des jeux de mutation peuvent \u00eatre utilis\u00e9s \u00e0 la place des jeux d&rsquo;anches.<\/p>\n<p style=\"text-align: justify;\" data-mce-style=\"text-align: justify;\">Comme d&rsquo;habitude dans l&rsquo;\u00e9dition OrganScore, il n&rsquo;y a pas de probl\u00e8me de tourne. Toutes les pi\u00e8ces sont dispos\u00e9es ici sur deux, trois ou quatre pages avec des tournes de page tr\u00e8s faciles, de sorte qu&rsquo;elles peuvent \u00eatre jou\u00e9es en entier sans aucun assistant pour tourner les pages.<\/p>\n<p style=\"text-align: justify;\" data-mce-style=\"text-align: justify;\">Contenu \/ Inhalt:<\/p>\n<p style=\"text-align: justify;\" data-mce-style=\"text-align: justify;\">I &#8211; En Bateau (\u00ab\u00a0Petite Suite\u00a0\u00bb) \u2013 (tr. par L\u00e9on Rocques)<br \/>II &#8211; Cort\u00e8ge (\u00ab\u00a0Petite Suite\u00a0\u00bb) \u2013 (tr. par L\u00e9on Rocques)<br \/>III &#8211; Menuet (\u00ab\u00a0Petite Suite\u00a0\u00bb) \u2013 (tr. par L\u00e9on Rocques)<br \/>IV &#8211; Ballet (\u00ab\u00a0Petite Suite\u00a0\u00bb) \u2013 (tr. par L\u00e9on Rocques)<br \/>V &#8211; Pr\u00e9lude (\u00ab\u00a0La Demoiselle Elue\u00a0\u00bb) \u2013 (tr. par Gaston Choisnel)<br \/>VI &#8211; Pr\u00e9lude (\u00ab\u00a0L&rsquo;Enfant Prodigue\u00a0\u00bb) 18 \u2013 (tr. par L\u00e9on Rocques)<br \/>VII &#8211; La Fille aux Cheveux de Lin (\u00ab\u00a0Pr\u00e9ludes\u00a0\u00bb) \u2013 (tr. par L\u00e9on Rocques)<br \/>VIII &#8211; La Cath\u00e9drale Engloutie (\u00ab\u00a0Pr\u00e9ludes\u00a0\u00bb) \u2013 (tr. Par L\u00e9on Rocques)<br \/>IX &#8211; Le Petit Berger (\u00ab\u00a0Coin des enfants\u00a0\u00bb) \u2013 (tr. Par Gaston Choisnel)<br \/>X &#8211; Andante (Quatuor) \u2013 (tr. Par Alexandre Guilmant)<br \/>XI &#8211; 1\u00e8re Arabesque \u2013 (tr. Par L\u00e9on Rocques)<br \/>XII &#8211; 2\u00e8me Arabesque \u2013 (tr. Par L\u00e9on Rocques)<br \/>XIII &#8211; Clair de Lune (\u00ab\u00a0Suite Bergamasque\u00a0\u00bb) \u2013 (tr. Par Renaud Vergnet)<br \/>XIV &#8211; Nuages \u200b\u200b(\u00ab\u00a0Nocturnes\u00a0\u00bb) \u2013 (tr. Par Renaud Vergnet)<\/p>\n","protected":false},"excerpt":{"rendered":"<p>C. Debussy : \u008d\u0152uvres \u00e0 Jouer \u00e0 l&rsquo;Orgue<br \/><strong>Sans Probl\u00e8me de Tourne de Page<br \/><\/strong><em>(contenu jouable sans assistant tourneur de pages)<\/em><\/p>\n<p>OSC 023 \u2014 ISMN : 979-0-707109-23-6<br \/>37.5cm x 29.7cm (+reliure)<br \/>50 pages \u2014 120g\/m\u00b2<\/p>\n","protected":false},"featured_media":4606,"template":"","meta":{"_monsterinsights_skip_tracking":false,"_monsterinsights_sitenote_active":false,"_monsterinsights_sitenote_note":"","_monsterinsights_sitenote_category":0,"site-sidebar-layout":"default","site-content-layout":"default","ast-site-content-layout":"default","site-content-style":"default","site-sidebar-style":"default","ast-global-header-display":"","ast-banner-title-visibility":"","ast-main-header-display":"","ast-hfb-above-header-display":"","ast-hfb-below-header-display":"","ast-hfb-mobile-header-display":"","site-post-title":"","ast-breadcrumbs-content":"","ast-featured-img":"","footer-sml-layout":"","ast-disable-related-posts":"","theme-transparent-header-meta":"default","adv-header-id-meta":"","stick-header-meta":"default","header-above-stick-meta":"","header-main-stick-meta":"","header-below-stick-meta":"","astra-migrate-meta-layouts":"default","ast-page-background-enabled":"default","ast-page-background-meta":{"desktop":{"background-color":"","background-image":"","background-repeat":"repeat","background-position":"center center","background-size":"auto","background-attachment":"scroll","background-type":"","background-media":"","overlay-type":"","overlay-color":"","overlay-opacity":"","overlay-gradient":""},"tablet":{"background-color":"","background-image":"","background-repeat":"repeat","background-position":"center center","background-size":"auto","background-attachment":"scroll","background-type":"","background-media":"","overlay-type":"","overlay-color":"","overlay-opacity":"","overlay-gradient":""},"mobile":{"background-color":"","background-image":"","background-repeat":"repeat","background-position":"center center","background-size":"auto","background-attachment":"scroll","background-type":"","background-media":"","overlay-type":"","overlay-color":"","overlay-opacity":"","overlay-gradient":""}},"ast-content-background-meta":{"desktop":{"background-color":"var(--ast-global-color-5)","background-image":"","background-repeat":"repeat","background-position":"center center","background-size":"auto","background-attachment":"scroll","background-type":"","background-media":"","overlay-type":"","overlay-color":"","overlay-opacity":"","overlay-gradient":""},"tablet":{"background-color":"var(--ast-global-color-5)","background-image":"","background-repeat":"repeat","background-position":"center center","background-size":"auto","background-attachment":"scroll","background-type":"","background-media":"","overlay-type":"","overlay-color":"","overlay-opacity":"","overlay-gradient":""},"mobile":{"background-color":"var(--ast-global-color-5)","background-image":"","background-repeat":"repeat","background-position":"center center","background-size":"auto","background-attachment":"scroll","background-type":"","background-media":"","overlay-type":"","overlay-color":"","overlay-opacity":"","overlay-gradient":""}}},"product_brand":[],"product_cat":[51],"product_tag":[],"class_list":{"0":"post-4604","1":"product","2":"type-product","3":"status-publish","4":"has-post-thumbnail","6":"product_cat-partition-papier","7":"desktop-align-left","8":"tablet-align-left","9":"mobile-align-left","10":"ast-product-gallery-layout-horizontal-slider","11":"ast-product-tabs-layout-horizontal","13":"first","14":"instock","15":"shipping-taxable","16":"purchasable","17":"product-type-simple"},"yoast_head":"<!-- This site is optimized with the Yoast SEO plugin v27.3 - https:\/\/yoast.com\/product\/yoast-seo-wordpress\/ -->\n<title>Debussy Oeuvres \u00e0 l&#039;Orgue - No Page turn - OrganScore<\/title>\n<meta name=\"description\" content=\"\u0152uvres de Debussy transcrites pour l&#039;orgue par L\u00e9on Rocques, Gaston Choisnel, Alexandre Guilmant et Renaud Vergnet.\" \/>\n<meta name=\"robots\" content=\"index, follow, max-snippet:-1, max-image-preview:large, max-video-preview:-1\" \/>\n<link rel=\"canonical\" href=\"https:\/\/www.organscore.com\/produit\/c-debussy-works-to-play-on-the-organ\/\" \/>\n<meta property=\"og:locale\" content=\"fr_FR\" \/>\n<meta property=\"og:type\" content=\"article\" \/>\n<meta property=\"og:title\" content=\"Debussy Oeuvres \u00e0 l&#039;Orgue - No Page turn - OrganScore\" \/>\n<meta property=\"og:description\" content=\"\u0152uvres de Debussy transcrites pour l&#039;orgue par L\u00e9on Rocques, Gaston Choisnel, Alexandre Guilmant et Renaud Vergnet.\" \/>\n<meta property=\"og:url\" content=\"https:\/\/www.organscore.com\/produit\/c-debussy-works-to-play-on-the-organ\/\" \/>\n<meta property=\"og:site_name\" content=\"OrganScore\" \/>\n<meta property=\"article:modified_time\" content=\"2020-05-15T09:56:23+00:00\" \/>\n<meta property=\"og:image\" content=\"https:\/\/www.organscore.com\/wp-content\/uploads\/2020\/05\/Covers_Page_23.jpg\" \/>\n\t<meta property=\"og:image:width\" content=\"1100\" \/>\n\t<meta property=\"og:image:height\" content=\"872\" \/>\n\t<meta property=\"og:image:type\" content=\"image\/jpeg\" \/>\n<meta name=\"twitter:card\" content=\"summary_large_image\" \/>\n<meta name=\"twitter:label1\" content=\"Dur\u00e9e de lecture estim\u00e9e\" \/>\n\t<meta name=\"twitter:data1\" content=\"2 minutes\" \/>\n<script type=\"application\/ld+json\" class=\"yoast-schema-graph\">{\"@context\":\"https:\\\/\\\/schema.org\",\"@graph\":[{\"@type\":\"WebPage\",\"@id\":\"https:\\\/\\\/www.organscore.com\\\/produit\\\/c-debussy-works-to-play-on-the-organ\\\/\",\"url\":\"https:\\\/\\\/www.organscore.com\\\/produit\\\/c-debussy-works-to-play-on-the-organ\\\/\",\"name\":\"Debussy Oeuvres \u00e0 l'Orgue - No Page turn - OrganScore\",\"isPartOf\":{\"@id\":\"https:\\\/\\\/www.organscore.com\\\/#website\"},\"primaryImageOfPage\":{\"@id\":\"https:\\\/\\\/www.organscore.com\\\/produit\\\/c-debussy-works-to-play-on-the-organ\\\/#primaryimage\"},\"image\":{\"@id\":\"https:\\\/\\\/www.organscore.com\\\/produit\\\/c-debussy-works-to-play-on-the-organ\\\/#primaryimage\"},\"thumbnailUrl\":\"https:\\\/\\\/www.organscore.com\\\/wp-content\\\/uploads\\\/2020\\\/05\\\/Covers_Page_23.jpg\",\"datePublished\":\"2020-05-14T22:05:19+00:00\",\"dateModified\":\"2020-05-15T09:56:23+00:00\",\"description\":\"\u0152uvres de Debussy transcrites pour l'orgue par L\u00e9on Rocques, Gaston Choisnel, Alexandre Guilmant et Renaud Vergnet.\",\"breadcrumb\":{\"@id\":\"https:\\\/\\\/www.organscore.com\\\/produit\\\/c-debussy-works-to-play-on-the-organ\\\/#breadcrumb\"},\"inLanguage\":\"fr-FR\",\"potentialAction\":[{\"@type\":\"ReadAction\",\"target\":[\"https:\\\/\\\/www.organscore.com\\\/produit\\\/c-debussy-works-to-play-on-the-organ\\\/\"]}]},{\"@type\":\"ImageObject\",\"inLanguage\":\"fr-FR\",\"@id\":\"https:\\\/\\\/www.organscore.com\\\/produit\\\/c-debussy-works-to-play-on-the-organ\\\/#primaryimage\",\"url\":\"https:\\\/\\\/www.organscore.com\\\/wp-content\\\/uploads\\\/2020\\\/05\\\/Covers_Page_23.jpg\",\"contentUrl\":\"https:\\\/\\\/www.organscore.com\\\/wp-content\\\/uploads\\\/2020\\\/05\\\/Covers_Page_23.jpg\",\"width\":1100,\"height\":872,\"caption\":\"Debussy \u0152uvres \u00e0 l'Orgue\"},{\"@type\":\"BreadcrumbList\",\"@id\":\"https:\\\/\\\/www.organscore.com\\\/produit\\\/c-debussy-works-to-play-on-the-organ\\\/#breadcrumb\",\"itemListElement\":[{\"@type\":\"ListItem\",\"position\":1,\"name\":\"Home\",\"item\":\"https:\\\/\\\/www.organscore.com\\\/fr\\\/\"},{\"@type\":\"ListItem\",\"position\":2,\"name\":\"Acheter\",\"item\":\"https:\\\/\\\/www.organscore.com\\\/fr\\\/boutique\\\/\"},{\"@type\":\"ListItem\",\"position\":3,\"name\":\"C. Debussy : \u008d\u0152uvres \u00e0 Jouer \u00e0 l&#8217;Orgue\"}]},{\"@type\":\"WebSite\",\"@id\":\"https:\\\/\\\/www.organscore.com\\\/#website\",\"url\":\"https:\\\/\\\/www.organscore.com\\\/\",\"name\":\"OrganScore\",\"description\":\"The Practical Score for Organists\",\"publisher\":{\"@id\":\"https:\\\/\\\/www.organscore.com\\\/#organization\"},\"potentialAction\":[{\"@type\":\"SearchAction\",\"target\":{\"@type\":\"EntryPoint\",\"urlTemplate\":\"https:\\\/\\\/www.organscore.com\\\/?s={search_term_string}\"},\"query-input\":{\"@type\":\"PropertyValueSpecification\",\"valueRequired\":true,\"valueName\":\"search_term_string\"}}],\"inLanguage\":\"fr-FR\"},{\"@type\":\"Organization\",\"@id\":\"https:\\\/\\\/www.organscore.com\\\/#organization\",\"name\":\"OrganScore\",\"url\":\"https:\\\/\\\/www.organscore.com\\\/\",\"logo\":{\"@type\":\"ImageObject\",\"inLanguage\":\"fr-FR\",\"@id\":\"https:\\\/\\\/www.organscore.com\\\/#\\\/schema\\\/logo\\\/image\\\/\",\"url\":\"https:\\\/\\\/www.organscore.com\\\/wp-content\\\/uploads\\\/2018\\\/09\\\/organscore-logo-0153bf-h142px-shaded.png\",\"contentUrl\":\"https:\\\/\\\/www.organscore.com\\\/wp-content\\\/uploads\\\/2018\\\/09\\\/organscore-logo-0153bf-h142px-shaded.png\",\"width\":434,\"height\":142,\"caption\":\"OrganScore\"},\"image\":{\"@id\":\"https:\\\/\\\/www.organscore.com\\\/#\\\/schema\\\/logo\\\/image\\\/\"},\"sameAs\":[\"https:\\\/\\\/www.youtube.com\\\/user\\\/organopleno2000\"]}]}<\/script>\n<!-- \/ Yoast SEO plugin. -->","yoast_head_json":{"title":"Debussy Oeuvres \u00e0 l'Orgue - No Page turn - OrganScore","description":"\u0152uvres de Debussy transcrites pour l'orgue par L\u00e9on Rocques, Gaston Choisnel, Alexandre Guilmant et Renaud Vergnet.","robots":{"index":"index","follow":"follow","max-snippet":"max-snippet:-1","max-image-preview":"max-image-preview:large","max-video-preview":"max-video-preview:-1"},"canonical":"https:\/\/www.organscore.com\/produit\/c-debussy-works-to-play-on-the-organ\/","og_locale":"fr_FR","og_type":"article","og_title":"Debussy Oeuvres \u00e0 l'Orgue - No Page turn - OrganScore","og_description":"\u0152uvres de Debussy transcrites pour l'orgue par L\u00e9on Rocques, Gaston Choisnel, Alexandre Guilmant et Renaud Vergnet.","og_url":"https:\/\/www.organscore.com\/produit\/c-debussy-works-to-play-on-the-organ\/","og_site_name":"OrganScore","article_modified_time":"2020-05-15T09:56:23+00:00","og_image":[{"width":1100,"height":872,"url":"https:\/\/www.organscore.com\/wp-content\/uploads\/2020\/05\/Covers_Page_23.jpg","type":"image\/jpeg"}],"twitter_card":"summary_large_image","twitter_misc":{"Dur\u00e9e de lecture estim\u00e9e":"2 minutes"},"schema":{"@context":"https:\/\/schema.org","@graph":[{"@type":"WebPage","@id":"https:\/\/www.organscore.com\/produit\/c-debussy-works-to-play-on-the-organ\/","url":"https:\/\/www.organscore.com\/produit\/c-debussy-works-to-play-on-the-organ\/","name":"Debussy Oeuvres \u00e0 l'Orgue - No Page turn - OrganScore","isPartOf":{"@id":"https:\/\/www.organscore.com\/#website"},"primaryImageOfPage":{"@id":"https:\/\/www.organscore.com\/produit\/c-debussy-works-to-play-on-the-organ\/#primaryimage"},"image":{"@id":"https:\/\/www.organscore.com\/produit\/c-debussy-works-to-play-on-the-organ\/#primaryimage"},"thumbnailUrl":"https:\/\/www.organscore.com\/wp-content\/uploads\/2020\/05\/Covers_Page_23.jpg","datePublished":"2020-05-14T22:05:19+00:00","dateModified":"2020-05-15T09:56:23+00:00","description":"\u0152uvres de Debussy transcrites pour l'orgue par L\u00e9on Rocques, Gaston Choisnel, Alexandre Guilmant et Renaud Vergnet.","breadcrumb":{"@id":"https:\/\/www.organscore.com\/produit\/c-debussy-works-to-play-on-the-organ\/#breadcrumb"},"inLanguage":"fr-FR","potentialAction":[{"@type":"ReadAction","target":["https:\/\/www.organscore.com\/produit\/c-debussy-works-to-play-on-the-organ\/"]}]},{"@type":"ImageObject","inLanguage":"fr-FR","@id":"https:\/\/www.organscore.com\/produit\/c-debussy-works-to-play-on-the-organ\/#primaryimage","url":"https:\/\/www.organscore.com\/wp-content\/uploads\/2020\/05\/Covers_Page_23.jpg","contentUrl":"https:\/\/www.organscore.com\/wp-content\/uploads\/2020\/05\/Covers_Page_23.jpg","width":1100,"height":872,"caption":"Debussy \u0152uvres \u00e0 l'Orgue"},{"@type":"BreadcrumbList","@id":"https:\/\/www.organscore.com\/produit\/c-debussy-works-to-play-on-the-organ\/#breadcrumb","itemListElement":[{"@type":"ListItem","position":1,"name":"Home","item":"https:\/\/www.organscore.com\/fr\/"},{"@type":"ListItem","position":2,"name":"Acheter","item":"https:\/\/www.organscore.com\/fr\/boutique\/"},{"@type":"ListItem","position":3,"name":"C. Debussy : \u008d\u0152uvres \u00e0 Jouer \u00e0 l&#8217;Orgue"}]},{"@type":"WebSite","@id":"https:\/\/www.organscore.com\/#website","url":"https:\/\/www.organscore.com\/","name":"OrganScore","description":"The Practical Score for Organists","publisher":{"@id":"https:\/\/www.organscore.com\/#organization"},"potentialAction":[{"@type":"SearchAction","target":{"@type":"EntryPoint","urlTemplate":"https:\/\/www.organscore.com\/?s={search_term_string}"},"query-input":{"@type":"PropertyValueSpecification","valueRequired":true,"valueName":"search_term_string"}}],"inLanguage":"fr-FR"},{"@type":"Organization","@id":"https:\/\/www.organscore.com\/#organization","name":"OrganScore","url":"https:\/\/www.organscore.com\/","logo":{"@type":"ImageObject","inLanguage":"fr-FR","@id":"https:\/\/www.organscore.com\/#\/schema\/logo\/image\/","url":"https:\/\/www.organscore.com\/wp-content\/uploads\/2018\/09\/organscore-logo-0153bf-h142px-shaded.png","contentUrl":"https:\/\/www.organscore.com\/wp-content\/uploads\/2018\/09\/organscore-logo-0153bf-h142px-shaded.png","width":434,"height":142,"caption":"OrganScore"},"image":{"@id":"https:\/\/www.organscore.com\/#\/schema\/logo\/image\/"},"sameAs":["https:\/\/www.youtube.com\/user\/organopleno2000"]}]}},"_links":{"self":[{"href":"https:\/\/www.organscore.com\/fr\/wp-json\/wp\/v2\/product\/4604","targetHints":{"allow":["GET"]}}],"collection":[{"href":"https:\/\/www.organscore.com\/fr\/wp-json\/wp\/v2\/product"}],"about":[{"href":"https:\/\/www.organscore.com\/fr\/wp-json\/wp\/v2\/types\/product"}],"wp:featuredmedia":[{"embeddable":true,"href":"https:\/\/www.organscore.com\/fr\/wp-json\/wp\/v2\/media\/4606"}],"wp:attachment":[{"href":"https:\/\/www.organscore.com\/fr\/wp-json\/wp\/v2\/media?parent=4604"}],"wp:term":[{"taxonomy":"product_brand","embeddable":true,"href":"https:\/\/www.organscore.com\/fr\/wp-json\/wp\/v2\/product_brand?post=4604"},{"taxonomy":"product_cat","embeddable":true,"href":"https:\/\/www.organscore.com\/fr\/wp-json\/wp\/v2\/product_cat?post=4604"},{"taxonomy":"product_tag","embeddable":true,"href":"https:\/\/www.organscore.com\/fr\/wp-json\/wp\/v2\/product_tag?post=4604"}],"curies":[{"name":"wp","href":"https:\/\/api.w.org\/{rel}","templated":true}]}}