{"id":4483,"date":"2020-01-13T23:40:55","date_gmt":"2020-01-13T22:40:55","guid":{"rendered":"https:\/\/www.organscore.com\/?post_type=product&#038;p=4483"},"modified":"2020-01-14T12:29:07","modified_gmt":"2020-01-14T11:29:07","slug":"a-soler-6-concertos-pour-deux-orgues","status":"publish","type":"product","link":"https:\/\/www.organscore.com\/fr\/produit\/a-soler-6-concertos-pour-deux-orgues\/","title":{"rendered":"A. Soler : 6 Concertos pour deux orgues"},"content":{"rendered":"<p>Antonio Soler, n\u00e9 en Catalogne en 1729, \u00e9tait \u00e0 sa fin de vie ma\u00eetre de chapelle et organiste au monast\u00e8re de San Lorenzo del Escorial. En 1768, il devint le ma\u00eetre de la musique du prince Don Gabriel de Borb\u00f3n. En 1773, ce fit construire un instrument compos\u00e9 de deux orgues de chambre en vis-\u00e0-vis. Soler a probablement compos\u00e9 les \u00ab6 conciertos\u00bb pour ces instruments, entre 1773 et 1783. Ces concertos conviennent \u00e9galement pour deux clavecins ou une combinaison orgue + clavecin. Comme d&rsquo;habitude, l&rsquo;\u00e9dition \u00e9vite les probl\u00e8mes de tourne de page. La Pr\u00e9face en quatre langues de Jean Louchet (fran\u00e7ais, anglais, espagnol et portugais) fournit des informations historiques et organologiques actualis\u00e9es int\u00e9ressantes et utiles.<\/p>\n<p><strong>Contenu \/ Inhalt:<\/strong><\/p>\n<p>1 \u00b0 Concierto (C)<br \/>\n2 \u00b0 Concierto (a)<br \/>\n3 \u00b0 Concierto (G)<br \/>\n4 \u00b0 Concierto (F)<br \/>\n5 \u00b0 Concierto (A)<br \/>\n6 \u00b0 Concierto (D)<\/p>\n","protected":false},"excerpt":{"rendered":"<p>A. Soler, 6 Concertos pour deux Orgues<br \/>\n<strong>Sans Probl\u00e8me de Tourne de Page<br \/>\n<\/strong><em>(contenu jouable sans assistant tourneur de pages)<\/em><\/p>\n<p>OSC 021 \u2014 ISMN : 979-0-707109-22-9<br \/>\n37.5cm x 29.7cm (+reliure)<br \/>\n62 pages \u2014 120g\/m\u00b2<\/p>\n","protected":false},"featured_media":4527,"template":"","meta":{"_monsterinsights_skip_tracking":false,"_monsterinsights_sitenote_active":false,"_monsterinsights_sitenote_note":"","_monsterinsights_sitenote_category":0,"site-sidebar-layout":"default","site-content-layout":"default","ast-site-content-layout":"default","site-content-style":"default","site-sidebar-style":"default","ast-global-header-display":"","ast-banner-title-visibility":"","ast-main-header-display":"","ast-hfb-above-header-display":"","ast-hfb-below-header-display":"","ast-hfb-mobile-header-display":"","site-post-title":"","ast-breadcrumbs-content":"","ast-featured-img":"","footer-sml-layout":"","ast-disable-related-posts":"","theme-transparent-header-meta":"default","adv-header-id-meta":"","stick-header-meta":"default","header-above-stick-meta":"","header-main-stick-meta":"","header-below-stick-meta":"","astra-migrate-meta-layouts":"default","ast-page-background-enabled":"default","ast-page-background-meta":{"desktop":{"background-color":"","background-image":"","background-repeat":"repeat","background-position":"center center","background-size":"auto","background-attachment":"scroll","background-type":"","background-media":"","overlay-type":"","overlay-color":"","overlay-opacity":"","overlay-gradient":""},"tablet":{"background-color":"","background-image":"","background-repeat":"repeat","background-position":"center center","background-size":"auto","background-attachment":"scroll","background-type":"","background-media":"","overlay-type":"","overlay-color":"","overlay-opacity":"","overlay-gradient":""},"mobile":{"background-color":"","background-image":"","background-repeat":"repeat","background-position":"center center","background-size":"auto","background-attachment":"scroll","background-type":"","background-media":"","overlay-type":"","overlay-color":"","overlay-opacity":"","overlay-gradient":""}},"ast-content-background-meta":{"desktop":{"background-color":"var(--ast-global-color-5)","background-image":"","background-repeat":"repeat","background-position":"center center","background-size":"auto","background-attachment":"scroll","background-type":"","background-media":"","overlay-type":"","overlay-color":"","overlay-opacity":"","overlay-gradient":""},"tablet":{"background-color":"var(--ast-global-color-5)","background-image":"","background-repeat":"repeat","background-position":"center center","background-size":"auto","background-attachment":"scroll","background-type":"","background-media":"","overlay-type":"","overlay-color":"","overlay-opacity":"","overlay-gradient":""},"mobile":{"background-color":"var(--ast-global-color-5)","background-image":"","background-repeat":"repeat","background-position":"center center","background-size":"auto","background-attachment":"scroll","background-type":"","background-media":"","overlay-type":"","overlay-color":"","overlay-opacity":"","overlay-gradient":""}}},"product_brand":[],"product_cat":[51],"product_tag":[],"class_list":{"0":"post-4483","1":"product","2":"type-product","3":"status-publish","4":"has-post-thumbnail","6":"product_cat-partition-papier","7":"desktop-align-left","8":"tablet-align-left","9":"mobile-align-left","10":"ast-product-gallery-layout-horizontal-slider","11":"ast-product-tabs-layout-horizontal","13":"first","14":"instock","15":"shipping-taxable","16":"purchasable","17":"product-type-simple"},"yoast_head":"<!-- This site is optimized with the Yoast SEO plugin v27.3 - https:\/\/yoast.com\/product\/yoast-seo-wordpress\/ -->\n<title>Soler Concertos pour deux orgues - No Page turn - OrganScore<\/title>\n<meta name=\"description\" content=\"Antonio Soler 6 concertos pour deux orgues ou deux clavecins, \u00e9dit\u00e9s par Renaud Vergnet et Jean Louchet, sans probl\u00e8me de tourne de page.\" \/>\n<meta name=\"robots\" content=\"index, follow, max-snippet:-1, max-image-preview:large, max-video-preview:-1\" \/>\n<link rel=\"canonical\" href=\"https:\/\/www.organscore.com\/produit\/a-soler-6-concertos-for-two-organs\/\" \/>\n<meta property=\"og:locale\" content=\"fr_FR\" \/>\n<meta property=\"og:type\" content=\"article\" \/>\n<meta property=\"og:title\" content=\"Soler Concertos pour deux orgues - No Page turn - OrganScore\" \/>\n<meta property=\"og:description\" content=\"Antonio Soler 6 concertos pour deux orgues ou deux clavecins, \u00e9dit\u00e9s par Renaud Vergnet et Jean Louchet, sans probl\u00e8me de tourne de page.\" \/>\n<meta property=\"og:url\" content=\"https:\/\/www.organscore.com\/produit\/a-soler-6-concertos-for-two-organs\/\" \/>\n<meta property=\"og:site_name\" content=\"OrganScore\" \/>\n<meta property=\"article:modified_time\" content=\"2020-01-14T11:29:07+00:00\" \/>\n<meta property=\"og:image\" content=\"https:\/\/www.organscore.com\/wp-content\/uploads\/2020\/01\/Covers_Page_22-Orange-3.jpg\" \/>\n\t<meta property=\"og:image:width\" content=\"1100\" \/>\n\t<meta property=\"og:image:height\" content=\"872\" \/>\n\t<meta property=\"og:image:type\" content=\"image\/jpeg\" \/>\n<meta name=\"twitter:card\" content=\"summary_large_image\" \/>\n<meta name=\"twitter:label1\" content=\"Dur\u00e9e de lecture estim\u00e9e\" \/>\n\t<meta name=\"twitter:data1\" content=\"1 minute\" \/>\n<script type=\"application\/ld+json\" class=\"yoast-schema-graph\">{\"@context\":\"https:\\\/\\\/schema.org\",\"@graph\":[{\"@type\":\"WebPage\",\"@id\":\"https:\\\/\\\/www.organscore.com\\\/produit\\\/a-soler-6-concertos-for-two-organs\\\/\",\"url\":\"https:\\\/\\\/www.organscore.com\\\/produit\\\/a-soler-6-concertos-for-two-organs\\\/\",\"name\":\"Soler Concertos pour deux orgues - No Page turn - OrganScore\",\"isPartOf\":{\"@id\":\"https:\\\/\\\/www.organscore.com\\\/#website\"},\"primaryImageOfPage\":{\"@id\":\"https:\\\/\\\/www.organscore.com\\\/produit\\\/a-soler-6-concertos-for-two-organs\\\/#primaryimage\"},\"image\":{\"@id\":\"https:\\\/\\\/www.organscore.com\\\/produit\\\/a-soler-6-concertos-for-two-organs\\\/#primaryimage\"},\"thumbnailUrl\":\"https:\\\/\\\/www.organscore.com\\\/wp-content\\\/uploads\\\/2020\\\/01\\\/Covers_Page_22-Orange-3.jpg\",\"datePublished\":\"2020-01-13T22:40:55+00:00\",\"dateModified\":\"2020-01-14T11:29:07+00:00\",\"description\":\"Antonio Soler 6 concertos pour deux orgues ou deux clavecins, \u00e9dit\u00e9s par Renaud Vergnet et Jean Louchet, sans probl\u00e8me de tourne de page.\",\"breadcrumb\":{\"@id\":\"https:\\\/\\\/www.organscore.com\\\/produit\\\/a-soler-6-concertos-for-two-organs\\\/#breadcrumb\"},\"inLanguage\":\"fr-FR\",\"potentialAction\":[{\"@type\":\"ReadAction\",\"target\":[\"https:\\\/\\\/www.organscore.com\\\/produit\\\/a-soler-6-concertos-for-two-organs\\\/\"]}]},{\"@type\":\"ImageObject\",\"inLanguage\":\"fr-FR\",\"@id\":\"https:\\\/\\\/www.organscore.com\\\/produit\\\/a-soler-6-concertos-for-two-organs\\\/#primaryimage\",\"url\":\"https:\\\/\\\/www.organscore.com\\\/wp-content\\\/uploads\\\/2020\\\/01\\\/Covers_Page_22-Orange-3.jpg\",\"contentUrl\":\"https:\\\/\\\/www.organscore.com\\\/wp-content\\\/uploads\\\/2020\\\/01\\\/Covers_Page_22-Orange-3.jpg\",\"width\":1100,\"height\":872,\"caption\":\"Soler Cover Image\"},{\"@type\":\"BreadcrumbList\",\"@id\":\"https:\\\/\\\/www.organscore.com\\\/produit\\\/a-soler-6-concertos-for-two-organs\\\/#breadcrumb\",\"itemListElement\":[{\"@type\":\"ListItem\",\"position\":1,\"name\":\"Home\",\"item\":\"https:\\\/\\\/www.organscore.com\\\/fr\\\/\"},{\"@type\":\"ListItem\",\"position\":2,\"name\":\"Acheter\",\"item\":\"https:\\\/\\\/www.organscore.com\\\/fr\\\/boutique\\\/\"},{\"@type\":\"ListItem\",\"position\":3,\"name\":\"A. Soler : 6 Concertos pour deux orgues\"}]},{\"@type\":\"WebSite\",\"@id\":\"https:\\\/\\\/www.organscore.com\\\/#website\",\"url\":\"https:\\\/\\\/www.organscore.com\\\/\",\"name\":\"OrganScore\",\"description\":\"The Practical Score for Organists\",\"publisher\":{\"@id\":\"https:\\\/\\\/www.organscore.com\\\/#organization\"},\"potentialAction\":[{\"@type\":\"SearchAction\",\"target\":{\"@type\":\"EntryPoint\",\"urlTemplate\":\"https:\\\/\\\/www.organscore.com\\\/?s={search_term_string}\"},\"query-input\":{\"@type\":\"PropertyValueSpecification\",\"valueRequired\":true,\"valueName\":\"search_term_string\"}}],\"inLanguage\":\"fr-FR\"},{\"@type\":\"Organization\",\"@id\":\"https:\\\/\\\/www.organscore.com\\\/#organization\",\"name\":\"OrganScore\",\"url\":\"https:\\\/\\\/www.organscore.com\\\/\",\"logo\":{\"@type\":\"ImageObject\",\"inLanguage\":\"fr-FR\",\"@id\":\"https:\\\/\\\/www.organscore.com\\\/#\\\/schema\\\/logo\\\/image\\\/\",\"url\":\"https:\\\/\\\/www.organscore.com\\\/wp-content\\\/uploads\\\/2018\\\/09\\\/organscore-logo-0153bf-h142px-shaded.png\",\"contentUrl\":\"https:\\\/\\\/www.organscore.com\\\/wp-content\\\/uploads\\\/2018\\\/09\\\/organscore-logo-0153bf-h142px-shaded.png\",\"width\":434,\"height\":142,\"caption\":\"OrganScore\"},\"image\":{\"@id\":\"https:\\\/\\\/www.organscore.com\\\/#\\\/schema\\\/logo\\\/image\\\/\"},\"sameAs\":[\"https:\\\/\\\/www.youtube.com\\\/user\\\/organopleno2000\"]}]}<\/script>\n<!-- \/ Yoast SEO plugin. -->","yoast_head_json":{"title":"Soler Concertos pour deux orgues - No Page turn - OrganScore","description":"Antonio Soler 6 concertos pour deux orgues ou deux clavecins, \u00e9dit\u00e9s par Renaud Vergnet et Jean Louchet, sans probl\u00e8me de tourne de page.","robots":{"index":"index","follow":"follow","max-snippet":"max-snippet:-1","max-image-preview":"max-image-preview:large","max-video-preview":"max-video-preview:-1"},"canonical":"https:\/\/www.organscore.com\/produit\/a-soler-6-concertos-for-two-organs\/","og_locale":"fr_FR","og_type":"article","og_title":"Soler Concertos pour deux orgues - No Page turn - OrganScore","og_description":"Antonio Soler 6 concertos pour deux orgues ou deux clavecins, \u00e9dit\u00e9s par Renaud Vergnet et Jean Louchet, sans probl\u00e8me de tourne de page.","og_url":"https:\/\/www.organscore.com\/produit\/a-soler-6-concertos-for-two-organs\/","og_site_name":"OrganScore","article_modified_time":"2020-01-14T11:29:07+00:00","og_image":[{"width":1100,"height":872,"url":"https:\/\/www.organscore.com\/wp-content\/uploads\/2020\/01\/Covers_Page_22-Orange-3.jpg","type":"image\/jpeg"}],"twitter_card":"summary_large_image","twitter_misc":{"Dur\u00e9e de lecture estim\u00e9e":"1 minute"},"schema":{"@context":"https:\/\/schema.org","@graph":[{"@type":"WebPage","@id":"https:\/\/www.organscore.com\/produit\/a-soler-6-concertos-for-two-organs\/","url":"https:\/\/www.organscore.com\/produit\/a-soler-6-concertos-for-two-organs\/","name":"Soler Concertos pour deux orgues - No Page turn - OrganScore","isPartOf":{"@id":"https:\/\/www.organscore.com\/#website"},"primaryImageOfPage":{"@id":"https:\/\/www.organscore.com\/produit\/a-soler-6-concertos-for-two-organs\/#primaryimage"},"image":{"@id":"https:\/\/www.organscore.com\/produit\/a-soler-6-concertos-for-two-organs\/#primaryimage"},"thumbnailUrl":"https:\/\/www.organscore.com\/wp-content\/uploads\/2020\/01\/Covers_Page_22-Orange-3.jpg","datePublished":"2020-01-13T22:40:55+00:00","dateModified":"2020-01-14T11:29:07+00:00","description":"Antonio Soler 6 concertos pour deux orgues ou deux clavecins, \u00e9dit\u00e9s par Renaud Vergnet et Jean Louchet, sans probl\u00e8me de tourne de page.","breadcrumb":{"@id":"https:\/\/www.organscore.com\/produit\/a-soler-6-concertos-for-two-organs\/#breadcrumb"},"inLanguage":"fr-FR","potentialAction":[{"@type":"ReadAction","target":["https:\/\/www.organscore.com\/produit\/a-soler-6-concertos-for-two-organs\/"]}]},{"@type":"ImageObject","inLanguage":"fr-FR","@id":"https:\/\/www.organscore.com\/produit\/a-soler-6-concertos-for-two-organs\/#primaryimage","url":"https:\/\/www.organscore.com\/wp-content\/uploads\/2020\/01\/Covers_Page_22-Orange-3.jpg","contentUrl":"https:\/\/www.organscore.com\/wp-content\/uploads\/2020\/01\/Covers_Page_22-Orange-3.jpg","width":1100,"height":872,"caption":"Soler Cover Image"},{"@type":"BreadcrumbList","@id":"https:\/\/www.organscore.com\/produit\/a-soler-6-concertos-for-two-organs\/#breadcrumb","itemListElement":[{"@type":"ListItem","position":1,"name":"Home","item":"https:\/\/www.organscore.com\/fr\/"},{"@type":"ListItem","position":2,"name":"Acheter","item":"https:\/\/www.organscore.com\/fr\/boutique\/"},{"@type":"ListItem","position":3,"name":"A. Soler : 6 Concertos pour deux orgues"}]},{"@type":"WebSite","@id":"https:\/\/www.organscore.com\/#website","url":"https:\/\/www.organscore.com\/","name":"OrganScore","description":"The Practical Score for Organists","publisher":{"@id":"https:\/\/www.organscore.com\/#organization"},"potentialAction":[{"@type":"SearchAction","target":{"@type":"EntryPoint","urlTemplate":"https:\/\/www.organscore.com\/?s={search_term_string}"},"query-input":{"@type":"PropertyValueSpecification","valueRequired":true,"valueName":"search_term_string"}}],"inLanguage":"fr-FR"},{"@type":"Organization","@id":"https:\/\/www.organscore.com\/#organization","name":"OrganScore","url":"https:\/\/www.organscore.com\/","logo":{"@type":"ImageObject","inLanguage":"fr-FR","@id":"https:\/\/www.organscore.com\/#\/schema\/logo\/image\/","url":"https:\/\/www.organscore.com\/wp-content\/uploads\/2018\/09\/organscore-logo-0153bf-h142px-shaded.png","contentUrl":"https:\/\/www.organscore.com\/wp-content\/uploads\/2018\/09\/organscore-logo-0153bf-h142px-shaded.png","width":434,"height":142,"caption":"OrganScore"},"image":{"@id":"https:\/\/www.organscore.com\/#\/schema\/logo\/image\/"},"sameAs":["https:\/\/www.youtube.com\/user\/organopleno2000"]}]}},"_links":{"self":[{"href":"https:\/\/www.organscore.com\/fr\/wp-json\/wp\/v2\/product\/4483","targetHints":{"allow":["GET"]}}],"collection":[{"href":"https:\/\/www.organscore.com\/fr\/wp-json\/wp\/v2\/product"}],"about":[{"href":"https:\/\/www.organscore.com\/fr\/wp-json\/wp\/v2\/types\/product"}],"wp:featuredmedia":[{"embeddable":true,"href":"https:\/\/www.organscore.com\/fr\/wp-json\/wp\/v2\/media\/4527"}],"wp:attachment":[{"href":"https:\/\/www.organscore.com\/fr\/wp-json\/wp\/v2\/media?parent=4483"}],"wp:term":[{"taxonomy":"product_brand","embeddable":true,"href":"https:\/\/www.organscore.com\/fr\/wp-json\/wp\/v2\/product_brand?post=4483"},{"taxonomy":"product_cat","embeddable":true,"href":"https:\/\/www.organscore.com\/fr\/wp-json\/wp\/v2\/product_cat?post=4483"},{"taxonomy":"product_tag","embeddable":true,"href":"https:\/\/www.organscore.com\/fr\/wp-json\/wp\/v2\/product_tag?post=4483"}],"curies":[{"name":"wp","href":"https:\/\/api.w.org\/{rel}","templated":true}]}}