{"id":4461,"date":"2020-01-04T07:21:26","date_gmt":"2020-01-04T06:21:26","guid":{"rendered":"https:\/\/www.organscore.com\/product\/w-a-mozart-%c2%8d%c2%8f%c2%90oeuvres-a-jouer-a-lorgue\/"},"modified":"2023-07-22T13:38:16","modified_gmt":"2023-07-22T11:38:16","slug":"w-a-mozart-oeuvres-a-jouer-a-lorgue","status":"publish","type":"product","link":"https:\/\/www.organscore.com\/fr\/produit\/w-a-mozart-oeuvres-a-jouer-a-lorgue\/","title":{"rendered":"W.A. Mozart : \u0152uvres \u00e0 jouer \u00e0 l&rsquo;Orgue"},"content":{"rendered":"<p style=\"text-align: justify;\">Ce volume pourrait s&rsquo;intituler \u00ab\u00a0\u0152uvres pour Orgue de Mozart\u00a0\u00bb. Malheureusement, aucune pi\u00e8ce pour orgue seul ne figure au catalogue des \u0153uvres de Mozart. Par cons\u00e9quent, celles propos\u00e9es ici sont des transcriptions d&rsquo;\u0153uvres qui, en raison de leur caract\u00e8re ou de leur instrumentation originale, conviennent particuli\u00e8rement \u00e0 l&rsquo;orgue.<\/p>\n<p style=\"text-align: justify;\">Les deux fantaisies KV 594 et 608, ainsi que l&rsquo;andante KV 616 qui, bien que compos\u00e9es \u00e0 l&rsquo;origine pour un orgue \u00e0 cylindre automatique, sont transcrites et jou\u00e9es sur l&rsquo;orgue depuis plus de deux si\u00e8cles. Quant \u00e0 l&rsquo;adagio KV 356 et l&rsquo;adagio &amp; rondo KV 617, tous deux compos\u00e9s pour Glassharmonika (\u00abharmonica de verre\u00bb), c&rsquo;est le son de cet instrument qui \u00e9voque quelque peu celui de l&rsquo;orgue. Enfin, la forme ou le caract\u00e8re peuvent \u00e9galement justifier l&rsquo;attrait pour la transcription \u00e0 l&rsquo;orgue, soit en raison de la pr\u00e9sence d&rsquo;une fugue (KV 394, 399, 546, fugues KV 153, 154, 401, 443) soit en raison d&rsquo;une couleur liturgique particuli\u00e8re (\u00ab\u00a0sonates d&rsquo;\u00e9glise\u00a0\u00bb \u00ab\u00a0KV 67 et 336, &lsquo;Laudate Dominum&rsquo; KV 339).<\/p>\n<p style=\"text-align: justify;\">Il y a deux pi\u00e8ges \u00e0 \u00e9viter dans l&rsquo;art de la transcription. Le premier consiste \u00e0 conserver \u00e0 tout prix le texte original au risque d&rsquo;obtenir quelque chose de tr\u00e8s difficile \u00e0 jouer. Le second est au contraire de simplifier \u00e0 outrance le texte, au risque de d\u00e9naturer l&rsquo;\u0153uvre originale. Les transcriptions propos\u00e9es ici tentent de ne tomber dans aucun de ces pi\u00e8ges, et elles essaient de donner l&rsquo;illusion que Mozart aurait pu les composer pour l&rsquo;orgue en premier lieu. Elles sont aussi naturelles que possible \u00e0 jouer, avec une logique de composition pour orgue et une \u00e9criture contrapuntique claire.<\/p>\n<p style=\"text-align: justify;\">Avec ce volume, les organistes auront en main non seulement une collection compl\u00e8te d&rsquo;\u0153uvres pour orgue de Mozart, mais aussi un outil vraiment efficace, et ils d\u00e9couvriront la facilit\u00e9 et l&rsquo;efficacit\u00e9 du grand format pour de le travail et l&rsquo;ex\u00e9cution de ces pi\u00e8ces.<\/p>\n<p style=\"text-align: justify;\"><strong>Contenu :<\/strong><\/p>\n<p style=\"text-align: justify;\">KV 67 &#8211; Kirchensonate in Eb<br \/>\nKV 153 &#8211; Fuga in Eb<br \/>\nKV 154 &#8211; Fuga in g<br \/>\nKV 336 &#8211; Kirchensonate in C<br \/>\nKV 339 &#8211; Laudate Dominum<br \/>\nKV 356 &#8211; Adagio in C<br \/>\nKV 394 &#8211; Fantasia &amp; Fuga in C<br \/>\nKV 399 &#8211; Ouverture &amp; Fuga in C<br \/>\nKV 401 &#8211; Fuga in g<br \/>\nKV 443 &#8211; Fuga in G<br \/>\nKV 546 &#8211; Adagio &amp; Fuga in c<br \/>\nKV 594 &#8211; Fantasia n\u00b0 1 in f<br \/>\nKV 608 &#8211; Fantasia n\u00b0 2 in f<br \/>\nKV 616 &#8211; Andante in F (original)<br \/>\nKV 616 &#8211; Andante in F (avec p\u00e9dale)<br \/>\nKV 617 &#8211; Adagio &amp; Rondo in C<br \/>\nKV 488 &#8211; (add.) &#8211; Adagio du concerto pour piano n\u00b0 23<\/p>\n","protected":false},"excerpt":{"rendered":"<p>W.A. Mozart, \u0152uvres \u00e0 jouer \u00e0 l&rsquo;Orgue<br \/>\n<strong>Sans Probl\u00e8me de Tourne de Page<br \/>\n<\/strong><em>(contenu jouable sans assistant tourneur de pages)<\/em><\/p>\n<p>OSC 021 \u2014 ISMN : 979-0-707109-21-2<br \/>\n37.5cm x 29.7cm (+reliure)<br \/>\n76 pages \u2014 120g\/m\u00b2<\/p>\n","protected":false},"featured_media":4449,"template":"","meta":{"_monsterinsights_skip_tracking":false,"_monsterinsights_sitenote_active":false,"_monsterinsights_sitenote_note":"","_monsterinsights_sitenote_category":0,"site-sidebar-layout":"default","site-content-layout":"default","ast-site-content-layout":"default","site-content-style":"default","site-sidebar-style":"default","ast-global-header-display":"","ast-banner-title-visibility":"","ast-main-header-display":"","ast-hfb-above-header-display":"","ast-hfb-below-header-display":"","ast-hfb-mobile-header-display":"","site-post-title":"","ast-breadcrumbs-content":"","ast-featured-img":"","footer-sml-layout":"","ast-disable-related-posts":"","theme-transparent-header-meta":"default","adv-header-id-meta":"","stick-header-meta":"default","header-above-stick-meta":"","header-main-stick-meta":"","header-below-stick-meta":"","astra-migrate-meta-layouts":"default","ast-page-background-enabled":"default","ast-page-background-meta":{"desktop":{"background-color":"","background-image":"","background-repeat":"repeat","background-position":"center center","background-size":"auto","background-attachment":"scroll","background-type":"","background-media":"","overlay-type":"","overlay-color":"","overlay-opacity":"","overlay-gradient":""},"tablet":{"background-color":"","background-image":"","background-repeat":"repeat","background-position":"center center","background-size":"auto","background-attachment":"scroll","background-type":"","background-media":"","overlay-type":"","overlay-color":"","overlay-opacity":"","overlay-gradient":""},"mobile":{"background-color":"","background-image":"","background-repeat":"repeat","background-position":"center center","background-size":"auto","background-attachment":"scroll","background-type":"","background-media":"","overlay-type":"","overlay-color":"","overlay-opacity":"","overlay-gradient":""}},"ast-content-background-meta":{"desktop":{"background-color":"var(--ast-global-color-5)","background-image":"","background-repeat":"repeat","background-position":"center center","background-size":"auto","background-attachment":"scroll","background-type":"","background-media":"","overlay-type":"","overlay-color":"","overlay-opacity":"","overlay-gradient":""},"tablet":{"background-color":"var(--ast-global-color-5)","background-image":"","background-repeat":"repeat","background-position":"center center","background-size":"auto","background-attachment":"scroll","background-type":"","background-media":"","overlay-type":"","overlay-color":"","overlay-opacity":"","overlay-gradient":""},"mobile":{"background-color":"var(--ast-global-color-5)","background-image":"","background-repeat":"repeat","background-position":"center center","background-size":"auto","background-attachment":"scroll","background-type":"","background-media":"","overlay-type":"","overlay-color":"","overlay-opacity":"","overlay-gradient":""}}},"product_brand":[],"product_cat":[51],"product_tag":[],"class_list":{"0":"post-4461","1":"product","2":"type-product","3":"status-publish","4":"has-post-thumbnail","6":"product_cat-partition-papier","7":"desktop-align-left","8":"tablet-align-left","9":"mobile-align-left","10":"ast-product-gallery-layout-horizontal-slider","11":"ast-product-tabs-layout-horizontal","13":"first","14":"instock","15":"shipping-taxable","16":"purchasable","17":"product-type-simple"},"yoast_head":"<!-- This site is optimized with the Yoast SEO plugin v27.4 - https:\/\/yoast.com\/product\/yoast-seo-wordpress\/ -->\n<title>Mozart - \u0152uvres pour Orgue - No Page turn - OrganScore<\/title>\n<meta name=\"description\" content=\"Mozart - \u0152uvres pour Orgue, partition sans tourne de page. Nouvelles transcriptions pour orgue par Renaud Vergnet (Fantaisies, sonates d&#039;\u00e9glise, fugues, pi\u00e8ces pour Glassharmonika, etc.)\" \/>\n<meta name=\"robots\" content=\"index, follow, max-snippet:-1, max-image-preview:large, max-video-preview:-1\" \/>\n<link rel=\"canonical\" href=\"https:\/\/www.organscore.com\/produit\/w-a-mozart-works-to-play-on-the-organ\/\" \/>\n<meta property=\"og:locale\" content=\"fr_FR\" \/>\n<meta property=\"og:type\" content=\"article\" \/>\n<meta property=\"og:title\" content=\"Mozart - \u0152uvres pour Orgue - No Page turn - OrganScore\" \/>\n<meta property=\"og:description\" content=\"Mozart - \u0152uvres pour Orgue, partition sans tourne de page. Nouvelles transcriptions pour orgue par Renaud Vergnet (Fantaisies, sonates d&#039;\u00e9glise, fugues, pi\u00e8ces pour Glassharmonika, etc.)\" \/>\n<meta property=\"og:url\" content=\"https:\/\/www.organscore.com\/produit\/w-a-mozart-works-to-play-on-the-organ\/\" \/>\n<meta property=\"og:site_name\" content=\"OrganScore\" \/>\n<meta property=\"article:modified_time\" content=\"2023-07-22T11:38:16+00:00\" \/>\n<meta property=\"og:image\" content=\"https:\/\/www.organscore.com\/wp-content\/uploads\/2019\/12\/Covers_Page_21.jpg\" \/>\n\t<meta property=\"og:image:width\" content=\"1100\" \/>\n\t<meta property=\"og:image:height\" content=\"872\" \/>\n\t<meta property=\"og:image:type\" content=\"image\/jpeg\" \/>\n<meta name=\"twitter:card\" content=\"summary_large_image\" \/>\n<meta name=\"twitter:label1\" content=\"Dur\u00e9e de lecture estim\u00e9e\" \/>\n\t<meta name=\"twitter:data1\" content=\"2 minutes\" \/>\n<script type=\"application\/ld+json\" class=\"yoast-schema-graph\">{\"@context\":\"https:\\\/\\\/schema.org\",\"@graph\":[{\"@type\":\"WebPage\",\"@id\":\"https:\\\/\\\/www.organscore.com\\\/produit\\\/w-a-mozart-works-to-play-on-the-organ\\\/\",\"url\":\"https:\\\/\\\/www.organscore.com\\\/produit\\\/w-a-mozart-works-to-play-on-the-organ\\\/\",\"name\":\"Mozart - \u0152uvres pour Orgue - No Page turn - OrganScore\",\"isPartOf\":{\"@id\":\"https:\\\/\\\/www.organscore.com\\\/#website\"},\"primaryImageOfPage\":{\"@id\":\"https:\\\/\\\/www.organscore.com\\\/produit\\\/w-a-mozart-works-to-play-on-the-organ\\\/#primaryimage\"},\"image\":{\"@id\":\"https:\\\/\\\/www.organscore.com\\\/produit\\\/w-a-mozart-works-to-play-on-the-organ\\\/#primaryimage\"},\"thumbnailUrl\":\"https:\\\/\\\/www.organscore.com\\\/wp-content\\\/uploads\\\/2019\\\/12\\\/Covers_Page_21.jpg\",\"datePublished\":\"2020-01-04T06:21:26+00:00\",\"dateModified\":\"2023-07-22T11:38:16+00:00\",\"description\":\"Mozart - \u0152uvres pour Orgue, partition sans tourne de page. Nouvelles transcriptions pour orgue par Renaud Vergnet (Fantaisies, sonates d'\u00e9glise, fugues, pi\u00e8ces pour Glassharmonika, etc.)\",\"breadcrumb\":{\"@id\":\"https:\\\/\\\/www.organscore.com\\\/produit\\\/w-a-mozart-works-to-play-on-the-organ\\\/#breadcrumb\"},\"inLanguage\":\"fr-FR\",\"potentialAction\":[{\"@type\":\"ReadAction\",\"target\":[\"https:\\\/\\\/www.organscore.com\\\/produit\\\/w-a-mozart-works-to-play-on-the-organ\\\/\"]}]},{\"@type\":\"ImageObject\",\"inLanguage\":\"fr-FR\",\"@id\":\"https:\\\/\\\/www.organscore.com\\\/produit\\\/w-a-mozart-works-to-play-on-the-organ\\\/#primaryimage\",\"url\":\"https:\\\/\\\/www.organscore.com\\\/wp-content\\\/uploads\\\/2019\\\/12\\\/Covers_Page_21.jpg\",\"contentUrl\":\"https:\\\/\\\/www.organscore.com\\\/wp-content\\\/uploads\\\/2019\\\/12\\\/Covers_Page_21.jpg\",\"width\":1100,\"height\":872,\"caption\":\"Couverture Mozart \u0152uvres \u00e0 jouer \u00e0 l'Orgue\"},{\"@type\":\"BreadcrumbList\",\"@id\":\"https:\\\/\\\/www.organscore.com\\\/produit\\\/w-a-mozart-works-to-play-on-the-organ\\\/#breadcrumb\",\"itemListElement\":[{\"@type\":\"ListItem\",\"position\":1,\"name\":\"Home\",\"item\":\"https:\\\/\\\/www.organscore.com\\\/fr\\\/\"},{\"@type\":\"ListItem\",\"position\":2,\"name\":\"Acheter\",\"item\":\"https:\\\/\\\/www.organscore.com\\\/fr\\\/boutique\\\/\"},{\"@type\":\"ListItem\",\"position\":3,\"name\":\"W.A. Mozart : \u0152uvres \u00e0 jouer \u00e0 l&#8217;Orgue\"}]},{\"@type\":\"WebSite\",\"@id\":\"https:\\\/\\\/www.organscore.com\\\/#website\",\"url\":\"https:\\\/\\\/www.organscore.com\\\/\",\"name\":\"OrganScore\",\"description\":\"The Practical Score for Organists\",\"publisher\":{\"@id\":\"https:\\\/\\\/www.organscore.com\\\/#organization\"},\"potentialAction\":[{\"@type\":\"SearchAction\",\"target\":{\"@type\":\"EntryPoint\",\"urlTemplate\":\"https:\\\/\\\/www.organscore.com\\\/?s={search_term_string}\"},\"query-input\":{\"@type\":\"PropertyValueSpecification\",\"valueRequired\":true,\"valueName\":\"search_term_string\"}}],\"inLanguage\":\"fr-FR\"},{\"@type\":\"Organization\",\"@id\":\"https:\\\/\\\/www.organscore.com\\\/#organization\",\"name\":\"OrganScore\",\"url\":\"https:\\\/\\\/www.organscore.com\\\/\",\"logo\":{\"@type\":\"ImageObject\",\"inLanguage\":\"fr-FR\",\"@id\":\"https:\\\/\\\/www.organscore.com\\\/#\\\/schema\\\/logo\\\/image\\\/\",\"url\":\"https:\\\/\\\/www.organscore.com\\\/wp-content\\\/uploads\\\/2018\\\/09\\\/organscore-logo-0153bf-h142px-shaded.png\",\"contentUrl\":\"https:\\\/\\\/www.organscore.com\\\/wp-content\\\/uploads\\\/2018\\\/09\\\/organscore-logo-0153bf-h142px-shaded.png\",\"width\":434,\"height\":142,\"caption\":\"OrganScore\"},\"image\":{\"@id\":\"https:\\\/\\\/www.organscore.com\\\/#\\\/schema\\\/logo\\\/image\\\/\"},\"sameAs\":[\"https:\\\/\\\/www.youtube.com\\\/user\\\/organopleno2000\"]}]}<\/script>\n<!-- \/ Yoast SEO plugin. -->","yoast_head_json":{"title":"Mozart - \u0152uvres pour Orgue - No Page turn - OrganScore","description":"Mozart - \u0152uvres pour Orgue, partition sans tourne de page. Nouvelles transcriptions pour orgue par Renaud Vergnet (Fantaisies, sonates d'\u00e9glise, fugues, pi\u00e8ces pour Glassharmonika, etc.)","robots":{"index":"index","follow":"follow","max-snippet":"max-snippet:-1","max-image-preview":"max-image-preview:large","max-video-preview":"max-video-preview:-1"},"canonical":"https:\/\/www.organscore.com\/produit\/w-a-mozart-works-to-play-on-the-organ\/","og_locale":"fr_FR","og_type":"article","og_title":"Mozart - \u0152uvres pour Orgue - No Page turn - OrganScore","og_description":"Mozart - \u0152uvres pour Orgue, partition sans tourne de page. Nouvelles transcriptions pour orgue par Renaud Vergnet (Fantaisies, sonates d'\u00e9glise, fugues, pi\u00e8ces pour Glassharmonika, etc.)","og_url":"https:\/\/www.organscore.com\/produit\/w-a-mozart-works-to-play-on-the-organ\/","og_site_name":"OrganScore","article_modified_time":"2023-07-22T11:38:16+00:00","og_image":[{"width":1100,"height":872,"url":"https:\/\/www.organscore.com\/wp-content\/uploads\/2019\/12\/Covers_Page_21.jpg","type":"image\/jpeg"}],"twitter_card":"summary_large_image","twitter_misc":{"Dur\u00e9e de lecture estim\u00e9e":"2 minutes"},"schema":{"@context":"https:\/\/schema.org","@graph":[{"@type":"WebPage","@id":"https:\/\/www.organscore.com\/produit\/w-a-mozart-works-to-play-on-the-organ\/","url":"https:\/\/www.organscore.com\/produit\/w-a-mozart-works-to-play-on-the-organ\/","name":"Mozart - \u0152uvres pour Orgue - No Page turn - OrganScore","isPartOf":{"@id":"https:\/\/www.organscore.com\/#website"},"primaryImageOfPage":{"@id":"https:\/\/www.organscore.com\/produit\/w-a-mozart-works-to-play-on-the-organ\/#primaryimage"},"image":{"@id":"https:\/\/www.organscore.com\/produit\/w-a-mozart-works-to-play-on-the-organ\/#primaryimage"},"thumbnailUrl":"https:\/\/www.organscore.com\/wp-content\/uploads\/2019\/12\/Covers_Page_21.jpg","datePublished":"2020-01-04T06:21:26+00:00","dateModified":"2023-07-22T11:38:16+00:00","description":"Mozart - \u0152uvres pour Orgue, partition sans tourne de page. Nouvelles transcriptions pour orgue par Renaud Vergnet (Fantaisies, sonates d'\u00e9glise, fugues, pi\u00e8ces pour Glassharmonika, etc.)","breadcrumb":{"@id":"https:\/\/www.organscore.com\/produit\/w-a-mozart-works-to-play-on-the-organ\/#breadcrumb"},"inLanguage":"fr-FR","potentialAction":[{"@type":"ReadAction","target":["https:\/\/www.organscore.com\/produit\/w-a-mozart-works-to-play-on-the-organ\/"]}]},{"@type":"ImageObject","inLanguage":"fr-FR","@id":"https:\/\/www.organscore.com\/produit\/w-a-mozart-works-to-play-on-the-organ\/#primaryimage","url":"https:\/\/www.organscore.com\/wp-content\/uploads\/2019\/12\/Covers_Page_21.jpg","contentUrl":"https:\/\/www.organscore.com\/wp-content\/uploads\/2019\/12\/Covers_Page_21.jpg","width":1100,"height":872,"caption":"Couverture Mozart \u0152uvres \u00e0 jouer \u00e0 l'Orgue"},{"@type":"BreadcrumbList","@id":"https:\/\/www.organscore.com\/produit\/w-a-mozart-works-to-play-on-the-organ\/#breadcrumb","itemListElement":[{"@type":"ListItem","position":1,"name":"Home","item":"https:\/\/www.organscore.com\/fr\/"},{"@type":"ListItem","position":2,"name":"Acheter","item":"https:\/\/www.organscore.com\/fr\/boutique\/"},{"@type":"ListItem","position":3,"name":"W.A. Mozart : \u0152uvres \u00e0 jouer \u00e0 l&#8217;Orgue"}]},{"@type":"WebSite","@id":"https:\/\/www.organscore.com\/#website","url":"https:\/\/www.organscore.com\/","name":"OrganScore","description":"The Practical Score for Organists","publisher":{"@id":"https:\/\/www.organscore.com\/#organization"},"potentialAction":[{"@type":"SearchAction","target":{"@type":"EntryPoint","urlTemplate":"https:\/\/www.organscore.com\/?s={search_term_string}"},"query-input":{"@type":"PropertyValueSpecification","valueRequired":true,"valueName":"search_term_string"}}],"inLanguage":"fr-FR"},{"@type":"Organization","@id":"https:\/\/www.organscore.com\/#organization","name":"OrganScore","url":"https:\/\/www.organscore.com\/","logo":{"@type":"ImageObject","inLanguage":"fr-FR","@id":"https:\/\/www.organscore.com\/#\/schema\/logo\/image\/","url":"https:\/\/www.organscore.com\/wp-content\/uploads\/2018\/09\/organscore-logo-0153bf-h142px-shaded.png","contentUrl":"https:\/\/www.organscore.com\/wp-content\/uploads\/2018\/09\/organscore-logo-0153bf-h142px-shaded.png","width":434,"height":142,"caption":"OrganScore"},"image":{"@id":"https:\/\/www.organscore.com\/#\/schema\/logo\/image\/"},"sameAs":["https:\/\/www.youtube.com\/user\/organopleno2000"]}]}},"_links":{"self":[{"href":"https:\/\/www.organscore.com\/fr\/wp-json\/wp\/v2\/product\/4461","targetHints":{"allow":["GET"]}}],"collection":[{"href":"https:\/\/www.organscore.com\/fr\/wp-json\/wp\/v2\/product"}],"about":[{"href":"https:\/\/www.organscore.com\/fr\/wp-json\/wp\/v2\/types\/product"}],"wp:featuredmedia":[{"embeddable":true,"href":"https:\/\/www.organscore.com\/fr\/wp-json\/wp\/v2\/media\/4449"}],"wp:attachment":[{"href":"https:\/\/www.organscore.com\/fr\/wp-json\/wp\/v2\/media?parent=4461"}],"wp:term":[{"taxonomy":"product_brand","embeddable":true,"href":"https:\/\/www.organscore.com\/fr\/wp-json\/wp\/v2\/product_brand?post=4461"},{"taxonomy":"product_cat","embeddable":true,"href":"https:\/\/www.organscore.com\/fr\/wp-json\/wp\/v2\/product_cat?post=4461"},{"taxonomy":"product_tag","embeddable":true,"href":"https:\/\/www.organscore.com\/fr\/wp-json\/wp\/v2\/product_tag?post=4461"}],"curies":[{"name":"wp","href":"https:\/\/api.w.org\/{rel}","templated":true}]}}