{"id":4062,"date":"2019-01-18T00:07:45","date_gmt":"2019-01-17T23:07:45","guid":{"rendered":"https:\/\/www.organscore.com\/?post_type=product&#038;p=4062"},"modified":"2019-01-18T14:20:09","modified_gmt":"2019-01-18T13:20:09","slug":"l-vierne-pieces-de-fantaisie-volume-ii-suites-3-4","status":"publish","type":"product","link":"https:\/\/www.organscore.com\/fr\/produit\/l-vierne-pieces-de-fantaisie-volume-ii-suites-3-4\/","title":{"rendered":"L. Vierne : Pi\u00e8ces de Fantaisie, Volume II (Suites 3 et 4)"},"content":{"rendered":"<p style=\"text-align: justify;\">Les vingt\u2010quatre Pi\u00e8ces de fantaisie pour Orgue de Louis Vierne, r\u00e9parties en quatre suites, sont \u00e9crites pour un Orgue \u00e0 trois clavier et un P\u00e9dalier. Publi\u00e9es en 1926 et 1927, elles constituent 4 suites de 6 pi\u00e8ces chacune. D&rsquo;apr\u00e8s le compositeur, elles sont de \u00ab\u00a0moyenne difficult\u00e9\u00a0\u00bb et leur dur\u00e9e \u00ab\u00a0varie de 3 \u00e0 5 minutes\u00a0\u00bb. En pratique cela d\u00e9pend du tempo choisi, et certaines peuvent durer jusqu&rsquo;\u00e0 7 ou 8 minutes. Le format OrganScore est particuli\u00e8rement adapt\u00e9 pour ces pi\u00e8ces, dans lesquelles les mains peuvent \u00eatre dans l&rsquo;impossibilit\u00e9 de quitter le clavier durant de tr\u00e8s longs passages. Les quatres suites sont regroup\u00e9es ici en deux volumes. Le Volume II couvre les troisi\u00e8me et quatri\u00e8me suites.<\/p>\n<p><strong>Contenu :<\/strong><\/p>\n<p><strong>3\u00e8me Suite Op. 54<\/strong><\/p>\n<ol>\n<li>D\u00e9dicace<\/li>\n<li>Impromptu<\/li>\n<li>Etoile du soir<\/li>\n<li>Fant\u00f4mes<\/li>\n<li>Sur le Rhin<\/li>\n<li>Carillon de Westminster<\/li>\n<\/ol>\n<p><strong>4\u00e8me Suite Op. 55<\/strong><\/p>\n<ol>\n<li>Aubade<\/li>\n<li>R\u00e9signation<\/li>\n<li>Cath\u00e9drales<\/li>\n<li>Na\u00efades<\/li>\n<li>Gargouilles et chim\u00e8res<\/li>\n<li>Les cloches de Hinckley<\/li>\n<\/ol>\n","protected":false},"excerpt":{"rendered":"<p>L. Vierne, Pi\u00e8ces de Fantaisie pour Orgue<br \/>\nVolume II : Suites 3 &amp; 4<br \/>\n<strong>Sans Probl\u00e8me de Tourne de Page<br \/>\n<\/strong><em>(enti\u00e8rement jouable sans tourneur de page)<\/em><\/p>\n<p>OSC 020 \u2014 ISMN :\u00a0979-0-707109-20-5<br \/>\n37.5cm x 29.7cm (+spirale)<br \/>\n54 pages \u2014 120g\/m\u00b2<\/p>\n","protected":false},"featured_media":4065,"template":"","meta":{"_monsterinsights_skip_tracking":false,"_monsterinsights_sitenote_active":false,"_monsterinsights_sitenote_note":"","_monsterinsights_sitenote_category":0,"site-sidebar-layout":"default","site-content-layout":"default","ast-site-content-layout":"default","site-content-style":"default","site-sidebar-style":"default","ast-global-header-display":"","ast-banner-title-visibility":"","ast-main-header-display":"","ast-hfb-above-header-display":"","ast-hfb-below-header-display":"","ast-hfb-mobile-header-display":"","site-post-title":"","ast-breadcrumbs-content":"","ast-featured-img":"","footer-sml-layout":"","ast-disable-related-posts":"","theme-transparent-header-meta":"default","adv-header-id-meta":"","stick-header-meta":"default","header-above-stick-meta":"","header-main-stick-meta":"","header-below-stick-meta":"","astra-migrate-meta-layouts":"default","ast-page-background-enabled":"default","ast-page-background-meta":{"desktop":{"background-color":"","background-image":"","background-repeat":"repeat","background-position":"center center","background-size":"auto","background-attachment":"scroll","background-type":"","background-media":"","overlay-type":"","overlay-color":"","overlay-opacity":"","overlay-gradient":""},"tablet":{"background-color":"","background-image":"","background-repeat":"repeat","background-position":"center center","background-size":"auto","background-attachment":"scroll","background-type":"","background-media":"","overlay-type":"","overlay-color":"","overlay-opacity":"","overlay-gradient":""},"mobile":{"background-color":"","background-image":"","background-repeat":"repeat","background-position":"center center","background-size":"auto","background-attachment":"scroll","background-type":"","background-media":"","overlay-type":"","overlay-color":"","overlay-opacity":"","overlay-gradient":""}},"ast-content-background-meta":{"desktop":{"background-color":"var(--ast-global-color-5)","background-image":"","background-repeat":"repeat","background-position":"center center","background-size":"auto","background-attachment":"scroll","background-type":"","background-media":"","overlay-type":"","overlay-color":"","overlay-opacity":"","overlay-gradient":""},"tablet":{"background-color":"var(--ast-global-color-5)","background-image":"","background-repeat":"repeat","background-position":"center center","background-size":"auto","background-attachment":"scroll","background-type":"","background-media":"","overlay-type":"","overlay-color":"","overlay-opacity":"","overlay-gradient":""},"mobile":{"background-color":"var(--ast-global-color-5)","background-image":"","background-repeat":"repeat","background-position":"center center","background-size":"auto","background-attachment":"scroll","background-type":"","background-media":"","overlay-type":"","overlay-color":"","overlay-opacity":"","overlay-gradient":""}}},"product_brand":[],"product_cat":[51],"product_tag":[],"class_list":{"0":"post-4062","1":"product","2":"type-product","3":"status-publish","4":"has-post-thumbnail","6":"product_cat-partition-papier","7":"desktop-align-left","8":"tablet-align-left","9":"mobile-align-left","10":"ast-product-gallery-layout-horizontal-slider","11":"ast-product-tabs-layout-horizontal","13":"first","14":"instock","15":"shipping-taxable","16":"purchasable","17":"product-type-simple"},"yoast_head":"<!-- This site is optimized with the Yoast SEO plugin v27.5 - https:\/\/yoast.com\/product\/yoast-seo-wordpress\/ -->\n<title>Louis Vierne : Pi\u00e8ces de Fantaisie, Vol. II - avec tournes faciles ! - OrganScore<\/title>\n<meta name=\"description\" content=\"Louis Vierne, Pi\u00e8ces de Fantaisie avec tournes faciles, edit\u00e9es par Renaud Vergnet (Vol. II: Suites 3 &amp; 4) OSC 020 - ISMN 979-070710920-5\" \/>\n<meta name=\"robots\" content=\"index, follow, max-snippet:-1, max-image-preview:large, max-video-preview:-1\" \/>\n<link rel=\"canonical\" href=\"https:\/\/www.organscore.com\/produit\/l-vierne-pieces-de-fantaisie-volume-ii-suites-3-4\/\" \/>\n<meta property=\"og:locale\" content=\"fr_FR\" \/>\n<meta property=\"og:type\" content=\"article\" \/>\n<meta property=\"og:title\" content=\"Louis Vierne : Pi\u00e8ces de Fantaisie, Vol. II - avec tournes faciles ! - OrganScore\" \/>\n<meta property=\"og:description\" content=\"Louis Vierne, Pi\u00e8ces de Fantaisie avec tournes faciles, edit\u00e9es par Renaud Vergnet (Vol. II: Suites 3 &amp; 4) OSC 020 - ISMN 979-070710920-5\" \/>\n<meta property=\"og:url\" content=\"https:\/\/www.organscore.com\/produit\/l-vierne-pieces-de-fantaisie-volume-ii-suites-3-4\/\" \/>\n<meta property=\"og:site_name\" content=\"OrganScore\" \/>\n<meta property=\"article:modified_time\" content=\"2019-01-18T13:20:09+00:00\" \/>\n<meta property=\"og:image\" content=\"https:\/\/www.organscore.com\/wp-content\/uploads\/2019\/01\/organscore-vierne-pieces-de-fantaisie-volume-ii.jpg\" \/>\n\t<meta property=\"og:image:width\" content=\"1100\" \/>\n\t<meta property=\"og:image:height\" content=\"872\" \/>\n\t<meta property=\"og:image:type\" content=\"image\/jpeg\" \/>\n<meta name=\"twitter:card\" content=\"summary_large_image\" \/>\n<meta name=\"twitter:label1\" content=\"Dur\u00e9e de lecture estim\u00e9e\" \/>\n\t<meta name=\"twitter:data1\" content=\"1 minute\" \/>\n<script type=\"application\/ld+json\" class=\"yoast-schema-graph\">{\"@context\":\"https:\\\/\\\/schema.org\",\"@graph\":[{\"@type\":\"WebPage\",\"@id\":\"https:\\\/\\\/www.organscore.com\\\/produit\\\/l-vierne-pieces-de-fantaisie-volume-ii-suites-3-4\\\/\",\"url\":\"https:\\\/\\\/www.organscore.com\\\/produit\\\/l-vierne-pieces-de-fantaisie-volume-ii-suites-3-4\\\/\",\"name\":\"Louis Vierne : Pi\u00e8ces de Fantaisie, Vol. II - avec tournes faciles ! - OrganScore\",\"isPartOf\":{\"@id\":\"https:\\\/\\\/www.organscore.com\\\/#website\"},\"primaryImageOfPage\":{\"@id\":\"https:\\\/\\\/www.organscore.com\\\/produit\\\/l-vierne-pieces-de-fantaisie-volume-ii-suites-3-4\\\/#primaryimage\"},\"image\":{\"@id\":\"https:\\\/\\\/www.organscore.com\\\/produit\\\/l-vierne-pieces-de-fantaisie-volume-ii-suites-3-4\\\/#primaryimage\"},\"thumbnailUrl\":\"https:\\\/\\\/www.organscore.com\\\/wp-content\\\/uploads\\\/2019\\\/01\\\/organscore-vierne-pieces-de-fantaisie-volume-ii.jpg\",\"datePublished\":\"2019-01-17T23:07:45+00:00\",\"dateModified\":\"2019-01-18T13:20:09+00:00\",\"description\":\"Louis Vierne, Pi\u00e8ces de Fantaisie avec tournes faciles, edit\u00e9es par Renaud Vergnet (Vol. II: Suites 3 & 4) OSC 020 - ISMN 979-070710920-5\",\"breadcrumb\":{\"@id\":\"https:\\\/\\\/www.organscore.com\\\/produit\\\/l-vierne-pieces-de-fantaisie-volume-ii-suites-3-4\\\/#breadcrumb\"},\"inLanguage\":\"fr-FR\",\"potentialAction\":[{\"@type\":\"ReadAction\",\"target\":[\"https:\\\/\\\/www.organscore.com\\\/produit\\\/l-vierne-pieces-de-fantaisie-volume-ii-suites-3-4\\\/\"]}]},{\"@type\":\"ImageObject\",\"inLanguage\":\"fr-FR\",\"@id\":\"https:\\\/\\\/www.organscore.com\\\/produit\\\/l-vierne-pieces-de-fantaisie-volume-ii-suites-3-4\\\/#primaryimage\",\"url\":\"https:\\\/\\\/www.organscore.com\\\/wp-content\\\/uploads\\\/2019\\\/01\\\/organscore-vierne-pieces-de-fantaisie-volume-ii.jpg\",\"contentUrl\":\"https:\\\/\\\/www.organscore.com\\\/wp-content\\\/uploads\\\/2019\\\/01\\\/organscore-vierne-pieces-de-fantaisie-volume-ii.jpg\",\"width\":1100,\"height\":872,\"caption\":\"OrganScore Vierne Pieces de Fantaisie Volume II\"},{\"@type\":\"BreadcrumbList\",\"@id\":\"https:\\\/\\\/www.organscore.com\\\/produit\\\/l-vierne-pieces-de-fantaisie-volume-ii-suites-3-4\\\/#breadcrumb\",\"itemListElement\":[{\"@type\":\"ListItem\",\"position\":1,\"name\":\"Home\",\"item\":\"https:\\\/\\\/www.organscore.com\\\/fr\\\/\"},{\"@type\":\"ListItem\",\"position\":2,\"name\":\"Acheter\",\"item\":\"https:\\\/\\\/www.organscore.com\\\/fr\\\/boutique\\\/\"},{\"@type\":\"ListItem\",\"position\":3,\"name\":\"L. Vierne : Pi\u00e8ces de Fantaisie, Volume II (Suites 3 et 4)\"}]},{\"@type\":\"WebSite\",\"@id\":\"https:\\\/\\\/www.organscore.com\\\/#website\",\"url\":\"https:\\\/\\\/www.organscore.com\\\/\",\"name\":\"OrganScore\",\"description\":\"The Practical Score for Organists\",\"publisher\":{\"@id\":\"https:\\\/\\\/www.organscore.com\\\/#organization\"},\"potentialAction\":[{\"@type\":\"SearchAction\",\"target\":{\"@type\":\"EntryPoint\",\"urlTemplate\":\"https:\\\/\\\/www.organscore.com\\\/?s={search_term_string}\"},\"query-input\":{\"@type\":\"PropertyValueSpecification\",\"valueRequired\":true,\"valueName\":\"search_term_string\"}}],\"inLanguage\":\"fr-FR\"},{\"@type\":\"Organization\",\"@id\":\"https:\\\/\\\/www.organscore.com\\\/#organization\",\"name\":\"OrganScore\",\"url\":\"https:\\\/\\\/www.organscore.com\\\/\",\"logo\":{\"@type\":\"ImageObject\",\"inLanguage\":\"fr-FR\",\"@id\":\"https:\\\/\\\/www.organscore.com\\\/#\\\/schema\\\/logo\\\/image\\\/\",\"url\":\"https:\\\/\\\/www.organscore.com\\\/wp-content\\\/uploads\\\/2018\\\/09\\\/organscore-logo-0153bf-h142px-shaded.png\",\"contentUrl\":\"https:\\\/\\\/www.organscore.com\\\/wp-content\\\/uploads\\\/2018\\\/09\\\/organscore-logo-0153bf-h142px-shaded.png\",\"width\":434,\"height\":142,\"caption\":\"OrganScore\"},\"image\":{\"@id\":\"https:\\\/\\\/www.organscore.com\\\/#\\\/schema\\\/logo\\\/image\\\/\"},\"sameAs\":[\"https:\\\/\\\/www.youtube.com\\\/user\\\/organopleno2000\"]}]}<\/script>\n<!-- \/ Yoast SEO plugin. -->","yoast_head_json":{"title":"Louis Vierne : Pi\u00e8ces de Fantaisie, Vol. II - avec tournes faciles ! - OrganScore","description":"Louis Vierne, Pi\u00e8ces de Fantaisie avec tournes faciles, edit\u00e9es par Renaud Vergnet (Vol. II: Suites 3 & 4) OSC 020 - ISMN 979-070710920-5","robots":{"index":"index","follow":"follow","max-snippet":"max-snippet:-1","max-image-preview":"max-image-preview:large","max-video-preview":"max-video-preview:-1"},"canonical":"https:\/\/www.organscore.com\/produit\/l-vierne-pieces-de-fantaisie-volume-ii-suites-3-4\/","og_locale":"fr_FR","og_type":"article","og_title":"Louis Vierne : Pi\u00e8ces de Fantaisie, Vol. II - avec tournes faciles ! - OrganScore","og_description":"Louis Vierne, Pi\u00e8ces de Fantaisie avec tournes faciles, edit\u00e9es par Renaud Vergnet (Vol. II: Suites 3 & 4) OSC 020 - ISMN 979-070710920-5","og_url":"https:\/\/www.organscore.com\/produit\/l-vierne-pieces-de-fantaisie-volume-ii-suites-3-4\/","og_site_name":"OrganScore","article_modified_time":"2019-01-18T13:20:09+00:00","og_image":[{"width":1100,"height":872,"url":"https:\/\/www.organscore.com\/wp-content\/uploads\/2019\/01\/organscore-vierne-pieces-de-fantaisie-volume-ii.jpg","type":"image\/jpeg"}],"twitter_card":"summary_large_image","twitter_misc":{"Dur\u00e9e de lecture estim\u00e9e":"1 minute"},"schema":{"@context":"https:\/\/schema.org","@graph":[{"@type":"WebPage","@id":"https:\/\/www.organscore.com\/produit\/l-vierne-pieces-de-fantaisie-volume-ii-suites-3-4\/","url":"https:\/\/www.organscore.com\/produit\/l-vierne-pieces-de-fantaisie-volume-ii-suites-3-4\/","name":"Louis Vierne : Pi\u00e8ces de Fantaisie, Vol. II - avec tournes faciles ! - OrganScore","isPartOf":{"@id":"https:\/\/www.organscore.com\/#website"},"primaryImageOfPage":{"@id":"https:\/\/www.organscore.com\/produit\/l-vierne-pieces-de-fantaisie-volume-ii-suites-3-4\/#primaryimage"},"image":{"@id":"https:\/\/www.organscore.com\/produit\/l-vierne-pieces-de-fantaisie-volume-ii-suites-3-4\/#primaryimage"},"thumbnailUrl":"https:\/\/www.organscore.com\/wp-content\/uploads\/2019\/01\/organscore-vierne-pieces-de-fantaisie-volume-ii.jpg","datePublished":"2019-01-17T23:07:45+00:00","dateModified":"2019-01-18T13:20:09+00:00","description":"Louis Vierne, Pi\u00e8ces de Fantaisie avec tournes faciles, edit\u00e9es par Renaud Vergnet (Vol. II: Suites 3 & 4) OSC 020 - ISMN 979-070710920-5","breadcrumb":{"@id":"https:\/\/www.organscore.com\/produit\/l-vierne-pieces-de-fantaisie-volume-ii-suites-3-4\/#breadcrumb"},"inLanguage":"fr-FR","potentialAction":[{"@type":"ReadAction","target":["https:\/\/www.organscore.com\/produit\/l-vierne-pieces-de-fantaisie-volume-ii-suites-3-4\/"]}]},{"@type":"ImageObject","inLanguage":"fr-FR","@id":"https:\/\/www.organscore.com\/produit\/l-vierne-pieces-de-fantaisie-volume-ii-suites-3-4\/#primaryimage","url":"https:\/\/www.organscore.com\/wp-content\/uploads\/2019\/01\/organscore-vierne-pieces-de-fantaisie-volume-ii.jpg","contentUrl":"https:\/\/www.organscore.com\/wp-content\/uploads\/2019\/01\/organscore-vierne-pieces-de-fantaisie-volume-ii.jpg","width":1100,"height":872,"caption":"OrganScore Vierne Pieces de Fantaisie Volume II"},{"@type":"BreadcrumbList","@id":"https:\/\/www.organscore.com\/produit\/l-vierne-pieces-de-fantaisie-volume-ii-suites-3-4\/#breadcrumb","itemListElement":[{"@type":"ListItem","position":1,"name":"Home","item":"https:\/\/www.organscore.com\/fr\/"},{"@type":"ListItem","position":2,"name":"Acheter","item":"https:\/\/www.organscore.com\/fr\/boutique\/"},{"@type":"ListItem","position":3,"name":"L. Vierne : Pi\u00e8ces de Fantaisie, Volume II (Suites 3 et 4)"}]},{"@type":"WebSite","@id":"https:\/\/www.organscore.com\/#website","url":"https:\/\/www.organscore.com\/","name":"OrganScore","description":"The Practical Score for Organists","publisher":{"@id":"https:\/\/www.organscore.com\/#organization"},"potentialAction":[{"@type":"SearchAction","target":{"@type":"EntryPoint","urlTemplate":"https:\/\/www.organscore.com\/?s={search_term_string}"},"query-input":{"@type":"PropertyValueSpecification","valueRequired":true,"valueName":"search_term_string"}}],"inLanguage":"fr-FR"},{"@type":"Organization","@id":"https:\/\/www.organscore.com\/#organization","name":"OrganScore","url":"https:\/\/www.organscore.com\/","logo":{"@type":"ImageObject","inLanguage":"fr-FR","@id":"https:\/\/www.organscore.com\/#\/schema\/logo\/image\/","url":"https:\/\/www.organscore.com\/wp-content\/uploads\/2018\/09\/organscore-logo-0153bf-h142px-shaded.png","contentUrl":"https:\/\/www.organscore.com\/wp-content\/uploads\/2018\/09\/organscore-logo-0153bf-h142px-shaded.png","width":434,"height":142,"caption":"OrganScore"},"image":{"@id":"https:\/\/www.organscore.com\/#\/schema\/logo\/image\/"},"sameAs":["https:\/\/www.youtube.com\/user\/organopleno2000"]}]}},"_links":{"self":[{"href":"https:\/\/www.organscore.com\/fr\/wp-json\/wp\/v2\/product\/4062","targetHints":{"allow":["GET"]}}],"collection":[{"href":"https:\/\/www.organscore.com\/fr\/wp-json\/wp\/v2\/product"}],"about":[{"href":"https:\/\/www.organscore.com\/fr\/wp-json\/wp\/v2\/types\/product"}],"wp:featuredmedia":[{"embeddable":true,"href":"https:\/\/www.organscore.com\/fr\/wp-json\/wp\/v2\/media\/4065"}],"wp:attachment":[{"href":"https:\/\/www.organscore.com\/fr\/wp-json\/wp\/v2\/media?parent=4062"}],"wp:term":[{"taxonomy":"product_brand","embeddable":true,"href":"https:\/\/www.organscore.com\/fr\/wp-json\/wp\/v2\/product_brand?post=4062"},{"taxonomy":"product_cat","embeddable":true,"href":"https:\/\/www.organscore.com\/fr\/wp-json\/wp\/v2\/product_cat?post=4062"},{"taxonomy":"product_tag","embeddable":true,"href":"https:\/\/www.organscore.com\/fr\/wp-json\/wp\/v2\/product_tag?post=4062"}],"curies":[{"name":"wp","href":"https:\/\/api.w.org\/{rel}","templated":true}]}}