{"id":4036,"date":"2019-01-15T22:03:33","date_gmt":"2019-01-15T21:03:33","guid":{"rendered":"https:\/\/www.organscore.com\/?post_type=product&#038;p=4036"},"modified":"2019-01-15T22:39:04","modified_gmt":"2019-01-15T21:39:04","slug":"f-mendelssohn-volume-ii-pieces-diverses","status":"publish","type":"product","link":"https:\/\/www.organscore.com\/fr\/produit\/f-mendelssohn-volume-ii-pieces-diverses\/","title":{"rendered":"F. Mendelssohn\u00a0(Volume II) : Pi\u00e8ces Diverses"},"content":{"rendered":"<p style=\"text-align: justify;\">Ce second volume inclut un ensemble d&rsquo;oeuvres pour orgue de felix Mendelssohn, moins connues que celles du volume I, et qui correspondent pour la plupart \u00e0 la p\u00e9riode de jeunesse du compositeur. Techniquement moins difficiles que les 6 sonates et les 3 pr\u00e9ludes et fugues, elles n&rsquo;en sont pas moins d&rsquo;un grand int\u00e9r\u00eat musical.<\/p>\n<p><strong>Contenu<\/strong><\/p>\n<p>Praeludium in d<br \/>\nPraeludium in c<br \/>\nNachspiel (&amp; Fuga) in D<br \/>\nAllegro, Choral &amp; Fuga in d\/D<br \/>\nFuga in e<br \/>\nFughetta in A<br \/>\nFughetta in D<br \/>\nFuga in d (1)<br \/>\nFuga in d (2)<br \/>\nFuga in g<br \/>\nFuga in f<br \/>\nFuga in B<br \/>\nOstinato in c<br \/>\nChoral &amp; Var. \u00ab\u00a0Wie gross ist des Allm\u00e4cht&rsquo;gen G\u00fcte\u00a0\u00bb<br \/>\nThema &amp; Variationen in D<br \/>\nAndante in D (\u00ab\u00a0Sanft\u00a0\u00bb)<br \/>\nAllegro in B<br \/>\nAndante alla marcia in B<br \/>\nAllegro moderato maestoso in C<br \/>\nTrio (Andante) in F<br \/>\nAndante con moto in g<\/p>\n","protected":false},"excerpt":{"rendered":"<p>Felix Mendelssohn (Volume II):<br \/>\nPi\u00e8ces Diverses<br \/>\n<strong>Sans Probl\u00e8me de Tourne de Page<br \/>\n<\/strong><em>(enti\u00e8rement jouable sans tourneur de page)<\/em><\/p>\n<p>OSC 018 \u2014 ISMN :\u00a0979-0-707109-18-2<br \/>\n37.5cm x 29.7cm (+spirale)<br \/>\n54 pages \u2014 120g\/m\u00b2<\/p>\n","protected":false},"featured_media":4041,"template":"","meta":{"_monsterinsights_skip_tracking":false,"_monsterinsights_sitenote_active":false,"_monsterinsights_sitenote_note":"","_monsterinsights_sitenote_category":0,"site-sidebar-layout":"default","site-content-layout":"default","ast-site-content-layout":"default","site-content-style":"default","site-sidebar-style":"default","ast-global-header-display":"","ast-banner-title-visibility":"","ast-main-header-display":"","ast-hfb-above-header-display":"","ast-hfb-below-header-display":"","ast-hfb-mobile-header-display":"","site-post-title":"","ast-breadcrumbs-content":"","ast-featured-img":"","footer-sml-layout":"","ast-disable-related-posts":"","theme-transparent-header-meta":"default","adv-header-id-meta":"","stick-header-meta":"default","header-above-stick-meta":"","header-main-stick-meta":"","header-below-stick-meta":"","astra-migrate-meta-layouts":"default","ast-page-background-enabled":"default","ast-page-background-meta":{"desktop":{"background-color":"","background-image":"","background-repeat":"repeat","background-position":"center center","background-size":"auto","background-attachment":"scroll","background-type":"","background-media":"","overlay-type":"","overlay-color":"","overlay-opacity":"","overlay-gradient":""},"tablet":{"background-color":"","background-image":"","background-repeat":"repeat","background-position":"center center","background-size":"auto","background-attachment":"scroll","background-type":"","background-media":"","overlay-type":"","overlay-color":"","overlay-opacity":"","overlay-gradient":""},"mobile":{"background-color":"","background-image":"","background-repeat":"repeat","background-position":"center center","background-size":"auto","background-attachment":"scroll","background-type":"","background-media":"","overlay-type":"","overlay-color":"","overlay-opacity":"","overlay-gradient":""}},"ast-content-background-meta":{"desktop":{"background-color":"var(--ast-global-color-5)","background-image":"","background-repeat":"repeat","background-position":"center center","background-size":"auto","background-attachment":"scroll","background-type":"","background-media":"","overlay-type":"","overlay-color":"","overlay-opacity":"","overlay-gradient":""},"tablet":{"background-color":"var(--ast-global-color-5)","background-image":"","background-repeat":"repeat","background-position":"center center","background-size":"auto","background-attachment":"scroll","background-type":"","background-media":"","overlay-type":"","overlay-color":"","overlay-opacity":"","overlay-gradient":""},"mobile":{"background-color":"var(--ast-global-color-5)","background-image":"","background-repeat":"repeat","background-position":"center center","background-size":"auto","background-attachment":"scroll","background-type":"","background-media":"","overlay-type":"","overlay-color":"","overlay-opacity":"","overlay-gradient":""}}},"product_brand":[],"product_cat":[51],"product_tag":[],"class_list":{"0":"post-4036","1":"product","2":"type-product","3":"status-publish","4":"has-post-thumbnail","6":"product_cat-partition-papier","7":"desktop-align-left","8":"tablet-align-left","9":"mobile-align-left","10":"ast-product-gallery-layout-horizontal-slider","11":"ast-product-tabs-layout-horizontal","13":"first","14":"instock","15":"shipping-taxable","16":"purchasable","17":"product-type-simple"},"yoast_head":"<!-- This site is optimized with the Yoast SEO plugin v27.4 - https:\/\/yoast.com\/product\/yoast-seo-wordpress\/ -->\n<title>Mendelssohn - \u0152uvre pour orgue avec tournes faciles ! - OrganScore<\/title>\n<meta name=\"description\" content=\"Mendelssohn - Edition des \u0153uvres d&#039;orgue avec tournes faciles (Pr\u00e9ludes &amp; fugues, Sonates) - OSC 017 - ISMN 979-070710917-5\" \/>\n<meta name=\"robots\" content=\"index, follow, max-snippet:-1, max-image-preview:large, max-video-preview:-1\" \/>\n<link rel=\"canonical\" href=\"https:\/\/www.organscore.com\/produit\/f-mendelssohn-volume-ii-miscellaneous-pieces\/\" \/>\n<meta property=\"og:locale\" content=\"fr_FR\" \/>\n<meta property=\"og:type\" content=\"article\" \/>\n<meta property=\"og:title\" content=\"Mendelssohn - \u0152uvre pour orgue avec tournes faciles ! - OrganScore\" \/>\n<meta property=\"og:description\" content=\"Mendelssohn - Edition des \u0153uvres d&#039;orgue avec tournes faciles (Pr\u00e9ludes &amp; fugues, Sonates) - OSC 017 - ISMN 979-070710917-5\" \/>\n<meta property=\"og:url\" content=\"https:\/\/www.organscore.com\/produit\/f-mendelssohn-volume-ii-miscellaneous-pieces\/\" \/>\n<meta property=\"og:site_name\" content=\"OrganScore\" \/>\n<meta property=\"article:modified_time\" content=\"2019-01-15T21:39:04+00:00\" \/>\n<meta property=\"og:image\" content=\"https:\/\/www.organscore.com\/wp-content\/uploads\/2019\/01\/organscore-mendelssohn-miscellaneous-organ-pieces.jpg\" \/>\n\t<meta property=\"og:image:width\" content=\"1100\" \/>\n\t<meta property=\"og:image:height\" content=\"872\" \/>\n\t<meta property=\"og:image:type\" content=\"image\/jpeg\" \/>\n<meta name=\"twitter:card\" content=\"summary_large_image\" \/>\n<meta name=\"twitter:label1\" content=\"Dur\u00e9e de lecture estim\u00e9e\" \/>\n\t<meta name=\"twitter:data1\" content=\"1 minute\" \/>\n<script type=\"application\/ld+json\" class=\"yoast-schema-graph\">{\"@context\":\"https:\\\/\\\/schema.org\",\"@graph\":[{\"@type\":\"WebPage\",\"@id\":\"https:\\\/\\\/www.organscore.com\\\/produit\\\/f-mendelssohn-volume-ii-miscellaneous-pieces\\\/\",\"url\":\"https:\\\/\\\/www.organscore.com\\\/produit\\\/f-mendelssohn-volume-ii-miscellaneous-pieces\\\/\",\"name\":\"Mendelssohn - \u0152uvre pour orgue avec tournes faciles ! - OrganScore\",\"isPartOf\":{\"@id\":\"https:\\\/\\\/www.organscore.com\\\/#website\"},\"primaryImageOfPage\":{\"@id\":\"https:\\\/\\\/www.organscore.com\\\/produit\\\/f-mendelssohn-volume-ii-miscellaneous-pieces\\\/#primaryimage\"},\"image\":{\"@id\":\"https:\\\/\\\/www.organscore.com\\\/produit\\\/f-mendelssohn-volume-ii-miscellaneous-pieces\\\/#primaryimage\"},\"thumbnailUrl\":\"https:\\\/\\\/www.organscore.com\\\/wp-content\\\/uploads\\\/2019\\\/01\\\/organscore-mendelssohn-miscellaneous-organ-pieces.jpg\",\"datePublished\":\"2019-01-15T21:03:33+00:00\",\"dateModified\":\"2019-01-15T21:39:04+00:00\",\"description\":\"Mendelssohn - Edition des \u0153uvres d'orgue avec tournes faciles (Pr\u00e9ludes & fugues, Sonates) - OSC 017 - ISMN 979-070710917-5\",\"breadcrumb\":{\"@id\":\"https:\\\/\\\/www.organscore.com\\\/produit\\\/f-mendelssohn-volume-ii-miscellaneous-pieces\\\/#breadcrumb\"},\"inLanguage\":\"fr-FR\",\"potentialAction\":[{\"@type\":\"ReadAction\",\"target\":[\"https:\\\/\\\/www.organscore.com\\\/produit\\\/f-mendelssohn-volume-ii-miscellaneous-pieces\\\/\"]}]},{\"@type\":\"ImageObject\",\"inLanguage\":\"fr-FR\",\"@id\":\"https:\\\/\\\/www.organscore.com\\\/produit\\\/f-mendelssohn-volume-ii-miscellaneous-pieces\\\/#primaryimage\",\"url\":\"https:\\\/\\\/www.organscore.com\\\/wp-content\\\/uploads\\\/2019\\\/01\\\/organscore-mendelssohn-miscellaneous-organ-pieces.jpg\",\"contentUrl\":\"https:\\\/\\\/www.organscore.com\\\/wp-content\\\/uploads\\\/2019\\\/01\\\/organscore-mendelssohn-miscellaneous-organ-pieces.jpg\",\"width\":1100,\"height\":872,\"caption\":\"Mendelssohn oeuvres pour orgue (Vol. II) : Pi\u00e8ces Diverses\"},{\"@type\":\"BreadcrumbList\",\"@id\":\"https:\\\/\\\/www.organscore.com\\\/produit\\\/f-mendelssohn-volume-ii-miscellaneous-pieces\\\/#breadcrumb\",\"itemListElement\":[{\"@type\":\"ListItem\",\"position\":1,\"name\":\"Home\",\"item\":\"https:\\\/\\\/www.organscore.com\\\/fr\\\/\"},{\"@type\":\"ListItem\",\"position\":2,\"name\":\"Acheter\",\"item\":\"https:\\\/\\\/www.organscore.com\\\/fr\\\/boutique\\\/\"},{\"@type\":\"ListItem\",\"position\":3,\"name\":\"F. Mendelssohn\u00a0(Volume II) : Pi\u00e8ces Diverses\"}]},{\"@type\":\"WebSite\",\"@id\":\"https:\\\/\\\/www.organscore.com\\\/#website\",\"url\":\"https:\\\/\\\/www.organscore.com\\\/\",\"name\":\"OrganScore\",\"description\":\"The Practical Score for Organists\",\"publisher\":{\"@id\":\"https:\\\/\\\/www.organscore.com\\\/#organization\"},\"potentialAction\":[{\"@type\":\"SearchAction\",\"target\":{\"@type\":\"EntryPoint\",\"urlTemplate\":\"https:\\\/\\\/www.organscore.com\\\/?s={search_term_string}\"},\"query-input\":{\"@type\":\"PropertyValueSpecification\",\"valueRequired\":true,\"valueName\":\"search_term_string\"}}],\"inLanguage\":\"fr-FR\"},{\"@type\":\"Organization\",\"@id\":\"https:\\\/\\\/www.organscore.com\\\/#organization\",\"name\":\"OrganScore\",\"url\":\"https:\\\/\\\/www.organscore.com\\\/\",\"logo\":{\"@type\":\"ImageObject\",\"inLanguage\":\"fr-FR\",\"@id\":\"https:\\\/\\\/www.organscore.com\\\/#\\\/schema\\\/logo\\\/image\\\/\",\"url\":\"https:\\\/\\\/www.organscore.com\\\/wp-content\\\/uploads\\\/2018\\\/09\\\/organscore-logo-0153bf-h142px-shaded.png\",\"contentUrl\":\"https:\\\/\\\/www.organscore.com\\\/wp-content\\\/uploads\\\/2018\\\/09\\\/organscore-logo-0153bf-h142px-shaded.png\",\"width\":434,\"height\":142,\"caption\":\"OrganScore\"},\"image\":{\"@id\":\"https:\\\/\\\/www.organscore.com\\\/#\\\/schema\\\/logo\\\/image\\\/\"},\"sameAs\":[\"https:\\\/\\\/www.youtube.com\\\/user\\\/organopleno2000\"]}]}<\/script>\n<!-- \/ Yoast SEO plugin. -->","yoast_head_json":{"title":"Mendelssohn - \u0152uvre pour orgue avec tournes faciles ! - OrganScore","description":"Mendelssohn - Edition des \u0153uvres d'orgue avec tournes faciles (Pr\u00e9ludes & fugues, Sonates) - OSC 017 - ISMN 979-070710917-5","robots":{"index":"index","follow":"follow","max-snippet":"max-snippet:-1","max-image-preview":"max-image-preview:large","max-video-preview":"max-video-preview:-1"},"canonical":"https:\/\/www.organscore.com\/produit\/f-mendelssohn-volume-ii-miscellaneous-pieces\/","og_locale":"fr_FR","og_type":"article","og_title":"Mendelssohn - \u0152uvre pour orgue avec tournes faciles ! - OrganScore","og_description":"Mendelssohn - Edition des \u0153uvres d'orgue avec tournes faciles (Pr\u00e9ludes & fugues, Sonates) - OSC 017 - ISMN 979-070710917-5","og_url":"https:\/\/www.organscore.com\/produit\/f-mendelssohn-volume-ii-miscellaneous-pieces\/","og_site_name":"OrganScore","article_modified_time":"2019-01-15T21:39:04+00:00","og_image":[{"width":1100,"height":872,"url":"https:\/\/www.organscore.com\/wp-content\/uploads\/2019\/01\/organscore-mendelssohn-miscellaneous-organ-pieces.jpg","type":"image\/jpeg"}],"twitter_card":"summary_large_image","twitter_misc":{"Dur\u00e9e de lecture estim\u00e9e":"1 minute"},"schema":{"@context":"https:\/\/schema.org","@graph":[{"@type":"WebPage","@id":"https:\/\/www.organscore.com\/produit\/f-mendelssohn-volume-ii-miscellaneous-pieces\/","url":"https:\/\/www.organscore.com\/produit\/f-mendelssohn-volume-ii-miscellaneous-pieces\/","name":"Mendelssohn - \u0152uvre pour orgue avec tournes faciles ! - OrganScore","isPartOf":{"@id":"https:\/\/www.organscore.com\/#website"},"primaryImageOfPage":{"@id":"https:\/\/www.organscore.com\/produit\/f-mendelssohn-volume-ii-miscellaneous-pieces\/#primaryimage"},"image":{"@id":"https:\/\/www.organscore.com\/produit\/f-mendelssohn-volume-ii-miscellaneous-pieces\/#primaryimage"},"thumbnailUrl":"https:\/\/www.organscore.com\/wp-content\/uploads\/2019\/01\/organscore-mendelssohn-miscellaneous-organ-pieces.jpg","datePublished":"2019-01-15T21:03:33+00:00","dateModified":"2019-01-15T21:39:04+00:00","description":"Mendelssohn - Edition des \u0153uvres d'orgue avec tournes faciles (Pr\u00e9ludes & fugues, Sonates) - OSC 017 - ISMN 979-070710917-5","breadcrumb":{"@id":"https:\/\/www.organscore.com\/produit\/f-mendelssohn-volume-ii-miscellaneous-pieces\/#breadcrumb"},"inLanguage":"fr-FR","potentialAction":[{"@type":"ReadAction","target":["https:\/\/www.organscore.com\/produit\/f-mendelssohn-volume-ii-miscellaneous-pieces\/"]}]},{"@type":"ImageObject","inLanguage":"fr-FR","@id":"https:\/\/www.organscore.com\/produit\/f-mendelssohn-volume-ii-miscellaneous-pieces\/#primaryimage","url":"https:\/\/www.organscore.com\/wp-content\/uploads\/2019\/01\/organscore-mendelssohn-miscellaneous-organ-pieces.jpg","contentUrl":"https:\/\/www.organscore.com\/wp-content\/uploads\/2019\/01\/organscore-mendelssohn-miscellaneous-organ-pieces.jpg","width":1100,"height":872,"caption":"Mendelssohn oeuvres pour orgue (Vol. II) : Pi\u00e8ces Diverses"},{"@type":"BreadcrumbList","@id":"https:\/\/www.organscore.com\/produit\/f-mendelssohn-volume-ii-miscellaneous-pieces\/#breadcrumb","itemListElement":[{"@type":"ListItem","position":1,"name":"Home","item":"https:\/\/www.organscore.com\/fr\/"},{"@type":"ListItem","position":2,"name":"Acheter","item":"https:\/\/www.organscore.com\/fr\/boutique\/"},{"@type":"ListItem","position":3,"name":"F. Mendelssohn\u00a0(Volume II) : Pi\u00e8ces Diverses"}]},{"@type":"WebSite","@id":"https:\/\/www.organscore.com\/#website","url":"https:\/\/www.organscore.com\/","name":"OrganScore","description":"The Practical Score for Organists","publisher":{"@id":"https:\/\/www.organscore.com\/#organization"},"potentialAction":[{"@type":"SearchAction","target":{"@type":"EntryPoint","urlTemplate":"https:\/\/www.organscore.com\/?s={search_term_string}"},"query-input":{"@type":"PropertyValueSpecification","valueRequired":true,"valueName":"search_term_string"}}],"inLanguage":"fr-FR"},{"@type":"Organization","@id":"https:\/\/www.organscore.com\/#organization","name":"OrganScore","url":"https:\/\/www.organscore.com\/","logo":{"@type":"ImageObject","inLanguage":"fr-FR","@id":"https:\/\/www.organscore.com\/#\/schema\/logo\/image\/","url":"https:\/\/www.organscore.com\/wp-content\/uploads\/2018\/09\/organscore-logo-0153bf-h142px-shaded.png","contentUrl":"https:\/\/www.organscore.com\/wp-content\/uploads\/2018\/09\/organscore-logo-0153bf-h142px-shaded.png","width":434,"height":142,"caption":"OrganScore"},"image":{"@id":"https:\/\/www.organscore.com\/#\/schema\/logo\/image\/"},"sameAs":["https:\/\/www.youtube.com\/user\/organopleno2000"]}]}},"_links":{"self":[{"href":"https:\/\/www.organscore.com\/fr\/wp-json\/wp\/v2\/product\/4036","targetHints":{"allow":["GET"]}}],"collection":[{"href":"https:\/\/www.organscore.com\/fr\/wp-json\/wp\/v2\/product"}],"about":[{"href":"https:\/\/www.organscore.com\/fr\/wp-json\/wp\/v2\/types\/product"}],"wp:featuredmedia":[{"embeddable":true,"href":"https:\/\/www.organscore.com\/fr\/wp-json\/wp\/v2\/media\/4041"}],"wp:attachment":[{"href":"https:\/\/www.organscore.com\/fr\/wp-json\/wp\/v2\/media?parent=4036"}],"wp:term":[{"taxonomy":"product_brand","embeddable":true,"href":"https:\/\/www.organscore.com\/fr\/wp-json\/wp\/v2\/product_brand?post=4036"},{"taxonomy":"product_cat","embeddable":true,"href":"https:\/\/www.organscore.com\/fr\/wp-json\/wp\/v2\/product_cat?post=4036"},{"taxonomy":"product_tag","embeddable":true,"href":"https:\/\/www.organscore.com\/fr\/wp-json\/wp\/v2\/product_tag?post=4036"}],"curies":[{"name":"wp","href":"https:\/\/api.w.org\/{rel}","templated":true}]}}