{"id":1865,"date":"2017-02-13T10:36:22","date_gmt":"2017-02-13T09:36:22","guid":{"rendered":"https:\/\/www.organscore.com\/product\/j-s-bach-oeuvres-completes-pour-orgue-vol-i\/"},"modified":"2022-06-15T17:52:36","modified_gmt":"2022-06-15T15:52:36","slug":"j-s-bach-oeuvres-completes-pour-orgue-vol-i","status":"publish","type":"product","link":"https:\/\/www.organscore.com\/fr\/produit\/j-s-bach-oeuvres-completes-pour-orgue-vol-i\/","title":{"rendered":"J.S. Bach\u00a0: \u0152uvres Compl\u00e8tes pour Orgue, Vol I"},"content":{"rendered":"<p style=\"text-align: justify;\">Les volumes I et II de l&rsquo;\u0153uvre compl\u00e8te pour orgue de J.S. Bach couvrent les grands pr\u00e9ludes et fugues de Bach, pour lesquels l&rsquo;optimisation des tournes est un atout certain. Le grand format apporte un confort in\u00e9dit pour l&rsquo;approche et l&rsquo;ex\u00e9cution de ces chef-d&rsquo;\u0153uvres. Pour une vue d&rsquo;ensemble de l&rsquo;int\u00e9grale de Bach, voir\u00a0<strong><a href=\"https:\/\/www.organscore.com\/fr\/bach-oeuvre-complete-pour-orgue\/\">l&rsquo;Edition OrganScore de l&rsquo;\u0153uvre compl\u00e8te pour orgue de J.S. Bach<\/a><\/strong>.<\/p>\n<p><strong>Contenu :<\/strong><\/p>\n<p>BWV 531 &#8211; Praeludium &amp; Fuga in <em>C<\/em> [2 pages + 2 pages]<br \/>\nBWV 532 &#8211; Praeludium &amp; Fuga in <em>D<\/em> [3 pages + 4 pages]<br \/>\nBWV 533 &#8211; Praeludium &amp; Fuga in <em>e<\/em>\u00a0 [1 page + 1 page]<br \/>\nBWV 534 &#8211; Praeludium &amp; Fuga in <em>f<\/em>\u00a0 [2 pages + 2 pages]<br \/>\nBWV 535 &#8211; Praeludium &amp; Fuga in <em>g<\/em>\u00a0 [2 pages + 2 pages]<br \/>\nBWV 536 &#8211; Praeludium &amp; Fuga in <em>A<\/em> [1 page + 2 pages]<br \/>\nBWV 537 &#8211; Fantasia &amp; Fuga in <em>c<\/em> [2 pages + 2 pages]<br \/>\nBWV 538 &#8211; Toccata &amp; Fuga in <em>d<\/em> (dorian) [4 pages + 4 pages]<br \/>\nBWV 539 &#8211; Praeludium &amp; Fuga in <em>d<\/em> [1 page + 4 pages]<br \/>\nBWV 540 &#8211; Toccata (Praeludium) &amp; Fuga in <em>F<\/em>\u00a0 [6 pages + 4 pages]<br \/>\nBWV 541 &#8211; Praeludium &amp; Fuga in <em>G<\/em> [2 pages + 2 pages]<br \/>\nBWV 542 &#8211; Fantasia &amp; Fuga in <em>g<\/em> [2 pages + 4 pages]<br \/>\nBWV 543 &#8211; Praeludium &amp; Fuga in <em>a<\/em> [2 pages + 4 pages]<br \/>\nBWV 544 &#8211; Praeludium &amp; Fuga in <em>h<\/em> [4 pages + 2 pages]<\/p>\n<p>(3 or 4 pages = 1 tourne de page, 5 or 6 pages = 2 tournes)<\/p>\n","protected":false},"excerpt":{"rendered":"<p>J.S. Bach\u00a0: \u0152uvres Compl\u00e8tes pour Orgue, Vol I<br \/>\n<strong>Sans Probl\u00e8me de Tourne de Page<br \/>\n<\/strong><em>(contenu jouable sans assistant tourneur de pages)<\/em><\/p>\n<p>Pr\u00e9ludes, Fantaisies, Toccatas &amp; Fugues (I)<br \/>\nOSC 001 &#8211; ISMN :\u00a0979-0-707109-01-4<br \/>\n37.5cm x 29.7cm (+spirale)<br \/>\n80 pages \u2014 120g\/m\u00b2<\/p>\n","protected":false},"featured_media":2267,"template":"","meta":{"_monsterinsights_skip_tracking":false,"_monsterinsights_sitenote_active":false,"_monsterinsights_sitenote_note":"","_monsterinsights_sitenote_category":0,"site-sidebar-layout":"default","site-content-layout":"default","ast-site-content-layout":"default","site-content-style":"default","site-sidebar-style":"default","ast-global-header-display":"","ast-banner-title-visibility":"","ast-main-header-display":"","ast-hfb-above-header-display":"","ast-hfb-below-header-display":"","ast-hfb-mobile-header-display":"","site-post-title":"","ast-breadcrumbs-content":"","ast-featured-img":"","footer-sml-layout":"","ast-disable-related-posts":"","theme-transparent-header-meta":"default","adv-header-id-meta":"","stick-header-meta":"default","header-above-stick-meta":"","header-main-stick-meta":"","header-below-stick-meta":"","astra-migrate-meta-layouts":"default","ast-page-background-enabled":"default","ast-page-background-meta":{"desktop":{"background-color":"","background-image":"","background-repeat":"repeat","background-position":"center center","background-size":"auto","background-attachment":"scroll","background-type":"","background-media":"","overlay-type":"","overlay-color":"","overlay-opacity":"","overlay-gradient":""},"tablet":{"background-color":"","background-image":"","background-repeat":"repeat","background-position":"center center","background-size":"auto","background-attachment":"scroll","background-type":"","background-media":"","overlay-type":"","overlay-color":"","overlay-opacity":"","overlay-gradient":""},"mobile":{"background-color":"","background-image":"","background-repeat":"repeat","background-position":"center center","background-size":"auto","background-attachment":"scroll","background-type":"","background-media":"","overlay-type":"","overlay-color":"","overlay-opacity":"","overlay-gradient":""}},"ast-content-background-meta":{"desktop":{"background-color":"var(--ast-global-color-5)","background-image":"","background-repeat":"repeat","background-position":"center center","background-size":"auto","background-attachment":"scroll","background-type":"","background-media":"","overlay-type":"","overlay-color":"","overlay-opacity":"","overlay-gradient":""},"tablet":{"background-color":"var(--ast-global-color-5)","background-image":"","background-repeat":"repeat","background-position":"center center","background-size":"auto","background-attachment":"scroll","background-type":"","background-media":"","overlay-type":"","overlay-color":"","overlay-opacity":"","overlay-gradient":""},"mobile":{"background-color":"var(--ast-global-color-5)","background-image":"","background-repeat":"repeat","background-position":"center center","background-size":"auto","background-attachment":"scroll","background-type":"","background-media":"","overlay-type":"","overlay-color":"","overlay-opacity":"","overlay-gradient":""}}},"product_brand":[],"product_cat":[51],"product_tag":[],"class_list":{"0":"post-1865","1":"product","2":"type-product","3":"status-publish","4":"has-post-thumbnail","6":"product_cat-partition-papier","7":"desktop-align-left","8":"tablet-align-left","9":"mobile-align-left","10":"ast-product-gallery-layout-horizontal-slider","11":"ast-product-tabs-layout-horizontal","13":"first","14":"instock","15":"shipping-taxable","16":"purchasable","17":"product-type-simple"},"yoast_head":"<!-- This site is optimized with the Yoast SEO plugin v27.5 - https:\/\/yoast.com\/product\/yoast-seo-wordpress\/ -->\n<title>J.S. Bach oeuvres compl\u00e8tes pour orgue, Vol I - OrganScore<\/title>\n<meta name=\"description\" content=\"J.S. Bach oeuvres compl\u00e8tes pour orgue \u00e9vitant les tournes de pages - Volume I : Preludes, Fantaisies, Toccatas &amp; Fugues (I) BWV 531 \u00e0 BWV 544.\" \/>\n<meta name=\"robots\" content=\"index, follow, max-snippet:-1, max-image-preview:large, max-video-preview:-1\" \/>\n<link rel=\"canonical\" href=\"https:\/\/www.organscore.com\/produit\/j-s-bach-complete-organ-works-vol-i\/\" \/>\n<meta property=\"og:locale\" content=\"fr_FR\" \/>\n<meta property=\"og:type\" content=\"article\" \/>\n<meta property=\"og:title\" content=\"J.S. Bach oeuvres compl\u00e8tes pour orgue, Vol I - OrganScore\" \/>\n<meta property=\"og:description\" content=\"J.S. Bach oeuvres compl\u00e8tes pour orgue \u00e9vitant les tournes de pages - Volume I : Preludes, Fantaisies, Toccatas &amp; Fugues (I) BWV 531 \u00e0 BWV 544.\" \/>\n<meta property=\"og:url\" content=\"https:\/\/www.organscore.com\/produit\/j-s-bach-complete-organ-works-vol-i\/\" \/>\n<meta property=\"og:site_name\" content=\"OrganScore\" \/>\n<meta property=\"article:modified_time\" content=\"2022-06-15T15:52:36+00:00\" \/>\n<meta property=\"og:image\" content=\"https:\/\/www.organscore.com\/wp-content\/uploads\/2017\/02\/organscore-bach-complete-organ-works-volume-i.jpg\" \/>\n\t<meta property=\"og:image:width\" content=\"1100\" \/>\n\t<meta property=\"og:image:height\" content=\"872\" \/>\n\t<meta property=\"og:image:type\" content=\"image\/jpeg\" \/>\n<meta name=\"twitter:card\" content=\"summary_large_image\" \/>\n<meta name=\"twitter:label1\" content=\"Dur\u00e9e de lecture estim\u00e9e\" \/>\n\t<meta name=\"twitter:data1\" content=\"1 minute\" \/>\n<script type=\"application\/ld+json\" class=\"yoast-schema-graph\">{\"@context\":\"https:\\\/\\\/schema.org\",\"@graph\":[{\"@type\":\"WebPage\",\"@id\":\"https:\\\/\\\/www.organscore.com\\\/produit\\\/j-s-bach-complete-organ-works-vol-i\\\/\",\"url\":\"https:\\\/\\\/www.organscore.com\\\/produit\\\/j-s-bach-complete-organ-works-vol-i\\\/\",\"name\":\"J.S. Bach oeuvres compl\u00e8tes pour orgue, Vol I - OrganScore\",\"isPartOf\":{\"@id\":\"https:\\\/\\\/www.organscore.com\\\/#website\"},\"primaryImageOfPage\":{\"@id\":\"https:\\\/\\\/www.organscore.com\\\/produit\\\/j-s-bach-complete-organ-works-vol-i\\\/#primaryimage\"},\"image\":{\"@id\":\"https:\\\/\\\/www.organscore.com\\\/produit\\\/j-s-bach-complete-organ-works-vol-i\\\/#primaryimage\"},\"thumbnailUrl\":\"https:\\\/\\\/www.organscore.com\\\/wp-content\\\/uploads\\\/2017\\\/02\\\/organscore-bach-complete-organ-works-volume-i.jpg\",\"datePublished\":\"2017-02-13T09:36:22+00:00\",\"dateModified\":\"2022-06-15T15:52:36+00:00\",\"description\":\"J.S. Bach oeuvres compl\u00e8tes pour orgue \u00e9vitant les tournes de pages - Volume I : Preludes, Fantaisies, Toccatas & Fugues (I) BWV 531 \u00e0 BWV 544.\",\"breadcrumb\":{\"@id\":\"https:\\\/\\\/www.organscore.com\\\/produit\\\/j-s-bach-complete-organ-works-vol-i\\\/#breadcrumb\"},\"inLanguage\":\"fr-FR\",\"potentialAction\":[{\"@type\":\"ReadAction\",\"target\":[\"https:\\\/\\\/www.organscore.com\\\/produit\\\/j-s-bach-complete-organ-works-vol-i\\\/\"]}]},{\"@type\":\"ImageObject\",\"inLanguage\":\"fr-FR\",\"@id\":\"https:\\\/\\\/www.organscore.com\\\/produit\\\/j-s-bach-complete-organ-works-vol-i\\\/#primaryimage\",\"url\":\"https:\\\/\\\/www.organscore.com\\\/wp-content\\\/uploads\\\/2017\\\/02\\\/organscore-bach-complete-organ-works-volume-i.jpg\",\"contentUrl\":\"https:\\\/\\\/www.organscore.com\\\/wp-content\\\/uploads\\\/2017\\\/02\\\/organscore-bach-complete-organ-works-volume-i.jpg\",\"width\":1100,\"height\":872,\"caption\":\"J.S. Bach \u0153uvres compl\u00e8tes pour orgue, volume I\"},{\"@type\":\"BreadcrumbList\",\"@id\":\"https:\\\/\\\/www.organscore.com\\\/produit\\\/j-s-bach-complete-organ-works-vol-i\\\/#breadcrumb\",\"itemListElement\":[{\"@type\":\"ListItem\",\"position\":1,\"name\":\"Home\",\"item\":\"https:\\\/\\\/www.organscore.com\\\/fr\\\/\"},{\"@type\":\"ListItem\",\"position\":2,\"name\":\"Acheter\",\"item\":\"https:\\\/\\\/www.organscore.com\\\/fr\\\/boutique\\\/\"},{\"@type\":\"ListItem\",\"position\":3,\"name\":\"J.S. Bach\u00a0: \u0152uvres Compl\u00e8tes pour Orgue, Vol I\"}]},{\"@type\":\"WebSite\",\"@id\":\"https:\\\/\\\/www.organscore.com\\\/#website\",\"url\":\"https:\\\/\\\/www.organscore.com\\\/\",\"name\":\"OrganScore\",\"description\":\"The Practical Score for Organists\",\"publisher\":{\"@id\":\"https:\\\/\\\/www.organscore.com\\\/#organization\"},\"potentialAction\":[{\"@type\":\"SearchAction\",\"target\":{\"@type\":\"EntryPoint\",\"urlTemplate\":\"https:\\\/\\\/www.organscore.com\\\/?s={search_term_string}\"},\"query-input\":{\"@type\":\"PropertyValueSpecification\",\"valueRequired\":true,\"valueName\":\"search_term_string\"}}],\"inLanguage\":\"fr-FR\"},{\"@type\":\"Organization\",\"@id\":\"https:\\\/\\\/www.organscore.com\\\/#organization\",\"name\":\"OrganScore\",\"url\":\"https:\\\/\\\/www.organscore.com\\\/\",\"logo\":{\"@type\":\"ImageObject\",\"inLanguage\":\"fr-FR\",\"@id\":\"https:\\\/\\\/www.organscore.com\\\/#\\\/schema\\\/logo\\\/image\\\/\",\"url\":\"https:\\\/\\\/www.organscore.com\\\/wp-content\\\/uploads\\\/2018\\\/09\\\/organscore-logo-0153bf-h142px-shaded.png\",\"contentUrl\":\"https:\\\/\\\/www.organscore.com\\\/wp-content\\\/uploads\\\/2018\\\/09\\\/organscore-logo-0153bf-h142px-shaded.png\",\"width\":434,\"height\":142,\"caption\":\"OrganScore\"},\"image\":{\"@id\":\"https:\\\/\\\/www.organscore.com\\\/#\\\/schema\\\/logo\\\/image\\\/\"},\"sameAs\":[\"https:\\\/\\\/www.youtube.com\\\/user\\\/organopleno2000\"]}]}<\/script>\n<!-- \/ Yoast SEO plugin. -->","yoast_head_json":{"title":"J.S. Bach oeuvres compl\u00e8tes pour orgue, Vol I - OrganScore","description":"J.S. Bach oeuvres compl\u00e8tes pour orgue \u00e9vitant les tournes de pages - Volume I : Preludes, Fantaisies, Toccatas & Fugues (I) BWV 531 \u00e0 BWV 544.","robots":{"index":"index","follow":"follow","max-snippet":"max-snippet:-1","max-image-preview":"max-image-preview:large","max-video-preview":"max-video-preview:-1"},"canonical":"https:\/\/www.organscore.com\/produit\/j-s-bach-complete-organ-works-vol-i\/","og_locale":"fr_FR","og_type":"article","og_title":"J.S. Bach oeuvres compl\u00e8tes pour orgue, Vol I - OrganScore","og_description":"J.S. Bach oeuvres compl\u00e8tes pour orgue \u00e9vitant les tournes de pages - Volume I : Preludes, Fantaisies, Toccatas & Fugues (I) BWV 531 \u00e0 BWV 544.","og_url":"https:\/\/www.organscore.com\/produit\/j-s-bach-complete-organ-works-vol-i\/","og_site_name":"OrganScore","article_modified_time":"2022-06-15T15:52:36+00:00","og_image":[{"width":1100,"height":872,"url":"https:\/\/www.organscore.com\/wp-content\/uploads\/2017\/02\/organscore-bach-complete-organ-works-volume-i.jpg","type":"image\/jpeg"}],"twitter_card":"summary_large_image","twitter_misc":{"Dur\u00e9e de lecture estim\u00e9e":"1 minute"},"schema":{"@context":"https:\/\/schema.org","@graph":[{"@type":"WebPage","@id":"https:\/\/www.organscore.com\/produit\/j-s-bach-complete-organ-works-vol-i\/","url":"https:\/\/www.organscore.com\/produit\/j-s-bach-complete-organ-works-vol-i\/","name":"J.S. Bach oeuvres compl\u00e8tes pour orgue, Vol I - OrganScore","isPartOf":{"@id":"https:\/\/www.organscore.com\/#website"},"primaryImageOfPage":{"@id":"https:\/\/www.organscore.com\/produit\/j-s-bach-complete-organ-works-vol-i\/#primaryimage"},"image":{"@id":"https:\/\/www.organscore.com\/produit\/j-s-bach-complete-organ-works-vol-i\/#primaryimage"},"thumbnailUrl":"https:\/\/www.organscore.com\/wp-content\/uploads\/2017\/02\/organscore-bach-complete-organ-works-volume-i.jpg","datePublished":"2017-02-13T09:36:22+00:00","dateModified":"2022-06-15T15:52:36+00:00","description":"J.S. Bach oeuvres compl\u00e8tes pour orgue \u00e9vitant les tournes de pages - Volume I : Preludes, Fantaisies, Toccatas & Fugues (I) BWV 531 \u00e0 BWV 544.","breadcrumb":{"@id":"https:\/\/www.organscore.com\/produit\/j-s-bach-complete-organ-works-vol-i\/#breadcrumb"},"inLanguage":"fr-FR","potentialAction":[{"@type":"ReadAction","target":["https:\/\/www.organscore.com\/produit\/j-s-bach-complete-organ-works-vol-i\/"]}]},{"@type":"ImageObject","inLanguage":"fr-FR","@id":"https:\/\/www.organscore.com\/produit\/j-s-bach-complete-organ-works-vol-i\/#primaryimage","url":"https:\/\/www.organscore.com\/wp-content\/uploads\/2017\/02\/organscore-bach-complete-organ-works-volume-i.jpg","contentUrl":"https:\/\/www.organscore.com\/wp-content\/uploads\/2017\/02\/organscore-bach-complete-organ-works-volume-i.jpg","width":1100,"height":872,"caption":"J.S. Bach \u0153uvres compl\u00e8tes pour orgue, volume I"},{"@type":"BreadcrumbList","@id":"https:\/\/www.organscore.com\/produit\/j-s-bach-complete-organ-works-vol-i\/#breadcrumb","itemListElement":[{"@type":"ListItem","position":1,"name":"Home","item":"https:\/\/www.organscore.com\/fr\/"},{"@type":"ListItem","position":2,"name":"Acheter","item":"https:\/\/www.organscore.com\/fr\/boutique\/"},{"@type":"ListItem","position":3,"name":"J.S. Bach\u00a0: \u0152uvres Compl\u00e8tes pour Orgue, Vol I"}]},{"@type":"WebSite","@id":"https:\/\/www.organscore.com\/#website","url":"https:\/\/www.organscore.com\/","name":"OrganScore","description":"The Practical Score for Organists","publisher":{"@id":"https:\/\/www.organscore.com\/#organization"},"potentialAction":[{"@type":"SearchAction","target":{"@type":"EntryPoint","urlTemplate":"https:\/\/www.organscore.com\/?s={search_term_string}"},"query-input":{"@type":"PropertyValueSpecification","valueRequired":true,"valueName":"search_term_string"}}],"inLanguage":"fr-FR"},{"@type":"Organization","@id":"https:\/\/www.organscore.com\/#organization","name":"OrganScore","url":"https:\/\/www.organscore.com\/","logo":{"@type":"ImageObject","inLanguage":"fr-FR","@id":"https:\/\/www.organscore.com\/#\/schema\/logo\/image\/","url":"https:\/\/www.organscore.com\/wp-content\/uploads\/2018\/09\/organscore-logo-0153bf-h142px-shaded.png","contentUrl":"https:\/\/www.organscore.com\/wp-content\/uploads\/2018\/09\/organscore-logo-0153bf-h142px-shaded.png","width":434,"height":142,"caption":"OrganScore"},"image":{"@id":"https:\/\/www.organscore.com\/#\/schema\/logo\/image\/"},"sameAs":["https:\/\/www.youtube.com\/user\/organopleno2000"]}]}},"_links":{"self":[{"href":"https:\/\/www.organscore.com\/fr\/wp-json\/wp\/v2\/product\/1865","targetHints":{"allow":["GET"]}}],"collection":[{"href":"https:\/\/www.organscore.com\/fr\/wp-json\/wp\/v2\/product"}],"about":[{"href":"https:\/\/www.organscore.com\/fr\/wp-json\/wp\/v2\/types\/product"}],"wp:featuredmedia":[{"embeddable":true,"href":"https:\/\/www.organscore.com\/fr\/wp-json\/wp\/v2\/media\/2267"}],"wp:attachment":[{"href":"https:\/\/www.organscore.com\/fr\/wp-json\/wp\/v2\/media?parent=1865"}],"wp:term":[{"taxonomy":"product_brand","embeddable":true,"href":"https:\/\/www.organscore.com\/fr\/wp-json\/wp\/v2\/product_brand?post=1865"},{"taxonomy":"product_cat","embeddable":true,"href":"https:\/\/www.organscore.com\/fr\/wp-json\/wp\/v2\/product_cat?post=1865"},{"taxonomy":"product_tag","embeddable":true,"href":"https:\/\/www.organscore.com\/fr\/wp-json\/wp\/v2\/product_tag?post=1865"}],"curies":[{"name":"wp","href":"https:\/\/api.w.org\/{rel}","templated":true}]}}