{"id":1860,"date":"2018-05-29T22:24:38","date_gmt":"2018-05-29T20:24:38","guid":{"rendered":"https:\/\/www.organscore.com\/product\/j-s-bach-oeuvres-completes-orgue-vol-ii\/"},"modified":"2022-06-15T17:53:40","modified_gmt":"2022-06-15T15:53:40","slug":"j-s-bach-oeuvres-completes-pour-orgue-vol-ii","status":"publish","type":"product","link":"https:\/\/www.organscore.com\/fr\/produit\/j-s-bach-oeuvres-completes-pour-orgue-vol-ii\/","title":{"rendered":"J.S. Bach\u00a0: \u0152uvres Compl\u00e8tes pour Orgue, Vol II"},"content":{"rendered":"<p style=\"text-align: justify;\">Les volume I et II des \u0153uvre compl\u00e8te pour orgue de J.S. Bach couvrent les grands pr\u00e9ludes et fugues de Bach, pour lesquels l&rsquo;optimisation des tournes est un atout certain. Le grand format apporte un confort in\u00e9dit pour l&rsquo;approche et l&rsquo;ex\u00e9cution de ces chef-d&rsquo;\u0153uvres. Pour une vue d&rsquo;ensemble de l&rsquo;int\u00e9grale de Bach, voir\u00a0<strong><a href=\"https:\/\/www.organscore.com\/fr\/bach-oeuvre-complete-pour-orgue\/\">l&rsquo;Edition OrganScore de l&rsquo;\u0153uvre compl\u00e8te pour orgue de J.S. Bach<\/a><\/strong>.<\/p>\n<p><strong>Contenu:<\/strong><\/p>\n<p>BWV 545 &#8211; Praeludium &amp; Fuga in <em>C<\/em>\u00a0[2 pages + 2 pages]<br \/>\nBWV 546 &#8211; Praeludium &amp; Fuga in <em>c<\/em> [4 pages + 2 pages]<br \/>\nBWV 547 &#8211; Praeludium &amp; Fuga in <em>C<\/em> [4 pages + 2 pages]<br \/>\nBWV 548 &#8211; Praeludium &amp; Fuga in <em>e<\/em> [9 pages]<br \/>\nBWV 549 &#8211; Praeludium &amp; Fuga in <em>c<\/em> [1 page + 2 pages]<br \/>\nBWV 549a &#8211; Praeludium (Fantasia) &amp; Fuga in <em>d<\/em> [1 page + 2 pages]<br \/>\nBWV 550 &#8211; Praeludium &amp; Fuga in <em>G<\/em> [2 pages + 2 pages]<br \/>\nBWV 551 &#8211; Praeludium &amp; Fuga in <em>a<\/em> [3 pages]<br \/>\nBWV 552 &#8211; Praeludium &amp; Fuga in <em>Eb<\/em> (Clavier\u00fcbung III)\u00a0 [4 pages + 4 pages]<br \/>\nBWV 561 &#8211; Fantasia &amp; Fuga in <em>a<\/em> [6 pages]<br \/>\nBWV 562 &#8211; Fantasia in <em>c<\/em> [2 pages]<br \/>\nBWV 563 &#8211; Fantasia &amp; Imitatio in <em>h<\/em> [2 pages]<br \/>\nBWV 564 &#8211; Toccata, adagio &amp; Fuga in <em>C<\/em> [3 pages + 1 page + 2 pages]<br \/>\nBWV 565 &#8211; Toccata &amp; Fuga in <em>d<\/em> [2 pages + 3 pages]<br \/>\nBWV 566 &#8211; Toccata &amp; Fuga in <em>E<\/em> [5 pages]<br \/>\nBWV 566 &#8211; Praeludium &amp; Fuga in <em>C<\/em> [5 pages]<\/p>\n<p>(3 or 4 pages = 1 tourne de page, 5 or 6 pages = 2 tournes)<\/p>\n","protected":false},"excerpt":{"rendered":"<p>J.S. Bach\u00a0: \u0152uvres Compl\u00e8tes pour Orgue, Vol II<br \/>\n<strong>Sans Probl\u00e8me de Tourne de Page<br \/>\n<\/strong><em>(contenu jouable sans assistant tourneur de pages)<\/em><\/p>\n<p>OSC 002 &#8211; ISMN : 979-0-707109-02-1<br \/>\n37.5cm x 29.7cm (+spirale)<br \/>\n86 pages \u2014 120g\/m\u00b2<\/p>\n","protected":false},"featured_media":2263,"template":"","meta":{"_monsterinsights_skip_tracking":false,"_monsterinsights_sitenote_active":false,"_monsterinsights_sitenote_note":"","_monsterinsights_sitenote_category":0,"site-sidebar-layout":"default","site-content-layout":"default","ast-site-content-layout":"default","site-content-style":"default","site-sidebar-style":"default","ast-global-header-display":"","ast-banner-title-visibility":"","ast-main-header-display":"","ast-hfb-above-header-display":"","ast-hfb-below-header-display":"","ast-hfb-mobile-header-display":"","site-post-title":"","ast-breadcrumbs-content":"","ast-featured-img":"","footer-sml-layout":"","ast-disable-related-posts":"","theme-transparent-header-meta":"default","adv-header-id-meta":"","stick-header-meta":"default","header-above-stick-meta":"","header-main-stick-meta":"","header-below-stick-meta":"","astra-migrate-meta-layouts":"default","ast-page-background-enabled":"default","ast-page-background-meta":{"desktop":{"background-color":"","background-image":"","background-repeat":"repeat","background-position":"center center","background-size":"auto","background-attachment":"scroll","background-type":"","background-media":"","overlay-type":"","overlay-color":"","overlay-opacity":"","overlay-gradient":""},"tablet":{"background-color":"","background-image":"","background-repeat":"repeat","background-position":"center center","background-size":"auto","background-attachment":"scroll","background-type":"","background-media":"","overlay-type":"","overlay-color":"","overlay-opacity":"","overlay-gradient":""},"mobile":{"background-color":"","background-image":"","background-repeat":"repeat","background-position":"center center","background-size":"auto","background-attachment":"scroll","background-type":"","background-media":"","overlay-type":"","overlay-color":"","overlay-opacity":"","overlay-gradient":""}},"ast-content-background-meta":{"desktop":{"background-color":"var(--ast-global-color-5)","background-image":"","background-repeat":"repeat","background-position":"center center","background-size":"auto","background-attachment":"scroll","background-type":"","background-media":"","overlay-type":"","overlay-color":"","overlay-opacity":"","overlay-gradient":""},"tablet":{"background-color":"var(--ast-global-color-5)","background-image":"","background-repeat":"repeat","background-position":"center center","background-size":"auto","background-attachment":"scroll","background-type":"","background-media":"","overlay-type":"","overlay-color":"","overlay-opacity":"","overlay-gradient":""},"mobile":{"background-color":"var(--ast-global-color-5)","background-image":"","background-repeat":"repeat","background-position":"center center","background-size":"auto","background-attachment":"scroll","background-type":"","background-media":"","overlay-type":"","overlay-color":"","overlay-opacity":"","overlay-gradient":""}}},"product_brand":[],"product_cat":[51],"product_tag":[],"class_list":{"0":"post-1860","1":"product","2":"type-product","3":"status-publish","4":"has-post-thumbnail","6":"product_cat-partition-papier","7":"desktop-align-left","8":"tablet-align-left","9":"mobile-align-left","10":"ast-product-gallery-layout-horizontal-slider","11":"ast-product-tabs-layout-horizontal","13":"first","14":"instock","15":"shipping-taxable","16":"purchasable","17":"product-type-simple"},"yoast_head":"<!-- This site is optimized with the Yoast SEO plugin v27.3 - https:\/\/yoast.com\/product\/yoast-seo-wordpress\/ -->\n<title>J.S. Bach oeuvres compl\u00e8tes pour orgue, Vol II - OrganScore<\/title>\n<meta name=\"description\" content=\"J.S. Bach oeuvres compl\u00e8tes pour orgue \u00e9vitant les tournes de pages - Volume II : Preludes, Fantaisies, Toccatas &amp; Fugues (II) BWV 545 \u00e0 552, 561 \u00e0 566.\" \/>\n<meta name=\"robots\" content=\"index, follow, max-snippet:-1, max-image-preview:large, max-video-preview:-1\" \/>\n<link rel=\"canonical\" href=\"https:\/\/www.organscore.com\/produit\/j-s-bach-complete-organ-works-vol-ii\/\" \/>\n<meta property=\"og:locale\" content=\"fr_FR\" \/>\n<meta property=\"og:type\" content=\"article\" \/>\n<meta property=\"og:title\" content=\"J.S. Bach oeuvres compl\u00e8tes pour orgue, Vol II - OrganScore\" \/>\n<meta property=\"og:description\" content=\"J.S. Bach oeuvres compl\u00e8tes pour orgue \u00e9vitant les tournes de pages - Volume II : Preludes, Fantaisies, Toccatas &amp; Fugues (II) BWV 545 \u00e0 552, 561 \u00e0 566.\" \/>\n<meta property=\"og:url\" content=\"https:\/\/www.organscore.com\/produit\/j-s-bach-complete-organ-works-vol-ii\/\" \/>\n<meta property=\"og:site_name\" content=\"OrganScore\" \/>\n<meta property=\"article:modified_time\" content=\"2022-06-15T15:53:40+00:00\" \/>\n<meta property=\"og:image\" content=\"https:\/\/www.organscore.com\/wp-content\/uploads\/2018\/05\/organscore-bach-complete-organ-works-volume-ii.jpg\" \/>\n\t<meta property=\"og:image:width\" content=\"1100\" \/>\n\t<meta property=\"og:image:height\" content=\"872\" \/>\n\t<meta property=\"og:image:type\" content=\"image\/jpeg\" \/>\n<meta name=\"twitter:card\" content=\"summary_large_image\" \/>\n<meta name=\"twitter:label1\" content=\"Dur\u00e9e de lecture estim\u00e9e\" \/>\n\t<meta name=\"twitter:data1\" content=\"1 minute\" \/>\n<script type=\"application\/ld+json\" class=\"yoast-schema-graph\">{\"@context\":\"https:\\\/\\\/schema.org\",\"@graph\":[{\"@type\":\"WebPage\",\"@id\":\"https:\\\/\\\/www.organscore.com\\\/produit\\\/j-s-bach-complete-organ-works-vol-ii\\\/\",\"url\":\"https:\\\/\\\/www.organscore.com\\\/produit\\\/j-s-bach-complete-organ-works-vol-ii\\\/\",\"name\":\"J.S. Bach oeuvres compl\u00e8tes pour orgue, Vol II - OrganScore\",\"isPartOf\":{\"@id\":\"https:\\\/\\\/www.organscore.com\\\/#website\"},\"primaryImageOfPage\":{\"@id\":\"https:\\\/\\\/www.organscore.com\\\/produit\\\/j-s-bach-complete-organ-works-vol-ii\\\/#primaryimage\"},\"image\":{\"@id\":\"https:\\\/\\\/www.organscore.com\\\/produit\\\/j-s-bach-complete-organ-works-vol-ii\\\/#primaryimage\"},\"thumbnailUrl\":\"https:\\\/\\\/www.organscore.com\\\/wp-content\\\/uploads\\\/2018\\\/05\\\/organscore-bach-complete-organ-works-volume-ii.jpg\",\"datePublished\":\"2018-05-29T20:24:38+00:00\",\"dateModified\":\"2022-06-15T15:53:40+00:00\",\"description\":\"J.S. Bach oeuvres compl\u00e8tes pour orgue \u00e9vitant les tournes de pages - Volume II : Preludes, Fantaisies, Toccatas & Fugues (II) BWV 545 \u00e0 552, 561 \u00e0 566.\",\"breadcrumb\":{\"@id\":\"https:\\\/\\\/www.organscore.com\\\/produit\\\/j-s-bach-complete-organ-works-vol-ii\\\/#breadcrumb\"},\"inLanguage\":\"fr-FR\",\"potentialAction\":[{\"@type\":\"ReadAction\",\"target\":[\"https:\\\/\\\/www.organscore.com\\\/produit\\\/j-s-bach-complete-organ-works-vol-ii\\\/\"]}]},{\"@type\":\"ImageObject\",\"inLanguage\":\"fr-FR\",\"@id\":\"https:\\\/\\\/www.organscore.com\\\/produit\\\/j-s-bach-complete-organ-works-vol-ii\\\/#primaryimage\",\"url\":\"https:\\\/\\\/www.organscore.com\\\/wp-content\\\/uploads\\\/2018\\\/05\\\/organscore-bach-complete-organ-works-volume-ii.jpg\",\"contentUrl\":\"https:\\\/\\\/www.organscore.com\\\/wp-content\\\/uploads\\\/2018\\\/05\\\/organscore-bach-complete-organ-works-volume-ii.jpg\",\"width\":1100,\"height\":872,\"caption\":\"J.S. Bach \u0153uvres compl\u00e8tes pour orgue, volume II\"},{\"@type\":\"BreadcrumbList\",\"@id\":\"https:\\\/\\\/www.organscore.com\\\/produit\\\/j-s-bach-complete-organ-works-vol-ii\\\/#breadcrumb\",\"itemListElement\":[{\"@type\":\"ListItem\",\"position\":1,\"name\":\"Home\",\"item\":\"https:\\\/\\\/www.organscore.com\\\/fr\\\/\"},{\"@type\":\"ListItem\",\"position\":2,\"name\":\"Acheter\",\"item\":\"https:\\\/\\\/www.organscore.com\\\/fr\\\/boutique\\\/\"},{\"@type\":\"ListItem\",\"position\":3,\"name\":\"J.S. Bach\u00a0: \u0152uvres Compl\u00e8tes pour Orgue, Vol II\"}]},{\"@type\":\"WebSite\",\"@id\":\"https:\\\/\\\/www.organscore.com\\\/#website\",\"url\":\"https:\\\/\\\/www.organscore.com\\\/\",\"name\":\"OrganScore\",\"description\":\"The Practical Score for Organists\",\"publisher\":{\"@id\":\"https:\\\/\\\/www.organscore.com\\\/#organization\"},\"potentialAction\":[{\"@type\":\"SearchAction\",\"target\":{\"@type\":\"EntryPoint\",\"urlTemplate\":\"https:\\\/\\\/www.organscore.com\\\/?s={search_term_string}\"},\"query-input\":{\"@type\":\"PropertyValueSpecification\",\"valueRequired\":true,\"valueName\":\"search_term_string\"}}],\"inLanguage\":\"fr-FR\"},{\"@type\":\"Organization\",\"@id\":\"https:\\\/\\\/www.organscore.com\\\/#organization\",\"name\":\"OrganScore\",\"url\":\"https:\\\/\\\/www.organscore.com\\\/\",\"logo\":{\"@type\":\"ImageObject\",\"inLanguage\":\"fr-FR\",\"@id\":\"https:\\\/\\\/www.organscore.com\\\/#\\\/schema\\\/logo\\\/image\\\/\",\"url\":\"https:\\\/\\\/www.organscore.com\\\/wp-content\\\/uploads\\\/2018\\\/09\\\/organscore-logo-0153bf-h142px-shaded.png\",\"contentUrl\":\"https:\\\/\\\/www.organscore.com\\\/wp-content\\\/uploads\\\/2018\\\/09\\\/organscore-logo-0153bf-h142px-shaded.png\",\"width\":434,\"height\":142,\"caption\":\"OrganScore\"},\"image\":{\"@id\":\"https:\\\/\\\/www.organscore.com\\\/#\\\/schema\\\/logo\\\/image\\\/\"},\"sameAs\":[\"https:\\\/\\\/www.youtube.com\\\/user\\\/organopleno2000\"]}]}<\/script>\n<!-- \/ Yoast SEO plugin. -->","yoast_head_json":{"title":"J.S. Bach oeuvres compl\u00e8tes pour orgue, Vol II - OrganScore","description":"J.S. Bach oeuvres compl\u00e8tes pour orgue \u00e9vitant les tournes de pages - Volume II : Preludes, Fantaisies, Toccatas & Fugues (II) BWV 545 \u00e0 552, 561 \u00e0 566.","robots":{"index":"index","follow":"follow","max-snippet":"max-snippet:-1","max-image-preview":"max-image-preview:large","max-video-preview":"max-video-preview:-1"},"canonical":"https:\/\/www.organscore.com\/produit\/j-s-bach-complete-organ-works-vol-ii\/","og_locale":"fr_FR","og_type":"article","og_title":"J.S. Bach oeuvres compl\u00e8tes pour orgue, Vol II - OrganScore","og_description":"J.S. Bach oeuvres compl\u00e8tes pour orgue \u00e9vitant les tournes de pages - Volume II : Preludes, Fantaisies, Toccatas & Fugues (II) BWV 545 \u00e0 552, 561 \u00e0 566.","og_url":"https:\/\/www.organscore.com\/produit\/j-s-bach-complete-organ-works-vol-ii\/","og_site_name":"OrganScore","article_modified_time":"2022-06-15T15:53:40+00:00","og_image":[{"width":1100,"height":872,"url":"https:\/\/www.organscore.com\/wp-content\/uploads\/2018\/05\/organscore-bach-complete-organ-works-volume-ii.jpg","type":"image\/jpeg"}],"twitter_card":"summary_large_image","twitter_misc":{"Dur\u00e9e de lecture estim\u00e9e":"1 minute"},"schema":{"@context":"https:\/\/schema.org","@graph":[{"@type":"WebPage","@id":"https:\/\/www.organscore.com\/produit\/j-s-bach-complete-organ-works-vol-ii\/","url":"https:\/\/www.organscore.com\/produit\/j-s-bach-complete-organ-works-vol-ii\/","name":"J.S. Bach oeuvres compl\u00e8tes pour orgue, Vol II - OrganScore","isPartOf":{"@id":"https:\/\/www.organscore.com\/#website"},"primaryImageOfPage":{"@id":"https:\/\/www.organscore.com\/produit\/j-s-bach-complete-organ-works-vol-ii\/#primaryimage"},"image":{"@id":"https:\/\/www.organscore.com\/produit\/j-s-bach-complete-organ-works-vol-ii\/#primaryimage"},"thumbnailUrl":"https:\/\/www.organscore.com\/wp-content\/uploads\/2018\/05\/organscore-bach-complete-organ-works-volume-ii.jpg","datePublished":"2018-05-29T20:24:38+00:00","dateModified":"2022-06-15T15:53:40+00:00","description":"J.S. Bach oeuvres compl\u00e8tes pour orgue \u00e9vitant les tournes de pages - Volume II : Preludes, Fantaisies, Toccatas & Fugues (II) BWV 545 \u00e0 552, 561 \u00e0 566.","breadcrumb":{"@id":"https:\/\/www.organscore.com\/produit\/j-s-bach-complete-organ-works-vol-ii\/#breadcrumb"},"inLanguage":"fr-FR","potentialAction":[{"@type":"ReadAction","target":["https:\/\/www.organscore.com\/produit\/j-s-bach-complete-organ-works-vol-ii\/"]}]},{"@type":"ImageObject","inLanguage":"fr-FR","@id":"https:\/\/www.organscore.com\/produit\/j-s-bach-complete-organ-works-vol-ii\/#primaryimage","url":"https:\/\/www.organscore.com\/wp-content\/uploads\/2018\/05\/organscore-bach-complete-organ-works-volume-ii.jpg","contentUrl":"https:\/\/www.organscore.com\/wp-content\/uploads\/2018\/05\/organscore-bach-complete-organ-works-volume-ii.jpg","width":1100,"height":872,"caption":"J.S. Bach \u0153uvres compl\u00e8tes pour orgue, volume II"},{"@type":"BreadcrumbList","@id":"https:\/\/www.organscore.com\/produit\/j-s-bach-complete-organ-works-vol-ii\/#breadcrumb","itemListElement":[{"@type":"ListItem","position":1,"name":"Home","item":"https:\/\/www.organscore.com\/fr\/"},{"@type":"ListItem","position":2,"name":"Acheter","item":"https:\/\/www.organscore.com\/fr\/boutique\/"},{"@type":"ListItem","position":3,"name":"J.S. Bach\u00a0: \u0152uvres Compl\u00e8tes pour Orgue, Vol II"}]},{"@type":"WebSite","@id":"https:\/\/www.organscore.com\/#website","url":"https:\/\/www.organscore.com\/","name":"OrganScore","description":"The Practical Score for Organists","publisher":{"@id":"https:\/\/www.organscore.com\/#organization"},"potentialAction":[{"@type":"SearchAction","target":{"@type":"EntryPoint","urlTemplate":"https:\/\/www.organscore.com\/?s={search_term_string}"},"query-input":{"@type":"PropertyValueSpecification","valueRequired":true,"valueName":"search_term_string"}}],"inLanguage":"fr-FR"},{"@type":"Organization","@id":"https:\/\/www.organscore.com\/#organization","name":"OrganScore","url":"https:\/\/www.organscore.com\/","logo":{"@type":"ImageObject","inLanguage":"fr-FR","@id":"https:\/\/www.organscore.com\/#\/schema\/logo\/image\/","url":"https:\/\/www.organscore.com\/wp-content\/uploads\/2018\/09\/organscore-logo-0153bf-h142px-shaded.png","contentUrl":"https:\/\/www.organscore.com\/wp-content\/uploads\/2018\/09\/organscore-logo-0153bf-h142px-shaded.png","width":434,"height":142,"caption":"OrganScore"},"image":{"@id":"https:\/\/www.organscore.com\/#\/schema\/logo\/image\/"},"sameAs":["https:\/\/www.youtube.com\/user\/organopleno2000"]}]}},"_links":{"self":[{"href":"https:\/\/www.organscore.com\/fr\/wp-json\/wp\/v2\/product\/1860","targetHints":{"allow":["GET"]}}],"collection":[{"href":"https:\/\/www.organscore.com\/fr\/wp-json\/wp\/v2\/product"}],"about":[{"href":"https:\/\/www.organscore.com\/fr\/wp-json\/wp\/v2\/types\/product"}],"wp:featuredmedia":[{"embeddable":true,"href":"https:\/\/www.organscore.com\/fr\/wp-json\/wp\/v2\/media\/2263"}],"wp:attachment":[{"href":"https:\/\/www.organscore.com\/fr\/wp-json\/wp\/v2\/media?parent=1860"}],"wp:term":[{"taxonomy":"product_brand","embeddable":true,"href":"https:\/\/www.organscore.com\/fr\/wp-json\/wp\/v2\/product_brand?post=1860"},{"taxonomy":"product_cat","embeddable":true,"href":"https:\/\/www.organscore.com\/fr\/wp-json\/wp\/v2\/product_cat?post=1860"},{"taxonomy":"product_tag","embeddable":true,"href":"https:\/\/www.organscore.com\/fr\/wp-json\/wp\/v2\/product_tag?post=1860"}],"curies":[{"name":"wp","href":"https:\/\/api.w.org\/{rel}","templated":true}]}}