{"id":1850,"date":"2018-05-30T08:02:15","date_gmt":"2018-05-30T06:02:15","guid":{"rendered":"https:\/\/www.organscore.com\/product\/j-s-bach-oeuvres-completes-orgue-vol-iv\/"},"modified":"2022-06-15T17:56:11","modified_gmt":"2022-06-15T15:56:11","slug":"j-s-bach-oeuvres-completes-pour-orgue-vol-iv","status":"publish","type":"product","link":"https:\/\/www.organscore.com\/fr\/produit\/j-s-bach-oeuvres-completes-pour-orgue-vol-iv\/","title":{"rendered":"J.S. Bach\u00a0: \u0152uvres Compl\u00e8tes pour Orgue, Vol IV"},"content":{"rendered":"<p style=\"text-align: justify;\">Le volume III de l&rsquo;\u0153uvre compl\u00e8te pour orgue de J.S. Bach comprend les sonates en trios, les trios, les duettos ainsi que quelques pi\u00e8ces isol\u00e9es (Canzona, Pastorale, Alla breve). Il inclut \u00e9galement le trio BWV 1027-4a (ou 1039-4a&#8230;) ainsi qu&rsquo;une version de la sinfonia BWV 790, deux transcriptions provenant de manuscrits du 18\u00e8me si\u00e8cle. La sonate en trio BWV 1039 fut elle-m\u00eame arrang\u00e9e par Bach en une sonate pour viole de gambe et clavecin (BWV 1027). Suivant la m\u00eame affection que celle que Bach \u00e9prouvait visiblement pour son \u0153uvre, l&rsquo;\u00e9diteur propose une transcription int\u00e9grale pour orgue de la sonate BWV 1039, qui comprend quatre mouvements. Pour une vue d&rsquo;ensemble de l&rsquo;int\u00e9grale de Bach, voir\u00a0<strong><a href=\"https:\/\/www.organscore.com\/fr\/bach-oeuvre-complete-pour-orgue\/\">l&rsquo;Edition OrganScore de l&rsquo;\u0153uvre compl\u00e8te pour orgue de J.S. Bach<\/a><\/strong>.<\/p>\n<p style=\"text-align: justify;\"><strong>Contenu :<\/strong><\/p>\n<p>BWV 525 \u2013 Trio Sonata 1 in <em>Eb<\/em> [2 pages + 2 pages + 2 pages]<br \/>\nBWV 526 \u2013 Trio Sonata 2 in <em>c<\/em> [2 pages + 2 pages + 4 ou 2 pages]<br \/>\nBWV 527 \u2013 Trio Sonata 3 in <em>d<\/em> [2 pages + 2 pages + 2 pages]<br \/>\nBWV 528 \u2013 Trio Sonata 4 in <em>e<\/em> [2 pages + 2 pages + 2 pages]<br \/>\nBWV 529 \u2013 Trio Sonata 5 in <em>C<\/em> [2 pages + 2 pages + 2 pages]<br \/>\nBWV 530 \u2013 Trio Sonata 6 in <em>G<\/em> [2 pages + 2 pages + 2 pages]<br \/>\nBWV 583 &#8211; Trio in <em>d<\/em> [2 pages]<br \/>\nBWV 584 &#8211; Trio in <em>g<\/em> [1 page]<br \/>\nBWV 585 &#8211; Trio in <em>c<\/em> [1 page + 2 pages]<br \/>\nBWV 586 &#8211; Trio in <em>G<\/em> [2 pages]<br \/>\nBWV 587 &#8211; Aria in <em>F<\/em> [2 pages]<br \/>\nBWV 588 &#8211; Canzona in <em>d<\/em> [4 pages]<br \/>\nBWV 589 &#8211; Alla breve in <em>D<\/em> [2 pages]<br \/>\nBWV 590 &#8211; Pastorale in <em>F<\/em> [5 pages]<br \/>\nBWV 591 &#8211; Petit labyrinthe harmonique [1.5 page]<br \/>\nBWV 598 &#8211; Pedal Exercitium [0.5 page]<br \/>\nBWV 802 &#8211; Duetto I in <em>e<\/em> [2 pages]<br \/>\nBWV 803 &#8211; Duetto II in <em>F<\/em> [2 pages]<br \/>\nBWV 804 &#8211; Duetto III in <em>G<\/em> [2 pages]<br \/>\nBWV 805 &#8211; Duetto IV in <em>a<\/em> [2 pages]<br \/>\nBWV 1027-4a &#8211; Trio in <em>G<\/em> [2 pages]<br \/>\nBWV 1039 &#8211; Trio Sonata in <em>G<\/em> (Transcription) [2 pages + 2 pages + 1 page +2 pages]<br \/>\nBWV 790 &#8211; Trio in <em>h<\/em> (Transcription) [1 page]<\/p>\n<p>(3 or 4 pages = 1 tourne de page, 5 or 6 pages = 2 tournes)<\/p>\n","protected":false},"excerpt":{"rendered":"<p>J.S. Bach\u00a0: \u0152uvres Compl\u00e8tes pour Orgue, Vol IV<br \/>\n<strong>Sans Probl\u00e8me de Tourne de Page<br \/>\n<\/strong><em>(contenu jouable sans assistant tourneur de pages)<\/em><\/p>\n<p>Sonates en trio, Trios, Duettos, Pi\u00e8ces diverses<\/p>\n<p>OSC 004 &#8211; ISMN :\u00a0979-0-707109-04-5<br \/>\n37.5cm x 29.7cm (+spirale)<br \/>\n88 pages \u2014 120g\/m\u00b2<\/p>\n","protected":false},"featured_media":2255,"template":"","meta":{"_monsterinsights_skip_tracking":false,"_monsterinsights_sitenote_active":false,"_monsterinsights_sitenote_note":"","_monsterinsights_sitenote_category":0,"site-sidebar-layout":"default","site-content-layout":"default","ast-site-content-layout":"default","site-content-style":"default","site-sidebar-style":"default","ast-global-header-display":"","ast-banner-title-visibility":"","ast-main-header-display":"","ast-hfb-above-header-display":"","ast-hfb-below-header-display":"","ast-hfb-mobile-header-display":"","site-post-title":"","ast-breadcrumbs-content":"","ast-featured-img":"","footer-sml-layout":"","ast-disable-related-posts":"","theme-transparent-header-meta":"default","adv-header-id-meta":"","stick-header-meta":"default","header-above-stick-meta":"","header-main-stick-meta":"","header-below-stick-meta":"","astra-migrate-meta-layouts":"default","ast-page-background-enabled":"default","ast-page-background-meta":{"desktop":{"background-color":"","background-image":"","background-repeat":"repeat","background-position":"center center","background-size":"auto","background-attachment":"scroll","background-type":"","background-media":"","overlay-type":"","overlay-color":"","overlay-opacity":"","overlay-gradient":""},"tablet":{"background-color":"","background-image":"","background-repeat":"repeat","background-position":"center center","background-size":"auto","background-attachment":"scroll","background-type":"","background-media":"","overlay-type":"","overlay-color":"","overlay-opacity":"","overlay-gradient":""},"mobile":{"background-color":"","background-image":"","background-repeat":"repeat","background-position":"center center","background-size":"auto","background-attachment":"scroll","background-type":"","background-media":"","overlay-type":"","overlay-color":"","overlay-opacity":"","overlay-gradient":""}},"ast-content-background-meta":{"desktop":{"background-color":"var(--ast-global-color-5)","background-image":"","background-repeat":"repeat","background-position":"center center","background-size":"auto","background-attachment":"scroll","background-type":"","background-media":"","overlay-type":"","overlay-color":"","overlay-opacity":"","overlay-gradient":""},"tablet":{"background-color":"var(--ast-global-color-5)","background-image":"","background-repeat":"repeat","background-position":"center center","background-size":"auto","background-attachment":"scroll","background-type":"","background-media":"","overlay-type":"","overlay-color":"","overlay-opacity":"","overlay-gradient":""},"mobile":{"background-color":"var(--ast-global-color-5)","background-image":"","background-repeat":"repeat","background-position":"center center","background-size":"auto","background-attachment":"scroll","background-type":"","background-media":"","overlay-type":"","overlay-color":"","overlay-opacity":"","overlay-gradient":""}}},"product_brand":[],"product_cat":[51],"product_tag":[],"class_list":{"0":"post-1850","1":"product","2":"type-product","3":"status-publish","4":"has-post-thumbnail","6":"product_cat-partition-papier","7":"desktop-align-left","8":"tablet-align-left","9":"mobile-align-left","10":"ast-product-gallery-layout-horizontal-slider","11":"ast-product-tabs-layout-horizontal","13":"first","14":"instock","15":"shipping-taxable","16":"purchasable","17":"product-type-simple"},"yoast_head":"<!-- This site is optimized with the Yoast SEO plugin v27.3 - https:\/\/yoast.com\/product\/yoast-seo-wordpress\/ -->\n<title>J.S. Bach oeuvres compl\u00e8tes pour orgue, Vol IV - OrganScore<\/title>\n<meta name=\"description\" content=\"J.S. Bach oeuvres compl\u00e8tes pour orgue \u00e9vitant les tournes de pages - Volume IV\u00a0: Sonates en trios, trios, transcriptions\" \/>\n<meta name=\"robots\" content=\"index, follow, max-snippet:-1, max-image-preview:large, max-video-preview:-1\" \/>\n<link rel=\"canonical\" href=\"https:\/\/www.organscore.com\/produit\/j-s-bach-complete-organ-works-vol-iv\/\" \/>\n<meta property=\"og:locale\" content=\"fr_FR\" \/>\n<meta property=\"og:type\" content=\"article\" \/>\n<meta property=\"og:title\" content=\"J.S. Bach oeuvres compl\u00e8tes pour orgue, Vol IV - OrganScore\" \/>\n<meta property=\"og:description\" content=\"J.S. Bach oeuvres compl\u00e8tes pour orgue \u00e9vitant les tournes de pages - Volume IV\u00a0: Sonates en trios, trios, transcriptions\" \/>\n<meta property=\"og:url\" content=\"https:\/\/www.organscore.com\/produit\/j-s-bach-complete-organ-works-vol-iv\/\" \/>\n<meta property=\"og:site_name\" content=\"OrganScore\" \/>\n<meta property=\"article:modified_time\" content=\"2022-06-15T15:56:11+00:00\" \/>\n<meta property=\"og:image\" content=\"https:\/\/www.organscore.com\/wp-content\/uploads\/2018\/05\/organscore-bach-complete-organ-works-volume-iv.jpg\" \/>\n\t<meta property=\"og:image:width\" content=\"1100\" \/>\n\t<meta property=\"og:image:height\" content=\"872\" \/>\n\t<meta property=\"og:image:type\" content=\"image\/jpeg\" \/>\n<meta name=\"twitter:card\" content=\"summary_large_image\" \/>\n<meta name=\"twitter:label1\" content=\"Dur\u00e9e de lecture estim\u00e9e\" \/>\n\t<meta name=\"twitter:data1\" content=\"2 minutes\" \/>\n<script type=\"application\/ld+json\" class=\"yoast-schema-graph\">{\"@context\":\"https:\\\/\\\/schema.org\",\"@graph\":[{\"@type\":\"WebPage\",\"@id\":\"https:\\\/\\\/www.organscore.com\\\/produit\\\/j-s-bach-complete-organ-works-vol-iv\\\/\",\"url\":\"https:\\\/\\\/www.organscore.com\\\/produit\\\/j-s-bach-complete-organ-works-vol-iv\\\/\",\"name\":\"J.S. Bach oeuvres compl\u00e8tes pour orgue, Vol IV - OrganScore\",\"isPartOf\":{\"@id\":\"https:\\\/\\\/www.organscore.com\\\/#website\"},\"primaryImageOfPage\":{\"@id\":\"https:\\\/\\\/www.organscore.com\\\/produit\\\/j-s-bach-complete-organ-works-vol-iv\\\/#primaryimage\"},\"image\":{\"@id\":\"https:\\\/\\\/www.organscore.com\\\/produit\\\/j-s-bach-complete-organ-works-vol-iv\\\/#primaryimage\"},\"thumbnailUrl\":\"https:\\\/\\\/www.organscore.com\\\/wp-content\\\/uploads\\\/2018\\\/05\\\/organscore-bach-complete-organ-works-volume-iv.jpg\",\"datePublished\":\"2018-05-30T06:02:15+00:00\",\"dateModified\":\"2022-06-15T15:56:11+00:00\",\"description\":\"J.S. Bach oeuvres compl\u00e8tes pour orgue \u00e9vitant les tournes de pages - Volume IV\u00a0: Sonates en trios, trios, transcriptions\",\"breadcrumb\":{\"@id\":\"https:\\\/\\\/www.organscore.com\\\/produit\\\/j-s-bach-complete-organ-works-vol-iv\\\/#breadcrumb\"},\"inLanguage\":\"fr-FR\",\"potentialAction\":[{\"@type\":\"ReadAction\",\"target\":[\"https:\\\/\\\/www.organscore.com\\\/produit\\\/j-s-bach-complete-organ-works-vol-iv\\\/\"]}]},{\"@type\":\"ImageObject\",\"inLanguage\":\"fr-FR\",\"@id\":\"https:\\\/\\\/www.organscore.com\\\/produit\\\/j-s-bach-complete-organ-works-vol-iv\\\/#primaryimage\",\"url\":\"https:\\\/\\\/www.organscore.com\\\/wp-content\\\/uploads\\\/2018\\\/05\\\/organscore-bach-complete-organ-works-volume-iv.jpg\",\"contentUrl\":\"https:\\\/\\\/www.organscore.com\\\/wp-content\\\/uploads\\\/2018\\\/05\\\/organscore-bach-complete-organ-works-volume-iv.jpg\",\"width\":1100,\"height\":872,\"caption\":\"J.S. Bach \u0153uvres compl\u00e8tes pour orgue, volume IV\"},{\"@type\":\"BreadcrumbList\",\"@id\":\"https:\\\/\\\/www.organscore.com\\\/produit\\\/j-s-bach-complete-organ-works-vol-iv\\\/#breadcrumb\",\"itemListElement\":[{\"@type\":\"ListItem\",\"position\":1,\"name\":\"Home\",\"item\":\"https:\\\/\\\/www.organscore.com\\\/fr\\\/\"},{\"@type\":\"ListItem\",\"position\":2,\"name\":\"Acheter\",\"item\":\"https:\\\/\\\/www.organscore.com\\\/fr\\\/boutique\\\/\"},{\"@type\":\"ListItem\",\"position\":3,\"name\":\"J.S. Bach\u00a0: \u0152uvres Compl\u00e8tes pour Orgue, Vol IV\"}]},{\"@type\":\"WebSite\",\"@id\":\"https:\\\/\\\/www.organscore.com\\\/#website\",\"url\":\"https:\\\/\\\/www.organscore.com\\\/\",\"name\":\"OrganScore\",\"description\":\"The Practical Score for Organists\",\"publisher\":{\"@id\":\"https:\\\/\\\/www.organscore.com\\\/#organization\"},\"potentialAction\":[{\"@type\":\"SearchAction\",\"target\":{\"@type\":\"EntryPoint\",\"urlTemplate\":\"https:\\\/\\\/www.organscore.com\\\/?s={search_term_string}\"},\"query-input\":{\"@type\":\"PropertyValueSpecification\",\"valueRequired\":true,\"valueName\":\"search_term_string\"}}],\"inLanguage\":\"fr-FR\"},{\"@type\":\"Organization\",\"@id\":\"https:\\\/\\\/www.organscore.com\\\/#organization\",\"name\":\"OrganScore\",\"url\":\"https:\\\/\\\/www.organscore.com\\\/\",\"logo\":{\"@type\":\"ImageObject\",\"inLanguage\":\"fr-FR\",\"@id\":\"https:\\\/\\\/www.organscore.com\\\/#\\\/schema\\\/logo\\\/image\\\/\",\"url\":\"https:\\\/\\\/www.organscore.com\\\/wp-content\\\/uploads\\\/2018\\\/09\\\/organscore-logo-0153bf-h142px-shaded.png\",\"contentUrl\":\"https:\\\/\\\/www.organscore.com\\\/wp-content\\\/uploads\\\/2018\\\/09\\\/organscore-logo-0153bf-h142px-shaded.png\",\"width\":434,\"height\":142,\"caption\":\"OrganScore\"},\"image\":{\"@id\":\"https:\\\/\\\/www.organscore.com\\\/#\\\/schema\\\/logo\\\/image\\\/\"},\"sameAs\":[\"https:\\\/\\\/www.youtube.com\\\/user\\\/organopleno2000\"]}]}<\/script>\n<!-- \/ Yoast SEO plugin. -->","yoast_head_json":{"title":"J.S. Bach oeuvres compl\u00e8tes pour orgue, Vol IV - OrganScore","description":"J.S. Bach oeuvres compl\u00e8tes pour orgue \u00e9vitant les tournes de pages - Volume IV\u00a0: Sonates en trios, trios, transcriptions","robots":{"index":"index","follow":"follow","max-snippet":"max-snippet:-1","max-image-preview":"max-image-preview:large","max-video-preview":"max-video-preview:-1"},"canonical":"https:\/\/www.organscore.com\/produit\/j-s-bach-complete-organ-works-vol-iv\/","og_locale":"fr_FR","og_type":"article","og_title":"J.S. Bach oeuvres compl\u00e8tes pour orgue, Vol IV - OrganScore","og_description":"J.S. Bach oeuvres compl\u00e8tes pour orgue \u00e9vitant les tournes de pages - Volume IV\u00a0: Sonates en trios, trios, transcriptions","og_url":"https:\/\/www.organscore.com\/produit\/j-s-bach-complete-organ-works-vol-iv\/","og_site_name":"OrganScore","article_modified_time":"2022-06-15T15:56:11+00:00","og_image":[{"width":1100,"height":872,"url":"https:\/\/www.organscore.com\/wp-content\/uploads\/2018\/05\/organscore-bach-complete-organ-works-volume-iv.jpg","type":"image\/jpeg"}],"twitter_card":"summary_large_image","twitter_misc":{"Dur\u00e9e de lecture estim\u00e9e":"2 minutes"},"schema":{"@context":"https:\/\/schema.org","@graph":[{"@type":"WebPage","@id":"https:\/\/www.organscore.com\/produit\/j-s-bach-complete-organ-works-vol-iv\/","url":"https:\/\/www.organscore.com\/produit\/j-s-bach-complete-organ-works-vol-iv\/","name":"J.S. Bach oeuvres compl\u00e8tes pour orgue, Vol IV - OrganScore","isPartOf":{"@id":"https:\/\/www.organscore.com\/#website"},"primaryImageOfPage":{"@id":"https:\/\/www.organscore.com\/produit\/j-s-bach-complete-organ-works-vol-iv\/#primaryimage"},"image":{"@id":"https:\/\/www.organscore.com\/produit\/j-s-bach-complete-organ-works-vol-iv\/#primaryimage"},"thumbnailUrl":"https:\/\/www.organscore.com\/wp-content\/uploads\/2018\/05\/organscore-bach-complete-organ-works-volume-iv.jpg","datePublished":"2018-05-30T06:02:15+00:00","dateModified":"2022-06-15T15:56:11+00:00","description":"J.S. Bach oeuvres compl\u00e8tes pour orgue \u00e9vitant les tournes de pages - Volume IV\u00a0: Sonates en trios, trios, transcriptions","breadcrumb":{"@id":"https:\/\/www.organscore.com\/produit\/j-s-bach-complete-organ-works-vol-iv\/#breadcrumb"},"inLanguage":"fr-FR","potentialAction":[{"@type":"ReadAction","target":["https:\/\/www.organscore.com\/produit\/j-s-bach-complete-organ-works-vol-iv\/"]}]},{"@type":"ImageObject","inLanguage":"fr-FR","@id":"https:\/\/www.organscore.com\/produit\/j-s-bach-complete-organ-works-vol-iv\/#primaryimage","url":"https:\/\/www.organscore.com\/wp-content\/uploads\/2018\/05\/organscore-bach-complete-organ-works-volume-iv.jpg","contentUrl":"https:\/\/www.organscore.com\/wp-content\/uploads\/2018\/05\/organscore-bach-complete-organ-works-volume-iv.jpg","width":1100,"height":872,"caption":"J.S. Bach \u0153uvres compl\u00e8tes pour orgue, volume IV"},{"@type":"BreadcrumbList","@id":"https:\/\/www.organscore.com\/produit\/j-s-bach-complete-organ-works-vol-iv\/#breadcrumb","itemListElement":[{"@type":"ListItem","position":1,"name":"Home","item":"https:\/\/www.organscore.com\/fr\/"},{"@type":"ListItem","position":2,"name":"Acheter","item":"https:\/\/www.organscore.com\/fr\/boutique\/"},{"@type":"ListItem","position":3,"name":"J.S. Bach\u00a0: \u0152uvres Compl\u00e8tes pour Orgue, Vol IV"}]},{"@type":"WebSite","@id":"https:\/\/www.organscore.com\/#website","url":"https:\/\/www.organscore.com\/","name":"OrganScore","description":"The Practical Score for Organists","publisher":{"@id":"https:\/\/www.organscore.com\/#organization"},"potentialAction":[{"@type":"SearchAction","target":{"@type":"EntryPoint","urlTemplate":"https:\/\/www.organscore.com\/?s={search_term_string}"},"query-input":{"@type":"PropertyValueSpecification","valueRequired":true,"valueName":"search_term_string"}}],"inLanguage":"fr-FR"},{"@type":"Organization","@id":"https:\/\/www.organscore.com\/#organization","name":"OrganScore","url":"https:\/\/www.organscore.com\/","logo":{"@type":"ImageObject","inLanguage":"fr-FR","@id":"https:\/\/www.organscore.com\/#\/schema\/logo\/image\/","url":"https:\/\/www.organscore.com\/wp-content\/uploads\/2018\/09\/organscore-logo-0153bf-h142px-shaded.png","contentUrl":"https:\/\/www.organscore.com\/wp-content\/uploads\/2018\/09\/organscore-logo-0153bf-h142px-shaded.png","width":434,"height":142,"caption":"OrganScore"},"image":{"@id":"https:\/\/www.organscore.com\/#\/schema\/logo\/image\/"},"sameAs":["https:\/\/www.youtube.com\/user\/organopleno2000"]}]}},"_links":{"self":[{"href":"https:\/\/www.organscore.com\/fr\/wp-json\/wp\/v2\/product\/1850","targetHints":{"allow":["GET"]}}],"collection":[{"href":"https:\/\/www.organscore.com\/fr\/wp-json\/wp\/v2\/product"}],"about":[{"href":"https:\/\/www.organscore.com\/fr\/wp-json\/wp\/v2\/types\/product"}],"wp:featuredmedia":[{"embeddable":true,"href":"https:\/\/www.organscore.com\/fr\/wp-json\/wp\/v2\/media\/2255"}],"wp:attachment":[{"href":"https:\/\/www.organscore.com\/fr\/wp-json\/wp\/v2\/media?parent=1850"}],"wp:term":[{"taxonomy":"product_brand","embeddable":true,"href":"https:\/\/www.organscore.com\/fr\/wp-json\/wp\/v2\/product_brand?post=1850"},{"taxonomy":"product_cat","embeddable":true,"href":"https:\/\/www.organscore.com\/fr\/wp-json\/wp\/v2\/product_cat?post=1850"},{"taxonomy":"product_tag","embeddable":true,"href":"https:\/\/www.organscore.com\/fr\/wp-json\/wp\/v2\/product_tag?post=1850"}],"curies":[{"name":"wp","href":"https:\/\/api.w.org\/{rel}","templated":true}]}}