{"id":1833,"date":"2018-05-30T17:29:42","date_gmt":"2018-05-30T15:29:42","guid":{"rendered":"https:\/\/www.organscore.com\/product\/j-s-bach-oeuvres-completes-orgue-vol-vii\/"},"modified":"2022-06-15T18:11:41","modified_gmt":"2022-06-15T16:11:41","slug":"j-s-bach-oeuvres-completes-pour-orgue-vol-vii","status":"publish","type":"product","link":"https:\/\/www.organscore.com\/fr\/produit\/j-s-bach-oeuvres-completes-pour-orgue-vol-vii\/","title":{"rendered":"J.S. Bach\u00a0: \u0152uvres Compl\u00e8tes pour Orgue, Vol VII"},"content":{"rendered":"<p style=\"text-align: justify;\">Le volume VII de l&rsquo;\u0153uvre compl\u00e8te pour orgue de J.S. Bach couvre certains grand recueils de chorals (chorals \u00abSch\u00fcbler\u00bb, chorals \u00abde Leipzig\u00bb) , ainsi que les partitas et la variations canoniques. Eviter les tournes est tr\u00e8s pratique dans les grands chorals. Avec le grand format, la plupart de ces pi\u00e8ces peuvent \u00eatre dispos\u00e9es sur deux pages se faisant face. Les partitas, par leur nature fragment\u00e9es pose moins de probl\u00e8me de tourne, mais certaines longues variations sont beaucoup plus confortables pr\u00e9sent\u00e9es sur deux pages (cf. BWV 768, 769, 770). Pour une vue d&rsquo;ensemble de l&rsquo;int\u00e9grale de Bach, voir\u00a0<strong><a href=\"https:\/\/www.organscore.com\/fr\/bach-oeuvre-complete-pour-orgue\/\">l&rsquo;Edition OrganScore de l&rsquo;\u0153uvre compl\u00e8te pour orgue de J.S. Bach<\/a><\/strong>.<\/p>\n<p style=\"text-align: justify;\"><strong>Contenu :<\/strong><\/p>\n<p>CHORALS \u00abSCH\u00dcBLER\u00bb<br \/>\nBWV 645 &#8211; Wachet auf, ruft uns die Stimme [2 pages]<br \/>\nBWV 646 &#8211; Wo soll ich fliehen hin \/ Auf meinen lieben Gott [2 pages]<br \/>\nBWV 647 &#8211; Wer nur den lieben Gott l\u00e4sst walten [1 page]<br \/>\nBWV 648 &#8211; Meine Seele erhebt den Herren [1 page]<br \/>\nBWV 649 &#8211; Ach bleib bei uns, Herr Jesu Christ [2 pages]<br \/>\nBWV 650 &#8211; Kommst du nun, Jesu, vom Himmel herunter [2 pages]<br \/>\nBWV 650 &#8211; Kommst du nun, Jesu, vom Himmel herunter (basso in ped.) [2 pages]<\/p>\n<p>CHORALS DE LEIPZIG<br \/>\nBWV 651 &#8211; Komm, Heiliger Geist, Herre Gott (fantasia) [4 pages]<br \/>\nBWV 651 &#8211; Komm, Heiliger Geist, Herre Gott (fantasia) [2 pages]<br \/>\nBWV 651a &#8211; Komm, Heiliger Geist, Herre Gott (fantasia) [2 pages]<br \/>\nBWV 652 &#8211; Komm, Heiliger Geist, Herre Gott [4 pages]<br \/>\nBWV 653 &#8211; An Wasserfl\u00fcssen Babylon [2 pages]<br \/>\nBWV 653b &#8211; An Wasserfl\u00fcssen Babylon (ped. doppio) [2 pages]<br \/>\nBWV 654 &#8211; Schm\u00fccke dich, o liebe Seele [2 pages]<br \/>\nBWV 655 &#8211; Herr Jesu Christ, dich zu uns wend (trio) [2 pages]<br \/>\nBWV 656 &#8211; O Lamm Gottes, unschuldig [4 pages]<br \/>\nBWV 657 &#8211; Nun danket alle Gott [2 pages]<br \/>\nBWV 658 &#8211; Von Gott will ich nicht lassen [2 pages]<br \/>\nBWV 659 &#8211; Nun komm, der Heiden Heiland [2 pages]<br \/>\nBWV 660 &#8211; Nun komm, der Heiden Heiland (trio) [2 pages]<br \/>\nBWV 661 &#8211; Nun komm, der Heiden Heiland [2 pages]<br \/>\nBWV 662 &#8211; Allein Gott In der H\u00f6h sei Ehr [2 pages]<br \/>\nBWV 663 &#8211; Allein Gott In der H\u00f6h sei Ehr [3 pages]<br \/>\nBWV 664 &#8211; Allein Gott In der Hoh sei Ehr (trio) [3 pages]<br \/>\nBWV 665 &#8211; Jesus Christus, unser Heiland [2 pages]<br \/>\nBWV 666 &#8211; Jesus Christus, unser Heiland [2 pages]<br \/>\nBWV 667 &#8211; Komm, Gott Sch\u00f6pfer, Heiliger Geist [2 pages]<br \/>\nBWV 668 &#8211; Vor deinen Thron tret&rsquo; ich hiermit [2 pages]<\/p>\n<p>PARTITAS &amp; VARIATIONS CANONIQUES<br \/>\nBWV 766 &#8211; Christ, der du bist der helle Tag\u00a0[4 pages]<br \/>\nBWV 767 &#8211; O Gott, du frommer Gott [6 pages]<br \/>\nBWV 768 &#8211; Sei gegr\u00fc\u00dfet, Jesu g\u00fctig [10 pages]<br \/>\nBWV 769 &#8211; Vom Himmel hoch da komm ich her (Var.Can.) [8 pages]<br \/>\nBWV 770 &#8211; Ach, was soll ich S\u00fcnder machen [6 pages]<\/p>\n<p>(3 ou 4 pages = 1 tourne de page, 5 or 6 pages = 2 tournes, etc.)<\/p>\n","protected":false},"excerpt":{"rendered":"<p>J.S. Bach\u00a0: \u0152uvres Compl\u00e8tes pour Orgue, Vol VII<br \/>\n<strong>Sans Probl\u00e8me de Tourne de Page<br \/>\n<\/strong><em>(contenu jouable sans assistant tourneur de pages)<\/em><\/p>\n<p>Chorals Sch\u00fcbler, Chorals de Leipzig, Partitas, Variations canoniques<\/p>\n<p>OSC 007 &#8211; ISMN :\u00a0979-0-707109-07-6<br \/>\n37.5cm x 29.7cm (+spirale)<br \/>\n100 pages \u2014 120g\/m\u00b2<\/p>\n","protected":false},"featured_media":2243,"template":"","meta":{"_monsterinsights_skip_tracking":false,"_monsterinsights_sitenote_active":false,"_monsterinsights_sitenote_note":"","_monsterinsights_sitenote_category":0,"site-sidebar-layout":"default","site-content-layout":"default","ast-site-content-layout":"default","site-content-style":"default","site-sidebar-style":"default","ast-global-header-display":"","ast-banner-title-visibility":"","ast-main-header-display":"","ast-hfb-above-header-display":"","ast-hfb-below-header-display":"","ast-hfb-mobile-header-display":"","site-post-title":"","ast-breadcrumbs-content":"","ast-featured-img":"","footer-sml-layout":"","ast-disable-related-posts":"","theme-transparent-header-meta":"default","adv-header-id-meta":"","stick-header-meta":"default","header-above-stick-meta":"","header-main-stick-meta":"","header-below-stick-meta":"","astra-migrate-meta-layouts":"default","ast-page-background-enabled":"default","ast-page-background-meta":{"desktop":{"background-color":"","background-image":"","background-repeat":"repeat","background-position":"center center","background-size":"auto","background-attachment":"scroll","background-type":"","background-media":"","overlay-type":"","overlay-color":"","overlay-opacity":"","overlay-gradient":""},"tablet":{"background-color":"","background-image":"","background-repeat":"repeat","background-position":"center center","background-size":"auto","background-attachment":"scroll","background-type":"","background-media":"","overlay-type":"","overlay-color":"","overlay-opacity":"","overlay-gradient":""},"mobile":{"background-color":"","background-image":"","background-repeat":"repeat","background-position":"center center","background-size":"auto","background-attachment":"scroll","background-type":"","background-media":"","overlay-type":"","overlay-color":"","overlay-opacity":"","overlay-gradient":""}},"ast-content-background-meta":{"desktop":{"background-color":"var(--ast-global-color-5)","background-image":"","background-repeat":"repeat","background-position":"center center","background-size":"auto","background-attachment":"scroll","background-type":"","background-media":"","overlay-type":"","overlay-color":"","overlay-opacity":"","overlay-gradient":""},"tablet":{"background-color":"var(--ast-global-color-5)","background-image":"","background-repeat":"repeat","background-position":"center center","background-size":"auto","background-attachment":"scroll","background-type":"","background-media":"","overlay-type":"","overlay-color":"","overlay-opacity":"","overlay-gradient":""},"mobile":{"background-color":"var(--ast-global-color-5)","background-image":"","background-repeat":"repeat","background-position":"center center","background-size":"auto","background-attachment":"scroll","background-type":"","background-media":"","overlay-type":"","overlay-color":"","overlay-opacity":"","overlay-gradient":""}}},"product_brand":[],"product_cat":[51],"product_tag":[],"class_list":{"0":"post-1833","1":"product","2":"type-product","3":"status-publish","4":"has-post-thumbnail","6":"product_cat-partition-papier","7":"desktop-align-left","8":"tablet-align-left","9":"mobile-align-left","10":"ast-product-gallery-layout-horizontal-slider","11":"ast-product-tabs-layout-horizontal","13":"first","14":"instock","15":"shipping-taxable","16":"purchasable","17":"product-type-simple"},"yoast_head":"<!-- This site is optimized with the Yoast SEO plugin v27.5 - https:\/\/yoast.com\/product\/yoast-seo-wordpress\/ -->\n<title>J.S. Bach oeuvres compl\u00e8tes pour orgue, Vol VII - OrganScore<\/title>\n<meta name=\"description\" content=\"J.S. Bach oeuvres compl\u00e8tes pour orgue \u00e9vitant les tournes de pages - Volume VII\u00a0: Chorals \u00abSch\u00fcbler\u00bb et \u00abde Leipzig\u00bb (BWV 645-668), partitas (BWV 766-769)\" \/>\n<meta name=\"robots\" content=\"index, follow, max-snippet:-1, max-image-preview:large, max-video-preview:-1\" \/>\n<link rel=\"canonical\" href=\"https:\/\/www.organscore.com\/produit\/j-s-bach-complete-organ-works-vol-vii\/\" \/>\n<meta property=\"og:locale\" content=\"fr_FR\" \/>\n<meta property=\"og:type\" content=\"article\" \/>\n<meta property=\"og:title\" content=\"J.S. Bach oeuvres compl\u00e8tes pour orgue, Vol VII - OrganScore\" \/>\n<meta property=\"og:description\" content=\"J.S. Bach oeuvres compl\u00e8tes pour orgue \u00e9vitant les tournes de pages - Volume VII\u00a0: Chorals \u00abSch\u00fcbler\u00bb et \u00abde Leipzig\u00bb (BWV 645-668), partitas (BWV 766-769)\" \/>\n<meta property=\"og:url\" content=\"https:\/\/www.organscore.com\/produit\/j-s-bach-complete-organ-works-vol-vii\/\" \/>\n<meta property=\"og:site_name\" content=\"OrganScore\" \/>\n<meta property=\"article:modified_time\" content=\"2022-06-15T16:11:41+00:00\" \/>\n<meta property=\"og:image\" content=\"https:\/\/www.organscore.com\/wp-content\/uploads\/2018\/05\/organscore-bach-complete-organ-works-volume-vii.jpg\" \/>\n\t<meta property=\"og:image:width\" content=\"1100\" \/>\n\t<meta property=\"og:image:height\" content=\"872\" \/>\n\t<meta property=\"og:image:type\" content=\"image\/jpeg\" \/>\n<meta name=\"twitter:card\" content=\"summary_large_image\" \/>\n<meta name=\"twitter:label1\" content=\"Dur\u00e9e de lecture estim\u00e9e\" \/>\n\t<meta name=\"twitter:data1\" content=\"2 minutes\" \/>\n<script type=\"application\/ld+json\" class=\"yoast-schema-graph\">{\"@context\":\"https:\\\/\\\/schema.org\",\"@graph\":[{\"@type\":\"WebPage\",\"@id\":\"https:\\\/\\\/www.organscore.com\\\/produit\\\/j-s-bach-complete-organ-works-vol-vii\\\/\",\"url\":\"https:\\\/\\\/www.organscore.com\\\/produit\\\/j-s-bach-complete-organ-works-vol-vii\\\/\",\"name\":\"J.S. Bach oeuvres compl\u00e8tes pour orgue, Vol VII - OrganScore\",\"isPartOf\":{\"@id\":\"https:\\\/\\\/www.organscore.com\\\/#website\"},\"primaryImageOfPage\":{\"@id\":\"https:\\\/\\\/www.organscore.com\\\/produit\\\/j-s-bach-complete-organ-works-vol-vii\\\/#primaryimage\"},\"image\":{\"@id\":\"https:\\\/\\\/www.organscore.com\\\/produit\\\/j-s-bach-complete-organ-works-vol-vii\\\/#primaryimage\"},\"thumbnailUrl\":\"https:\\\/\\\/www.organscore.com\\\/wp-content\\\/uploads\\\/2018\\\/05\\\/organscore-bach-complete-organ-works-volume-vii.jpg\",\"datePublished\":\"2018-05-30T15:29:42+00:00\",\"dateModified\":\"2022-06-15T16:11:41+00:00\",\"description\":\"J.S. Bach oeuvres compl\u00e8tes pour orgue \u00e9vitant les tournes de pages - Volume VII\u00a0: Chorals \u00abSch\u00fcbler\u00bb et \u00abde Leipzig\u00bb (BWV 645-668), partitas (BWV 766-769)\",\"breadcrumb\":{\"@id\":\"https:\\\/\\\/www.organscore.com\\\/produit\\\/j-s-bach-complete-organ-works-vol-vii\\\/#breadcrumb\"},\"inLanguage\":\"fr-FR\",\"potentialAction\":[{\"@type\":\"ReadAction\",\"target\":[\"https:\\\/\\\/www.organscore.com\\\/produit\\\/j-s-bach-complete-organ-works-vol-vii\\\/\"]}]},{\"@type\":\"ImageObject\",\"inLanguage\":\"fr-FR\",\"@id\":\"https:\\\/\\\/www.organscore.com\\\/produit\\\/j-s-bach-complete-organ-works-vol-vii\\\/#primaryimage\",\"url\":\"https:\\\/\\\/www.organscore.com\\\/wp-content\\\/uploads\\\/2018\\\/05\\\/organscore-bach-complete-organ-works-volume-vii.jpg\",\"contentUrl\":\"https:\\\/\\\/www.organscore.com\\\/wp-content\\\/uploads\\\/2018\\\/05\\\/organscore-bach-complete-organ-works-volume-vii.jpg\",\"width\":1100,\"height\":872,\"caption\":\"J.S. Bach \u0153uvres compl\u00e8tes pour orgue, volume VII\"},{\"@type\":\"BreadcrumbList\",\"@id\":\"https:\\\/\\\/www.organscore.com\\\/produit\\\/j-s-bach-complete-organ-works-vol-vii\\\/#breadcrumb\",\"itemListElement\":[{\"@type\":\"ListItem\",\"position\":1,\"name\":\"Home\",\"item\":\"https:\\\/\\\/www.organscore.com\\\/fr\\\/\"},{\"@type\":\"ListItem\",\"position\":2,\"name\":\"Acheter\",\"item\":\"https:\\\/\\\/www.organscore.com\\\/fr\\\/boutique\\\/\"},{\"@type\":\"ListItem\",\"position\":3,\"name\":\"J.S. Bach\u00a0: \u0152uvres Compl\u00e8tes pour Orgue, Vol VII\"}]},{\"@type\":\"WebSite\",\"@id\":\"https:\\\/\\\/www.organscore.com\\\/#website\",\"url\":\"https:\\\/\\\/www.organscore.com\\\/\",\"name\":\"OrganScore\",\"description\":\"The Practical Score for Organists\",\"publisher\":{\"@id\":\"https:\\\/\\\/www.organscore.com\\\/#organization\"},\"potentialAction\":[{\"@type\":\"SearchAction\",\"target\":{\"@type\":\"EntryPoint\",\"urlTemplate\":\"https:\\\/\\\/www.organscore.com\\\/?s={search_term_string}\"},\"query-input\":{\"@type\":\"PropertyValueSpecification\",\"valueRequired\":true,\"valueName\":\"search_term_string\"}}],\"inLanguage\":\"fr-FR\"},{\"@type\":\"Organization\",\"@id\":\"https:\\\/\\\/www.organscore.com\\\/#organization\",\"name\":\"OrganScore\",\"url\":\"https:\\\/\\\/www.organscore.com\\\/\",\"logo\":{\"@type\":\"ImageObject\",\"inLanguage\":\"fr-FR\",\"@id\":\"https:\\\/\\\/www.organscore.com\\\/#\\\/schema\\\/logo\\\/image\\\/\",\"url\":\"https:\\\/\\\/www.organscore.com\\\/wp-content\\\/uploads\\\/2018\\\/09\\\/organscore-logo-0153bf-h142px-shaded.png\",\"contentUrl\":\"https:\\\/\\\/www.organscore.com\\\/wp-content\\\/uploads\\\/2018\\\/09\\\/organscore-logo-0153bf-h142px-shaded.png\",\"width\":434,\"height\":142,\"caption\":\"OrganScore\"},\"image\":{\"@id\":\"https:\\\/\\\/www.organscore.com\\\/#\\\/schema\\\/logo\\\/image\\\/\"},\"sameAs\":[\"https:\\\/\\\/www.youtube.com\\\/user\\\/organopleno2000\"]}]}<\/script>\n<!-- \/ Yoast SEO plugin. -->","yoast_head_json":{"title":"J.S. Bach oeuvres compl\u00e8tes pour orgue, Vol VII - OrganScore","description":"J.S. Bach oeuvres compl\u00e8tes pour orgue \u00e9vitant les tournes de pages - Volume VII\u00a0: Chorals \u00abSch\u00fcbler\u00bb et \u00abde Leipzig\u00bb (BWV 645-668), partitas (BWV 766-769)","robots":{"index":"index","follow":"follow","max-snippet":"max-snippet:-1","max-image-preview":"max-image-preview:large","max-video-preview":"max-video-preview:-1"},"canonical":"https:\/\/www.organscore.com\/produit\/j-s-bach-complete-organ-works-vol-vii\/","og_locale":"fr_FR","og_type":"article","og_title":"J.S. Bach oeuvres compl\u00e8tes pour orgue, Vol VII - OrganScore","og_description":"J.S. Bach oeuvres compl\u00e8tes pour orgue \u00e9vitant les tournes de pages - Volume VII\u00a0: Chorals \u00abSch\u00fcbler\u00bb et \u00abde Leipzig\u00bb (BWV 645-668), partitas (BWV 766-769)","og_url":"https:\/\/www.organscore.com\/produit\/j-s-bach-complete-organ-works-vol-vii\/","og_site_name":"OrganScore","article_modified_time":"2022-06-15T16:11:41+00:00","og_image":[{"width":1100,"height":872,"url":"https:\/\/www.organscore.com\/wp-content\/uploads\/2018\/05\/organscore-bach-complete-organ-works-volume-vii.jpg","type":"image\/jpeg"}],"twitter_card":"summary_large_image","twitter_misc":{"Dur\u00e9e de lecture estim\u00e9e":"2 minutes"},"schema":{"@context":"https:\/\/schema.org","@graph":[{"@type":"WebPage","@id":"https:\/\/www.organscore.com\/produit\/j-s-bach-complete-organ-works-vol-vii\/","url":"https:\/\/www.organscore.com\/produit\/j-s-bach-complete-organ-works-vol-vii\/","name":"J.S. Bach oeuvres compl\u00e8tes pour orgue, Vol VII - OrganScore","isPartOf":{"@id":"https:\/\/www.organscore.com\/#website"},"primaryImageOfPage":{"@id":"https:\/\/www.organscore.com\/produit\/j-s-bach-complete-organ-works-vol-vii\/#primaryimage"},"image":{"@id":"https:\/\/www.organscore.com\/produit\/j-s-bach-complete-organ-works-vol-vii\/#primaryimage"},"thumbnailUrl":"https:\/\/www.organscore.com\/wp-content\/uploads\/2018\/05\/organscore-bach-complete-organ-works-volume-vii.jpg","datePublished":"2018-05-30T15:29:42+00:00","dateModified":"2022-06-15T16:11:41+00:00","description":"J.S. Bach oeuvres compl\u00e8tes pour orgue \u00e9vitant les tournes de pages - Volume VII\u00a0: Chorals \u00abSch\u00fcbler\u00bb et \u00abde Leipzig\u00bb (BWV 645-668), partitas (BWV 766-769)","breadcrumb":{"@id":"https:\/\/www.organscore.com\/produit\/j-s-bach-complete-organ-works-vol-vii\/#breadcrumb"},"inLanguage":"fr-FR","potentialAction":[{"@type":"ReadAction","target":["https:\/\/www.organscore.com\/produit\/j-s-bach-complete-organ-works-vol-vii\/"]}]},{"@type":"ImageObject","inLanguage":"fr-FR","@id":"https:\/\/www.organscore.com\/produit\/j-s-bach-complete-organ-works-vol-vii\/#primaryimage","url":"https:\/\/www.organscore.com\/wp-content\/uploads\/2018\/05\/organscore-bach-complete-organ-works-volume-vii.jpg","contentUrl":"https:\/\/www.organscore.com\/wp-content\/uploads\/2018\/05\/organscore-bach-complete-organ-works-volume-vii.jpg","width":1100,"height":872,"caption":"J.S. Bach \u0153uvres compl\u00e8tes pour orgue, volume VII"},{"@type":"BreadcrumbList","@id":"https:\/\/www.organscore.com\/produit\/j-s-bach-complete-organ-works-vol-vii\/#breadcrumb","itemListElement":[{"@type":"ListItem","position":1,"name":"Home","item":"https:\/\/www.organscore.com\/fr\/"},{"@type":"ListItem","position":2,"name":"Acheter","item":"https:\/\/www.organscore.com\/fr\/boutique\/"},{"@type":"ListItem","position":3,"name":"J.S. Bach\u00a0: \u0152uvres Compl\u00e8tes pour Orgue, Vol VII"}]},{"@type":"WebSite","@id":"https:\/\/www.organscore.com\/#website","url":"https:\/\/www.organscore.com\/","name":"OrganScore","description":"The Practical Score for Organists","publisher":{"@id":"https:\/\/www.organscore.com\/#organization"},"potentialAction":[{"@type":"SearchAction","target":{"@type":"EntryPoint","urlTemplate":"https:\/\/www.organscore.com\/?s={search_term_string}"},"query-input":{"@type":"PropertyValueSpecification","valueRequired":true,"valueName":"search_term_string"}}],"inLanguage":"fr-FR"},{"@type":"Organization","@id":"https:\/\/www.organscore.com\/#organization","name":"OrganScore","url":"https:\/\/www.organscore.com\/","logo":{"@type":"ImageObject","inLanguage":"fr-FR","@id":"https:\/\/www.organscore.com\/#\/schema\/logo\/image\/","url":"https:\/\/www.organscore.com\/wp-content\/uploads\/2018\/09\/organscore-logo-0153bf-h142px-shaded.png","contentUrl":"https:\/\/www.organscore.com\/wp-content\/uploads\/2018\/09\/organscore-logo-0153bf-h142px-shaded.png","width":434,"height":142,"caption":"OrganScore"},"image":{"@id":"https:\/\/www.organscore.com\/#\/schema\/logo\/image\/"},"sameAs":["https:\/\/www.youtube.com\/user\/organopleno2000"]}]}},"_links":{"self":[{"href":"https:\/\/www.organscore.com\/fr\/wp-json\/wp\/v2\/product\/1833","targetHints":{"allow":["GET"]}}],"collection":[{"href":"https:\/\/www.organscore.com\/fr\/wp-json\/wp\/v2\/product"}],"about":[{"href":"https:\/\/www.organscore.com\/fr\/wp-json\/wp\/v2\/types\/product"}],"wp:featuredmedia":[{"embeddable":true,"href":"https:\/\/www.organscore.com\/fr\/wp-json\/wp\/v2\/media\/2243"}],"wp:attachment":[{"href":"https:\/\/www.organscore.com\/fr\/wp-json\/wp\/v2\/media?parent=1833"}],"wp:term":[{"taxonomy":"product_brand","embeddable":true,"href":"https:\/\/www.organscore.com\/fr\/wp-json\/wp\/v2\/product_brand?post=1833"},{"taxonomy":"product_cat","embeddable":true,"href":"https:\/\/www.organscore.com\/fr\/wp-json\/wp\/v2\/product_cat?post=1833"},{"taxonomy":"product_tag","embeddable":true,"href":"https:\/\/www.organscore.com\/fr\/wp-json\/wp\/v2\/product_tag?post=1833"}],"curies":[{"name":"wp","href":"https:\/\/api.w.org\/{rel}","templated":true}]}}