{"id":1818,"date":"2018-05-30T23:19:41","date_gmt":"2018-05-30T21:19:41","guid":{"rendered":"https:\/\/www.organscore.com\/product\/j-s-bach-oeuvres-completes-orgue-vol-ix\/"},"modified":"2022-06-15T18:14:50","modified_gmt":"2022-06-15T16:14:50","slug":"j-s-bach-oeuvres-completes-pour-orgue-vol-ix","status":"publish","type":"product","link":"https:\/\/www.organscore.com\/fr\/produit\/j-s-bach-oeuvres-completes-pour-orgue-vol-ix\/","title":{"rendered":"J.S. Bach\u00a0: \u0152uvres Compl\u00e8tes pour Orgue, Vol IX"},"content":{"rendered":"<p style=\"text-align: justify;\">Le volume IX des \u0153uvres compl\u00e8tes pour orgue de J.S. Bach regroupe l&rsquo;ensemble des 96 chorals suffisamment courts pour que la mise en page en format A4 sans probl\u00e8me de tourne soit facile. Avec le volume VI (qui comprend l&rsquo;Orgelbuchlein), il constitue une v\u00e9ritable mine de pi\u00e8ces adapt\u00e9es \u00e0 la liturgie, de dur\u00e9e d&rsquo;une moyenne de deux ou trois minutes.<\/p>\n<p style=\"text-align: justify;\">On retrouve dans la premi\u00e8re partie des chorals appartenant de longue date au catalogue BWV, et dans une seconde partie les chorals \u00ab\u00a0Neumeister\u00a0\u00bb ou \u00ab\u00a0chorals d&rsquo;Arnstadt\u00a0\u00bb de d\u00e9couverte plus r\u00e9cente. Ces derniers font l&rsquo;objet ici d&rsquo;une \u00e9dition totalement originale.<\/p>\n<p style=\"text-align: justify;\">Comme dans le volume VI, des propositions alternatives de r\u00e9partition des voix aux claviers manuels (1-Clav\/2-Clav) sont propos\u00e9s si possible, de mani\u00e8re \u00e0 faire ressortir la m\u00e9lodie du choral sur un clavier propre, et avec une partie de p\u00e9dale lorsque c&rsquo;est pertinent. OrganScore est la premi\u00e8re \u00e9dition proposant nombre de chorals Neumeister sur trois port\u00e9es. Pour une vue d&rsquo;ensemble de l&rsquo;int\u00e9grale de Bach, voir\u00a0<strong><a href=\"https:\/\/www.organscore.com\/fr\/bach-oeuvre-complete-pour-orgue\/\">l&rsquo;Edition OrganScore de l&rsquo;\u0153uvre compl\u00e8te pour orgue de J.S. Bach<\/a><\/strong>.<\/p>\n<p style=\"text-align: justify;\"><strong>Content:<\/strong><\/p>\n<p>BWV 690 &#8211; Wer nur den lieben Gott l\u00e4\u00dft walten<br \/>\nBWV 691 &#8211; Wer nur den lieben Gott l\u00e4\u00dft walten<br \/>\nBWV 692 &#8211; Ach Gott und Herr<br \/>\nBWV 693 &#8211; Ach Gott und Herr<br \/>\nBWV 696 &#8211; Christum wir sollen loben schon<br \/>\nBWV 697 &#8211; Gelobet seist du, Jesu Christ<br \/>\nBWV 698 &#8211; Herr Christ, der einig Gottes Sohn<br \/>\nBWV 699 &#8211; Nun komm der Heiden Heiland<br \/>\nBWV 700 &#8211; Vom Himmel hoch, da komm&rsquo; ich her<br \/>\nBWV 701 &#8211; Vom Himmel hoch, da komm&rsquo; ich her<br \/>\nBWV 702 &#8211; Das Jesulein soll doch mein Trost<br \/>\nBWV 703 &#8211; Gottes Sohn ist kommen<br \/>\nBWV 704 &#8211; Lob sei dem allm\u00e4chtigen Gott<br \/>\nBWV 705 &#8211; Durch Adams Fall ist ganz verderbt [1 Clav.]<br \/>\nBWV 705 &#8211; Durch Adams Fall ist ganz verderbt [2 Clav. &amp; Ped.]<br \/>\nBWV 706 &#8211; Liebster Jesu, wir sind hier [1 Clav.]<br \/>\nBWV 706 &#8211; Liebster Jesu, wir sind hier [2 Clav. &amp; Ped.]<br \/>\nBWV 709 &#8211; Herr Jesu Christ, dich zu uns wend<br \/>\nBWV 710 &#8211; Wir Christenleut habn jetzund Freund<br \/>\nBWV 711 &#8211; Allein Gott in der H\u00f6h sei Ehr<br \/>\nBWV 712 &#8211; In dich hab&rsquo; ich gehoffet, Herr<br \/>\nBWV 714 &#8211; Ach Gott und Herr<br \/>\nBWV 715 &#8211; Allein Gott in der H\u00f6h sei Ehr<br \/>\nBWV 716 &#8211; Allein Gott in der H\u00f6h sei Ehr<br \/>\nBWV 717 &#8211; Allein Gott in der H\u00f6h sei Ehr<br \/>\nBWV 719 &#8211; Der Tag, der ist so freudenreich<br \/>\nBWV 721 &#8211; Erbarm dich mein, O Herre Gott [1 Clav.]<br \/>\nBWV 721 &#8211; Erbarm dich mein, O Herre Gott [2 Clav. &amp; Ped.]<br \/>\nBWV 722 &#8211; Gelobet seist du, Jesu Christ<br \/>\nBWV 723 &#8211; Gelobet seist du, Jesu Christ [1 Clav.]<br \/>\nBWV 723 &#8211; Gelobet seist du, Jesu Christ [2 Clav. &amp; Ped.]<br \/>\nBWV 724 &#8211; Gott, durch deine G\u00fcte<br \/>\nBWV 726 &#8211; Herr Jesu Christ, dich zu uns wend<br \/>\nBWV 727 &#8211; Herzlich tut mich verlangen<br \/>\nBWV 728 &#8211; Jesus, meine Zuversicht<br \/>\nBWV 729 &#8211; In dulci jubilo<br \/>\nBWV 730 &#8211; Liebster Jesu, wir sind hier<br \/>\nBWV 731 &#8211; Liebster Jesu, wir sind hier<br \/>\nBWV 732 &#8211; Lobt Gott, ihr Christen, allzugleich<br \/>\nBWV 732 &#8211; Lobt Gott, ihr Christen, allzugleich [con parte di pedale]<br \/>\nBWV 734 &#8211; Nun freut euch, lieben Christen gmein<br \/>\nBWV 737 &#8211; Vater unser im Himmelreich [1 Clav.]<br \/>\nBWV 737 &#8211; Vater unser im Himmelreich [2 Clav. &amp; Ped.]<br \/>\nBWV 738 &#8211; Von Himmel hoch, da komm ich her<br \/>\nBWV 740 &#8211; Wir glauben all an einen Gott<br \/>\nBWV 742 &#8211; Ach Herr, mich armen S\u00fcnder<br \/>\nBWV 743 &#8211; Ach, was ist doch unser Leben<br \/>\nBWV 744 &#8211; Auf meinen lieben Gott<br \/>\nBWV 745 &#8211; Aus der Tiefe rufe ich<br \/>\nBWV 746 &#8211; Christ ist erstanden<br \/>\nBWV 749 &#8211; Herr Jesu Christ, dich zu uns wend<br \/>\nBWV 750 &#8211; Herr Jesu Christ, meins Lebens Licht<br \/>\nBWV 751 &#8211; In dulci jubilo<br \/>\nBWV 752 &#8211; Jesu, der du meine Seele<br \/>\nBWV 753 &#8211; Jesu meine Freude<br \/>\nBWV 754 &#8211; Liebster Jesu, wir sind hier<br \/>\nBWV 755 &#8211; Nun freut euch, lieben Christen gmein<br \/>\nBWV 756 &#8211; Nun ruhen alle W\u00e4lder<br \/>\nBWV 757 &#8211; O Herre Gott, dein g\u00f6ttlichs Wort<br \/>\nBWV 758 &#8211; O Vater, allm\u00e4chtiger Gott<br \/>\nBWV 759 &#8211; Schm\u00fccke dich, o liebe Seele<br \/>\nBWV 760 &#8211; Vater unser im Himmelreich<br \/>\nBWV 762 &#8211; Vater unser im Himmelreich<br \/>\nBWV 763 &#8211; Wie sch\u00f6n leuchtet der Morgenstern<br \/>\nBWV 765 &#8211; Wir glauben all an einen Gott [2 Clav. &amp; Ped]<br \/>\nBWV 765 &#8211; Wir glauben all an einen Gott [1 Clav.]<br \/>\nBWV 957 &#8211; Machs mit mir Gott, nach deiner G\u00fct<br \/>\nBWV 1085 &#8211; O Lamm Gottes, unschuldig<br \/>\nBWV 1090 &#8211; Wir Christenleut<br \/>\nBWV 1091 &#8211; Das alte Jahr vergangen ist [1 Clav.]<br \/>\nBWV 1091 &#8211; Das alte Jahr vergangen ist [2 Clav. &amp; Ped]<br \/>\nBWV 1092 &#8211; Herr Gott nun schleu\u00df den Himmel auf<br \/>\nBWV 1093 &#8211; Herzliebster Jesu, was hast du verbrochen<br \/>\nBWV 1094 &#8211; O Jesu, wie ist deine Gestalt [2 Clav. &amp; Ped]<br \/>\nBWV 1094 &#8211; O Jesu, wie ist deine Gestalt [1 Clav.]<br \/>\nBWV 1095 &#8211; O Lamm Gottes, unschuldig [1 Clav.]<br \/>\nBWV 1095 &#8211; O Lamm Gottes, unschuldig [2 Clav. &amp; Ped]<br \/>\nBWV 1096 &#8211; Christe, der du bist Tag und Licht [1 Clav.]<br \/>\nBWV 1096 &#8211; Christe, der du bist Tag und Licht [2 Clav. &amp; Ped]<br \/>\nBWV 1097 &#8211; Ehre sei dir, Christe, der du leidest Not [1 Clav.]<br \/>\nBWV 1097 &#8211; Ehre sei dir, Christe, der du leidest Not [2 Clav. &amp; Ped]<br \/>\nBWV 1098 &#8211; Wir glauben all an einen Gott<br \/>\nBWV 1099 &#8211; Aus tiefer Not schrei ich zu Dir<br \/>\nBWV 1100 &#8211; Allein zu dir, Herr Jesu Christ<br \/>\nBWV 1101 &#8211; Durch Adams Fall ist ganz verderbt<br \/>\nBWV 1102 &#8211; Du Friedef\u00fcrst, Herr Jesu Christ<br \/>\nBWV 1103 &#8211; Erhalt uns, Herr, bei deinem Wort<br \/>\nBWV 1104 &#8211; Wenn dich Ungl\u00fcck tut greifen an [1 Clav.]<br \/>\nBWV 1104 &#8211; Wenn dich Ungl\u00fcck tut greifen an [2 Clav. &amp; Ped]<br \/>\nBWV 1105 &#8211; Jesu, meine Freude<br \/>\nBWV 1106 &#8211; Gott ist mein Heil, mein Hilf und Trost<br \/>\nBWV 1107 &#8211; Jesu, meines Lebens Leben<br \/>\nBWV 1108 &#8211; Als Jesus Christus in der Nacht<br \/>\nBWV 1109 &#8211; Ach Gott, tu dich erbarmen [1 Clav.]<br \/>\nBWV 1109 &#8211; Ach Gott, tu dich erbarmen [2 Clav. &amp; Ped]<br \/>\nBWV 1110 &#8211; Oh Herre Gott, dein g\u00f6ttlich Wort<br \/>\nBWV 1111 &#8211; Nun lasst uns den Leib begraben<br \/>\nBWV 1112 &#8211; Christus, der ist mein Leben [2 Clav. &amp; Ped]<br \/>\nBWV 1112 &#8211; Christus, der ist mein Leben [1 Clav.]<br \/>\nBWV 1113 &#8211; Ich hab mein Sach Gott heimgestellt<br \/>\nBWV 1114 &#8211; Herr Jesu Christ, du h\u00f6chstes Gut<br \/>\nBWV 1115 &#8211; Herzlich lieb hab ich dich, o Herr<br \/>\nBWV 1116 &#8211; Was Gott tut, das ist wohlgetan<br \/>\nBWV 1117 &#8211; Herr Jesu Christ, du h\u00f6chstes Gut<br \/>\nBWV 1118 &#8211; Werde munter mein Gem\u00fcte<br \/>\nBWV 1119 &#8211; Wie nach einer Wasserquelle<br \/>\nBWV 1120 &#8211; Christ, der du bist der helle Tag<br \/>\nBWV Anh 49 &#8211; Ein feste Burg ist unser Gott<br \/>\nBWV Anh 58 &#8211; Jesu, meine Freude<br \/>\nBWV deest &#8211; Allein zu dir, Herr Jesu Christ (Emans 27)<br \/>\nBWV deest &#8211; Was mein Gott will, das g&rsquo;scheh allzeit [1 Clav.]<br \/>\nBWV deest &#8211; Was mein Gott will, das g&rsquo;scheh allzeit [2 Clav. &amp; Ped]<\/p>\n","protected":false},"excerpt":{"rendered":"<p>J.S. Bach\u00a0: \u0152uvres Compl\u00e8tes pour Orgue, Vol IX<br \/>\n<strong>Sans Probl\u00e8me de Tourne de Page<br \/>\n<\/strong><em>(contenu jouable sans assistant tourneur de pages)<\/em><\/p>\n<p>64 Chorals Divers, 32 Chorals du Recueil \u00ab\u00a0Neumeister\u00a0\u00bb<\/p>\n<p>OSC 009 &#8211; ISMN :\u00a0979-0-707109-09-0<br \/>\n29.7cm x 21cm (A4) +spirale<br \/>\n210 pages \u2014 120g\/m\u00b2<\/p>\n","protected":false},"featured_media":2233,"template":"","meta":{"_monsterinsights_skip_tracking":false,"_monsterinsights_sitenote_active":false,"_monsterinsights_sitenote_note":"","_monsterinsights_sitenote_category":0,"site-sidebar-layout":"default","site-content-layout":"default","ast-site-content-layout":"default","site-content-style":"default","site-sidebar-style":"default","ast-global-header-display":"","ast-banner-title-visibility":"","ast-main-header-display":"","ast-hfb-above-header-display":"","ast-hfb-below-header-display":"","ast-hfb-mobile-header-display":"","site-post-title":"","ast-breadcrumbs-content":"","ast-featured-img":"","footer-sml-layout":"","ast-disable-related-posts":"","theme-transparent-header-meta":"default","adv-header-id-meta":"","stick-header-meta":"default","header-above-stick-meta":"","header-main-stick-meta":"","header-below-stick-meta":"","astra-migrate-meta-layouts":"default","ast-page-background-enabled":"default","ast-page-background-meta":{"desktop":{"background-color":"","background-image":"","background-repeat":"repeat","background-position":"center center","background-size":"auto","background-attachment":"scroll","background-type":"","background-media":"","overlay-type":"","overlay-color":"","overlay-opacity":"","overlay-gradient":""},"tablet":{"background-color":"","background-image":"","background-repeat":"repeat","background-position":"center center","background-size":"auto","background-attachment":"scroll","background-type":"","background-media":"","overlay-type":"","overlay-color":"","overlay-opacity":"","overlay-gradient":""},"mobile":{"background-color":"","background-image":"","background-repeat":"repeat","background-position":"center center","background-size":"auto","background-attachment":"scroll","background-type":"","background-media":"","overlay-type":"","overlay-color":"","overlay-opacity":"","overlay-gradient":""}},"ast-content-background-meta":{"desktop":{"background-color":"var(--ast-global-color-5)","background-image":"","background-repeat":"repeat","background-position":"center center","background-size":"auto","background-attachment":"scroll","background-type":"","background-media":"","overlay-type":"","overlay-color":"","overlay-opacity":"","overlay-gradient":""},"tablet":{"background-color":"var(--ast-global-color-5)","background-image":"","background-repeat":"repeat","background-position":"center center","background-size":"auto","background-attachment":"scroll","background-type":"","background-media":"","overlay-type":"","overlay-color":"","overlay-opacity":"","overlay-gradient":""},"mobile":{"background-color":"var(--ast-global-color-5)","background-image":"","background-repeat":"repeat","background-position":"center center","background-size":"auto","background-attachment":"scroll","background-type":"","background-media":"","overlay-type":"","overlay-color":"","overlay-opacity":"","overlay-gradient":""}}},"product_brand":[],"product_cat":[51],"product_tag":[],"class_list":{"0":"post-1818","1":"product","2":"type-product","3":"status-publish","4":"has-post-thumbnail","6":"product_cat-partition-papier","7":"desktop-align-left","8":"tablet-align-left","9":"mobile-align-left","10":"ast-product-gallery-layout-horizontal-slider","11":"ast-product-tabs-layout-horizontal","13":"first","14":"instock","15":"shipping-taxable","16":"purchasable","17":"product-type-simple"},"yoast_head":"<!-- This site is optimized with the Yoast SEO plugin v27.4 - https:\/\/yoast.com\/product\/yoast-seo-wordpress\/ -->\n<title>J.S. Bach oeuvres compl\u00e8tes pour orgue, Vol IX - OrganScore<\/title>\n<meta name=\"description\" content=\"J.S. Bach oeuvres compl\u00e8tes pour orgue \u00e9vitant les tournes de pages - Volume IX\u00a0: 64 chorals divers, 32 chorals de la collection \u00abNeumeister\u00bb\" \/>\n<meta name=\"robots\" content=\"index, follow, max-snippet:-1, max-image-preview:large, max-video-preview:-1\" \/>\n<link rel=\"canonical\" href=\"https:\/\/www.organscore.com\/fr\/produit\/j-s-bach-oeuvres-completes-pour-orgue-vol-ix\/\" \/>\n<meta property=\"og:locale\" content=\"fr_FR\" \/>\n<meta property=\"og:type\" content=\"article\" \/>\n<meta property=\"og:title\" content=\"J.S. Bach oeuvres compl\u00e8tes pour orgue, Vol IX - OrganScore\" \/>\n<meta property=\"og:description\" content=\"J.S. Bach oeuvres compl\u00e8tes pour orgue \u00e9vitant les tournes de pages - Volume IX\u00a0: 64 chorals divers, 32 chorals de la collection \u00abNeumeister\u00bb\" \/>\n<meta property=\"og:url\" content=\"https:\/\/www.organscore.com\/fr\/produit\/j-s-bach-oeuvres-completes-pour-orgue-vol-ix\/\" \/>\n<meta property=\"og:site_name\" content=\"OrganScore\" \/>\n<meta property=\"article:modified_time\" content=\"2022-06-15T16:14:50+00:00\" \/>\n<meta property=\"og:image\" content=\"https:\/\/www.organscore.com\/wp-content\/uploads\/2018\/05\/organscore-bach-complete-organ-works-volume-ix.gif\" \/>\n\t<meta property=\"og:image:width\" content=\"1100\" \/>\n\t<meta property=\"og:image:height\" content=\"872\" \/>\n\t<meta property=\"og:image:type\" content=\"image\/gif\" \/>\n<meta name=\"twitter:card\" content=\"summary_large_image\" \/>\n<meta name=\"twitter:label1\" content=\"Dur\u00e9e de lecture estim\u00e9e\" \/>\n\t<meta name=\"twitter:data1\" content=\"6 minutes\" \/>\n<script type=\"application\/ld+json\" class=\"yoast-schema-graph\">{\"@context\":\"https:\\\/\\\/schema.org\",\"@graph\":[{\"@type\":\"WebPage\",\"@id\":\"https:\\\/\\\/www.organscore.com\\\/fr\\\/produit\\\/j-s-bach-oeuvres-completes-pour-orgue-vol-ix\\\/\",\"url\":\"https:\\\/\\\/www.organscore.com\\\/fr\\\/produit\\\/j-s-bach-oeuvres-completes-pour-orgue-vol-ix\\\/\",\"name\":\"J.S. Bach oeuvres compl\u00e8tes pour orgue, Vol IX - OrganScore\",\"isPartOf\":{\"@id\":\"https:\\\/\\\/www.organscore.com\\\/#website\"},\"primaryImageOfPage\":{\"@id\":\"https:\\\/\\\/www.organscore.com\\\/fr\\\/produit\\\/j-s-bach-oeuvres-completes-pour-orgue-vol-ix\\\/#primaryimage\"},\"image\":{\"@id\":\"https:\\\/\\\/www.organscore.com\\\/fr\\\/produit\\\/j-s-bach-oeuvres-completes-pour-orgue-vol-ix\\\/#primaryimage\"},\"thumbnailUrl\":\"https:\\\/\\\/www.organscore.com\\\/wp-content\\\/uploads\\\/2018\\\/05\\\/organscore-bach-complete-organ-works-volume-ix.gif\",\"datePublished\":\"2018-05-30T21:19:41+00:00\",\"dateModified\":\"2022-06-15T16:14:50+00:00\",\"description\":\"J.S. Bach oeuvres compl\u00e8tes pour orgue \u00e9vitant les tournes de pages - Volume IX\u00a0: 64 chorals divers, 32 chorals de la collection \u00abNeumeister\u00bb\",\"breadcrumb\":{\"@id\":\"https:\\\/\\\/www.organscore.com\\\/fr\\\/produit\\\/j-s-bach-oeuvres-completes-pour-orgue-vol-ix\\\/#breadcrumb\"},\"inLanguage\":\"fr-FR\",\"potentialAction\":[{\"@type\":\"ReadAction\",\"target\":[\"https:\\\/\\\/www.organscore.com\\\/fr\\\/produit\\\/j-s-bach-oeuvres-completes-pour-orgue-vol-ix\\\/\"]}]},{\"@type\":\"ImageObject\",\"inLanguage\":\"fr-FR\",\"@id\":\"https:\\\/\\\/www.organscore.com\\\/fr\\\/produit\\\/j-s-bach-oeuvres-completes-pour-orgue-vol-ix\\\/#primaryimage\",\"url\":\"https:\\\/\\\/www.organscore.com\\\/wp-content\\\/uploads\\\/2018\\\/05\\\/organscore-bach-complete-organ-works-volume-ix.gif\",\"contentUrl\":\"https:\\\/\\\/www.organscore.com\\\/wp-content\\\/uploads\\\/2018\\\/05\\\/organscore-bach-complete-organ-works-volume-ix.gif\",\"width\":1100,\"height\":872,\"caption\":\"J.S. Bach \u0153uvres compl\u00e8tes pour orgue, volume IX\"},{\"@type\":\"BreadcrumbList\",\"@id\":\"https:\\\/\\\/www.organscore.com\\\/fr\\\/produit\\\/j-s-bach-oeuvres-completes-pour-orgue-vol-ix\\\/#breadcrumb\",\"itemListElement\":[{\"@type\":\"ListItem\",\"position\":1,\"name\":\"Home\",\"item\":\"https:\\\/\\\/www.organscore.com\\\/fr\\\/\"},{\"@type\":\"ListItem\",\"position\":2,\"name\":\"Acheter\",\"item\":\"https:\\\/\\\/www.organscore.com\\\/fr\\\/boutique\\\/\"},{\"@type\":\"ListItem\",\"position\":3,\"name\":\"J.S. Bach\u00a0: \u0152uvres Compl\u00e8tes pour Orgue, Vol IX\"}]},{\"@type\":\"WebSite\",\"@id\":\"https:\\\/\\\/www.organscore.com\\\/#website\",\"url\":\"https:\\\/\\\/www.organscore.com\\\/\",\"name\":\"OrganScore\",\"description\":\"The Practical Score for Organists\",\"publisher\":{\"@id\":\"https:\\\/\\\/www.organscore.com\\\/#organization\"},\"potentialAction\":[{\"@type\":\"SearchAction\",\"target\":{\"@type\":\"EntryPoint\",\"urlTemplate\":\"https:\\\/\\\/www.organscore.com\\\/?s={search_term_string}\"},\"query-input\":{\"@type\":\"PropertyValueSpecification\",\"valueRequired\":true,\"valueName\":\"search_term_string\"}}],\"inLanguage\":\"fr-FR\"},{\"@type\":\"Organization\",\"@id\":\"https:\\\/\\\/www.organscore.com\\\/#organization\",\"name\":\"OrganScore\",\"url\":\"https:\\\/\\\/www.organscore.com\\\/\",\"logo\":{\"@type\":\"ImageObject\",\"inLanguage\":\"fr-FR\",\"@id\":\"https:\\\/\\\/www.organscore.com\\\/#\\\/schema\\\/logo\\\/image\\\/\",\"url\":\"https:\\\/\\\/www.organscore.com\\\/wp-content\\\/uploads\\\/2018\\\/09\\\/organscore-logo-0153bf-h142px-shaded.png\",\"contentUrl\":\"https:\\\/\\\/www.organscore.com\\\/wp-content\\\/uploads\\\/2018\\\/09\\\/organscore-logo-0153bf-h142px-shaded.png\",\"width\":434,\"height\":142,\"caption\":\"OrganScore\"},\"image\":{\"@id\":\"https:\\\/\\\/www.organscore.com\\\/#\\\/schema\\\/logo\\\/image\\\/\"},\"sameAs\":[\"https:\\\/\\\/www.youtube.com\\\/user\\\/organopleno2000\"]}]}<\/script>\n<!-- \/ Yoast SEO plugin. -->","yoast_head_json":{"title":"J.S. Bach oeuvres compl\u00e8tes pour orgue, Vol IX - OrganScore","description":"J.S. Bach oeuvres compl\u00e8tes pour orgue \u00e9vitant les tournes de pages - Volume IX\u00a0: 64 chorals divers, 32 chorals de la collection \u00abNeumeister\u00bb","robots":{"index":"index","follow":"follow","max-snippet":"max-snippet:-1","max-image-preview":"max-image-preview:large","max-video-preview":"max-video-preview:-1"},"canonical":"https:\/\/www.organscore.com\/fr\/produit\/j-s-bach-oeuvres-completes-pour-orgue-vol-ix\/","og_locale":"fr_FR","og_type":"article","og_title":"J.S. Bach oeuvres compl\u00e8tes pour orgue, Vol IX - OrganScore","og_description":"J.S. Bach oeuvres compl\u00e8tes pour orgue \u00e9vitant les tournes de pages - Volume IX\u00a0: 64 chorals divers, 32 chorals de la collection \u00abNeumeister\u00bb","og_url":"https:\/\/www.organscore.com\/fr\/produit\/j-s-bach-oeuvres-completes-pour-orgue-vol-ix\/","og_site_name":"OrganScore","article_modified_time":"2022-06-15T16:14:50+00:00","og_image":[{"width":1100,"height":872,"url":"https:\/\/www.organscore.com\/wp-content\/uploads\/2018\/05\/organscore-bach-complete-organ-works-volume-ix.gif","type":"image\/gif"}],"twitter_card":"summary_large_image","twitter_misc":{"Dur\u00e9e de lecture estim\u00e9e":"6 minutes"},"schema":{"@context":"https:\/\/schema.org","@graph":[{"@type":"WebPage","@id":"https:\/\/www.organscore.com\/fr\/produit\/j-s-bach-oeuvres-completes-pour-orgue-vol-ix\/","url":"https:\/\/www.organscore.com\/fr\/produit\/j-s-bach-oeuvres-completes-pour-orgue-vol-ix\/","name":"J.S. Bach oeuvres compl\u00e8tes pour orgue, Vol IX - OrganScore","isPartOf":{"@id":"https:\/\/www.organscore.com\/#website"},"primaryImageOfPage":{"@id":"https:\/\/www.organscore.com\/fr\/produit\/j-s-bach-oeuvres-completes-pour-orgue-vol-ix\/#primaryimage"},"image":{"@id":"https:\/\/www.organscore.com\/fr\/produit\/j-s-bach-oeuvres-completes-pour-orgue-vol-ix\/#primaryimage"},"thumbnailUrl":"https:\/\/www.organscore.com\/wp-content\/uploads\/2018\/05\/organscore-bach-complete-organ-works-volume-ix.gif","datePublished":"2018-05-30T21:19:41+00:00","dateModified":"2022-06-15T16:14:50+00:00","description":"J.S. Bach oeuvres compl\u00e8tes pour orgue \u00e9vitant les tournes de pages - Volume IX\u00a0: 64 chorals divers, 32 chorals de la collection \u00abNeumeister\u00bb","breadcrumb":{"@id":"https:\/\/www.organscore.com\/fr\/produit\/j-s-bach-oeuvres-completes-pour-orgue-vol-ix\/#breadcrumb"},"inLanguage":"fr-FR","potentialAction":[{"@type":"ReadAction","target":["https:\/\/www.organscore.com\/fr\/produit\/j-s-bach-oeuvres-completes-pour-orgue-vol-ix\/"]}]},{"@type":"ImageObject","inLanguage":"fr-FR","@id":"https:\/\/www.organscore.com\/fr\/produit\/j-s-bach-oeuvres-completes-pour-orgue-vol-ix\/#primaryimage","url":"https:\/\/www.organscore.com\/wp-content\/uploads\/2018\/05\/organscore-bach-complete-organ-works-volume-ix.gif","contentUrl":"https:\/\/www.organscore.com\/wp-content\/uploads\/2018\/05\/organscore-bach-complete-organ-works-volume-ix.gif","width":1100,"height":872,"caption":"J.S. Bach \u0153uvres compl\u00e8tes pour orgue, volume IX"},{"@type":"BreadcrumbList","@id":"https:\/\/www.organscore.com\/fr\/produit\/j-s-bach-oeuvres-completes-pour-orgue-vol-ix\/#breadcrumb","itemListElement":[{"@type":"ListItem","position":1,"name":"Home","item":"https:\/\/www.organscore.com\/fr\/"},{"@type":"ListItem","position":2,"name":"Acheter","item":"https:\/\/www.organscore.com\/fr\/boutique\/"},{"@type":"ListItem","position":3,"name":"J.S. Bach\u00a0: \u0152uvres Compl\u00e8tes pour Orgue, Vol IX"}]},{"@type":"WebSite","@id":"https:\/\/www.organscore.com\/#website","url":"https:\/\/www.organscore.com\/","name":"OrganScore","description":"The Practical Score for Organists","publisher":{"@id":"https:\/\/www.organscore.com\/#organization"},"potentialAction":[{"@type":"SearchAction","target":{"@type":"EntryPoint","urlTemplate":"https:\/\/www.organscore.com\/?s={search_term_string}"},"query-input":{"@type":"PropertyValueSpecification","valueRequired":true,"valueName":"search_term_string"}}],"inLanguage":"fr-FR"},{"@type":"Organization","@id":"https:\/\/www.organscore.com\/#organization","name":"OrganScore","url":"https:\/\/www.organscore.com\/","logo":{"@type":"ImageObject","inLanguage":"fr-FR","@id":"https:\/\/www.organscore.com\/#\/schema\/logo\/image\/","url":"https:\/\/www.organscore.com\/wp-content\/uploads\/2018\/09\/organscore-logo-0153bf-h142px-shaded.png","contentUrl":"https:\/\/www.organscore.com\/wp-content\/uploads\/2018\/09\/organscore-logo-0153bf-h142px-shaded.png","width":434,"height":142,"caption":"OrganScore"},"image":{"@id":"https:\/\/www.organscore.com\/#\/schema\/logo\/image\/"},"sameAs":["https:\/\/www.youtube.com\/user\/organopleno2000"]}]}},"_links":{"self":[{"href":"https:\/\/www.organscore.com\/fr\/wp-json\/wp\/v2\/product\/1818","targetHints":{"allow":["GET"]}}],"collection":[{"href":"https:\/\/www.organscore.com\/fr\/wp-json\/wp\/v2\/product"}],"about":[{"href":"https:\/\/www.organscore.com\/fr\/wp-json\/wp\/v2\/types\/product"}],"wp:featuredmedia":[{"embeddable":true,"href":"https:\/\/www.organscore.com\/fr\/wp-json\/wp\/v2\/media\/2233"}],"wp:attachment":[{"href":"https:\/\/www.organscore.com\/fr\/wp-json\/wp\/v2\/media?parent=1818"}],"wp:term":[{"taxonomy":"product_brand","embeddable":true,"href":"https:\/\/www.organscore.com\/fr\/wp-json\/wp\/v2\/product_brand?post=1818"},{"taxonomy":"product_cat","embeddable":true,"href":"https:\/\/www.organscore.com\/fr\/wp-json\/wp\/v2\/product_cat?post=1818"},{"taxonomy":"product_tag","embeddable":true,"href":"https:\/\/www.organscore.com\/fr\/wp-json\/wp\/v2\/product_tag?post=1818"}],"curies":[{"name":"wp","href":"https:\/\/api.w.org\/{rel}","templated":true}]}}