{"id":1812,"date":"2018-05-31T13:59:26","date_gmt":"2018-05-31T11:59:26","guid":{"rendered":"https:\/\/www.organscore.com\/product\/d-buxtehude-oeuvres-completes-orgue-vol-i\/"},"modified":"2022-06-15T19:56:35","modified_gmt":"2022-06-15T17:56:35","slug":"d-buxtehude-oeuvres-completes-pour-orgue-vol-i","status":"publish","type":"product","link":"https:\/\/www.organscore.com\/fr\/produit\/d-buxtehude-oeuvres-completes-pour-orgue-vol-i\/","title":{"rendered":"D. Buxtehude\u00a0: \u0152uvres Compl. pour Orgue, Vol I"},"content":{"rendered":"<p style=\"text-align: justify;\">Pour plus d&rsquo;information sur l&rsquo;\u00e9dition des \u0153uvres compl\u00e8tes pour orgue de Buxtehude en trois volumes, voir la page <a href=\"https:\/\/www.organscore.com\/fr\/buxtehude-oeuvres-completes-pour-orgue\/\"><strong>Buxtehude : \u0152uvres Compl\u00e8tes pour Orgue<\/strong>.<\/a><\/p>\n<p><strong>Contenu :<\/strong><\/p>\n<p>BuxWV 136 &#8211; Praeludium in <em>C<\/em> [3 pages]<br \/>\nBuxWV 137 &#8211; Praeludium in <em>C<\/em> (Prelude, Fugue &amp; Ciacona) [3 pages]<br \/>\nBuxWV 138 &#8211; Praeludium in <em>C<\/em> [2 pages]<br \/>\nBuxWV 139 &#8211; Praeludium in <em>D<\/em> [4 pages]<br \/>\nBuxWV 140 &#8211; Praeludium in <em>d<\/em> [4 pages]<br \/>\nBuxWV 141 &#8211; Praeludium in <em>E<\/em> [4 pages]<br \/>\nBuxWV 142 &#8211; Praeludium in <em>e<\/em> [6 pages]<br \/>\nBuxWV 143 &#8211; Praeludium in <em>e<\/em>\u00a0(reconstructed bars) [3 pages]<br \/>\nBuxWV 143 &#8211; Praeludium in <em>e<\/em> (Edition Spitta) [3 pages]<br \/>\nBuxWV 144 &#8211; Praeludium in <em>F<\/em> [2 pages]<br \/>\nBuxWV 145 &#8211; Praeludium in <em>F<\/em> [4 pages]<br \/>\nBuxWV 146 &#8211; Praeludium in <em>f<\/em># [4 pages]<br \/>\nBuxWV 147 &#8211; Praeludium in <em>G<\/em> [2 pages]<br \/>\nBuxWV 148 &#8211; Praeludium in <em>g<\/em> [4 pages]<br \/>\nBuxWV 149 &#8211; Praeludium in <em>g<\/em> [4 pages]<br \/>\nBuxWV 150 &#8211; Praeludium in <em>g<\/em> [4 pages]<br \/>\nBuxWV 151 &#8211; Praeludium in <em>A<\/em> [3 pages]<br \/>\nBuxWV 152 &#8211; Praeludium in <em>e<\/em>-(<em>a<\/em>) [3 pages]<br \/>\nBuxWV 153 &#8211; Praeludium in <em>a<\/em> [4 pages]<br \/>\nBuxWV 154 &#8211; Praeludium in <em>B<\/em> (fragment) [1 pages]<\/p>\n<p>(3 or 4 pages = 1 tourne de page, 5 or 6 pages = 2 tournes)<\/p>\n","protected":false},"excerpt":{"rendered":"<p>D. Buxtehude\u00a0: \u0152uvres Compl. pour Orgue, Vol I<br \/>\n<strong>Sans Probl\u00e8me de Tourne de Page<br \/>\n<\/strong><em>(contenu jouable sans assistant tourneur de pages)<\/em><\/p>\n<p>19 \u00abPraeludiums\u00bb<\/p>\n<p>OSC 010 &#8211; ISMN :\u00a0979-0-707109-10-6<br \/>\n37.5cm x 29.7cm (+spirale)<br \/>\n88 pages \u2014 120g\/m\u00b2<\/p>\n","protected":false},"featured_media":2226,"template":"","meta":{"_monsterinsights_skip_tracking":false,"_monsterinsights_sitenote_active":false,"_monsterinsights_sitenote_note":"","_monsterinsights_sitenote_category":0,"site-sidebar-layout":"default","site-content-layout":"default","ast-site-content-layout":"default","site-content-style":"default","site-sidebar-style":"default","ast-global-header-display":"","ast-banner-title-visibility":"","ast-main-header-display":"","ast-hfb-above-header-display":"","ast-hfb-below-header-display":"","ast-hfb-mobile-header-display":"","site-post-title":"","ast-breadcrumbs-content":"","ast-featured-img":"","footer-sml-layout":"","ast-disable-related-posts":"","theme-transparent-header-meta":"default","adv-header-id-meta":"","stick-header-meta":"default","header-above-stick-meta":"","header-main-stick-meta":"","header-below-stick-meta":"","astra-migrate-meta-layouts":"default","ast-page-background-enabled":"default","ast-page-background-meta":{"desktop":{"background-color":"","background-image":"","background-repeat":"repeat","background-position":"center center","background-size":"auto","background-attachment":"scroll","background-type":"","background-media":"","overlay-type":"","overlay-color":"","overlay-opacity":"","overlay-gradient":""},"tablet":{"background-color":"","background-image":"","background-repeat":"repeat","background-position":"center center","background-size":"auto","background-attachment":"scroll","background-type":"","background-media":"","overlay-type":"","overlay-color":"","overlay-opacity":"","overlay-gradient":""},"mobile":{"background-color":"","background-image":"","background-repeat":"repeat","background-position":"center center","background-size":"auto","background-attachment":"scroll","background-type":"","background-media":"","overlay-type":"","overlay-color":"","overlay-opacity":"","overlay-gradient":""}},"ast-content-background-meta":{"desktop":{"background-color":"var(--ast-global-color-5)","background-image":"","background-repeat":"repeat","background-position":"center center","background-size":"auto","background-attachment":"scroll","background-type":"","background-media":"","overlay-type":"","overlay-color":"","overlay-opacity":"","overlay-gradient":""},"tablet":{"background-color":"var(--ast-global-color-5)","background-image":"","background-repeat":"repeat","background-position":"center center","background-size":"auto","background-attachment":"scroll","background-type":"","background-media":"","overlay-type":"","overlay-color":"","overlay-opacity":"","overlay-gradient":""},"mobile":{"background-color":"var(--ast-global-color-5)","background-image":"","background-repeat":"repeat","background-position":"center center","background-size":"auto","background-attachment":"scroll","background-type":"","background-media":"","overlay-type":"","overlay-color":"","overlay-opacity":"","overlay-gradient":""}}},"product_brand":[],"product_cat":[51],"product_tag":[],"class_list":{"0":"post-1812","1":"product","2":"type-product","3":"status-publish","4":"has-post-thumbnail","6":"product_cat-partition-papier","7":"desktop-align-left","8":"tablet-align-left","9":"mobile-align-left","10":"ast-product-gallery-layout-horizontal-slider","11":"ast-product-tabs-layout-horizontal","13":"first","14":"instock","15":"shipping-taxable","16":"purchasable","17":"product-type-simple"},"yoast_head":"<!-- This site is optimized with the Yoast SEO plugin v27.4 - https:\/\/yoast.com\/product\/yoast-seo-wordpress\/ -->\n<title>Buxtehude oeuvres compl\u00e8tes pour orgue, Vol I - OrganScore<\/title>\n<meta name=\"description\" content=\"Buxtehude oeuvres compl\u00e8tes pour orgue \u00e9vitant les tournes de pages, \u00e9dit\u00e9es par Renaud Vergnet - Volume I\u00a0: Praeludiums, Toccatas, BuxWV 136-154)\" \/>\n<meta name=\"robots\" content=\"index, follow, max-snippet:-1, max-image-preview:large, max-video-preview:-1\" \/>\n<link rel=\"canonical\" href=\"https:\/\/www.organscore.com\/produit\/d-buxtehude-complete-organ-works-vol-i\/\" \/>\n<meta property=\"og:locale\" content=\"fr_FR\" \/>\n<meta property=\"og:type\" content=\"article\" \/>\n<meta property=\"og:title\" content=\"Buxtehude oeuvres compl\u00e8tes pour orgue, Vol I - OrganScore\" \/>\n<meta property=\"og:description\" content=\"Buxtehude oeuvres compl\u00e8tes pour orgue \u00e9vitant les tournes de pages, \u00e9dit\u00e9es par Renaud Vergnet - Volume I\u00a0: Praeludiums, Toccatas, BuxWV 136-154)\" \/>\n<meta property=\"og:url\" content=\"https:\/\/www.organscore.com\/produit\/d-buxtehude-complete-organ-works-vol-i\/\" \/>\n<meta property=\"og:site_name\" content=\"OrganScore\" \/>\n<meta property=\"article:modified_time\" content=\"2022-06-15T17:56:35+00:00\" \/>\n<meta property=\"og:image\" content=\"https:\/\/www.organscore.com\/wp-content\/uploads\/2018\/05\/organscore-buxtehude-complete-organ-works-volume-i.jpg\" \/>\n\t<meta property=\"og:image:width\" content=\"1100\" \/>\n\t<meta property=\"og:image:height\" content=\"872\" \/>\n\t<meta property=\"og:image:type\" content=\"image\/jpeg\" \/>\n<meta name=\"twitter:card\" content=\"summary_large_image\" \/>\n<meta name=\"twitter:label1\" content=\"Dur\u00e9e de lecture estim\u00e9e\" \/>\n\t<meta name=\"twitter:data1\" content=\"1 minute\" \/>\n<script type=\"application\/ld+json\" class=\"yoast-schema-graph\">{\"@context\":\"https:\\\/\\\/schema.org\",\"@graph\":[{\"@type\":\"WebPage\",\"@id\":\"https:\\\/\\\/www.organscore.com\\\/produit\\\/d-buxtehude-complete-organ-works-vol-i\\\/\",\"url\":\"https:\\\/\\\/www.organscore.com\\\/produit\\\/d-buxtehude-complete-organ-works-vol-i\\\/\",\"name\":\"Buxtehude oeuvres compl\u00e8tes pour orgue, Vol I - OrganScore\",\"isPartOf\":{\"@id\":\"https:\\\/\\\/www.organscore.com\\\/#website\"},\"primaryImageOfPage\":{\"@id\":\"https:\\\/\\\/www.organscore.com\\\/produit\\\/d-buxtehude-complete-organ-works-vol-i\\\/#primaryimage\"},\"image\":{\"@id\":\"https:\\\/\\\/www.organscore.com\\\/produit\\\/d-buxtehude-complete-organ-works-vol-i\\\/#primaryimage\"},\"thumbnailUrl\":\"https:\\\/\\\/www.organscore.com\\\/wp-content\\\/uploads\\\/2018\\\/05\\\/organscore-buxtehude-complete-organ-works-volume-i.jpg\",\"datePublished\":\"2018-05-31T11:59:26+00:00\",\"dateModified\":\"2022-06-15T17:56:35+00:00\",\"description\":\"Buxtehude oeuvres compl\u00e8tes pour orgue \u00e9vitant les tournes de pages, \u00e9dit\u00e9es par Renaud Vergnet - Volume I\u00a0: Praeludiums, Toccatas, BuxWV 136-154)\",\"breadcrumb\":{\"@id\":\"https:\\\/\\\/www.organscore.com\\\/produit\\\/d-buxtehude-complete-organ-works-vol-i\\\/#breadcrumb\"},\"inLanguage\":\"fr-FR\",\"potentialAction\":[{\"@type\":\"ReadAction\",\"target\":[\"https:\\\/\\\/www.organscore.com\\\/produit\\\/d-buxtehude-complete-organ-works-vol-i\\\/\"]}]},{\"@type\":\"ImageObject\",\"inLanguage\":\"fr-FR\",\"@id\":\"https:\\\/\\\/www.organscore.com\\\/produit\\\/d-buxtehude-complete-organ-works-vol-i\\\/#primaryimage\",\"url\":\"https:\\\/\\\/www.organscore.com\\\/wp-content\\\/uploads\\\/2018\\\/05\\\/organscore-buxtehude-complete-organ-works-volume-i.jpg\",\"contentUrl\":\"https:\\\/\\\/www.organscore.com\\\/wp-content\\\/uploads\\\/2018\\\/05\\\/organscore-buxtehude-complete-organ-works-volume-i.jpg\",\"width\":1100,\"height\":872,\"caption\":\"Buxtehude \u0153uvres compl\u00e8tes pour orgue, volume I\"},{\"@type\":\"BreadcrumbList\",\"@id\":\"https:\\\/\\\/www.organscore.com\\\/produit\\\/d-buxtehude-complete-organ-works-vol-i\\\/#breadcrumb\",\"itemListElement\":[{\"@type\":\"ListItem\",\"position\":1,\"name\":\"Home\",\"item\":\"https:\\\/\\\/www.organscore.com\\\/fr\\\/\"},{\"@type\":\"ListItem\",\"position\":2,\"name\":\"Acheter\",\"item\":\"https:\\\/\\\/www.organscore.com\\\/fr\\\/boutique\\\/\"},{\"@type\":\"ListItem\",\"position\":3,\"name\":\"D. Buxtehude\u00a0: \u0152uvres Compl. pour Orgue, Vol I\"}]},{\"@type\":\"WebSite\",\"@id\":\"https:\\\/\\\/www.organscore.com\\\/#website\",\"url\":\"https:\\\/\\\/www.organscore.com\\\/\",\"name\":\"OrganScore\",\"description\":\"The Practical Score for Organists\",\"publisher\":{\"@id\":\"https:\\\/\\\/www.organscore.com\\\/#organization\"},\"potentialAction\":[{\"@type\":\"SearchAction\",\"target\":{\"@type\":\"EntryPoint\",\"urlTemplate\":\"https:\\\/\\\/www.organscore.com\\\/?s={search_term_string}\"},\"query-input\":{\"@type\":\"PropertyValueSpecification\",\"valueRequired\":true,\"valueName\":\"search_term_string\"}}],\"inLanguage\":\"fr-FR\"},{\"@type\":\"Organization\",\"@id\":\"https:\\\/\\\/www.organscore.com\\\/#organization\",\"name\":\"OrganScore\",\"url\":\"https:\\\/\\\/www.organscore.com\\\/\",\"logo\":{\"@type\":\"ImageObject\",\"inLanguage\":\"fr-FR\",\"@id\":\"https:\\\/\\\/www.organscore.com\\\/#\\\/schema\\\/logo\\\/image\\\/\",\"url\":\"https:\\\/\\\/www.organscore.com\\\/wp-content\\\/uploads\\\/2018\\\/09\\\/organscore-logo-0153bf-h142px-shaded.png\",\"contentUrl\":\"https:\\\/\\\/www.organscore.com\\\/wp-content\\\/uploads\\\/2018\\\/09\\\/organscore-logo-0153bf-h142px-shaded.png\",\"width\":434,\"height\":142,\"caption\":\"OrganScore\"},\"image\":{\"@id\":\"https:\\\/\\\/www.organscore.com\\\/#\\\/schema\\\/logo\\\/image\\\/\"},\"sameAs\":[\"https:\\\/\\\/www.youtube.com\\\/user\\\/organopleno2000\"]}]}<\/script>\n<!-- \/ Yoast SEO plugin. -->","yoast_head_json":{"title":"Buxtehude oeuvres compl\u00e8tes pour orgue, Vol I - OrganScore","description":"Buxtehude oeuvres compl\u00e8tes pour orgue \u00e9vitant les tournes de pages, \u00e9dit\u00e9es par Renaud Vergnet - Volume I\u00a0: Praeludiums, Toccatas, BuxWV 136-154)","robots":{"index":"index","follow":"follow","max-snippet":"max-snippet:-1","max-image-preview":"max-image-preview:large","max-video-preview":"max-video-preview:-1"},"canonical":"https:\/\/www.organscore.com\/produit\/d-buxtehude-complete-organ-works-vol-i\/","og_locale":"fr_FR","og_type":"article","og_title":"Buxtehude oeuvres compl\u00e8tes pour orgue, Vol I - OrganScore","og_description":"Buxtehude oeuvres compl\u00e8tes pour orgue \u00e9vitant les tournes de pages, \u00e9dit\u00e9es par Renaud Vergnet - Volume I\u00a0: Praeludiums, Toccatas, BuxWV 136-154)","og_url":"https:\/\/www.organscore.com\/produit\/d-buxtehude-complete-organ-works-vol-i\/","og_site_name":"OrganScore","article_modified_time":"2022-06-15T17:56:35+00:00","og_image":[{"width":1100,"height":872,"url":"https:\/\/www.organscore.com\/wp-content\/uploads\/2018\/05\/organscore-buxtehude-complete-organ-works-volume-i.jpg","type":"image\/jpeg"}],"twitter_card":"summary_large_image","twitter_misc":{"Dur\u00e9e de lecture estim\u00e9e":"1 minute"},"schema":{"@context":"https:\/\/schema.org","@graph":[{"@type":"WebPage","@id":"https:\/\/www.organscore.com\/produit\/d-buxtehude-complete-organ-works-vol-i\/","url":"https:\/\/www.organscore.com\/produit\/d-buxtehude-complete-organ-works-vol-i\/","name":"Buxtehude oeuvres compl\u00e8tes pour orgue, Vol I - OrganScore","isPartOf":{"@id":"https:\/\/www.organscore.com\/#website"},"primaryImageOfPage":{"@id":"https:\/\/www.organscore.com\/produit\/d-buxtehude-complete-organ-works-vol-i\/#primaryimage"},"image":{"@id":"https:\/\/www.organscore.com\/produit\/d-buxtehude-complete-organ-works-vol-i\/#primaryimage"},"thumbnailUrl":"https:\/\/www.organscore.com\/wp-content\/uploads\/2018\/05\/organscore-buxtehude-complete-organ-works-volume-i.jpg","datePublished":"2018-05-31T11:59:26+00:00","dateModified":"2022-06-15T17:56:35+00:00","description":"Buxtehude oeuvres compl\u00e8tes pour orgue \u00e9vitant les tournes de pages, \u00e9dit\u00e9es par Renaud Vergnet - Volume I\u00a0: Praeludiums, Toccatas, BuxWV 136-154)","breadcrumb":{"@id":"https:\/\/www.organscore.com\/produit\/d-buxtehude-complete-organ-works-vol-i\/#breadcrumb"},"inLanguage":"fr-FR","potentialAction":[{"@type":"ReadAction","target":["https:\/\/www.organscore.com\/produit\/d-buxtehude-complete-organ-works-vol-i\/"]}]},{"@type":"ImageObject","inLanguage":"fr-FR","@id":"https:\/\/www.organscore.com\/produit\/d-buxtehude-complete-organ-works-vol-i\/#primaryimage","url":"https:\/\/www.organscore.com\/wp-content\/uploads\/2018\/05\/organscore-buxtehude-complete-organ-works-volume-i.jpg","contentUrl":"https:\/\/www.organscore.com\/wp-content\/uploads\/2018\/05\/organscore-buxtehude-complete-organ-works-volume-i.jpg","width":1100,"height":872,"caption":"Buxtehude \u0153uvres compl\u00e8tes pour orgue, volume I"},{"@type":"BreadcrumbList","@id":"https:\/\/www.organscore.com\/produit\/d-buxtehude-complete-organ-works-vol-i\/#breadcrumb","itemListElement":[{"@type":"ListItem","position":1,"name":"Home","item":"https:\/\/www.organscore.com\/fr\/"},{"@type":"ListItem","position":2,"name":"Acheter","item":"https:\/\/www.organscore.com\/fr\/boutique\/"},{"@type":"ListItem","position":3,"name":"D. Buxtehude\u00a0: \u0152uvres Compl. pour Orgue, Vol I"}]},{"@type":"WebSite","@id":"https:\/\/www.organscore.com\/#website","url":"https:\/\/www.organscore.com\/","name":"OrganScore","description":"The Practical Score for Organists","publisher":{"@id":"https:\/\/www.organscore.com\/#organization"},"potentialAction":[{"@type":"SearchAction","target":{"@type":"EntryPoint","urlTemplate":"https:\/\/www.organscore.com\/?s={search_term_string}"},"query-input":{"@type":"PropertyValueSpecification","valueRequired":true,"valueName":"search_term_string"}}],"inLanguage":"fr-FR"},{"@type":"Organization","@id":"https:\/\/www.organscore.com\/#organization","name":"OrganScore","url":"https:\/\/www.organscore.com\/","logo":{"@type":"ImageObject","inLanguage":"fr-FR","@id":"https:\/\/www.organscore.com\/#\/schema\/logo\/image\/","url":"https:\/\/www.organscore.com\/wp-content\/uploads\/2018\/09\/organscore-logo-0153bf-h142px-shaded.png","contentUrl":"https:\/\/www.organscore.com\/wp-content\/uploads\/2018\/09\/organscore-logo-0153bf-h142px-shaded.png","width":434,"height":142,"caption":"OrganScore"},"image":{"@id":"https:\/\/www.organscore.com\/#\/schema\/logo\/image\/"},"sameAs":["https:\/\/www.youtube.com\/user\/organopleno2000"]}]}},"_links":{"self":[{"href":"https:\/\/www.organscore.com\/fr\/wp-json\/wp\/v2\/product\/1812","targetHints":{"allow":["GET"]}}],"collection":[{"href":"https:\/\/www.organscore.com\/fr\/wp-json\/wp\/v2\/product"}],"about":[{"href":"https:\/\/www.organscore.com\/fr\/wp-json\/wp\/v2\/types\/product"}],"wp:featuredmedia":[{"embeddable":true,"href":"https:\/\/www.organscore.com\/fr\/wp-json\/wp\/v2\/media\/2226"}],"wp:attachment":[{"href":"https:\/\/www.organscore.com\/fr\/wp-json\/wp\/v2\/media?parent=1812"}],"wp:term":[{"taxonomy":"product_brand","embeddable":true,"href":"https:\/\/www.organscore.com\/fr\/wp-json\/wp\/v2\/product_brand?post=1812"},{"taxonomy":"product_cat","embeddable":true,"href":"https:\/\/www.organscore.com\/fr\/wp-json\/wp\/v2\/product_cat?post=1812"},{"taxonomy":"product_tag","embeddable":true,"href":"https:\/\/www.organscore.com\/fr\/wp-json\/wp\/v2\/product_tag?post=1812"}],"curies":[{"name":"wp","href":"https:\/\/api.w.org\/{rel}","templated":true}]}}