{"id":1769,"date":"2018-05-31T18:31:07","date_gmt":"2018-05-31T16:31:07","guid":{"rendered":"https:\/\/www.organscore.com\/product\/j-brahms-complete-organ-works\/"},"modified":"2021-09-22T12:45:29","modified_gmt":"2021-09-22T10:45:29","slug":"j-brahms-oeuvres-completes-orgue","status":"publish","type":"product","link":"https:\/\/www.organscore.com\/fr\/produit\/j-brahms-oeuvres-completes-orgue\/","title":{"rendered":"J. Brahms : \u0152uvres Compl\u00e8tes pour Orgue"},"content":{"rendered":"<p style=\"text-align: justify;\">L&rsquo;\u0153uvre compl\u00e8te pour orgue de Brahms tient en un seul volume. Les \u0153uvres pour pour orgue de Brahms tr\u00e8s pris\u00e9e des organistes. Le grand format est particuli\u00e8rement adapt\u00e9 aux pi\u00e8ces d\u00e9velopp\u00e9es (pr\u00e9ludes et fugues, fugue en la b\u00e9mol mineur, chorals). D&rsquo;autres caract\u00e9ristiques distinguent aussi l&rsquo;\u00e9dition OrganScore :<\/p>\n<ul>\n<li>Une transcription de la fugue en la b\u00e9mol mineur en la mineur,<\/li>\n<li>Une variante de r\u00e9partition des mains 1-Clav\/2-Clav\u00a0 du Choralvorspiel \u00abO Traurigkeit, O Herzeleid\u00bb,<\/li>\n<li>Une variante avec p\u00e9dale du choral\u00a0\u00abEs ist ein Ros&rsquo; entsprungen\u00bb.<\/li>\n<\/ul>\n<p><strong>Contenu :<\/strong><\/p>\n<p>Pr\u00e9lude &amp; Fugue en la mineur [1 page + 2 pages]<br \/>\nPr\u00e9lude &amp; Fugue en sol mineur [2 pages + 2 pages]<br \/>\nFugue en la b\u00e9mol mineur [2 pages]<br \/>\nFugue en la mineur (transcription) [2 pages]<\/p>\n<p>\u00abChoralvorspiel und Fuge : O Traurigkeit, O Herzeleid\u00bb<\/p>\n<p>\u00abElf Choralvorspiele\u00bb (Onze Chorals) :<br \/>\n1. \u00abMein Jesu, der du mich\u00bb [2 pages]<br \/>\n2. \u00abHerzliebster Jesu\u00bb [1 page]<br \/>\n3. \u00abO Welt, ich mu\u00df dich lassen\u00bb [1 page]<br \/>\n4. \u00abHerzlich tut mich erfreuen\u00bb [1 page]<br \/>\n5. \u00abSchm\u00fccke dich, o liebe Seele\u00bb [1 page]<br \/>\n6. \u00abO wie selig seid ihr doch, ihr Frommen\u00bb [0.5 page]<br \/>\n7. \u00abO Gott, du frommer Gott\u00bb [1.5 page]<br \/>\n8. \u00abEs ist ein Ros&rsquo; entsprungen\u00bb (Man) [1 page]<br \/>\n8. \u00abEs ist ein Ros&rsquo; entsprungen\u00bb (Ped) [1 page]<br \/>\n9. \u00abHerzlich tut mich verlangen\u00bb [1 page]<br \/>\n10. \u00abHerzlich tut mich verlangen\u00bb [2 pages]<br \/>\n11. \u00abO Welt ich mu\u00df dich lassen\u201d [1 page]<\/p>\n<p>(Aucune tourne au milieu d&rsquo;un mouvement)<\/p>\n","protected":false},"excerpt":{"rendered":"<p>J. Brahms : \u0152uvres Compl\u00e8tes pour Orgue<br \/>\n<strong>Sans Probl\u00e8me de Tourne de Page<br \/>\n<\/strong><em>(contenu jouable sans assistant tourneur de pages)<\/em><\/p>\n<p>OSC 013 &#8211; ISMN :\u00a0979-0-707109-13-7<br \/>\n37.5cm x 29.7cm (+spirale)<br \/>\n36 pages \u2014 120g\/m\u00b2<\/p>\n","protected":false},"featured_media":2214,"template":"","meta":{"_monsterinsights_skip_tracking":false,"_monsterinsights_sitenote_active":false,"_monsterinsights_sitenote_note":"","_monsterinsights_sitenote_category":0,"site-sidebar-layout":"default","site-content-layout":"default","ast-site-content-layout":"default","site-content-style":"default","site-sidebar-style":"default","ast-global-header-display":"","ast-banner-title-visibility":"","ast-main-header-display":"","ast-hfb-above-header-display":"","ast-hfb-below-header-display":"","ast-hfb-mobile-header-display":"","site-post-title":"","ast-breadcrumbs-content":"","ast-featured-img":"","footer-sml-layout":"","ast-disable-related-posts":"","theme-transparent-header-meta":"default","adv-header-id-meta":"","stick-header-meta":"default","header-above-stick-meta":"","header-main-stick-meta":"","header-below-stick-meta":"","astra-migrate-meta-layouts":"default","ast-page-background-enabled":"default","ast-page-background-meta":{"desktop":{"background-color":"","background-image":"","background-repeat":"repeat","background-position":"center center","background-size":"auto","background-attachment":"scroll","background-type":"","background-media":"","overlay-type":"","overlay-color":"","overlay-opacity":"","overlay-gradient":""},"tablet":{"background-color":"","background-image":"","background-repeat":"repeat","background-position":"center center","background-size":"auto","background-attachment":"scroll","background-type":"","background-media":"","overlay-type":"","overlay-color":"","overlay-opacity":"","overlay-gradient":""},"mobile":{"background-color":"","background-image":"","background-repeat":"repeat","background-position":"center center","background-size":"auto","background-attachment":"scroll","background-type":"","background-media":"","overlay-type":"","overlay-color":"","overlay-opacity":"","overlay-gradient":""}},"ast-content-background-meta":{"desktop":{"background-color":"var(--ast-global-color-5)","background-image":"","background-repeat":"repeat","background-position":"center center","background-size":"auto","background-attachment":"scroll","background-type":"","background-media":"","overlay-type":"","overlay-color":"","overlay-opacity":"","overlay-gradient":""},"tablet":{"background-color":"var(--ast-global-color-5)","background-image":"","background-repeat":"repeat","background-position":"center center","background-size":"auto","background-attachment":"scroll","background-type":"","background-media":"","overlay-type":"","overlay-color":"","overlay-opacity":"","overlay-gradient":""},"mobile":{"background-color":"var(--ast-global-color-5)","background-image":"","background-repeat":"repeat","background-position":"center center","background-size":"auto","background-attachment":"scroll","background-type":"","background-media":"","overlay-type":"","overlay-color":"","overlay-opacity":"","overlay-gradient":""}}},"product_brand":[],"product_cat":[51],"product_tag":[],"class_list":{"0":"post-1769","1":"product","2":"type-product","3":"status-publish","4":"has-post-thumbnail","6":"product_cat-partition-papier","7":"desktop-align-left","8":"tablet-align-left","9":"mobile-align-left","10":"ast-product-gallery-layout-horizontal-slider","11":"ast-product-tabs-layout-horizontal","13":"first","14":"instock","15":"shipping-taxable","16":"purchasable","17":"product-type-simple"},"yoast_head":"<!-- This site is optimized with the Yoast SEO plugin v27.4 - https:\/\/yoast.com\/product\/yoast-seo-wordpress\/ -->\n<title>\u0152uvre compl\u00e8te pour orgue de Brahms (sans tournes !) - OrganScore<\/title>\n<meta name=\"description\" content=\"Edition grand format de l&#039;\u0153uvre compl\u00e8te pour orgue de Brahms sans tourne de page : Pr\u00e9ludes et Fugues, Chorals, etc.\" \/>\n<meta name=\"robots\" content=\"index, follow, max-snippet:-1, max-image-preview:large, max-video-preview:-1\" \/>\n<link rel=\"canonical\" href=\"https:\/\/www.organscore.com\/produit\/j-brahms-complete-organ-works\/\" \/>\n<meta property=\"og:locale\" content=\"fr_FR\" \/>\n<meta property=\"og:type\" content=\"article\" \/>\n<meta property=\"og:title\" content=\"\u0152uvre compl\u00e8te pour orgue de Brahms (sans tournes !) - OrganScore\" \/>\n<meta property=\"og:description\" content=\"Edition grand format de l&#039;\u0153uvre compl\u00e8te pour orgue de Brahms sans tourne de page : Pr\u00e9ludes et Fugues, Chorals, etc.\" \/>\n<meta property=\"og:url\" content=\"https:\/\/www.organscore.com\/produit\/j-brahms-complete-organ-works\/\" \/>\n<meta property=\"og:site_name\" content=\"OrganScore\" \/>\n<meta property=\"article:modified_time\" content=\"2021-09-22T10:45:29+00:00\" \/>\n<meta property=\"og:image\" content=\"https:\/\/www.organscore.com\/wp-content\/uploads\/2018\/05\/organscore-brahms-complete-organ-works.jpg\" \/>\n\t<meta property=\"og:image:width\" content=\"1100\" \/>\n\t<meta property=\"og:image:height\" content=\"872\" \/>\n\t<meta property=\"og:image:type\" content=\"image\/jpeg\" \/>\n<meta name=\"twitter:card\" content=\"summary_large_image\" \/>\n<meta name=\"twitter:label1\" content=\"Dur\u00e9e de lecture estim\u00e9e\" \/>\n\t<meta name=\"twitter:data1\" content=\"1 minute\" \/>\n<script type=\"application\/ld+json\" class=\"yoast-schema-graph\">{\"@context\":\"https:\\\/\\\/schema.org\",\"@graph\":[{\"@type\":\"WebPage\",\"@id\":\"https:\\\/\\\/www.organscore.com\\\/produit\\\/j-brahms-complete-organ-works\\\/\",\"url\":\"https:\\\/\\\/www.organscore.com\\\/produit\\\/j-brahms-complete-organ-works\\\/\",\"name\":\"\u0152uvre compl\u00e8te pour orgue de Brahms (sans tournes !) - OrganScore\",\"isPartOf\":{\"@id\":\"https:\\\/\\\/www.organscore.com\\\/#website\"},\"primaryImageOfPage\":{\"@id\":\"https:\\\/\\\/www.organscore.com\\\/produit\\\/j-brahms-complete-organ-works\\\/#primaryimage\"},\"image\":{\"@id\":\"https:\\\/\\\/www.organscore.com\\\/produit\\\/j-brahms-complete-organ-works\\\/#primaryimage\"},\"thumbnailUrl\":\"https:\\\/\\\/www.organscore.com\\\/wp-content\\\/uploads\\\/2018\\\/05\\\/organscore-brahms-complete-organ-works.jpg\",\"datePublished\":\"2018-05-31T16:31:07+00:00\",\"dateModified\":\"2021-09-22T10:45:29+00:00\",\"description\":\"Edition grand format de l'\u0153uvre compl\u00e8te pour orgue de Brahms sans tourne de page : Pr\u00e9ludes et Fugues, Chorals, etc.\",\"breadcrumb\":{\"@id\":\"https:\\\/\\\/www.organscore.com\\\/produit\\\/j-brahms-complete-organ-works\\\/#breadcrumb\"},\"inLanguage\":\"fr-FR\",\"potentialAction\":[{\"@type\":\"ReadAction\",\"target\":[\"https:\\\/\\\/www.organscore.com\\\/produit\\\/j-brahms-complete-organ-works\\\/\"]}]},{\"@type\":\"ImageObject\",\"inLanguage\":\"fr-FR\",\"@id\":\"https:\\\/\\\/www.organscore.com\\\/produit\\\/j-brahms-complete-organ-works\\\/#primaryimage\",\"url\":\"https:\\\/\\\/www.organscore.com\\\/wp-content\\\/uploads\\\/2018\\\/05\\\/organscore-brahms-complete-organ-works.jpg\",\"contentUrl\":\"https:\\\/\\\/www.organscore.com\\\/wp-content\\\/uploads\\\/2018\\\/05\\\/organscore-brahms-complete-organ-works.jpg\",\"width\":1100,\"height\":872,\"caption\":\"Brahms \u0153uvres compl\u00e8tes pour orgue\"},{\"@type\":\"BreadcrumbList\",\"@id\":\"https:\\\/\\\/www.organscore.com\\\/produit\\\/j-brahms-complete-organ-works\\\/#breadcrumb\",\"itemListElement\":[{\"@type\":\"ListItem\",\"position\":1,\"name\":\"Home\",\"item\":\"https:\\\/\\\/www.organscore.com\\\/fr\\\/\"},{\"@type\":\"ListItem\",\"position\":2,\"name\":\"Acheter\",\"item\":\"https:\\\/\\\/www.organscore.com\\\/fr\\\/boutique\\\/\"},{\"@type\":\"ListItem\",\"position\":3,\"name\":\"J. Brahms : \u0152uvres Compl\u00e8tes pour Orgue\"}]},{\"@type\":\"WebSite\",\"@id\":\"https:\\\/\\\/www.organscore.com\\\/#website\",\"url\":\"https:\\\/\\\/www.organscore.com\\\/\",\"name\":\"OrganScore\",\"description\":\"The Practical Score for Organists\",\"publisher\":{\"@id\":\"https:\\\/\\\/www.organscore.com\\\/#organization\"},\"potentialAction\":[{\"@type\":\"SearchAction\",\"target\":{\"@type\":\"EntryPoint\",\"urlTemplate\":\"https:\\\/\\\/www.organscore.com\\\/?s={search_term_string}\"},\"query-input\":{\"@type\":\"PropertyValueSpecification\",\"valueRequired\":true,\"valueName\":\"search_term_string\"}}],\"inLanguage\":\"fr-FR\"},{\"@type\":\"Organization\",\"@id\":\"https:\\\/\\\/www.organscore.com\\\/#organization\",\"name\":\"OrganScore\",\"url\":\"https:\\\/\\\/www.organscore.com\\\/\",\"logo\":{\"@type\":\"ImageObject\",\"inLanguage\":\"fr-FR\",\"@id\":\"https:\\\/\\\/www.organscore.com\\\/#\\\/schema\\\/logo\\\/image\\\/\",\"url\":\"https:\\\/\\\/www.organscore.com\\\/wp-content\\\/uploads\\\/2018\\\/09\\\/organscore-logo-0153bf-h142px-shaded.png\",\"contentUrl\":\"https:\\\/\\\/www.organscore.com\\\/wp-content\\\/uploads\\\/2018\\\/09\\\/organscore-logo-0153bf-h142px-shaded.png\",\"width\":434,\"height\":142,\"caption\":\"OrganScore\"},\"image\":{\"@id\":\"https:\\\/\\\/www.organscore.com\\\/#\\\/schema\\\/logo\\\/image\\\/\"},\"sameAs\":[\"https:\\\/\\\/www.youtube.com\\\/user\\\/organopleno2000\"]}]}<\/script>\n<!-- \/ Yoast SEO plugin. -->","yoast_head_json":{"title":"\u0152uvre compl\u00e8te pour orgue de Brahms (sans tournes !) - OrganScore","description":"Edition grand format de l'\u0153uvre compl\u00e8te pour orgue de Brahms sans tourne de page : Pr\u00e9ludes et Fugues, Chorals, etc.","robots":{"index":"index","follow":"follow","max-snippet":"max-snippet:-1","max-image-preview":"max-image-preview:large","max-video-preview":"max-video-preview:-1"},"canonical":"https:\/\/www.organscore.com\/produit\/j-brahms-complete-organ-works\/","og_locale":"fr_FR","og_type":"article","og_title":"\u0152uvre compl\u00e8te pour orgue de Brahms (sans tournes !) - OrganScore","og_description":"Edition grand format de l'\u0153uvre compl\u00e8te pour orgue de Brahms sans tourne de page : Pr\u00e9ludes et Fugues, Chorals, etc.","og_url":"https:\/\/www.organscore.com\/produit\/j-brahms-complete-organ-works\/","og_site_name":"OrganScore","article_modified_time":"2021-09-22T10:45:29+00:00","og_image":[{"width":1100,"height":872,"url":"https:\/\/www.organscore.com\/wp-content\/uploads\/2018\/05\/organscore-brahms-complete-organ-works.jpg","type":"image\/jpeg"}],"twitter_card":"summary_large_image","twitter_misc":{"Dur\u00e9e de lecture estim\u00e9e":"1 minute"},"schema":{"@context":"https:\/\/schema.org","@graph":[{"@type":"WebPage","@id":"https:\/\/www.organscore.com\/produit\/j-brahms-complete-organ-works\/","url":"https:\/\/www.organscore.com\/produit\/j-brahms-complete-organ-works\/","name":"\u0152uvre compl\u00e8te pour orgue de Brahms (sans tournes !) - OrganScore","isPartOf":{"@id":"https:\/\/www.organscore.com\/#website"},"primaryImageOfPage":{"@id":"https:\/\/www.organscore.com\/produit\/j-brahms-complete-organ-works\/#primaryimage"},"image":{"@id":"https:\/\/www.organscore.com\/produit\/j-brahms-complete-organ-works\/#primaryimage"},"thumbnailUrl":"https:\/\/www.organscore.com\/wp-content\/uploads\/2018\/05\/organscore-brahms-complete-organ-works.jpg","datePublished":"2018-05-31T16:31:07+00:00","dateModified":"2021-09-22T10:45:29+00:00","description":"Edition grand format de l'\u0153uvre compl\u00e8te pour orgue de Brahms sans tourne de page : Pr\u00e9ludes et Fugues, Chorals, etc.","breadcrumb":{"@id":"https:\/\/www.organscore.com\/produit\/j-brahms-complete-organ-works\/#breadcrumb"},"inLanguage":"fr-FR","potentialAction":[{"@type":"ReadAction","target":["https:\/\/www.organscore.com\/produit\/j-brahms-complete-organ-works\/"]}]},{"@type":"ImageObject","inLanguage":"fr-FR","@id":"https:\/\/www.organscore.com\/produit\/j-brahms-complete-organ-works\/#primaryimage","url":"https:\/\/www.organscore.com\/wp-content\/uploads\/2018\/05\/organscore-brahms-complete-organ-works.jpg","contentUrl":"https:\/\/www.organscore.com\/wp-content\/uploads\/2018\/05\/organscore-brahms-complete-organ-works.jpg","width":1100,"height":872,"caption":"Brahms \u0153uvres compl\u00e8tes pour orgue"},{"@type":"BreadcrumbList","@id":"https:\/\/www.organscore.com\/produit\/j-brahms-complete-organ-works\/#breadcrumb","itemListElement":[{"@type":"ListItem","position":1,"name":"Home","item":"https:\/\/www.organscore.com\/fr\/"},{"@type":"ListItem","position":2,"name":"Acheter","item":"https:\/\/www.organscore.com\/fr\/boutique\/"},{"@type":"ListItem","position":3,"name":"J. Brahms : \u0152uvres Compl\u00e8tes pour Orgue"}]},{"@type":"WebSite","@id":"https:\/\/www.organscore.com\/#website","url":"https:\/\/www.organscore.com\/","name":"OrganScore","description":"The Practical Score for Organists","publisher":{"@id":"https:\/\/www.organscore.com\/#organization"},"potentialAction":[{"@type":"SearchAction","target":{"@type":"EntryPoint","urlTemplate":"https:\/\/www.organscore.com\/?s={search_term_string}"},"query-input":{"@type":"PropertyValueSpecification","valueRequired":true,"valueName":"search_term_string"}}],"inLanguage":"fr-FR"},{"@type":"Organization","@id":"https:\/\/www.organscore.com\/#organization","name":"OrganScore","url":"https:\/\/www.organscore.com\/","logo":{"@type":"ImageObject","inLanguage":"fr-FR","@id":"https:\/\/www.organscore.com\/#\/schema\/logo\/image\/","url":"https:\/\/www.organscore.com\/wp-content\/uploads\/2018\/09\/organscore-logo-0153bf-h142px-shaded.png","contentUrl":"https:\/\/www.organscore.com\/wp-content\/uploads\/2018\/09\/organscore-logo-0153bf-h142px-shaded.png","width":434,"height":142,"caption":"OrganScore"},"image":{"@id":"https:\/\/www.organscore.com\/#\/schema\/logo\/image\/"},"sameAs":["https:\/\/www.youtube.com\/user\/organopleno2000"]}]}},"_links":{"self":[{"href":"https:\/\/www.organscore.com\/fr\/wp-json\/wp\/v2\/product\/1769","targetHints":{"allow":["GET"]}}],"collection":[{"href":"https:\/\/www.organscore.com\/fr\/wp-json\/wp\/v2\/product"}],"about":[{"href":"https:\/\/www.organscore.com\/fr\/wp-json\/wp\/v2\/types\/product"}],"wp:featuredmedia":[{"embeddable":true,"href":"https:\/\/www.organscore.com\/fr\/wp-json\/wp\/v2\/media\/2214"}],"wp:attachment":[{"href":"https:\/\/www.organscore.com\/fr\/wp-json\/wp\/v2\/media?parent=1769"}],"wp:term":[{"taxonomy":"product_brand","embeddable":true,"href":"https:\/\/www.organscore.com\/fr\/wp-json\/wp\/v2\/product_brand?post=1769"},{"taxonomy":"product_cat","embeddable":true,"href":"https:\/\/www.organscore.com\/fr\/wp-json\/wp\/v2\/product_cat?post=1769"},{"taxonomy":"product_tag","embeddable":true,"href":"https:\/\/www.organscore.com\/fr\/wp-json\/wp\/v2\/product_tag?post=1769"}],"curies":[{"name":"wp","href":"https:\/\/api.w.org\/{rel}","templated":true}]}}