{"id":1760,"date":"2018-05-31T23:08:37","date_gmt":"2018-05-31T21:08:37","guid":{"rendered":"https:\/\/www.organscore.com\/product\/18-pieces-symphoniques\/"},"modified":"2018-10-19T12:33:20","modified_gmt":"2018-10-19T10:33:20","slug":"18-pieces-brillantes-orgue-symphonique","status":"publish","type":"product","link":"https:\/\/www.organscore.com\/fr\/produit\/18-pieces-brillantes-orgue-symphonique\/","title":{"rendered":"18 Pi\u00e8ces Brillantes de l&rsquo;Orgue Symphonique"},"content":{"rendered":"<p style=\"text-align: justify;\">Le r\u00e9pertoire de l&rsquo;orgue symphonique est riche en pi\u00e8ces brillantes dont l&rsquo;intention est de faire sonner l&rsquo;instrument dans toute sa splendeur. Ce volume offre une vari\u00e9t\u00e9 d&rsquo;\u0153uvres festives adapt\u00e9es au concert et \u00e0 l&rsquo;office religieux (typiquement la sortie d&rsquo;une messe ou d&rsquo;une c\u00e9r\u00e9monie de mariage). Le contenu se concentre plus particuli\u00e8rement sur des pi\u00e8ces c\u00e9l\u00e8bres de compositeurs fran\u00e7ais et belges. L&rsquo;\u00e9limination des tournes est particuli\u00e8rement la bienvenue dans les toccatas \u00abhaletantes\u00bb dans lesquelles les mains peuvent difficilement quitter les claviers, alors que l&rsquo;ex\u00e9cutant doit rester concentr\u00e9 sur le flux musical, le tempo et les changements de registration.<\/p>\n<p style=\"text-align: justify;\"><strong>Contenu :<\/strong><\/p>\n<p style=\"text-align: justify;\">A.P.F. Boely \u2013 Fantaisie et fugue en Si b majeur [3 pages]<br \/>\nA.P.F. Boely \u2013 Allegro en fa mineur [2 pages]<br \/>\nJ.N. Lemmens \u2013 Fanfare en r\u00e9 majeur [2 pages]<br \/>\nJ.N. Lemmens \u2013 Finale en r\u00e9 majeur [4 pages]<br \/>\nTh. Dubois \u2013 Toccata en sol majeur [4 pages]<br \/>\nE. Gigout \u2013 Grand Choeur dialogu\u00e9 en sol majeur [4 pages]<br \/>\nE. Gigout \u2013 Scherzo en mi majeur [3 pages]<br \/>\nE. Gigout \u2013 Toccata en si mineur [2 pages]<br \/>\nA. Guilmant \u2013 Finale en r\u00e9 mineur [6 pages]<br \/>\nA. Renaud \u2013 Toccata en r\u00e9 mineur [4 pages]<br \/>\nA. Renaud \u2013 Toccata en r\u00e9 majeur [2 pages]<br \/>\nJ. Grison \u2013 Toccata en fa majeur [8 pages]<br \/>\nJ. Callaerts \u2013 Toccata en mi mineur [4 pages]<br \/>\nA. Mailly \u2013 Toccata en r\u00e9 mineur [5 pages]<br \/>\nL. Bo\u00ebllmann \u2013 Final en ut majeur [5 pages]<br \/>\nL. Bo\u00ebllmann \u2013 Toccata (gothique) en ut mineur [4 pages]<br \/>\nP. Fletcher \u2013 Festival Toccata, en ut majeur [6 pages]<br \/>\nR. Renzi \u2013 Toccata en mi majeur [6 pages]<\/p>\n<p style=\"text-align: justify;\">(3 or 4 pages = 1 tourne de page, 5 or 6 pages = 2 tournes)<\/p>\n","protected":false},"excerpt":{"rendered":"<p>18 Pi\u00e8ces Brillantes de l&rsquo;Orgue Romantique et Symphonique,<br \/>\n<strong>Sans Probl\u00e8me de Tourne de Page<br \/>\n<\/strong><em>(contenu jouable sans assistant tourneur de pages)<\/em><\/p>\n<p>OSC 015 \u2014 ISMN :\u00a0979-0-707109-15-1<br \/>\n37.5cm x 29.7cm (+spirale)<br \/>\n80 pages \u2014 120g\/m\u00b2<\/p>\n","protected":false},"featured_media":2210,"template":"","meta":{"_monsterinsights_skip_tracking":false,"_monsterinsights_sitenote_active":false,"_monsterinsights_sitenote_note":"","_monsterinsights_sitenote_category":0,"site-sidebar-layout":"default","site-content-layout":"default","ast-site-content-layout":"default","site-content-style":"default","site-sidebar-style":"default","ast-global-header-display":"","ast-banner-title-visibility":"","ast-main-header-display":"","ast-hfb-above-header-display":"","ast-hfb-below-header-display":"","ast-hfb-mobile-header-display":"","site-post-title":"","ast-breadcrumbs-content":"","ast-featured-img":"","footer-sml-layout":"","ast-disable-related-posts":"","theme-transparent-header-meta":"default","adv-header-id-meta":"","stick-header-meta":"default","header-above-stick-meta":"","header-main-stick-meta":"","header-below-stick-meta":"","astra-migrate-meta-layouts":"default","ast-page-background-enabled":"default","ast-page-background-meta":{"desktop":{"background-color":"","background-image":"","background-repeat":"repeat","background-position":"center center","background-size":"auto","background-attachment":"scroll","background-type":"","background-media":"","overlay-type":"","overlay-color":"","overlay-opacity":"","overlay-gradient":""},"tablet":{"background-color":"","background-image":"","background-repeat":"repeat","background-position":"center center","background-size":"auto","background-attachment":"scroll","background-type":"","background-media":"","overlay-type":"","overlay-color":"","overlay-opacity":"","overlay-gradient":""},"mobile":{"background-color":"","background-image":"","background-repeat":"repeat","background-position":"center center","background-size":"auto","background-attachment":"scroll","background-type":"","background-media":"","overlay-type":"","overlay-color":"","overlay-opacity":"","overlay-gradient":""}},"ast-content-background-meta":{"desktop":{"background-color":"var(--ast-global-color-5)","background-image":"","background-repeat":"repeat","background-position":"center center","background-size":"auto","background-attachment":"scroll","background-type":"","background-media":"","overlay-type":"","overlay-color":"","overlay-opacity":"","overlay-gradient":""},"tablet":{"background-color":"var(--ast-global-color-5)","background-image":"","background-repeat":"repeat","background-position":"center center","background-size":"auto","background-attachment":"scroll","background-type":"","background-media":"","overlay-type":"","overlay-color":"","overlay-opacity":"","overlay-gradient":""},"mobile":{"background-color":"var(--ast-global-color-5)","background-image":"","background-repeat":"repeat","background-position":"center center","background-size":"auto","background-attachment":"scroll","background-type":"","background-media":"","overlay-type":"","overlay-color":"","overlay-opacity":"","overlay-gradient":""}}},"product_brand":[],"product_cat":[51],"product_tag":[],"class_list":{"0":"post-1760","1":"product","2":"type-product","3":"status-publish","4":"has-post-thumbnail","6":"product_cat-partition-papier","7":"desktop-align-left","8":"tablet-align-left","9":"mobile-align-left","10":"ast-product-gallery-layout-horizontal-slider","11":"ast-product-tabs-layout-horizontal","13":"first","14":"instock","15":"shipping-taxable","16":"purchasable","17":"product-type-simple"},"yoast_head":"<!-- This site is optimized with the Yoast SEO plugin v27.4 - https:\/\/yoast.com\/product\/yoast-seo-wordpress\/ -->\n<title>18 pi\u00e8ces du r\u00e9pertoire de l&#039;orgue symphonique<\/title>\n<meta name=\"description\" content=\"18 grandes \u0153uvres pour orgue symphonique en un volume, les probl\u00e8mes de tourne de page \u00e9tant \u00e9limin\u00e9s, incluant Boely, Gigout, Dubois, Guilmant, Boellmann, etc.\" \/>\n<meta name=\"robots\" content=\"index, follow, max-snippet:-1, max-image-preview:large, max-video-preview:-1\" \/>\n<link rel=\"canonical\" href=\"https:\/\/www.organscore.com\/produit\/18-symphonic-pieces\/\" \/>\n<meta property=\"og:locale\" content=\"fr_FR\" \/>\n<meta property=\"og:type\" content=\"article\" \/>\n<meta property=\"og:title\" content=\"18 pi\u00e8ces du r\u00e9pertoire de l&#039;orgue symphonique\" \/>\n<meta property=\"og:description\" content=\"18 grandes \u0153uvres pour orgue symphonique en un volume, les probl\u00e8mes de tourne de page \u00e9tant \u00e9limin\u00e9s, incluant Boely, Gigout, Dubois, Guilmant, Boellmann, etc.\" \/>\n<meta property=\"og:url\" content=\"https:\/\/www.organscore.com\/produit\/18-symphonic-pieces\/\" \/>\n<meta property=\"og:site_name\" content=\"OrganScore\" \/>\n<meta property=\"article:modified_time\" content=\"2018-10-19T10:33:20+00:00\" \/>\n<meta property=\"og:image\" content=\"https:\/\/www.organscore.com\/wp-content\/uploads\/2018\/05\/organscore-18-brilliant-romantic-symphonic-organ-works.jpg\" \/>\n\t<meta property=\"og:image:width\" content=\"1100\" \/>\n\t<meta property=\"og:image:height\" content=\"872\" \/>\n\t<meta property=\"og:image:type\" content=\"image\/jpeg\" \/>\n<meta name=\"twitter:card\" content=\"summary_large_image\" \/>\n<meta name=\"twitter:label1\" content=\"Dur\u00e9e de lecture estim\u00e9e\" \/>\n\t<meta name=\"twitter:data1\" content=\"1 minute\" \/>\n<script type=\"application\/ld+json\" class=\"yoast-schema-graph\">{\"@context\":\"https:\\\/\\\/schema.org\",\"@graph\":[{\"@type\":\"WebPage\",\"@id\":\"https:\\\/\\\/www.organscore.com\\\/produit\\\/18-symphonic-pieces\\\/\",\"url\":\"https:\\\/\\\/www.organscore.com\\\/produit\\\/18-symphonic-pieces\\\/\",\"name\":\"18 pi\u00e8ces du r\u00e9pertoire de l'orgue symphonique\",\"isPartOf\":{\"@id\":\"https:\\\/\\\/www.organscore.com\\\/#website\"},\"primaryImageOfPage\":{\"@id\":\"https:\\\/\\\/www.organscore.com\\\/produit\\\/18-symphonic-pieces\\\/#primaryimage\"},\"image\":{\"@id\":\"https:\\\/\\\/www.organscore.com\\\/produit\\\/18-symphonic-pieces\\\/#primaryimage\"},\"thumbnailUrl\":\"https:\\\/\\\/www.organscore.com\\\/wp-content\\\/uploads\\\/2018\\\/05\\\/organscore-18-brilliant-romantic-symphonic-organ-works.jpg\",\"datePublished\":\"2018-05-31T21:08:37+00:00\",\"dateModified\":\"2018-10-19T10:33:20+00:00\",\"description\":\"18 grandes \u0153uvres pour orgue symphonique en un volume, les probl\u00e8mes de tourne de page \u00e9tant \u00e9limin\u00e9s, incluant Boely, Gigout, Dubois, Guilmant, Boellmann, etc.\",\"breadcrumb\":{\"@id\":\"https:\\\/\\\/www.organscore.com\\\/produit\\\/18-symphonic-pieces\\\/#breadcrumb\"},\"inLanguage\":\"fr-FR\",\"potentialAction\":[{\"@type\":\"ReadAction\",\"target\":[\"https:\\\/\\\/www.organscore.com\\\/produit\\\/18-symphonic-pieces\\\/\"]}]},{\"@type\":\"ImageObject\",\"inLanguage\":\"fr-FR\",\"@id\":\"https:\\\/\\\/www.organscore.com\\\/produit\\\/18-symphonic-pieces\\\/#primaryimage\",\"url\":\"https:\\\/\\\/www.organscore.com\\\/wp-content\\\/uploads\\\/2018\\\/05\\\/organscore-18-brilliant-romantic-symphonic-organ-works.jpg\",\"contentUrl\":\"https:\\\/\\\/www.organscore.com\\\/wp-content\\\/uploads\\\/2018\\\/05\\\/organscore-18-brilliant-romantic-symphonic-organ-works.jpg\",\"width\":1100,\"height\":872,\"caption\":\"Orgue Symphonique - 18 Pi\u00e8ce Billantes\"},{\"@type\":\"BreadcrumbList\",\"@id\":\"https:\\\/\\\/www.organscore.com\\\/produit\\\/18-symphonic-pieces\\\/#breadcrumb\",\"itemListElement\":[{\"@type\":\"ListItem\",\"position\":1,\"name\":\"Home\",\"item\":\"https:\\\/\\\/www.organscore.com\\\/fr\\\/\"},{\"@type\":\"ListItem\",\"position\":2,\"name\":\"Acheter\",\"item\":\"https:\\\/\\\/www.organscore.com\\\/fr\\\/boutique\\\/\"},{\"@type\":\"ListItem\",\"position\":3,\"name\":\"18 Pi\u00e8ces Brillantes de l&#8217;Orgue Symphonique\"}]},{\"@type\":\"WebSite\",\"@id\":\"https:\\\/\\\/www.organscore.com\\\/#website\",\"url\":\"https:\\\/\\\/www.organscore.com\\\/\",\"name\":\"OrganScore\",\"description\":\"The Practical Score for Organists\",\"publisher\":{\"@id\":\"https:\\\/\\\/www.organscore.com\\\/#organization\"},\"potentialAction\":[{\"@type\":\"SearchAction\",\"target\":{\"@type\":\"EntryPoint\",\"urlTemplate\":\"https:\\\/\\\/www.organscore.com\\\/?s={search_term_string}\"},\"query-input\":{\"@type\":\"PropertyValueSpecification\",\"valueRequired\":true,\"valueName\":\"search_term_string\"}}],\"inLanguage\":\"fr-FR\"},{\"@type\":\"Organization\",\"@id\":\"https:\\\/\\\/www.organscore.com\\\/#organization\",\"name\":\"OrganScore\",\"url\":\"https:\\\/\\\/www.organscore.com\\\/\",\"logo\":{\"@type\":\"ImageObject\",\"inLanguage\":\"fr-FR\",\"@id\":\"https:\\\/\\\/www.organscore.com\\\/#\\\/schema\\\/logo\\\/image\\\/\",\"url\":\"https:\\\/\\\/www.organscore.com\\\/wp-content\\\/uploads\\\/2018\\\/09\\\/organscore-logo-0153bf-h142px-shaded.png\",\"contentUrl\":\"https:\\\/\\\/www.organscore.com\\\/wp-content\\\/uploads\\\/2018\\\/09\\\/organscore-logo-0153bf-h142px-shaded.png\",\"width\":434,\"height\":142,\"caption\":\"OrganScore\"},\"image\":{\"@id\":\"https:\\\/\\\/www.organscore.com\\\/#\\\/schema\\\/logo\\\/image\\\/\"},\"sameAs\":[\"https:\\\/\\\/www.youtube.com\\\/user\\\/organopleno2000\"]}]}<\/script>\n<!-- \/ Yoast SEO plugin. -->","yoast_head_json":{"title":"18 pi\u00e8ces du r\u00e9pertoire de l'orgue symphonique","description":"18 grandes \u0153uvres pour orgue symphonique en un volume, les probl\u00e8mes de tourne de page \u00e9tant \u00e9limin\u00e9s, incluant Boely, Gigout, Dubois, Guilmant, Boellmann, etc.","robots":{"index":"index","follow":"follow","max-snippet":"max-snippet:-1","max-image-preview":"max-image-preview:large","max-video-preview":"max-video-preview:-1"},"canonical":"https:\/\/www.organscore.com\/produit\/18-symphonic-pieces\/","og_locale":"fr_FR","og_type":"article","og_title":"18 pi\u00e8ces du r\u00e9pertoire de l'orgue symphonique","og_description":"18 grandes \u0153uvres pour orgue symphonique en un volume, les probl\u00e8mes de tourne de page \u00e9tant \u00e9limin\u00e9s, incluant Boely, Gigout, Dubois, Guilmant, Boellmann, etc.","og_url":"https:\/\/www.organscore.com\/produit\/18-symphonic-pieces\/","og_site_name":"OrganScore","article_modified_time":"2018-10-19T10:33:20+00:00","og_image":[{"width":1100,"height":872,"url":"https:\/\/www.organscore.com\/wp-content\/uploads\/2018\/05\/organscore-18-brilliant-romantic-symphonic-organ-works.jpg","type":"image\/jpeg"}],"twitter_card":"summary_large_image","twitter_misc":{"Dur\u00e9e de lecture estim\u00e9e":"1 minute"},"schema":{"@context":"https:\/\/schema.org","@graph":[{"@type":"WebPage","@id":"https:\/\/www.organscore.com\/produit\/18-symphonic-pieces\/","url":"https:\/\/www.organscore.com\/produit\/18-symphonic-pieces\/","name":"18 pi\u00e8ces du r\u00e9pertoire de l'orgue symphonique","isPartOf":{"@id":"https:\/\/www.organscore.com\/#website"},"primaryImageOfPage":{"@id":"https:\/\/www.organscore.com\/produit\/18-symphonic-pieces\/#primaryimage"},"image":{"@id":"https:\/\/www.organscore.com\/produit\/18-symphonic-pieces\/#primaryimage"},"thumbnailUrl":"https:\/\/www.organscore.com\/wp-content\/uploads\/2018\/05\/organscore-18-brilliant-romantic-symphonic-organ-works.jpg","datePublished":"2018-05-31T21:08:37+00:00","dateModified":"2018-10-19T10:33:20+00:00","description":"18 grandes \u0153uvres pour orgue symphonique en un volume, les probl\u00e8mes de tourne de page \u00e9tant \u00e9limin\u00e9s, incluant Boely, Gigout, Dubois, Guilmant, Boellmann, etc.","breadcrumb":{"@id":"https:\/\/www.organscore.com\/produit\/18-symphonic-pieces\/#breadcrumb"},"inLanguage":"fr-FR","potentialAction":[{"@type":"ReadAction","target":["https:\/\/www.organscore.com\/produit\/18-symphonic-pieces\/"]}]},{"@type":"ImageObject","inLanguage":"fr-FR","@id":"https:\/\/www.organscore.com\/produit\/18-symphonic-pieces\/#primaryimage","url":"https:\/\/www.organscore.com\/wp-content\/uploads\/2018\/05\/organscore-18-brilliant-romantic-symphonic-organ-works.jpg","contentUrl":"https:\/\/www.organscore.com\/wp-content\/uploads\/2018\/05\/organscore-18-brilliant-romantic-symphonic-organ-works.jpg","width":1100,"height":872,"caption":"Orgue Symphonique - 18 Pi\u00e8ce Billantes"},{"@type":"BreadcrumbList","@id":"https:\/\/www.organscore.com\/produit\/18-symphonic-pieces\/#breadcrumb","itemListElement":[{"@type":"ListItem","position":1,"name":"Home","item":"https:\/\/www.organscore.com\/fr\/"},{"@type":"ListItem","position":2,"name":"Acheter","item":"https:\/\/www.organscore.com\/fr\/boutique\/"},{"@type":"ListItem","position":3,"name":"18 Pi\u00e8ces Brillantes de l&#8217;Orgue Symphonique"}]},{"@type":"WebSite","@id":"https:\/\/www.organscore.com\/#website","url":"https:\/\/www.organscore.com\/","name":"OrganScore","description":"The Practical Score for Organists","publisher":{"@id":"https:\/\/www.organscore.com\/#organization"},"potentialAction":[{"@type":"SearchAction","target":{"@type":"EntryPoint","urlTemplate":"https:\/\/www.organscore.com\/?s={search_term_string}"},"query-input":{"@type":"PropertyValueSpecification","valueRequired":true,"valueName":"search_term_string"}}],"inLanguage":"fr-FR"},{"@type":"Organization","@id":"https:\/\/www.organscore.com\/#organization","name":"OrganScore","url":"https:\/\/www.organscore.com\/","logo":{"@type":"ImageObject","inLanguage":"fr-FR","@id":"https:\/\/www.organscore.com\/#\/schema\/logo\/image\/","url":"https:\/\/www.organscore.com\/wp-content\/uploads\/2018\/09\/organscore-logo-0153bf-h142px-shaded.png","contentUrl":"https:\/\/www.organscore.com\/wp-content\/uploads\/2018\/09\/organscore-logo-0153bf-h142px-shaded.png","width":434,"height":142,"caption":"OrganScore"},"image":{"@id":"https:\/\/www.organscore.com\/#\/schema\/logo\/image\/"},"sameAs":["https:\/\/www.youtube.com\/user\/organopleno2000"]}]}},"_links":{"self":[{"href":"https:\/\/www.organscore.com\/fr\/wp-json\/wp\/v2\/product\/1760","targetHints":{"allow":["GET"]}}],"collection":[{"href":"https:\/\/www.organscore.com\/fr\/wp-json\/wp\/v2\/product"}],"about":[{"href":"https:\/\/www.organscore.com\/fr\/wp-json\/wp\/v2\/types\/product"}],"wp:featuredmedia":[{"embeddable":true,"href":"https:\/\/www.organscore.com\/fr\/wp-json\/wp\/v2\/media\/2210"}],"wp:attachment":[{"href":"https:\/\/www.organscore.com\/fr\/wp-json\/wp\/v2\/media?parent=1760"}],"wp:term":[{"taxonomy":"product_brand","embeddable":true,"href":"https:\/\/www.organscore.com\/fr\/wp-json\/wp\/v2\/product_brand?post=1760"},{"taxonomy":"product_cat","embeddable":true,"href":"https:\/\/www.organscore.com\/fr\/wp-json\/wp\/v2\/product_cat?post=1760"},{"taxonomy":"product_tag","embeddable":true,"href":"https:\/\/www.organscore.com\/fr\/wp-json\/wp\/v2\/product_tag?post=1760"}],"curies":[{"name":"wp","href":"https:\/\/api.w.org\/{rel}","templated":true}]}}