{"id":1750,"date":"2018-06-01T00:08:48","date_gmt":"2018-05-31T22:08:48","guid":{"rendered":"https:\/\/www.organscore.com\/product\/f-mendelssohn-oeuvres-orgue\/"},"modified":"2022-06-24T13:18:54","modified_gmt":"2022-06-24T11:18:54","slug":"f-mendelssohn-oeuvres-orgue-volume-i","status":"publish","type":"product","link":"https:\/\/www.organscore.com\/fr\/produit\/f-mendelssohn-oeuvres-orgue-volume-i\/","title":{"rendered":"F. Mendelssohn\u00a0(Volume I) : Pr\u00e9ludes &#038; Fugues, Sonates"},"content":{"rendered":"<p style=\"text-align: justify;\">Les Pr\u00e9ludes &amp; Fugues et Sonates sont les plus c\u00e9l\u00e8bres des <a href=\"https:\/\/www.organscore.com\/fr\/felix-mendelssohn-oeuvres-pour-orgue\/\"><strong>\u0153uvres pour orgue de Mendelssohn<\/strong><\/a>. De m\u00eame que Buxtehude fait figure de pr\u00e9curseur de J.S. Bach dans l&rsquo;histoire de l&rsquo;orgue, Mendelssohn peut \u00eatre vu comme l&rsquo;un de ses brillants successeurs de l&rsquo;\u00e8re romantique. Mendelssohn est c\u00e9l\u00e8bre comme compositeur et un pianiste, mais il \u00e9tait \u00e9galement un organiste accompli et virtuose de cet instrument. Dans l&rsquo;\u00e9dition OrganScore des Pr\u00e9ludes &amp; Fugues et des Sonates, les probl\u00e8mes de tourne de page sont totalement \u00e9limin\u00e9s.<\/p>\n<p style=\"text-align: justify;\"><strong>Contenu :<\/strong><\/p>\n<p style=\"text-align: justify;\">Pr\u00e9lude &amp; Fugue no 1 en ut mineur [2 pages + 2 pages]<br \/>\nPr\u00e9lude &amp; Fugue no 2 en sol majeur [2 pages + 2 pages]<br \/>\nPr\u00e9lude &amp; Fugue no 3 en r\u00e9 mineur [4 pages + 2 pages]<br \/>\nSonate no 1 en fa mineur [3 pages + 1 page + 6 pages]<br \/>\nSonate no 2 en ut mineur [2 pages + 1 page + 2 pages]<br \/>\nSonate no 3 en la majeur [5 pages + 1 page]<br \/>\nSonate no 4 en si b\u00e9mol majeur [3 pages + 1 page + 2 pages + 2 pages]<br \/>\nSonate no 5 en r\u00e9 majeur [0.5 page + 1.5 page + 4 pages]<br \/>\nSonate no 6 in r\u00e9 mineur [6 pages + 1 page + 1 page]<\/p>\n<p style=\"text-align: justify;\">(3 or 4 pages = 1 tourne de page, 5 or 6 pages = 2 tournes)<\/p>\n","protected":false},"excerpt":{"rendered":"<p>Felix Mendelssohn (Volume I) :<br \/>\n3 Pr\u00e9ludes &amp; Fugues Op. 37, 6 Sonates Op. 65,<br \/>\n<strong>Sans Probl\u00e8me de Tourne de Page<br \/>\n<\/strong><em>(enti\u00e8rement jouable sans tourneur de page)<\/em><\/p>\n<p>OSC 017 \u2014 ISMN :\u00a0979-0-707109-17-5<br \/>\n37.5cm x 29.7cm (+spirale)<br \/>\n62 pages \u2014 120g\/m\u00b2<\/p>\n","protected":false},"featured_media":2199,"template":"","meta":{"_monsterinsights_skip_tracking":false,"_monsterinsights_sitenote_active":false,"_monsterinsights_sitenote_note":"","_monsterinsights_sitenote_category":0,"site-sidebar-layout":"default","site-content-layout":"default","ast-site-content-layout":"default","site-content-style":"default","site-sidebar-style":"default","ast-global-header-display":"","ast-banner-title-visibility":"","ast-main-header-display":"","ast-hfb-above-header-display":"","ast-hfb-below-header-display":"","ast-hfb-mobile-header-display":"","site-post-title":"","ast-breadcrumbs-content":"","ast-featured-img":"","footer-sml-layout":"","ast-disable-related-posts":"","theme-transparent-header-meta":"default","adv-header-id-meta":"","stick-header-meta":"default","header-above-stick-meta":"","header-main-stick-meta":"","header-below-stick-meta":"","astra-migrate-meta-layouts":"default","ast-page-background-enabled":"default","ast-page-background-meta":{"desktop":{"background-color":"","background-image":"","background-repeat":"repeat","background-position":"center center","background-size":"auto","background-attachment":"scroll","background-type":"","background-media":"","overlay-type":"","overlay-color":"","overlay-opacity":"","overlay-gradient":""},"tablet":{"background-color":"","background-image":"","background-repeat":"repeat","background-position":"center center","background-size":"auto","background-attachment":"scroll","background-type":"","background-media":"","overlay-type":"","overlay-color":"","overlay-opacity":"","overlay-gradient":""},"mobile":{"background-color":"","background-image":"","background-repeat":"repeat","background-position":"center center","background-size":"auto","background-attachment":"scroll","background-type":"","background-media":"","overlay-type":"","overlay-color":"","overlay-opacity":"","overlay-gradient":""}},"ast-content-background-meta":{"desktop":{"background-color":"var(--ast-global-color-5)","background-image":"","background-repeat":"repeat","background-position":"center center","background-size":"auto","background-attachment":"scroll","background-type":"","background-media":"","overlay-type":"","overlay-color":"","overlay-opacity":"","overlay-gradient":""},"tablet":{"background-color":"var(--ast-global-color-5)","background-image":"","background-repeat":"repeat","background-position":"center center","background-size":"auto","background-attachment":"scroll","background-type":"","background-media":"","overlay-type":"","overlay-color":"","overlay-opacity":"","overlay-gradient":""},"mobile":{"background-color":"var(--ast-global-color-5)","background-image":"","background-repeat":"repeat","background-position":"center center","background-size":"auto","background-attachment":"scroll","background-type":"","background-media":"","overlay-type":"","overlay-color":"","overlay-opacity":"","overlay-gradient":""}}},"product_brand":[],"product_cat":[51],"product_tag":[],"class_list":{"0":"post-1750","1":"product","2":"type-product","3":"status-publish","4":"has-post-thumbnail","6":"product_cat-partition-papier","7":"desktop-align-left","8":"tablet-align-left","9":"mobile-align-left","10":"ast-product-gallery-layout-horizontal-slider","11":"ast-product-tabs-layout-horizontal","13":"first","14":"instock","15":"shipping-taxable","16":"purchasable","17":"product-type-simple"},"yoast_head":"<!-- This site is optimized with the Yoast SEO plugin v27.4 - https:\/\/yoast.com\/product\/yoast-seo-wordpress\/ -->\n<title>Mendelssohn - \u0152uvre pour orgue avec tournes faciles ! - OrganScore<\/title>\n<meta name=\"description\" content=\"Mendelssohn - Edition des \u0153uvres d&#039;orgue avec tournes faciles (Pr\u00e9ludes &amp; fugues, Sonates) - OSC 017 - ISMN 979-070710917-5\" \/>\n<meta name=\"robots\" content=\"index, follow, max-snippet:-1, max-image-preview:large, max-video-preview:-1\" \/>\n<link rel=\"canonical\" href=\"https:\/\/www.organscore.com\/produit\/f-mendelssohn-organ-works-volume-i\/\" \/>\n<meta property=\"og:locale\" content=\"fr_FR\" \/>\n<meta property=\"og:type\" content=\"article\" \/>\n<meta property=\"og:title\" content=\"Mendelssohn - \u0152uvre pour orgue avec tournes faciles ! - OrganScore\" \/>\n<meta property=\"og:description\" content=\"Mendelssohn - Edition des \u0153uvres d&#039;orgue avec tournes faciles (Pr\u00e9ludes &amp; fugues, Sonates) - OSC 017 - ISMN 979-070710917-5\" \/>\n<meta property=\"og:url\" content=\"https:\/\/www.organscore.com\/produit\/f-mendelssohn-organ-works-volume-i\/\" \/>\n<meta property=\"og:site_name\" content=\"OrganScore\" \/>\n<meta property=\"article:modified_time\" content=\"2022-06-24T11:18:54+00:00\" \/>\n<meta property=\"og:image\" content=\"https:\/\/www.organscore.com\/wp-content\/uploads\/2018\/06\/organscore-mendelssohn-organ-preludes-fugues-sonatas.jpg\" \/>\n\t<meta property=\"og:image:width\" content=\"1100\" \/>\n\t<meta property=\"og:image:height\" content=\"872\" \/>\n\t<meta property=\"og:image:type\" content=\"image\/jpeg\" \/>\n<meta name=\"twitter:card\" content=\"summary_large_image\" \/>\n<meta name=\"twitter:label1\" content=\"Dur\u00e9e de lecture estim\u00e9e\" \/>\n\t<meta name=\"twitter:data1\" content=\"1 minute\" \/>\n<script type=\"application\/ld+json\" class=\"yoast-schema-graph\">{\"@context\":\"https:\\\/\\\/schema.org\",\"@graph\":[{\"@type\":\"WebPage\",\"@id\":\"https:\\\/\\\/www.organscore.com\\\/produit\\\/f-mendelssohn-organ-works-volume-i\\\/\",\"url\":\"https:\\\/\\\/www.organscore.com\\\/produit\\\/f-mendelssohn-organ-works-volume-i\\\/\",\"name\":\"Mendelssohn - \u0152uvre pour orgue avec tournes faciles ! - OrganScore\",\"isPartOf\":{\"@id\":\"https:\\\/\\\/www.organscore.com\\\/#website\"},\"primaryImageOfPage\":{\"@id\":\"https:\\\/\\\/www.organscore.com\\\/produit\\\/f-mendelssohn-organ-works-volume-i\\\/#primaryimage\"},\"image\":{\"@id\":\"https:\\\/\\\/www.organscore.com\\\/produit\\\/f-mendelssohn-organ-works-volume-i\\\/#primaryimage\"},\"thumbnailUrl\":\"https:\\\/\\\/www.organscore.com\\\/wp-content\\\/uploads\\\/2018\\\/06\\\/organscore-mendelssohn-organ-preludes-fugues-sonatas.jpg\",\"datePublished\":\"2018-05-31T22:08:48+00:00\",\"dateModified\":\"2022-06-24T11:18:54+00:00\",\"description\":\"Mendelssohn - Edition des \u0153uvres d'orgue avec tournes faciles (Pr\u00e9ludes & fugues, Sonates) - OSC 017 - ISMN 979-070710917-5\",\"breadcrumb\":{\"@id\":\"https:\\\/\\\/www.organscore.com\\\/produit\\\/f-mendelssohn-organ-works-volume-i\\\/#breadcrumb\"},\"inLanguage\":\"fr-FR\",\"potentialAction\":[{\"@type\":\"ReadAction\",\"target\":[\"https:\\\/\\\/www.organscore.com\\\/produit\\\/f-mendelssohn-organ-works-volume-i\\\/\"]}]},{\"@type\":\"ImageObject\",\"inLanguage\":\"fr-FR\",\"@id\":\"https:\\\/\\\/www.organscore.com\\\/produit\\\/f-mendelssohn-organ-works-volume-i\\\/#primaryimage\",\"url\":\"https:\\\/\\\/www.organscore.com\\\/wp-content\\\/uploads\\\/2018\\\/06\\\/organscore-mendelssohn-organ-preludes-fugues-sonatas.jpg\",\"contentUrl\":\"https:\\\/\\\/www.organscore.com\\\/wp-content\\\/uploads\\\/2018\\\/06\\\/organscore-mendelssohn-organ-preludes-fugues-sonatas.jpg\",\"width\":1100,\"height\":872,\"caption\":\"Mendelssohn oeuvres pour orgue (Vol. I) : Pr\u00e9ludes et fugues, Sonates\"},{\"@type\":\"BreadcrumbList\",\"@id\":\"https:\\\/\\\/www.organscore.com\\\/produit\\\/f-mendelssohn-organ-works-volume-i\\\/#breadcrumb\",\"itemListElement\":[{\"@type\":\"ListItem\",\"position\":1,\"name\":\"Home\",\"item\":\"https:\\\/\\\/www.organscore.com\\\/fr\\\/\"},{\"@type\":\"ListItem\",\"position\":2,\"name\":\"Acheter\",\"item\":\"https:\\\/\\\/www.organscore.com\\\/fr\\\/boutique\\\/\"},{\"@type\":\"ListItem\",\"position\":3,\"name\":\"F. Mendelssohn\u00a0(Volume I) : Pr\u00e9ludes &#038; Fugues, Sonates\"}]},{\"@type\":\"WebSite\",\"@id\":\"https:\\\/\\\/www.organscore.com\\\/#website\",\"url\":\"https:\\\/\\\/www.organscore.com\\\/\",\"name\":\"OrganScore\",\"description\":\"The Practical Score for Organists\",\"publisher\":{\"@id\":\"https:\\\/\\\/www.organscore.com\\\/#organization\"},\"potentialAction\":[{\"@type\":\"SearchAction\",\"target\":{\"@type\":\"EntryPoint\",\"urlTemplate\":\"https:\\\/\\\/www.organscore.com\\\/?s={search_term_string}\"},\"query-input\":{\"@type\":\"PropertyValueSpecification\",\"valueRequired\":true,\"valueName\":\"search_term_string\"}}],\"inLanguage\":\"fr-FR\"},{\"@type\":\"Organization\",\"@id\":\"https:\\\/\\\/www.organscore.com\\\/#organization\",\"name\":\"OrganScore\",\"url\":\"https:\\\/\\\/www.organscore.com\\\/\",\"logo\":{\"@type\":\"ImageObject\",\"inLanguage\":\"fr-FR\",\"@id\":\"https:\\\/\\\/www.organscore.com\\\/#\\\/schema\\\/logo\\\/image\\\/\",\"url\":\"https:\\\/\\\/www.organscore.com\\\/wp-content\\\/uploads\\\/2018\\\/09\\\/organscore-logo-0153bf-h142px-shaded.png\",\"contentUrl\":\"https:\\\/\\\/www.organscore.com\\\/wp-content\\\/uploads\\\/2018\\\/09\\\/organscore-logo-0153bf-h142px-shaded.png\",\"width\":434,\"height\":142,\"caption\":\"OrganScore\"},\"image\":{\"@id\":\"https:\\\/\\\/www.organscore.com\\\/#\\\/schema\\\/logo\\\/image\\\/\"},\"sameAs\":[\"https:\\\/\\\/www.youtube.com\\\/user\\\/organopleno2000\"]}]}<\/script>\n<!-- \/ Yoast SEO plugin. -->","yoast_head_json":{"title":"Mendelssohn - \u0152uvre pour orgue avec tournes faciles ! - OrganScore","description":"Mendelssohn - Edition des \u0153uvres d'orgue avec tournes faciles (Pr\u00e9ludes & fugues, Sonates) - OSC 017 - ISMN 979-070710917-5","robots":{"index":"index","follow":"follow","max-snippet":"max-snippet:-1","max-image-preview":"max-image-preview:large","max-video-preview":"max-video-preview:-1"},"canonical":"https:\/\/www.organscore.com\/produit\/f-mendelssohn-organ-works-volume-i\/","og_locale":"fr_FR","og_type":"article","og_title":"Mendelssohn - \u0152uvre pour orgue avec tournes faciles ! - OrganScore","og_description":"Mendelssohn - Edition des \u0153uvres d'orgue avec tournes faciles (Pr\u00e9ludes & fugues, Sonates) - OSC 017 - ISMN 979-070710917-5","og_url":"https:\/\/www.organscore.com\/produit\/f-mendelssohn-organ-works-volume-i\/","og_site_name":"OrganScore","article_modified_time":"2022-06-24T11:18:54+00:00","og_image":[{"width":1100,"height":872,"url":"https:\/\/www.organscore.com\/wp-content\/uploads\/2018\/06\/organscore-mendelssohn-organ-preludes-fugues-sonatas.jpg","type":"image\/jpeg"}],"twitter_card":"summary_large_image","twitter_misc":{"Dur\u00e9e de lecture estim\u00e9e":"1 minute"},"schema":{"@context":"https:\/\/schema.org","@graph":[{"@type":"WebPage","@id":"https:\/\/www.organscore.com\/produit\/f-mendelssohn-organ-works-volume-i\/","url":"https:\/\/www.organscore.com\/produit\/f-mendelssohn-organ-works-volume-i\/","name":"Mendelssohn - \u0152uvre pour orgue avec tournes faciles ! - OrganScore","isPartOf":{"@id":"https:\/\/www.organscore.com\/#website"},"primaryImageOfPage":{"@id":"https:\/\/www.organscore.com\/produit\/f-mendelssohn-organ-works-volume-i\/#primaryimage"},"image":{"@id":"https:\/\/www.organscore.com\/produit\/f-mendelssohn-organ-works-volume-i\/#primaryimage"},"thumbnailUrl":"https:\/\/www.organscore.com\/wp-content\/uploads\/2018\/06\/organscore-mendelssohn-organ-preludes-fugues-sonatas.jpg","datePublished":"2018-05-31T22:08:48+00:00","dateModified":"2022-06-24T11:18:54+00:00","description":"Mendelssohn - Edition des \u0153uvres d'orgue avec tournes faciles (Pr\u00e9ludes & fugues, Sonates) - OSC 017 - ISMN 979-070710917-5","breadcrumb":{"@id":"https:\/\/www.organscore.com\/produit\/f-mendelssohn-organ-works-volume-i\/#breadcrumb"},"inLanguage":"fr-FR","potentialAction":[{"@type":"ReadAction","target":["https:\/\/www.organscore.com\/produit\/f-mendelssohn-organ-works-volume-i\/"]}]},{"@type":"ImageObject","inLanguage":"fr-FR","@id":"https:\/\/www.organscore.com\/produit\/f-mendelssohn-organ-works-volume-i\/#primaryimage","url":"https:\/\/www.organscore.com\/wp-content\/uploads\/2018\/06\/organscore-mendelssohn-organ-preludes-fugues-sonatas.jpg","contentUrl":"https:\/\/www.organscore.com\/wp-content\/uploads\/2018\/06\/organscore-mendelssohn-organ-preludes-fugues-sonatas.jpg","width":1100,"height":872,"caption":"Mendelssohn oeuvres pour orgue (Vol. I) : Pr\u00e9ludes et fugues, Sonates"},{"@type":"BreadcrumbList","@id":"https:\/\/www.organscore.com\/produit\/f-mendelssohn-organ-works-volume-i\/#breadcrumb","itemListElement":[{"@type":"ListItem","position":1,"name":"Home","item":"https:\/\/www.organscore.com\/fr\/"},{"@type":"ListItem","position":2,"name":"Acheter","item":"https:\/\/www.organscore.com\/fr\/boutique\/"},{"@type":"ListItem","position":3,"name":"F. Mendelssohn\u00a0(Volume I) : Pr\u00e9ludes &#038; Fugues, Sonates"}]},{"@type":"WebSite","@id":"https:\/\/www.organscore.com\/#website","url":"https:\/\/www.organscore.com\/","name":"OrganScore","description":"The Practical Score for Organists","publisher":{"@id":"https:\/\/www.organscore.com\/#organization"},"potentialAction":[{"@type":"SearchAction","target":{"@type":"EntryPoint","urlTemplate":"https:\/\/www.organscore.com\/?s={search_term_string}"},"query-input":{"@type":"PropertyValueSpecification","valueRequired":true,"valueName":"search_term_string"}}],"inLanguage":"fr-FR"},{"@type":"Organization","@id":"https:\/\/www.organscore.com\/#organization","name":"OrganScore","url":"https:\/\/www.organscore.com\/","logo":{"@type":"ImageObject","inLanguage":"fr-FR","@id":"https:\/\/www.organscore.com\/#\/schema\/logo\/image\/","url":"https:\/\/www.organscore.com\/wp-content\/uploads\/2018\/09\/organscore-logo-0153bf-h142px-shaded.png","contentUrl":"https:\/\/www.organscore.com\/wp-content\/uploads\/2018\/09\/organscore-logo-0153bf-h142px-shaded.png","width":434,"height":142,"caption":"OrganScore"},"image":{"@id":"https:\/\/www.organscore.com\/#\/schema\/logo\/image\/"},"sameAs":["https:\/\/www.youtube.com\/user\/organopleno2000"]}]}},"_links":{"self":[{"href":"https:\/\/www.organscore.com\/fr\/wp-json\/wp\/v2\/product\/1750","targetHints":{"allow":["GET"]}}],"collection":[{"href":"https:\/\/www.organscore.com\/fr\/wp-json\/wp\/v2\/product"}],"about":[{"href":"https:\/\/www.organscore.com\/fr\/wp-json\/wp\/v2\/types\/product"}],"wp:featuredmedia":[{"embeddable":true,"href":"https:\/\/www.organscore.com\/fr\/wp-json\/wp\/v2\/media\/2199"}],"wp:attachment":[{"href":"https:\/\/www.organscore.com\/fr\/wp-json\/wp\/v2\/media?parent=1750"}],"wp:term":[{"taxonomy":"product_brand","embeddable":true,"href":"https:\/\/www.organscore.com\/fr\/wp-json\/wp\/v2\/product_brand?post=1750"},{"taxonomy":"product_cat","embeddable":true,"href":"https:\/\/www.organscore.com\/fr\/wp-json\/wp\/v2\/product_cat?post=1750"},{"taxonomy":"product_tag","embeddable":true,"href":"https:\/\/www.organscore.com\/fr\/wp-json\/wp\/v2\/product_tag?post=1750"}],"curies":[{"name":"wp","href":"https:\/\/api.w.org\/{rel}","templated":true}]}}