{"id":5607,"date":"2022-06-23T06:53:23","date_gmt":"2022-06-23T04:53:23","guid":{"rendered":"https:\/\/www.organscore.com\/?page_id=5607"},"modified":"2026-02-26T23:23:17","modified_gmt":"2026-02-26T22:23:17","slug":"widor-symphonies-orgue","status":"publish","type":"page","link":"https:\/\/www.organscore.com\/fr\/widor-symphonies-orgue\/","title":{"rendered":"Charles-Marie Widor : Les Symphonies pour Orgue"},"content":{"rendered":"<h1 style=\"text-align: center;\">Charles-Marie Widor<\/h1>\n<h2 style=\"text-align: center;\">Les Symphonies pour Orgue<\/h2>\n<p><a href=\"https:\/\/www.organscore.com\/wp-content\/uploads\/2022\/06\/Widor-Portait-pourOrganScore-372x462-1.jpg\"><img loading=\"lazy\" decoding=\"async\" class=\"size-full wp-image-5630 aligncenter\" src=\"https:\/\/www.organscore.com\/wp-content\/uploads\/2022\/06\/Widor-Portait-pourOrganScore-372x462-1.jpg\" alt=\"Charles-Marie Widor\" width=\"372\" height=\"458\" srcset=\"https:\/\/www.organscore.com\/wp-content\/uploads\/2022\/06\/Widor-Portait-pourOrganScore-372x462-1.jpg 372w, https:\/\/www.organscore.com\/wp-content\/uploads\/2022\/06\/Widor-Portait-pourOrganScore-372x462-1-244x300.jpg 244w\" sizes=\"auto, (max-width: 372px) 100vw, 372px\" \/><\/a><\/p>\n<p style=\"text-align: justify;\">Charles-Marie Widor (1844-1937) fut organiste de l\u2019\u00e9glise Saint-Sulpice \u00e0 Paris, fonction qu\u2019il occupa pendant 63 ans (1870-1933). Il est c\u00e9l\u00e8bre pour ses dix \u00ab\u00a0symphonies\u00a0\u00bb pour orgue.<\/p>\n<p style=\"text-align: justify;\">Toutes les \u00e9ditions existantes, qu&rsquo;elles soient originales (cf. ci-dessous) ou plus r\u00e9centes, ne se pr\u00e9occupent pas du probl\u00e8me des tournes de pages. Un des premiers objectifs \u00e9tait donc \u00e9videmment de r\u00e9soudre ce probl\u00e8me gr\u00e2ce au grand format. A titre d&rsquo;exemple, la fameuse \u00ab Toccata \u00bb de la Symphonie n\u00b0 5 occupe quatre pages seulement dans l&rsquo;\u00e9dition OrganScore contre dix pages dans les \u00e9ditions originales.<\/p>\n<p style=\"text-align: justify;\">Les symphonies de Widor furent toutes compos\u00e9es et publi\u00e9es entre 1872 et 1901, mais firent l&rsquo;objet de nombreuses r\u00e9visions jusqu&rsquo;en 1929. On peut sch\u00e9matiser l&rsquo;historique de ces r\u00e9visions comme suit :<\/p>\n<ul>\n<li style=\"text-align: justify;\">1872 : publication des symphonies n<sup style=\"font-size: 65%;\">os<\/sup> 1, 2, 3, 4 (Op. 13) ;<\/li>\n<li style=\"text-align: justify;\">1879 : r\u00e9visions mineures de l&rsquo;Op. 13 ;<\/li>\n<li style=\"text-align: justify;\">1887 : r\u00e9vision de l&rsquo;Op. 13, publication des symphonies n<sup>os<\/sup> 5, 6, 7, 8 (Op. 42) ;<\/li>\n<li style=\"text-align: justify;\">1888-1892 : r\u00e9visions mineures de l&rsquo;Op. 13 et l&rsquo;Op. 42 ;<\/li>\n<li style=\"text-align: justify;\">1901 : r\u00e9visions de l&rsquo;Op. 13 et de l&rsquo;Op. 42, publication des Symphonie n\u00b0 9 (\u00ab Gothique \u00bb) et n\u00b0 10 (\u00ab Romane \u00bb) ;<\/li>\n<li style=\"text-align: justify;\">1911, 1918-1920, 1928-1929 : r\u00e9visions principalement mineures.<\/li>\n<\/ul>\n<p style=\"text-align: justify;\">Les symphonies n<sup>os<\/sup> 1,2,3,4 (Op. 13) ont particuli\u00e8rement \u00e9t\u00e9 remani\u00e9es entre 1872 et 1901, les r\u00e9visions donnant parfois lieu \u00e0 des r\u00e9\u00e9critures compl\u00e8tes de certains mouvements, voire \u00e0 la suppression, l&rsquo;ajout, ou le remplacement de certains autres (cf. symphonies n<sup>os<\/sup> 2 et 3). Il aurait \u00e9t\u00e9 dommage d&rsquo;oublier totalement ces compositions interm\u00e9diaires. Nous avons donc t\u00e2ch\u00e9, pour chacune de ces quatre premi\u00e8res symphonies, de proposer en annexe des versions ant\u00e9rieures de ces mouvements qui nous paraissaient dignes d&rsquo;int\u00e9r\u00eat.<\/p>\n<p style=\"text-align: center;\"><a href=\"https:\/\/www.organscore.com\/fr\/produit\/ch-m-widor-symphonie-no-1\/\"><strong>Symphonie n\u00b0 1<\/strong><\/a><a href=\"https:\/\/www.organscore.com\/fr\/produit\/ch-m-widor-symphonie-no-1\/\"><img loading=\"lazy\" decoding=\"async\" class=\"size-medium wp-image-5428 aligncenter\" src=\"https:\/\/www.organscore.com\/wp-content\/uploads\/2022\/04\/Cover_31-300x238.jpg\" alt=\"Widor Symphonie n\u00b0 1 Couverture\" width=\"300\" height=\"238\" srcset=\"https:\/\/www.organscore.com\/wp-content\/uploads\/2022\/04\/Cover_31-300x238.jpg 300w, https:\/\/www.organscore.com\/wp-content\/uploads\/2022\/04\/Cover_31-600x476.jpg 600w, https:\/\/www.organscore.com\/wp-content\/uploads\/2022\/04\/Cover_31-1024x812.jpg 1024w, https:\/\/www.organscore.com\/wp-content\/uploads\/2022\/04\/Cover_31-768x609.jpg 768w, https:\/\/www.organscore.com\/wp-content\/uploads\/2022\/04\/Cover_31.jpg 1100w\" sizes=\"auto, (max-width: 300px) 100vw, 300px\" \/><\/a><\/p>\n<p style=\"text-align: center;\"><a href=\"https:\/\/www.organscore.com\/fr\/produit\/ch-m-widor-symphonie-no-2\/\"><strong>Symphonie n\u00b0 2<\/strong><\/a><a href=\"https:\/\/www.organscore.com\/fr\/produit\/ch-m-widor-symphonie-no-2\/\"><img loading=\"lazy\" decoding=\"async\" class=\"size-medium wp-image-5438 aligncenter\" src=\"https:\/\/www.organscore.com\/wp-content\/uploads\/2022\/04\/Cover_32-300x238.jpg\" alt=\"Widor Symphonie n\u00b0 2 - Couverture\" width=\"300\" height=\"238\" srcset=\"https:\/\/www.organscore.com\/wp-content\/uploads\/2022\/04\/Cover_32-300x238.jpg 300w, https:\/\/www.organscore.com\/wp-content\/uploads\/2022\/04\/Cover_32-600x476.jpg 600w, https:\/\/www.organscore.com\/wp-content\/uploads\/2022\/04\/Cover_32-1024x812.jpg 1024w, https:\/\/www.organscore.com\/wp-content\/uploads\/2022\/04\/Cover_32-768x609.jpg 768w, https:\/\/www.organscore.com\/wp-content\/uploads\/2022\/04\/Cover_32.jpg 1100w\" sizes=\"auto, (max-width: 300px) 100vw, 300px\" \/><\/a><\/p>\n<p style=\"text-align: center;\"><a href=\"https:\/\/www.organscore.com\/fr\/produit\/ch-m-widor-symphonie-no-3\/\"><strong>Symphonie n\u00b0 3<\/strong><\/a><a href=\"https:\/\/www.organscore.com\/fr\/produit\/ch-m-widor-symphonie-no-3\/\"><img loading=\"lazy\" decoding=\"async\" class=\"size-medium wp-image-5445 aligncenter\" src=\"https:\/\/www.organscore.com\/wp-content\/uploads\/2022\/04\/Cover_33-300x238.jpg\" alt=\"Widor Symphonie n\u00b0 3 - Couverture\" width=\"300\" height=\"238\" srcset=\"https:\/\/www.organscore.com\/wp-content\/uploads\/2022\/04\/Cover_33-300x238.jpg 300w, https:\/\/www.organscore.com\/wp-content\/uploads\/2022\/04\/Cover_33-600x476.jpg 600w, https:\/\/www.organscore.com\/wp-content\/uploads\/2022\/04\/Cover_33-1024x812.jpg 1024w, https:\/\/www.organscore.com\/wp-content\/uploads\/2022\/04\/Cover_33-768x609.jpg 768w, https:\/\/www.organscore.com\/wp-content\/uploads\/2022\/04\/Cover_33.jpg 1100w\" sizes=\"auto, (max-width: 300px) 100vw, 300px\" \/><\/a><\/p>\n<p style=\"text-align: center;\"><a href=\"https:\/\/www.organscore.com\/fr\/produit\/ch-m-widor-symphonie-no-4\/\"><strong>Symphonie n\u00b0 4<\/strong><\/a><a href=\"https:\/\/www.organscore.com\/fr\/produit\/ch-m-widor-symphonie-no-4\/\"><img loading=\"lazy\" decoding=\"async\" class=\"size-medium wp-image-5751 aligncenter\" src=\"https:\/\/www.organscore.com\/wp-content\/uploads\/2022\/04\/Cover_34-300x238.jpg\" alt=\"Widor Symphonie n\u00b0 4 - Couverture\" width=\"300\" height=\"238\" \/><\/a><\/p>\n<p style=\"text-align: center;\"><a href=\"https:\/\/www.organscore.com\/fr\/produit\/ch-m-widor-symphonie-no-5\/\"><strong>Symphonie n\u00b0 5<\/strong><\/a><a href=\"https:\/\/www.organscore.com\/fr\/produit\/ch-m-widor-symphonie-no-5\/\"><img loading=\"lazy\" decoding=\"async\" class=\"size-medium wp-image-5461 aligncenter\" src=\"https:\/\/www.organscore.com\/wp-content\/uploads\/2022\/04\/Cover_35-300x238.jpg\" alt=\"Widor Symphonie n\u00b0 5 - Couverture\" width=\"300\" height=\"238\" srcset=\"https:\/\/www.organscore.com\/wp-content\/uploads\/2022\/04\/Cover_35-300x238.jpg 300w, https:\/\/www.organscore.com\/wp-content\/uploads\/2022\/04\/Cover_35-600x476.jpg 600w, https:\/\/www.organscore.com\/wp-content\/uploads\/2022\/04\/Cover_35-1024x812.jpg 1024w, https:\/\/www.organscore.com\/wp-content\/uploads\/2022\/04\/Cover_35-768x609.jpg 768w, https:\/\/www.organscore.com\/wp-content\/uploads\/2022\/04\/Cover_35.jpg 1100w\" sizes=\"auto, (max-width: 300px) 100vw, 300px\" \/><\/a><\/p>\n<p style=\"text-align: center;\"><a href=\"https:\/\/www.organscore.com\/fr\/produit\/ch-m-widor-symphonie-no-6\/\"><strong>Symphonie n\u00b0 6<\/strong><\/a><a href=\"https:\/\/www.organscore.com\/fr\/produit\/ch-m-widor-symphonie-no-6\/\"><img loading=\"lazy\" decoding=\"async\" class=\"size-medium wp-image-5469 aligncenter\" src=\"https:\/\/www.organscore.com\/wp-content\/uploads\/2022\/04\/Cover_36-300x238.jpg\" alt=\"Widor Symphonie n\u00b0 6 - Couverture\" width=\"300\" height=\"238\" srcset=\"https:\/\/www.organscore.com\/wp-content\/uploads\/2022\/04\/Cover_36-300x238.jpg 300w, https:\/\/www.organscore.com\/wp-content\/uploads\/2022\/04\/Cover_36-600x476.jpg 600w, https:\/\/www.organscore.com\/wp-content\/uploads\/2022\/04\/Cover_36-1024x812.jpg 1024w, https:\/\/www.organscore.com\/wp-content\/uploads\/2022\/04\/Cover_36-768x609.jpg 768w, https:\/\/www.organscore.com\/wp-content\/uploads\/2022\/04\/Cover_36.jpg 1100w\" sizes=\"auto, (max-width: 300px) 100vw, 300px\" \/><\/a><\/p>\n<p>&nbsp;<\/p>\n","protected":false},"excerpt":{"rendered":"<p>Charles-Marie Widor Les Symphonies pour Orgue Charles-Marie Widor (1844-1937) fut organiste de l\u2019\u00e9glise Saint-Sulpice \u00e0 Paris, fonction qu\u2019il occupa pendant 63 ans (1870-1933). Il est c\u00e9l\u00e8bre pour ses dix \u00ab\u00a0symphonies\u00a0\u00bb pour orgue. Toutes les \u00e9ditions existantes, qu&rsquo;elles soient originales (cf. ci-dessous) ou plus r\u00e9centes, ne se pr\u00e9occupent pas du probl\u00e8me des tournes de pages. Un [&hellip;]<\/p>\n","protected":false},"author":1,"featured_media":0,"parent":0,"menu_order":0,"comment_status":"closed","ping_status":"closed","template":"","meta":{"_monsterinsights_skip_tracking":false,"_monsterinsights_sitenote_active":false,"_monsterinsights_sitenote_note":"","_monsterinsights_sitenote_category":0,"site-sidebar-layout":"default","site-content-layout":"default","ast-site-content-layout":"default","site-content-style":"default","site-sidebar-style":"default","ast-global-header-display":"","ast-banner-title-visibility":"","ast-main-header-display":"","ast-hfb-above-header-display":"","ast-hfb-below-header-display":"","ast-hfb-mobile-header-display":"","site-post-title":"","ast-breadcrumbs-content":"","ast-featured-img":"","footer-sml-layout":"","ast-disable-related-posts":"","theme-transparent-header-meta":"default","adv-header-id-meta":"","stick-header-meta":"default","header-above-stick-meta":"","header-main-stick-meta":"","header-below-stick-meta":"","astra-migrate-meta-layouts":"set","ast-page-background-enabled":"default","ast-page-background-meta":{"desktop":{"background-color":"","background-image":"","background-repeat":"repeat","background-position":"center center","background-size":"auto","background-attachment":"scroll","background-type":"","background-media":"","overlay-type":"","overlay-color":"","overlay-opacity":"","overlay-gradient":""},"tablet":{"background-color":"","background-image":"","background-repeat":"repeat","background-position":"center center","background-size":"auto","background-attachment":"scroll","background-type":"","background-media":"","overlay-type":"","overlay-color":"","overlay-opacity":"","overlay-gradient":""},"mobile":{"background-color":"","background-image":"","background-repeat":"repeat","background-position":"center center","background-size":"auto","background-attachment":"scroll","background-type":"","background-media":"","overlay-type":"","overlay-color":"","overlay-opacity":"","overlay-gradient":""}},"ast-content-background-meta":{"desktop":{"background-color":"var(--ast-global-color-5)","background-image":"","background-repeat":"repeat","background-position":"center center","background-size":"auto","background-attachment":"scroll","background-type":"","background-media":"","overlay-type":"","overlay-color":"","overlay-opacity":"","overlay-gradient":""},"tablet":{"background-color":"var(--ast-global-color-5)","background-image":"","background-repeat":"repeat","background-position":"center center","background-size":"auto","background-attachment":"scroll","background-type":"","background-media":"","overlay-type":"","overlay-color":"","overlay-opacity":"","overlay-gradient":""},"mobile":{"background-color":"var(--ast-global-color-5)","background-image":"","background-repeat":"repeat","background-position":"center center","background-size":"auto","background-attachment":"scroll","background-type":"","background-media":"","overlay-type":"","overlay-color":"","overlay-opacity":"","overlay-gradient":""}},"footnotes":""},"class_list":["post-5607","page","type-page","status-publish","hentry"],"yoast_head":"<!-- This site is optimized with the Yoast SEO plugin v27.3 - https:\/\/yoast.com\/product\/yoast-seo-wordpress\/ -->\n<title>Charles-Marie Widor : Les Symphonies pour Orgue - OrganScore<\/title>\n<meta name=\"description\" content=\"Int\u00e9grale des 10 Symphonies pour Orgue de Charles-Marie Widor (1844-1937) sans probl\u00e8me de tournes, incluant des versions alternatives\" \/>\n<meta name=\"robots\" content=\"index, follow, max-snippet:-1, max-image-preview:large, max-video-preview:-1\" \/>\n<link rel=\"canonical\" href=\"https:\/\/www.organscore.com\/fr\/widor-symphonies-orgue\/\" \/>\n<meta property=\"og:locale\" content=\"fr_FR\" \/>\n<meta property=\"og:type\" content=\"article\" \/>\n<meta property=\"og:title\" content=\"Charles-Marie Widor : Les Symphonies pour Orgue - OrganScore\" \/>\n<meta property=\"og:description\" content=\"Int\u00e9grale des 10 Symphonies pour Orgue de Charles-Marie Widor (1844-1937) sans probl\u00e8me de tournes, incluant des versions alternatives\" \/>\n<meta property=\"og:url\" content=\"https:\/\/www.organscore.com\/fr\/widor-symphonies-orgue\/\" \/>\n<meta property=\"og:site_name\" content=\"OrganScore\" \/>\n<meta property=\"article:modified_time\" content=\"2026-02-26T22:23:17+00:00\" \/>\n<meta property=\"og:image\" content=\"https:\/\/www.organscore.com\/wp-content\/uploads\/2022\/06\/Widor-Portait-pourOrganScore-372x462-1.jpg\" \/>\n\t<meta property=\"og:image:width\" content=\"372\" \/>\n\t<meta property=\"og:image:height\" content=\"458\" \/>\n\t<meta property=\"og:image:type\" content=\"image\/jpeg\" \/>\n<meta name=\"twitter:card\" content=\"summary_large_image\" \/>\n<meta name=\"twitter:label1\" content=\"Dur\u00e9e de lecture estim\u00e9e\" \/>\n\t<meta name=\"twitter:data1\" content=\"3 minutes\" \/>\n<script type=\"application\/ld+json\" class=\"yoast-schema-graph\">{\"@context\":\"https:\\\/\\\/schema.org\",\"@graph\":[{\"@type\":\"WebPage\",\"@id\":\"https:\\\/\\\/www.organscore.com\\\/fr\\\/widor-symphonies-orgue\\\/\",\"url\":\"https:\\\/\\\/www.organscore.com\\\/fr\\\/widor-symphonies-orgue\\\/\",\"name\":\"Charles-Marie Widor : Les Symphonies pour Orgue - OrganScore\",\"isPartOf\":{\"@id\":\"https:\\\/\\\/www.organscore.com\\\/#website\"},\"primaryImageOfPage\":{\"@id\":\"https:\\\/\\\/www.organscore.com\\\/fr\\\/widor-symphonies-orgue\\\/#primaryimage\"},\"image\":{\"@id\":\"https:\\\/\\\/www.organscore.com\\\/fr\\\/widor-symphonies-orgue\\\/#primaryimage\"},\"thumbnailUrl\":\"https:\\\/\\\/www.organscore.com\\\/wp-content\\\/uploads\\\/2022\\\/06\\\/Widor-Portait-pourOrganScore-372x462-1.jpg\",\"datePublished\":\"2022-06-23T04:53:23+00:00\",\"dateModified\":\"2026-02-26T22:23:17+00:00\",\"description\":\"Int\u00e9grale des 10 Symphonies pour Orgue de Charles-Marie Widor (1844-1937) sans probl\u00e8me de tournes, incluant des versions alternatives\",\"breadcrumb\":{\"@id\":\"https:\\\/\\\/www.organscore.com\\\/fr\\\/widor-symphonies-orgue\\\/#breadcrumb\"},\"inLanguage\":\"fr-FR\",\"potentialAction\":[{\"@type\":\"ReadAction\",\"target\":[\"https:\\\/\\\/www.organscore.com\\\/fr\\\/widor-symphonies-orgue\\\/\"]}]},{\"@type\":\"ImageObject\",\"inLanguage\":\"fr-FR\",\"@id\":\"https:\\\/\\\/www.organscore.com\\\/fr\\\/widor-symphonies-orgue\\\/#primaryimage\",\"url\":\"https:\\\/\\\/www.organscore.com\\\/wp-content\\\/uploads\\\/2022\\\/06\\\/Widor-Portait-pourOrganScore-372x462-1.jpg\",\"contentUrl\":\"https:\\\/\\\/www.organscore.com\\\/wp-content\\\/uploads\\\/2022\\\/06\\\/Widor-Portait-pourOrganScore-372x462-1.jpg\"},{\"@type\":\"BreadcrumbList\",\"@id\":\"https:\\\/\\\/www.organscore.com\\\/fr\\\/widor-symphonies-orgue\\\/#breadcrumb\",\"itemListElement\":[{\"@type\":\"ListItem\",\"position\":1,\"name\":\"Home\",\"item\":\"https:\\\/\\\/www.organscore.com\\\/fr\\\/\"},{\"@type\":\"ListItem\",\"position\":2,\"name\":\"Charles-Marie Widor : Les Symphonies pour Orgue\"}]},{\"@type\":\"WebSite\",\"@id\":\"https:\\\/\\\/www.organscore.com\\\/#website\",\"url\":\"https:\\\/\\\/www.organscore.com\\\/\",\"name\":\"OrganScore\",\"description\":\"The Practical Score for Organists\",\"publisher\":{\"@id\":\"https:\\\/\\\/www.organscore.com\\\/#organization\"},\"potentialAction\":[{\"@type\":\"SearchAction\",\"target\":{\"@type\":\"EntryPoint\",\"urlTemplate\":\"https:\\\/\\\/www.organscore.com\\\/?s={search_term_string}\"},\"query-input\":{\"@type\":\"PropertyValueSpecification\",\"valueRequired\":true,\"valueName\":\"search_term_string\"}}],\"inLanguage\":\"fr-FR\"},{\"@type\":\"Organization\",\"@id\":\"https:\\\/\\\/www.organscore.com\\\/#organization\",\"name\":\"OrganScore\",\"url\":\"https:\\\/\\\/www.organscore.com\\\/\",\"logo\":{\"@type\":\"ImageObject\",\"inLanguage\":\"fr-FR\",\"@id\":\"https:\\\/\\\/www.organscore.com\\\/#\\\/schema\\\/logo\\\/image\\\/\",\"url\":\"https:\\\/\\\/www.organscore.com\\\/wp-content\\\/uploads\\\/2018\\\/09\\\/organscore-logo-0153bf-h142px-shaded.png\",\"contentUrl\":\"https:\\\/\\\/www.organscore.com\\\/wp-content\\\/uploads\\\/2018\\\/09\\\/organscore-logo-0153bf-h142px-shaded.png\",\"width\":434,\"height\":142,\"caption\":\"OrganScore\"},\"image\":{\"@id\":\"https:\\\/\\\/www.organscore.com\\\/#\\\/schema\\\/logo\\\/image\\\/\"},\"sameAs\":[\"https:\\\/\\\/www.youtube.com\\\/user\\\/organopleno2000\"]}]}<\/script>\n<!-- \/ Yoast SEO plugin. -->","yoast_head_json":{"title":"Charles-Marie Widor : Les Symphonies pour Orgue - OrganScore","description":"Int\u00e9grale des 10 Symphonies pour Orgue de Charles-Marie Widor (1844-1937) sans probl\u00e8me de tournes, incluant des versions alternatives","robots":{"index":"index","follow":"follow","max-snippet":"max-snippet:-1","max-image-preview":"max-image-preview:large","max-video-preview":"max-video-preview:-1"},"canonical":"https:\/\/www.organscore.com\/fr\/widor-symphonies-orgue\/","og_locale":"fr_FR","og_type":"article","og_title":"Charles-Marie Widor : Les Symphonies pour Orgue - OrganScore","og_description":"Int\u00e9grale des 10 Symphonies pour Orgue de Charles-Marie Widor (1844-1937) sans probl\u00e8me de tournes, incluant des versions alternatives","og_url":"https:\/\/www.organscore.com\/fr\/widor-symphonies-orgue\/","og_site_name":"OrganScore","article_modified_time":"2026-02-26T22:23:17+00:00","og_image":[{"width":372,"height":458,"url":"https:\/\/www.organscore.com\/wp-content\/uploads\/2022\/06\/Widor-Portait-pourOrganScore-372x462-1.jpg","type":"image\/jpeg"}],"twitter_card":"summary_large_image","twitter_misc":{"Dur\u00e9e de lecture estim\u00e9e":"3 minutes"},"schema":{"@context":"https:\/\/schema.org","@graph":[{"@type":"WebPage","@id":"https:\/\/www.organscore.com\/fr\/widor-symphonies-orgue\/","url":"https:\/\/www.organscore.com\/fr\/widor-symphonies-orgue\/","name":"Charles-Marie Widor : Les Symphonies pour Orgue - OrganScore","isPartOf":{"@id":"https:\/\/www.organscore.com\/#website"},"primaryImageOfPage":{"@id":"https:\/\/www.organscore.com\/fr\/widor-symphonies-orgue\/#primaryimage"},"image":{"@id":"https:\/\/www.organscore.com\/fr\/widor-symphonies-orgue\/#primaryimage"},"thumbnailUrl":"https:\/\/www.organscore.com\/wp-content\/uploads\/2022\/06\/Widor-Portait-pourOrganScore-372x462-1.jpg","datePublished":"2022-06-23T04:53:23+00:00","dateModified":"2026-02-26T22:23:17+00:00","description":"Int\u00e9grale des 10 Symphonies pour Orgue de Charles-Marie Widor (1844-1937) sans probl\u00e8me de tournes, incluant des versions alternatives","breadcrumb":{"@id":"https:\/\/www.organscore.com\/fr\/widor-symphonies-orgue\/#breadcrumb"},"inLanguage":"fr-FR","potentialAction":[{"@type":"ReadAction","target":["https:\/\/www.organscore.com\/fr\/widor-symphonies-orgue\/"]}]},{"@type":"ImageObject","inLanguage":"fr-FR","@id":"https:\/\/www.organscore.com\/fr\/widor-symphonies-orgue\/#primaryimage","url":"https:\/\/www.organscore.com\/wp-content\/uploads\/2022\/06\/Widor-Portait-pourOrganScore-372x462-1.jpg","contentUrl":"https:\/\/www.organscore.com\/wp-content\/uploads\/2022\/06\/Widor-Portait-pourOrganScore-372x462-1.jpg"},{"@type":"BreadcrumbList","@id":"https:\/\/www.organscore.com\/fr\/widor-symphonies-orgue\/#breadcrumb","itemListElement":[{"@type":"ListItem","position":1,"name":"Home","item":"https:\/\/www.organscore.com\/fr\/"},{"@type":"ListItem","position":2,"name":"Charles-Marie Widor : Les Symphonies pour Orgue"}]},{"@type":"WebSite","@id":"https:\/\/www.organscore.com\/#website","url":"https:\/\/www.organscore.com\/","name":"OrganScore","description":"The Practical Score for Organists","publisher":{"@id":"https:\/\/www.organscore.com\/#organization"},"potentialAction":[{"@type":"SearchAction","target":{"@type":"EntryPoint","urlTemplate":"https:\/\/www.organscore.com\/?s={search_term_string}"},"query-input":{"@type":"PropertyValueSpecification","valueRequired":true,"valueName":"search_term_string"}}],"inLanguage":"fr-FR"},{"@type":"Organization","@id":"https:\/\/www.organscore.com\/#organization","name":"OrganScore","url":"https:\/\/www.organscore.com\/","logo":{"@type":"ImageObject","inLanguage":"fr-FR","@id":"https:\/\/www.organscore.com\/#\/schema\/logo\/image\/","url":"https:\/\/www.organscore.com\/wp-content\/uploads\/2018\/09\/organscore-logo-0153bf-h142px-shaded.png","contentUrl":"https:\/\/www.organscore.com\/wp-content\/uploads\/2018\/09\/organscore-logo-0153bf-h142px-shaded.png","width":434,"height":142,"caption":"OrganScore"},"image":{"@id":"https:\/\/www.organscore.com\/#\/schema\/logo\/image\/"},"sameAs":["https:\/\/www.youtube.com\/user\/organopleno2000"]}]}},"_links":{"self":[{"href":"https:\/\/www.organscore.com\/fr\/wp-json\/wp\/v2\/pages\/5607","targetHints":{"allow":["GET"]}}],"collection":[{"href":"https:\/\/www.organscore.com\/fr\/wp-json\/wp\/v2\/pages"}],"about":[{"href":"https:\/\/www.organscore.com\/fr\/wp-json\/wp\/v2\/types\/page"}],"author":[{"embeddable":true,"href":"https:\/\/www.organscore.com\/fr\/wp-json\/wp\/v2\/users\/1"}],"replies":[{"embeddable":true,"href":"https:\/\/www.organscore.com\/fr\/wp-json\/wp\/v2\/comments?post=5607"}],"version-history":[{"count":1,"href":"https:\/\/www.organscore.com\/fr\/wp-json\/wp\/v2\/pages\/5607\/revisions"}],"predecessor-version":[{"id":7048,"href":"https:\/\/www.organscore.com\/fr\/wp-json\/wp\/v2\/pages\/5607\/revisions\/7048"}],"wp:attachment":[{"href":"https:\/\/www.organscore.com\/fr\/wp-json\/wp\/v2\/media?parent=5607"}],"curies":[{"name":"wp","href":"https:\/\/api.w.org\/{rel}","templated":true}]}}