{"id":5208,"date":"2021-07-30T11:22:10","date_gmt":"2021-07-30T09:22:10","guid":{"rendered":"https:\/\/www.organscore.com\/la-page-toto\/"},"modified":"2026-03-09T23:42:04","modified_gmt":"2026-03-09T22:42:04","slug":"errata","status":"publish","type":"page","link":"https:\/\/www.organscore.com\/fr\/errata\/","title":{"rendered":"Errata"},"content":{"rendered":"<h2 style=\"text-align: center;\">Errata<\/h2>\n<h5 style=\"text-align: center;\">Important : les partitions nouvellement achet\u00e9es sont d\u00e9j\u00e0 corrig\u00e9es (pas besoin d&rsquo;errata) !<\/h5>\n<p style=\"text-align: justify;\">Bienvenue sur la page des errata. La perfection n&rsquo;\u00e9tant pas de ce monde, les volumes OrganScore sont sujets \u00e0 des erreurs de texte n\u00e9cessitant des corrections, corrections qui peuvent aussi \u00eatre le\u00a0 le produit de changements ponctuels de choix \u00e9ditoriaux. Celles-ci sont consign\u00e9es sous la forme d&rsquo;un fichier pdf par volume. Les erreurs y sont directement illustr\u00e9es, de mani\u00e8re \u00e0 \u00eatre comprises imm\u00e9diatement. Voici un exemple:<\/p>\n<figure id=\"attachment_5352\" aria-describedby=\"caption-attachment-5352\" style=\"width: 1024px\" class=\"wp-caption aligncenter\"><a href=\"https:\/\/www.organscore.com\/wp-content\/uploads\/2022\/04\/Correction-Kit-Example-French.jpg\"><img loading=\"lazy\" decoding=\"async\" class=\"size-large wp-image-5352\" src=\"https:\/\/www.organscore.com\/wp-content\/uploads\/2022\/04\/Correction-Kit-Example-French-1024x600.jpg\" alt=\"Example de Kit de Correction\" width=\"1024\" height=\"600\" srcset=\"https:\/\/www.organscore.com\/wp-content\/uploads\/2022\/04\/Correction-Kit-Example-French-1024x600.jpg 1024w, https:\/\/www.organscore.com\/wp-content\/uploads\/2022\/04\/Correction-Kit-Example-French-600x352.jpg 600w, https:\/\/www.organscore.com\/wp-content\/uploads\/2022\/04\/Correction-Kit-Example-French-300x176.jpg 300w, https:\/\/www.organscore.com\/wp-content\/uploads\/2022\/04\/Correction-Kit-Example-French-768x450.jpg 768w, https:\/\/www.organscore.com\/wp-content\/uploads\/2022\/04\/Correction-Kit-Example-French-1536x901.jpg 1536w, https:\/\/www.organscore.com\/wp-content\/uploads\/2022\/04\/Correction-Kit-Example-French.jpg 1987w\" sizes=\"auto, (max-width: 1024px) 100vw, 1024px\" \/><\/a><figcaption id=\"caption-attachment-5352\" class=\"wp-caption-text\"><strong>Exemple de page d&rsquo;un fichier d&rsquo;errata<\/strong><\/figcaption><\/figure>\n<p style=\"text-align: justify;\"><strong>Port\u00e9e de la correction<\/strong> : Chaque correction est dat\u00e9e et n&rsquo;est utile que si vous avez achet\u00e9 votre partition avant la date mentionn\u00e9e.<\/p>\n<p style=\"text-align: justify;\"><strong>Correction<\/strong> : La plupart des corrections peuvent \u00eatre faites \u00e0 la main sur votre partition avec un stylo noir (alt\u00e9ration, point, liaison, cl\u00e9 ou note \u00e0 ajouter, etc.), avec parfois aussi un ruban effaceur (hauteur de note erron\u00e9e, \u00e9l\u00e9ment \u00e0 supprimer, etc.) ; chaque correction prend quelques secondes.<\/p>\n<p style=\"text-align: justify;\"><strong>Correction par collage<\/strong> : Dans certains cas plus complexes, et si vous souhaitez une correction parfaite de votre partition, vous pouvez imprimer l&rsquo;extrait corrig\u00e9 pour le coller dans la partition ; chaque extrait corrig\u00e9 est \u00e0 l&rsquo;\u00e9chelle exacte de la partition. Assurez-vous alors d&rsquo;imprimer sans aucune mise \u00e0 l&rsquo;\u00e9chelle et, si possible, utilisez un papier de couleur ivoire similaire \u00e0 celui des partitions originales. Les pages sont au format A4 mais leur contenu peut \u00e9galement \u00eatre imprim\u00e9 sur des feuilles au format &lsquo;US letter&rsquo; d\u00e8s lors que qu&rsquo;aucune mise \u00e0 l&rsquo;\u00e9chelle n&rsquo;est utilis\u00e9e dans le param\u00e9trage de l&rsquo;impression du pdf.<\/p>\n<p style=\"text-align: justify;\"><strong>Mesures ou syst\u00e8mes entiers<\/strong> : Lorsque la correction est susceptible de modifier l&rsquo;espacement des notes au sein d&rsquo;une mesure ou d&rsquo;un syst\u00e8me, les mesures contigu\u00ebs n\u00e9cessaires sont incluses, ou \u00e9ventuellement le syst\u00e8me entier. Dans ce dernier cas, le syst\u00e8me est divis\u00e9 en deux parties en raison de la taille limit\u00e9e du papier (A4 ou Lettre US).<\/p>\n<p style=\"text-align: justify;\"><strong>Contributions<\/strong> : Les corrections sont parfois propos\u00e9es par les utilisateurs des partitions eux-m\u00eames. N&rsquo;h\u00e9sitez pas \u00e0 signaler toute erreur ou \u00e0 envoyer toute question d&rsquo;ordre \u00e9ditorial \u00e0 notre adresse e-mail de contact.<\/p>\n<h2>Fichiers d&rsquo;errata \u00e0 t\u00e9l\u00e9charger<\/h2>\n<p>(Un fichier par volume)<\/p>\n<p><a href=\"https:\/\/www.organscore.com\/DATA-ERRATA-FILES\/ERRATA-OSC-001-(Bach-Vol-I).pdf\">20\/11\/2023 \u2013 ERRATA-OSC-001-(Bach-Vol-I).pdf<\/a><br \/>\n<a href=\"https:\/\/www.organscore.com\/DATA-ERRATA-FILES\/ERRATA-OSC-002-(Bach-Vol-II).pdf\">01\/09\/2023 \u2013 ERRATA-OSC-002-(Bach-Vol-II).pdf<\/a><br \/>\n<a href=\"https:\/\/www.organscore.com\/DATA-ERRATA-FILES\/ERRATA-OSC-003-(Bach-Vol-III).pdf\">20\/09\/2024 \u2013 ERRATA-OSC-003-(Bach-Vol-III).pdf<\/a><br \/>\n<a href=\"https:\/\/www.organscore.com\/DATA-ERRATA-FILES\/ERRATA-OSC-004-(Bach-Vol-IV).pdf\">03\/06\/2025 \u2013 ERRATA-OSC-004-(Bach-Vol-IV).pdf<\/a><br \/>\n<a href=\"https:\/\/www.organscore.com\/DATA-ERRATA-FILES\/ERRATA-OSC-005-(Bach-Vol-V).pdf\">11\/05\/2022 \u2013 ERRATA-OSC-005-(Bach-Vol-V).pdf<\/a><br \/>\n<a href=\"https:\/\/www.organscore.com\/DATA-ERRATA-FILES\/ERRATA-OSC-006-(Bach-Vol-VI).pdf\">09\/12\/2025 \u2013 ERRATA-OSC-006-(Bach-Vol-VI).pdf<\/a><br \/>\n<a href=\"https:\/\/www.organscore.com\/DATA-ERRATA-FILES\/ERRATA-OSC-007-(Bach-Vol-VII).pdf\">30\/05\/2024 \u2013 ERRATA-OSC-007-(Bach-Vol-VII).pdf<\/a><br \/>\n<a href=\"https:\/\/www.organscore.com\/DATA-ERRATA-FILES\/ERRATA-OSC-008-(Bach-Vol-VIII).pdf\">01\/10\/2024 \u2013 ERRATA-OSC-008-(Bach-Vol-VIII).pdf<\/a><br \/>\n<a href=\"https:\/\/www.organscore.com\/DATA-ERRATA-FILES\/ERRATA-OSC-009-(Bach-Vol-IX).pdf\">31\/03\/2023 \u2013 ERRATA-OSC-009-(Bach-Vol-IX).pdf<\/a><br \/>\n<a href=\"https:\/\/www.organscore.com\/DATA-ERRATA-FILES\/ERRATA-OSC-011-(Buxtehude-Vol-II).pdf\">14\/12\/2024 \u2013 ERRATA-OSC-011-(Buxtehude-Vol-II).pdf<\/a><br \/>\n<a href=\"https:\/\/www.organscore.com\/DATA-ERRATA-FILES\/ERRATA-OSC-012-(Buxtehude-Vol-III).pdf\">05\/09\/2022 \u2013 ERRATA-OSC-012-(Buxtehude-Vol-III).pdf<\/a><br \/>\n<a href=\"https:\/\/www.organscore.com\/DATA-ERRATA-FILES\/ERRATA-OSC-014-(Franck).pdf\">20\/11\/2023 \u2013 ERRATA-OSC-014-(Franck).pdf<\/a><br \/>\n<a href=\"https:\/\/www.organscore.com\/DATA-ERRATA-FILES\/ERRATA-OSC-015-(18-Pieces-Symphoniques).pdf\">03\/05\/2021 \u2013 ERRATA-OSC-015-(18-Pieces-Symphoniques).pdf<\/a><br \/>\n<a href=\"https:\/\/www.organscore.com\/DATA-ERRATA-FILES\/ERRATA-OSC-016-(Vivaldi).pdf\">03\/08\/2024 \u2013 ERRATA-OSC-016-(Vivaldi).pdf<\/a><br \/>\n<a href=\"https:\/\/www.organscore.com\/DATA-ERRATA-FILES\/ERRATA-OSC-017-(Mendelssohn-Vol-I).pdf\">20\/06\/2022 \u2013 ERRATA-OSC-017-(Mendelssohn-Vol-I).pdf<\/a><br \/>\n<a href=\"https:\/\/www.organscore.com\/DATA-ERRATA-FILES\/ERRATA-OSC-020-(Vierne-PF-Vol-II).pdf\">03\/05\/2021 \u2013 ERRATA-OSC-020-(Vierne-PF-Vol-II).pdf<\/a><br \/>\n<a href=\"https:\/\/www.organscore.com\/DATA-ERRATA-FILES\/ERRATA-OSC-021-(Mozart).pdf\">03\/05\/2021 \u2013 ERRATA-OSC-021-(Mozart).pdf<\/a><br \/>\n<a href=\"https:\/\/www.organscore.com\/DATA-ERRATA-FILES\/ERRATA-OSC-022-(Soler).pdf\">03\/05\/2021 \u2013 ERRATA-OSC-022-(Soler).pdf<\/a><br \/>\n<a href=\"https:\/\/www.organscore.com\/DATA-ERRATA-FILES\/ERRATA-OSC-023-(Debussy).pdf\">21\/03\/2022 \u2013 ERRATA-OSC-023-(Debussy).pdf<\/a><br \/>\n<a href=\"https:\/\/www.organscore.com\/DATA-ERRATA-FILES\/ERRATA-OSC-024-(St-Saens-Vol-I).pdf\">14\/12\/2021 \u2013 ERRATA-OSC-024-(St-Saens-Vol-I).pdf<\/a><br \/>\n<a href=\"https:\/\/www.organscore.com\/DATA-ERRATA-FILES\/ERRATA-OSC-026-(Grigny).pdf\">03\/05\/2023 \u2013 ERRATA-OSC-026-(Grigny).pdf<\/a><br \/>\n<a href=\"https:\/\/www.organscore.com\/DATA-ERRATA-FILES\/ERRATA-OSC-035-(Widor-no-5).pdf\">15\/01\/2024 \u2013 ERRATA-OSC-035-(Widor-no-5).pdf<\/a><br \/>\n<a href=\"https:\/\/www.organscore.com\/DATA-ERRATA-FILES\/ERRATA-OSC-036-(Widor-no-6).pdf\">20\/11\/2023 \u2013 ERRATA-OSC-036-(Widor-no-6).pdf<\/a><br \/>\n<a href=\"https:\/\/www.organscore.com\/DATA-ERRATA-FILES\/ERRATA-OSC-042-(Vierne-no-2).pdf\">09\/03\/2026 \u2013 ERRATA-OSC-042-(Vierne-no-2).pdf<\/a><br \/>\n<a href=\"https:\/\/www.organscore.com\/DATA-ERRATA-FILES\/ERRATA-OSC-043-(Vierne-no-3).pdf\">20\/10\/2023 \u2013 ERRATA-OSC-043-(Vierne-no-3).pdf<\/a><\/p>\n","protected":false},"excerpt":{"rendered":"<p>Errata Important : les partitions nouvellement achet\u00e9es sont d\u00e9j\u00e0 corrig\u00e9es (pas besoin d&rsquo;errata) ! Bienvenue sur la page des errata. La perfection n&rsquo;\u00e9tant pas de ce monde, les volumes OrganScore sont sujets \u00e0 des erreurs de texte n\u00e9cessitant des corrections, corrections qui peuvent aussi \u00eatre le\u00a0 le produit de changements ponctuels de choix \u00e9ditoriaux. Celles-ci [&hellip;]<\/p>\n","protected":false},"author":1,"featured_media":0,"parent":0,"menu_order":0,"comment_status":"closed","ping_status":"closed","template":"","meta":{"_monsterinsights_skip_tracking":false,"_monsterinsights_sitenote_active":false,"_monsterinsights_sitenote_note":"","_monsterinsights_sitenote_category":0,"site-sidebar-layout":"default","site-content-layout":"default","ast-site-content-layout":"default","site-content-style":"default","site-sidebar-style":"default","ast-global-header-display":"","ast-banner-title-visibility":"","ast-main-header-display":"","ast-hfb-above-header-display":"","ast-hfb-below-header-display":"","ast-hfb-mobile-header-display":"","site-post-title":"disabled","ast-breadcrumbs-content":"disabled","ast-featured-img":"","footer-sml-layout":"","ast-disable-related-posts":"","theme-transparent-header-meta":"default","adv-header-id-meta":"","stick-header-meta":"default","header-above-stick-meta":"","header-main-stick-meta":"","header-below-stick-meta":"","astra-migrate-meta-layouts":"set","ast-page-background-enabled":"default","ast-page-background-meta":{"desktop":{"background-color":"","background-image":"","background-repeat":"repeat","background-position":"center center","background-size":"auto","background-attachment":"scroll","background-type":"","background-media":"","overlay-type":"","overlay-color":"","overlay-opacity":"","overlay-gradient":""},"tablet":{"background-color":"","background-image":"","background-repeat":"repeat","background-position":"center center","background-size":"auto","background-attachment":"scroll","background-type":"","background-media":"","overlay-type":"","overlay-color":"","overlay-opacity":"","overlay-gradient":""},"mobile":{"background-color":"","background-image":"","background-repeat":"repeat","background-position":"center center","background-size":"auto","background-attachment":"scroll","background-type":"","background-media":"","overlay-type":"","overlay-color":"","overlay-opacity":"","overlay-gradient":""}},"ast-content-background-meta":{"desktop":{"background-color":"var(--ast-global-color-5)","background-image":"","background-repeat":"repeat","background-position":"center center","background-size":"auto","background-attachment":"scroll","background-type":"","background-media":"","overlay-type":"","overlay-color":"","overlay-opacity":"","overlay-gradient":""},"tablet":{"background-color":"var(--ast-global-color-5)","background-image":"","background-repeat":"repeat","background-position":"center center","background-size":"auto","background-attachment":"scroll","background-type":"","background-media":"","overlay-type":"","overlay-color":"","overlay-opacity":"","overlay-gradient":""},"mobile":{"background-color":"var(--ast-global-color-5)","background-image":"","background-repeat":"repeat","background-position":"center center","background-size":"auto","background-attachment":"scroll","background-type":"","background-media":"","overlay-type":"","overlay-color":"","overlay-opacity":"","overlay-gradient":""}},"footnotes":""},"class_list":["post-5208","page","type-page","status-publish","hentry"],"yoast_head":"<!-- This site is optimized with the Yoast SEO plugin v27.3 - https:\/\/yoast.com\/product\/yoast-seo-wordpress\/ -->\n<title>Errata - OrganScore<\/title>\n<meta name=\"description\" content=\"Errata et corrections OrganScore sous forme de fichiers pdf \u00e0 t\u00e9l\u00e9charger. Votre partition peut \u00eatre corrig\u00e9e \u00e0 la main ou par copier-coller.\" \/>\n<meta name=\"robots\" content=\"index, follow, max-snippet:-1, max-image-preview:large, max-video-preview:-1\" \/>\n<link rel=\"canonical\" href=\"https:\/\/www.organscore.com\/fr\/errata\/\" \/>\n<meta property=\"og:locale\" content=\"fr_FR\" \/>\n<meta property=\"og:type\" content=\"article\" \/>\n<meta property=\"og:title\" content=\"Errata - OrganScore\" \/>\n<meta property=\"og:description\" content=\"Errata et corrections OrganScore sous forme de fichiers pdf \u00e0 t\u00e9l\u00e9charger. Votre partition peut \u00eatre corrig\u00e9e \u00e0 la main ou par copier-coller.\" \/>\n<meta property=\"og:url\" content=\"https:\/\/www.organscore.com\/fr\/errata\/\" \/>\n<meta property=\"og:site_name\" content=\"OrganScore\" \/>\n<meta property=\"article:modified_time\" content=\"2026-03-09T22:42:04+00:00\" \/>\n<meta property=\"og:image\" content=\"https:\/\/www.organscore.com\/wp-content\/uploads\/2022\/04\/Correction-Kit-Example-French.jpg\" \/>\n\t<meta property=\"og:image:width\" content=\"1987\" \/>\n\t<meta property=\"og:image:height\" content=\"1165\" \/>\n\t<meta property=\"og:image:type\" content=\"image\/jpeg\" \/>\n<meta name=\"twitter:card\" content=\"summary_large_image\" \/>\n<meta name=\"twitter:label1\" content=\"Dur\u00e9e de lecture estim\u00e9e\" \/>\n\t<meta name=\"twitter:data1\" content=\"2 minutes\" \/>\n<script type=\"application\/ld+json\" class=\"yoast-schema-graph\">{\"@context\":\"https:\\\/\\\/schema.org\",\"@graph\":[{\"@type\":\"WebPage\",\"@id\":\"https:\\\/\\\/www.organscore.com\\\/fr\\\/errata\\\/\",\"url\":\"https:\\\/\\\/www.organscore.com\\\/fr\\\/errata\\\/\",\"name\":\"Errata - OrganScore\",\"isPartOf\":{\"@id\":\"https:\\\/\\\/www.organscore.com\\\/#website\"},\"primaryImageOfPage\":{\"@id\":\"https:\\\/\\\/www.organscore.com\\\/fr\\\/errata\\\/#primaryimage\"},\"image\":{\"@id\":\"https:\\\/\\\/www.organscore.com\\\/fr\\\/errata\\\/#primaryimage\"},\"thumbnailUrl\":\"https:\\\/\\\/www.organscore.com\\\/wp-content\\\/uploads\\\/2022\\\/04\\\/Correction-Kit-Example-French-1024x600.jpg\",\"datePublished\":\"2021-07-30T09:22:10+00:00\",\"dateModified\":\"2026-03-09T22:42:04+00:00\",\"description\":\"Errata et corrections OrganScore sous forme de fichiers pdf \u00e0 t\u00e9l\u00e9charger. Votre partition peut \u00eatre corrig\u00e9e \u00e0 la main ou par copier-coller.\",\"breadcrumb\":{\"@id\":\"https:\\\/\\\/www.organscore.com\\\/fr\\\/errata\\\/#breadcrumb\"},\"inLanguage\":\"fr-FR\",\"potentialAction\":[{\"@type\":\"ReadAction\",\"target\":[\"https:\\\/\\\/www.organscore.com\\\/fr\\\/errata\\\/\"]}]},{\"@type\":\"ImageObject\",\"inLanguage\":\"fr-FR\",\"@id\":\"https:\\\/\\\/www.organscore.com\\\/fr\\\/errata\\\/#primaryimage\",\"url\":\"https:\\\/\\\/www.organscore.com\\\/wp-content\\\/uploads\\\/2022\\\/04\\\/Correction-Kit-Example-French-1024x600.jpg\",\"contentUrl\":\"https:\\\/\\\/www.organscore.com\\\/wp-content\\\/uploads\\\/2022\\\/04\\\/Correction-Kit-Example-French-1024x600.jpg\"},{\"@type\":\"BreadcrumbList\",\"@id\":\"https:\\\/\\\/www.organscore.com\\\/fr\\\/errata\\\/#breadcrumb\",\"itemListElement\":[{\"@type\":\"ListItem\",\"position\":1,\"name\":\"Home\",\"item\":\"https:\\\/\\\/www.organscore.com\\\/fr\\\/\"},{\"@type\":\"ListItem\",\"position\":2,\"name\":\"Errata\"}]},{\"@type\":\"WebSite\",\"@id\":\"https:\\\/\\\/www.organscore.com\\\/#website\",\"url\":\"https:\\\/\\\/www.organscore.com\\\/\",\"name\":\"OrganScore\",\"description\":\"The Practical Score for Organists\",\"publisher\":{\"@id\":\"https:\\\/\\\/www.organscore.com\\\/#organization\"},\"potentialAction\":[{\"@type\":\"SearchAction\",\"target\":{\"@type\":\"EntryPoint\",\"urlTemplate\":\"https:\\\/\\\/www.organscore.com\\\/?s={search_term_string}\"},\"query-input\":{\"@type\":\"PropertyValueSpecification\",\"valueRequired\":true,\"valueName\":\"search_term_string\"}}],\"inLanguage\":\"fr-FR\"},{\"@type\":\"Organization\",\"@id\":\"https:\\\/\\\/www.organscore.com\\\/#organization\",\"name\":\"OrganScore\",\"url\":\"https:\\\/\\\/www.organscore.com\\\/\",\"logo\":{\"@type\":\"ImageObject\",\"inLanguage\":\"fr-FR\",\"@id\":\"https:\\\/\\\/www.organscore.com\\\/#\\\/schema\\\/logo\\\/image\\\/\",\"url\":\"https:\\\/\\\/www.organscore.com\\\/wp-content\\\/uploads\\\/2018\\\/09\\\/organscore-logo-0153bf-h142px-shaded.png\",\"contentUrl\":\"https:\\\/\\\/www.organscore.com\\\/wp-content\\\/uploads\\\/2018\\\/09\\\/organscore-logo-0153bf-h142px-shaded.png\",\"width\":434,\"height\":142,\"caption\":\"OrganScore\"},\"image\":{\"@id\":\"https:\\\/\\\/www.organscore.com\\\/#\\\/schema\\\/logo\\\/image\\\/\"},\"sameAs\":[\"https:\\\/\\\/www.youtube.com\\\/user\\\/organopleno2000\"]}]}<\/script>\n<!-- \/ Yoast SEO plugin. -->","yoast_head_json":{"title":"Errata - OrganScore","description":"Errata et corrections OrganScore sous forme de fichiers pdf \u00e0 t\u00e9l\u00e9charger. Votre partition peut \u00eatre corrig\u00e9e \u00e0 la main ou par copier-coller.","robots":{"index":"index","follow":"follow","max-snippet":"max-snippet:-1","max-image-preview":"max-image-preview:large","max-video-preview":"max-video-preview:-1"},"canonical":"https:\/\/www.organscore.com\/fr\/errata\/","og_locale":"fr_FR","og_type":"article","og_title":"Errata - OrganScore","og_description":"Errata et corrections OrganScore sous forme de fichiers pdf \u00e0 t\u00e9l\u00e9charger. Votre partition peut \u00eatre corrig\u00e9e \u00e0 la main ou par copier-coller.","og_url":"https:\/\/www.organscore.com\/fr\/errata\/","og_site_name":"OrganScore","article_modified_time":"2026-03-09T22:42:04+00:00","og_image":[{"width":1987,"height":1165,"url":"https:\/\/www.organscore.com\/wp-content\/uploads\/2022\/04\/Correction-Kit-Example-French.jpg","type":"image\/jpeg"}],"twitter_card":"summary_large_image","twitter_misc":{"Dur\u00e9e de lecture estim\u00e9e":"2 minutes"},"schema":{"@context":"https:\/\/schema.org","@graph":[{"@type":"WebPage","@id":"https:\/\/www.organscore.com\/fr\/errata\/","url":"https:\/\/www.organscore.com\/fr\/errata\/","name":"Errata - OrganScore","isPartOf":{"@id":"https:\/\/www.organscore.com\/#website"},"primaryImageOfPage":{"@id":"https:\/\/www.organscore.com\/fr\/errata\/#primaryimage"},"image":{"@id":"https:\/\/www.organscore.com\/fr\/errata\/#primaryimage"},"thumbnailUrl":"https:\/\/www.organscore.com\/wp-content\/uploads\/2022\/04\/Correction-Kit-Example-French-1024x600.jpg","datePublished":"2021-07-30T09:22:10+00:00","dateModified":"2026-03-09T22:42:04+00:00","description":"Errata et corrections OrganScore sous forme de fichiers pdf \u00e0 t\u00e9l\u00e9charger. Votre partition peut \u00eatre corrig\u00e9e \u00e0 la main ou par copier-coller.","breadcrumb":{"@id":"https:\/\/www.organscore.com\/fr\/errata\/#breadcrumb"},"inLanguage":"fr-FR","potentialAction":[{"@type":"ReadAction","target":["https:\/\/www.organscore.com\/fr\/errata\/"]}]},{"@type":"ImageObject","inLanguage":"fr-FR","@id":"https:\/\/www.organscore.com\/fr\/errata\/#primaryimage","url":"https:\/\/www.organscore.com\/wp-content\/uploads\/2022\/04\/Correction-Kit-Example-French-1024x600.jpg","contentUrl":"https:\/\/www.organscore.com\/wp-content\/uploads\/2022\/04\/Correction-Kit-Example-French-1024x600.jpg"},{"@type":"BreadcrumbList","@id":"https:\/\/www.organscore.com\/fr\/errata\/#breadcrumb","itemListElement":[{"@type":"ListItem","position":1,"name":"Home","item":"https:\/\/www.organscore.com\/fr\/"},{"@type":"ListItem","position":2,"name":"Errata"}]},{"@type":"WebSite","@id":"https:\/\/www.organscore.com\/#website","url":"https:\/\/www.organscore.com\/","name":"OrganScore","description":"The Practical Score for Organists","publisher":{"@id":"https:\/\/www.organscore.com\/#organization"},"potentialAction":[{"@type":"SearchAction","target":{"@type":"EntryPoint","urlTemplate":"https:\/\/www.organscore.com\/?s={search_term_string}"},"query-input":{"@type":"PropertyValueSpecification","valueRequired":true,"valueName":"search_term_string"}}],"inLanguage":"fr-FR"},{"@type":"Organization","@id":"https:\/\/www.organscore.com\/#organization","name":"OrganScore","url":"https:\/\/www.organscore.com\/","logo":{"@type":"ImageObject","inLanguage":"fr-FR","@id":"https:\/\/www.organscore.com\/#\/schema\/logo\/image\/","url":"https:\/\/www.organscore.com\/wp-content\/uploads\/2018\/09\/organscore-logo-0153bf-h142px-shaded.png","contentUrl":"https:\/\/www.organscore.com\/wp-content\/uploads\/2018\/09\/organscore-logo-0153bf-h142px-shaded.png","width":434,"height":142,"caption":"OrganScore"},"image":{"@id":"https:\/\/www.organscore.com\/#\/schema\/logo\/image\/"},"sameAs":["https:\/\/www.youtube.com\/user\/organopleno2000"]}]}},"_links":{"self":[{"href":"https:\/\/www.organscore.com\/fr\/wp-json\/wp\/v2\/pages\/5208","targetHints":{"allow":["GET"]}}],"collection":[{"href":"https:\/\/www.organscore.com\/fr\/wp-json\/wp\/v2\/pages"}],"about":[{"href":"https:\/\/www.organscore.com\/fr\/wp-json\/wp\/v2\/types\/page"}],"author":[{"embeddable":true,"href":"https:\/\/www.organscore.com\/fr\/wp-json\/wp\/v2\/users\/1"}],"replies":[{"embeddable":true,"href":"https:\/\/www.organscore.com\/fr\/wp-json\/wp\/v2\/comments?post=5208"}],"version-history":[{"count":7,"href":"https:\/\/www.organscore.com\/fr\/wp-json\/wp\/v2\/pages\/5208\/revisions"}],"predecessor-version":[{"id":7100,"href":"https:\/\/www.organscore.com\/fr\/wp-json\/wp\/v2\/pages\/5208\/revisions\/7100"}],"wp:attachment":[{"href":"https:\/\/www.organscore.com\/fr\/wp-json\/wp\/v2\/media?parent=5208"}],"curies":[{"name":"wp","href":"https:\/\/api.w.org\/{rel}","templated":true}]}}