{"id":5168,"date":"2021-07-29T21:04:36","date_gmt":"2021-07-29T19:04:36","guid":{"rendered":"https:\/\/www.organscore.com\/?page_id=5168"},"modified":"2026-02-27T17:57:28","modified_gmt":"2026-02-27T16:57:28","slug":"offertoires-grands-jeux-classiques-francais","status":"publish","type":"page","link":"https:\/\/www.organscore.com\/fr\/offertoires-grands-jeux-classiques-francais\/","title":{"rendered":"Offertoires et \u00ab\u00a0Grands Jeux\u00a0\u00bb Classiques Fran\u00e7ais"},"content":{"rendered":"<h1 style=\"text-align: center;\">Offertoires &amp; \u00abGrands Jeux\u00bb Classiques Fran\u00e7ais<\/h1>\n<p style=\"text-align: justify;\">Le r\u00e9pertoire de l&rsquo;orgue fran\u00e7ais des 17\u00e8me et 18\u00e8me si\u00e8cles est riche d&rsquo;un important corpus d&rsquo;\u0153uvres pr\u00e9sent\u00e9es sous la forme de \u00ab\u00a0Livres d&rsquo;Orgue\u00a0\u00bb. Les Livres d&rsquo;Orgue consistent g\u00e9n\u00e9ralement en des pi\u00e8ces relativement courtes (pleins-jeux, r\u00e9cits en dessus, basse ou taille, duos, trios, dialogues, etc.) dont la fonction est de remplacer certains versets des chants de la liturgie catholique (Kyrie, Gloria, Sanctus, Agnus Dei, Magnificat, etc.). Une exception toutefois : les offertoires. Cette partie de la messe \u00e9tant plus longue, les organistes avaient le loisir d&rsquo;y proposer des pi\u00e8ces d&rsquo;orgue plus d\u00e9velopp\u00e9es, ordinairement \u00ab\u00a0sur les grands jeux\u00a0\u00bb.<\/p>\n<p style=\"text-align: justify;\">De nos jours les \u00ab\u00a0offertoires\u00a0\u00bb conviennent \u00e9galement pour d&rsquo;autres occasions, telles que les sorties de messes, sans parler des places de choix qu&rsquo;elles peuvent avoir aux programmes de concerts. Il \u00e9tait donc pertinent de proposer une anthologie OrganScore consacr\u00e9e \u00e0 ces pi\u00e8ces brillantes. Mais n&rsquo;y mettre que les offertoires e\u00fbt \u00e9videmment \u00e9t\u00e9 trop limit\u00e9. D&rsquo;autres pi\u00e8ces du m\u00eame caract\u00e8re (\u00ab\u00a0dialogues\u00a0\u00bb, \u00ab\u00a0symphonies\u00a0\u00bb, \u00ab\u00a0ouvertures\u00a0\u00bb, \u00ab\u00a0concertos\u00a0\u00bb etc.) y m\u00e9ritaient aussi une place. Trois volumes sont alors n\u00e9cessaires pour offrir une s\u00e9lection int\u00e9ressante sur une p\u00e9riode allant de la fin du XVII\u00e8me si\u00e8cle au tout d\u00e9but du XIX\u00e8me si\u00e8cle. Les compositeurs y sont r\u00e9partis selon un ordre chronologique approximatif.<\/p>\n<p style=\"text-align: justify;\">Ces trois volumes permettront \u00e0 l&rsquo;organiste de choisir facilement des pi\u00e8ces \u00ab\u00a0sur les grands jeux\u00a0\u00bb \u00e0 son go\u00fbt sans avoir \u00e0 consulter une multitude de \u00ab\u00a0Livres d&rsquo;Orgue\u00a0\u00bb. Chaque pi\u00e8ce s&rsquo;\u00e9tend sur une, deux, trois, au maximum quatre pages, ce qui dans ce cas r\u00e9sulte en une seule page \u00e0 tourner.<\/p>\n<p style=\"text-align: justify;\">L&rsquo;ensemble des trois volumes contient <strong>130 pi\u00e8ces d&rsquo;orgue<\/strong>.<\/p>\n<p style=\"text-align: center;\"><a href=\"https:\/\/www.organscore.com\/fr\/produit\/offertoires-dialogues-grands-jeux-classiques-francais-vol-i\/\"><strong>VOLUME I<\/strong><\/a><br \/>\nGuillaume-Gabriel Nivers (1632-1714), Nicolas Leb\u00e8gue (1631-1702), Andr\u00e9 Raison (1640-1719), Gilles Jullien (1653-1703), Charles Pyroie (~1665-~1730), Fran\u00e7ois Couperin (1668-1733)<a href=\"https:\/\/www.organscore.com\/fr\/produit\/offertoires-dialogues-grands-jeux-classiques-francais-vol-i\/\"><img loading=\"lazy\" decoding=\"async\" class=\"size-medium wp-image-5111 aligncenter\" src=\"https:\/\/www.organscore.com\/wp-content\/uploads\/2021\/06\/Cover_27a-300x238.jpg\" alt=\"\" width=\"300\" height=\"238\" srcset=\"https:\/\/www.organscore.com\/wp-content\/uploads\/2021\/06\/Cover_27a-300x238.jpg 300w, https:\/\/www.organscore.com\/wp-content\/uploads\/2021\/06\/Cover_27a-600x476.jpg 600w, https:\/\/www.organscore.com\/wp-content\/uploads\/2021\/06\/Cover_27a-1024x812.jpg 1024w, https:\/\/www.organscore.com\/wp-content\/uploads\/2021\/06\/Cover_27a-768x609.jpg 768w, https:\/\/www.organscore.com\/wp-content\/uploads\/2021\/06\/Cover_27a.jpg 1100w\" sizes=\"auto, (max-width: 300px) 100vw, 300px\" \/><\/a><br \/>\n<a href=\"https:\/\/www.organscore.com\/fr\/produit\/offertoires-dialogues-grands-jeux-classiques-francais-vol-ii\/\"><strong>VOLUME II<\/strong><\/a><br \/>\nJean\u2010Adam Guilain (1680\u20101734), Matthieu Lanes (1660\u20101725), Jacques Boyvin (1649\u20101706), Louis Marchand (1669-1732), Pierre du Mage (1674\u20101751), Louis\u2010Nicolas Cl\u00e9rambault (1676\u20101749), Jean\u2010Fran\u00e7ois Dandrieu (1682\u20101738), Michel Corrette (1707\u20101795).<a href=\"https:\/\/www.organscore.com\/fr\/produit\/offertoires-dialogues-grands-jeux-classiques-francais-vol-ii\/\"><img loading=\"lazy\" decoding=\"async\" class=\"size-medium wp-image-5112 aligncenter\" src=\"https:\/\/www.organscore.com\/wp-content\/uploads\/2021\/06\/Cover_28a-300x238.jpg\" alt=\"\" width=\"300\" height=\"238\" srcset=\"https:\/\/www.organscore.com\/wp-content\/uploads\/2021\/06\/Cover_28a-300x238.jpg 300w, https:\/\/www.organscore.com\/wp-content\/uploads\/2021\/06\/Cover_28a-600x476.jpg 600w, https:\/\/www.organscore.com\/wp-content\/uploads\/2021\/06\/Cover_28a-1024x812.jpg 1024w, https:\/\/www.organscore.com\/wp-content\/uploads\/2021\/06\/Cover_28a-768x609.jpg 768w, https:\/\/www.organscore.com\/wp-content\/uploads\/2021\/06\/Cover_28a.jpg 1100w\" sizes=\"auto, (max-width: 300px) 100vw, 300px\" \/><\/a><\/p>\n<p style=\"text-align: center;\"><a href=\"https:\/\/www.organscore.com\/fr\/produit\/offertoires-dialogues-grands-jeux-classiques-francais-vol-iii\/\"><strong>VOLUME III<\/strong><\/a><br \/>\nClaude Balbastre (1724\u20101799), Jean\u2010Jacques Beauvarlet\u2010Charpentier (1734\u20101794), Josse Benaut (1741\u20101794), Guillaume Lasceux (1740\u20101831).<br \/>\n<a href=\"https:\/\/www.organscore.com\/fr\/produit\/offertoires-dialogues-grands-jeux-classiques-francais-vol-iii\/\"><img loading=\"lazy\" decoding=\"async\" class=\"size-medium wp-image-5114 aligncenter\" src=\"https:\/\/www.organscore.com\/wp-content\/uploads\/2021\/06\/Cover_29a-300x238.jpg\" alt=\"\" width=\"300\" height=\"238\" srcset=\"https:\/\/www.organscore.com\/wp-content\/uploads\/2021\/06\/Cover_29a-300x238.jpg 300w, https:\/\/www.organscore.com\/wp-content\/uploads\/2021\/06\/Cover_29a-600x476.jpg 600w, https:\/\/www.organscore.com\/wp-content\/uploads\/2021\/06\/Cover_29a-1024x812.jpg 1024w, https:\/\/www.organscore.com\/wp-content\/uploads\/2021\/06\/Cover_29a-768x609.jpg 768w, https:\/\/www.organscore.com\/wp-content\/uploads\/2021\/06\/Cover_29a.jpg 1100w\" sizes=\"auto, (max-width: 300px) 100vw, 300px\" \/><\/a><\/p>\n","protected":false},"excerpt":{"rendered":"<p>Offertoires &amp; \u00abGrands Jeux\u00bb Classiques Fran\u00e7ais Le r\u00e9pertoire de l&rsquo;orgue fran\u00e7ais des 17\u00e8me et 18\u00e8me si\u00e8cles est riche d&rsquo;un important corpus d&rsquo;\u0153uvres pr\u00e9sent\u00e9es sous la forme de \u00ab\u00a0Livres d&rsquo;Orgue\u00a0\u00bb. Les Livres d&rsquo;Orgue consistent g\u00e9n\u00e9ralement en des pi\u00e8ces relativement courtes (pleins-jeux, r\u00e9cits en dessus, basse ou taille, duos, trios, dialogues, etc.) dont la fonction est de [&hellip;]<\/p>\n","protected":false},"author":1,"featured_media":0,"parent":0,"menu_order":0,"comment_status":"closed","ping_status":"closed","template":"","meta":{"_monsterinsights_skip_tracking":false,"_monsterinsights_sitenote_active":false,"_monsterinsights_sitenote_note":"","_monsterinsights_sitenote_category":0,"site-sidebar-layout":"default","site-content-layout":"default","ast-site-content-layout":"default","site-content-style":"default","site-sidebar-style":"default","ast-global-header-display":"","ast-banner-title-visibility":"","ast-main-header-display":"","ast-hfb-above-header-display":"","ast-hfb-below-header-display":"","ast-hfb-mobile-header-display":"","site-post-title":"","ast-breadcrumbs-content":"","ast-featured-img":"","footer-sml-layout":"","ast-disable-related-posts":"","theme-transparent-header-meta":"default","adv-header-id-meta":"","stick-header-meta":"default","header-above-stick-meta":"","header-main-stick-meta":"","header-below-stick-meta":"","astra-migrate-meta-layouts":"set","ast-page-background-enabled":"default","ast-page-background-meta":{"desktop":{"background-color":"","background-image":"","background-repeat":"repeat","background-position":"center center","background-size":"auto","background-attachment":"scroll","background-type":"","background-media":"","overlay-type":"","overlay-color":"","overlay-opacity":"","overlay-gradient":""},"tablet":{"background-color":"","background-image":"","background-repeat":"repeat","background-position":"center center","background-size":"auto","background-attachment":"scroll","background-type":"","background-media":"","overlay-type":"","overlay-color":"","overlay-opacity":"","overlay-gradient":""},"mobile":{"background-color":"","background-image":"","background-repeat":"repeat","background-position":"center center","background-size":"auto","background-attachment":"scroll","background-type":"","background-media":"","overlay-type":"","overlay-color":"","overlay-opacity":"","overlay-gradient":""}},"ast-content-background-meta":{"desktop":{"background-color":"var(--ast-global-color-5)","background-image":"","background-repeat":"repeat","background-position":"center center","background-size":"auto","background-attachment":"scroll","background-type":"","background-media":"","overlay-type":"","overlay-color":"","overlay-opacity":"","overlay-gradient":""},"tablet":{"background-color":"var(--ast-global-color-5)","background-image":"","background-repeat":"repeat","background-position":"center center","background-size":"auto","background-attachment":"scroll","background-type":"","background-media":"","overlay-type":"","overlay-color":"","overlay-opacity":"","overlay-gradient":""},"mobile":{"background-color":"var(--ast-global-color-5)","background-image":"","background-repeat":"repeat","background-position":"center center","background-size":"auto","background-attachment":"scroll","background-type":"","background-media":"","overlay-type":"","overlay-color":"","overlay-opacity":"","overlay-gradient":""}},"footnotes":""},"class_list":["post-5168","page","type-page","status-publish","hentry"],"yoast_head":"<!-- This site is optimized with the Yoast SEO plugin v27.4 - https:\/\/yoast.com\/product\/yoast-seo-wordpress\/ -->\n<title>Offertoires et \u00ab\u00a0Grands Jeux\u00a0\u00bb Classiques Fran\u00e7ais - OrganScore<\/title>\n<meta name=\"description\" content=\"OrganScore propose une s\u00e9lections d&#039;offertoires et de pi\u00e8ces sur les grands jeux de l&#039;orgue classique fran\u00e7ais en trois volumes.\" \/>\n<meta name=\"robots\" content=\"index, follow, max-snippet:-1, max-image-preview:large, max-video-preview:-1\" \/>\n<link rel=\"canonical\" href=\"https:\/\/www.organscore.com\/fr\/offertoires-grands-jeux-classiques-francais\/\" \/>\n<meta property=\"og:locale\" content=\"fr_FR\" \/>\n<meta property=\"og:type\" content=\"article\" \/>\n<meta property=\"og:title\" content=\"Offertoires et \u00ab\u00a0Grands Jeux\u00a0\u00bb Classiques Fran\u00e7ais - OrganScore\" \/>\n<meta property=\"og:description\" content=\"OrganScore propose une s\u00e9lections d&#039;offertoires et de pi\u00e8ces sur les grands jeux de l&#039;orgue classique fran\u00e7ais en trois volumes.\" \/>\n<meta property=\"og:url\" content=\"https:\/\/www.organscore.com\/fr\/offertoires-grands-jeux-classiques-francais\/\" \/>\n<meta property=\"og:site_name\" content=\"OrganScore\" \/>\n<meta property=\"article:modified_time\" content=\"2026-02-27T16:57:28+00:00\" \/>\n<meta property=\"og:image\" content=\"https:\/\/www.organscore.com\/wp-content\/uploads\/2021\/06\/Cover_27a.jpg\" \/>\n\t<meta property=\"og:image:width\" content=\"1100\" \/>\n\t<meta property=\"og:image:height\" content=\"872\" \/>\n\t<meta property=\"og:image:type\" content=\"image\/jpeg\" \/>\n<meta name=\"twitter:card\" content=\"summary_large_image\" \/>\n<meta name=\"twitter:label1\" content=\"Dur\u00e9e de lecture estim\u00e9e\" \/>\n\t<meta name=\"twitter:data1\" content=\"3 minutes\" \/>\n<script type=\"application\/ld+json\" class=\"yoast-schema-graph\">{\"@context\":\"https:\\\/\\\/schema.org\",\"@graph\":[{\"@type\":\"WebPage\",\"@id\":\"https:\\\/\\\/www.organscore.com\\\/fr\\\/offertoires-grands-jeux-classiques-francais\\\/\",\"url\":\"https:\\\/\\\/www.organscore.com\\\/fr\\\/offertoires-grands-jeux-classiques-francais\\\/\",\"name\":\"Offertoires et \u00ab\u00a0Grands Jeux\u00a0\u00bb Classiques Fran\u00e7ais - OrganScore\",\"isPartOf\":{\"@id\":\"https:\\\/\\\/www.organscore.com\\\/#website\"},\"primaryImageOfPage\":{\"@id\":\"https:\\\/\\\/www.organscore.com\\\/fr\\\/offertoires-grands-jeux-classiques-francais\\\/#primaryimage\"},\"image\":{\"@id\":\"https:\\\/\\\/www.organscore.com\\\/fr\\\/offertoires-grands-jeux-classiques-francais\\\/#primaryimage\"},\"thumbnailUrl\":\"https:\\\/\\\/www.organscore.com\\\/wp-content\\\/uploads\\\/2021\\\/06\\\/Cover_27a-300x238.jpg\",\"datePublished\":\"2021-07-29T19:04:36+00:00\",\"dateModified\":\"2026-02-27T16:57:28+00:00\",\"description\":\"OrganScore propose une s\u00e9lections d'offertoires et de pi\u00e8ces sur les grands jeux de l'orgue classique fran\u00e7ais en trois volumes.\",\"breadcrumb\":{\"@id\":\"https:\\\/\\\/www.organscore.com\\\/fr\\\/offertoires-grands-jeux-classiques-francais\\\/#breadcrumb\"},\"inLanguage\":\"fr-FR\",\"potentialAction\":[{\"@type\":\"ReadAction\",\"target\":[\"https:\\\/\\\/www.organscore.com\\\/fr\\\/offertoires-grands-jeux-classiques-francais\\\/\"]}]},{\"@type\":\"ImageObject\",\"inLanguage\":\"fr-FR\",\"@id\":\"https:\\\/\\\/www.organscore.com\\\/fr\\\/offertoires-grands-jeux-classiques-francais\\\/#primaryimage\",\"url\":\"https:\\\/\\\/www.organscore.com\\\/wp-content\\\/uploads\\\/2021\\\/06\\\/Cover_27a-300x238.jpg\",\"contentUrl\":\"https:\\\/\\\/www.organscore.com\\\/wp-content\\\/uploads\\\/2021\\\/06\\\/Cover_27a-300x238.jpg\"},{\"@type\":\"BreadcrumbList\",\"@id\":\"https:\\\/\\\/www.organscore.com\\\/fr\\\/offertoires-grands-jeux-classiques-francais\\\/#breadcrumb\",\"itemListElement\":[{\"@type\":\"ListItem\",\"position\":1,\"name\":\"Home\",\"item\":\"https:\\\/\\\/www.organscore.com\\\/fr\\\/\"},{\"@type\":\"ListItem\",\"position\":2,\"name\":\"Offertoires et \u00ab\u00a0Grands Jeux\u00a0\u00bb Classiques Fran\u00e7ais\"}]},{\"@type\":\"WebSite\",\"@id\":\"https:\\\/\\\/www.organscore.com\\\/#website\",\"url\":\"https:\\\/\\\/www.organscore.com\\\/\",\"name\":\"OrganScore\",\"description\":\"The Practical Score for Organists\",\"publisher\":{\"@id\":\"https:\\\/\\\/www.organscore.com\\\/#organization\"},\"potentialAction\":[{\"@type\":\"SearchAction\",\"target\":{\"@type\":\"EntryPoint\",\"urlTemplate\":\"https:\\\/\\\/www.organscore.com\\\/?s={search_term_string}\"},\"query-input\":{\"@type\":\"PropertyValueSpecification\",\"valueRequired\":true,\"valueName\":\"search_term_string\"}}],\"inLanguage\":\"fr-FR\"},{\"@type\":\"Organization\",\"@id\":\"https:\\\/\\\/www.organscore.com\\\/#organization\",\"name\":\"OrganScore\",\"url\":\"https:\\\/\\\/www.organscore.com\\\/\",\"logo\":{\"@type\":\"ImageObject\",\"inLanguage\":\"fr-FR\",\"@id\":\"https:\\\/\\\/www.organscore.com\\\/#\\\/schema\\\/logo\\\/image\\\/\",\"url\":\"https:\\\/\\\/www.organscore.com\\\/wp-content\\\/uploads\\\/2018\\\/09\\\/organscore-logo-0153bf-h142px-shaded.png\",\"contentUrl\":\"https:\\\/\\\/www.organscore.com\\\/wp-content\\\/uploads\\\/2018\\\/09\\\/organscore-logo-0153bf-h142px-shaded.png\",\"width\":434,\"height\":142,\"caption\":\"OrganScore\"},\"image\":{\"@id\":\"https:\\\/\\\/www.organscore.com\\\/#\\\/schema\\\/logo\\\/image\\\/\"},\"sameAs\":[\"https:\\\/\\\/www.youtube.com\\\/user\\\/organopleno2000\"]}]}<\/script>\n<!-- \/ Yoast SEO plugin. -->","yoast_head_json":{"title":"Offertoires et \u00ab\u00a0Grands Jeux\u00a0\u00bb Classiques Fran\u00e7ais - OrganScore","description":"OrganScore propose une s\u00e9lections d'offertoires et de pi\u00e8ces sur les grands jeux de l'orgue classique fran\u00e7ais en trois volumes.","robots":{"index":"index","follow":"follow","max-snippet":"max-snippet:-1","max-image-preview":"max-image-preview:large","max-video-preview":"max-video-preview:-1"},"canonical":"https:\/\/www.organscore.com\/fr\/offertoires-grands-jeux-classiques-francais\/","og_locale":"fr_FR","og_type":"article","og_title":"Offertoires et \u00ab\u00a0Grands Jeux\u00a0\u00bb Classiques Fran\u00e7ais - OrganScore","og_description":"OrganScore propose une s\u00e9lections d'offertoires et de pi\u00e8ces sur les grands jeux de l'orgue classique fran\u00e7ais en trois volumes.","og_url":"https:\/\/www.organscore.com\/fr\/offertoires-grands-jeux-classiques-francais\/","og_site_name":"OrganScore","article_modified_time":"2026-02-27T16:57:28+00:00","og_image":[{"width":1100,"height":872,"url":"https:\/\/www.organscore.com\/wp-content\/uploads\/2021\/06\/Cover_27a.jpg","type":"image\/jpeg"}],"twitter_card":"summary_large_image","twitter_misc":{"Dur\u00e9e de lecture estim\u00e9e":"3 minutes"},"schema":{"@context":"https:\/\/schema.org","@graph":[{"@type":"WebPage","@id":"https:\/\/www.organscore.com\/fr\/offertoires-grands-jeux-classiques-francais\/","url":"https:\/\/www.organscore.com\/fr\/offertoires-grands-jeux-classiques-francais\/","name":"Offertoires et \u00ab\u00a0Grands Jeux\u00a0\u00bb Classiques Fran\u00e7ais - OrganScore","isPartOf":{"@id":"https:\/\/www.organscore.com\/#website"},"primaryImageOfPage":{"@id":"https:\/\/www.organscore.com\/fr\/offertoires-grands-jeux-classiques-francais\/#primaryimage"},"image":{"@id":"https:\/\/www.organscore.com\/fr\/offertoires-grands-jeux-classiques-francais\/#primaryimage"},"thumbnailUrl":"https:\/\/www.organscore.com\/wp-content\/uploads\/2021\/06\/Cover_27a-300x238.jpg","datePublished":"2021-07-29T19:04:36+00:00","dateModified":"2026-02-27T16:57:28+00:00","description":"OrganScore propose une s\u00e9lections d'offertoires et de pi\u00e8ces sur les grands jeux de l'orgue classique fran\u00e7ais en trois volumes.","breadcrumb":{"@id":"https:\/\/www.organscore.com\/fr\/offertoires-grands-jeux-classiques-francais\/#breadcrumb"},"inLanguage":"fr-FR","potentialAction":[{"@type":"ReadAction","target":["https:\/\/www.organscore.com\/fr\/offertoires-grands-jeux-classiques-francais\/"]}]},{"@type":"ImageObject","inLanguage":"fr-FR","@id":"https:\/\/www.organscore.com\/fr\/offertoires-grands-jeux-classiques-francais\/#primaryimage","url":"https:\/\/www.organscore.com\/wp-content\/uploads\/2021\/06\/Cover_27a-300x238.jpg","contentUrl":"https:\/\/www.organscore.com\/wp-content\/uploads\/2021\/06\/Cover_27a-300x238.jpg"},{"@type":"BreadcrumbList","@id":"https:\/\/www.organscore.com\/fr\/offertoires-grands-jeux-classiques-francais\/#breadcrumb","itemListElement":[{"@type":"ListItem","position":1,"name":"Home","item":"https:\/\/www.organscore.com\/fr\/"},{"@type":"ListItem","position":2,"name":"Offertoires et \u00ab\u00a0Grands Jeux\u00a0\u00bb Classiques Fran\u00e7ais"}]},{"@type":"WebSite","@id":"https:\/\/www.organscore.com\/#website","url":"https:\/\/www.organscore.com\/","name":"OrganScore","description":"The Practical Score for Organists","publisher":{"@id":"https:\/\/www.organscore.com\/#organization"},"potentialAction":[{"@type":"SearchAction","target":{"@type":"EntryPoint","urlTemplate":"https:\/\/www.organscore.com\/?s={search_term_string}"},"query-input":{"@type":"PropertyValueSpecification","valueRequired":true,"valueName":"search_term_string"}}],"inLanguage":"fr-FR"},{"@type":"Organization","@id":"https:\/\/www.organscore.com\/#organization","name":"OrganScore","url":"https:\/\/www.organscore.com\/","logo":{"@type":"ImageObject","inLanguage":"fr-FR","@id":"https:\/\/www.organscore.com\/#\/schema\/logo\/image\/","url":"https:\/\/www.organscore.com\/wp-content\/uploads\/2018\/09\/organscore-logo-0153bf-h142px-shaded.png","contentUrl":"https:\/\/www.organscore.com\/wp-content\/uploads\/2018\/09\/organscore-logo-0153bf-h142px-shaded.png","width":434,"height":142,"caption":"OrganScore"},"image":{"@id":"https:\/\/www.organscore.com\/#\/schema\/logo\/image\/"},"sameAs":["https:\/\/www.youtube.com\/user\/organopleno2000"]}]}},"_links":{"self":[{"href":"https:\/\/www.organscore.com\/fr\/wp-json\/wp\/v2\/pages\/5168","targetHints":{"allow":["GET"]}}],"collection":[{"href":"https:\/\/www.organscore.com\/fr\/wp-json\/wp\/v2\/pages"}],"about":[{"href":"https:\/\/www.organscore.com\/fr\/wp-json\/wp\/v2\/types\/page"}],"author":[{"embeddable":true,"href":"https:\/\/www.organscore.com\/fr\/wp-json\/wp\/v2\/users\/1"}],"replies":[{"embeddable":true,"href":"https:\/\/www.organscore.com\/fr\/wp-json\/wp\/v2\/comments?post=5168"}],"version-history":[{"count":1,"href":"https:\/\/www.organscore.com\/fr\/wp-json\/wp\/v2\/pages\/5168\/revisions"}],"predecessor-version":[{"id":7063,"href":"https:\/\/www.organscore.com\/fr\/wp-json\/wp\/v2\/pages\/5168\/revisions\/7063"}],"wp:attachment":[{"href":"https:\/\/www.organscore.com\/fr\/wp-json\/wp\/v2\/media?parent=5168"}],"curies":[{"name":"wp","href":"https:\/\/api.w.org\/{rel}","templated":true}]}}