{"id":4671,"date":"2020-05-19T18:26:24","date_gmt":"2020-05-19T16:26:24","guid":{"rendered":"https:\/\/www.organscore.com\/?page_id=4671"},"modified":"2026-02-26T23:03:21","modified_gmt":"2026-02-26T22:03:21","slug":"c-saint-saens-edition-complete-organscore","status":"publish","type":"page","link":"https:\/\/www.organscore.com\/fr\/c-saint-saens-edition-complete-organscore\/","title":{"rendered":"C. Saint-Sa\u00ebns \u2013 Edition Compl\u00e8te OrganScore"},"content":{"rendered":"<h1 style=\"text-align: center;\">\u0152uvres Compl\u00e8tes pour Orgue de Saint-Sa\u00ebns<\/h1>\n<figure id=\"attachment_4645\" aria-describedby=\"caption-attachment-4645\" style=\"width: 573px\" class=\"wp-caption aligncenter\"><a href=\"https:\/\/www.organscore.com\/wp-content\/uploads\/2020\/05\/Saint-Saens-Gaveau-1905-1910-BW.jpg\"><img loading=\"lazy\" decoding=\"async\" class=\"size-full wp-image-4645\" src=\"https:\/\/www.organscore.com\/wp-content\/uploads\/2020\/05\/Saint-Saens-Gaveau-1905-1910-BW.jpg\" alt=\"Saint-Sa\u00ebns \u00e0 l'orgue de la salle Gaveau\" width=\"573\" height=\"812\" srcset=\"https:\/\/www.organscore.com\/wp-content\/uploads\/2020\/05\/Saint-Saens-Gaveau-1905-1910-BW.jpg 573w, https:\/\/www.organscore.com\/wp-content\/uploads\/2020\/05\/Saint-Saens-Gaveau-1905-1910-BW-212x300.jpg 212w\" sizes=\"auto, (max-width: 573px) 100vw, 573px\" \/><\/a><figcaption id=\"caption-attachment-4645\" class=\"wp-caption-text\">Saint-Sa\u00ebns \u00e0 l&rsquo;orgue de la salle Gaveau<\/figcaption><\/figure>\n<h2>Compositeur, Pianiste, Chef d&rsquo;Orchestre et Organiste<\/h2>\n<figure id=\"attachment_4706\" aria-describedby=\"caption-attachment-4706\" style=\"width: 450px\" class=\"wp-caption alignleft\"><a href=\"https:\/\/www.organscore.com\/wp-content\/uploads\/2020\/05\/Orgue-de-la-Madeleine.jpg\"><img loading=\"lazy\" decoding=\"async\" class=\"size-full wp-image-4706\" src=\"https:\/\/www.organscore.com\/wp-content\/uploads\/2020\/05\/Orgue-de-la-Madeleine.jpg\" alt=\"L'Orgue de la Madeleine, Paris\" width=\"450\" height=\"600\" srcset=\"https:\/\/www.organscore.com\/wp-content\/uploads\/2020\/05\/Orgue-de-la-Madeleine.jpg 450w, https:\/\/www.organscore.com\/wp-content\/uploads\/2020\/05\/Orgue-de-la-Madeleine-225x300.jpg 225w\" sizes=\"auto, (max-width: 450px) 100vw, 450px\" \/><\/a><figcaption id=\"caption-attachment-4706\" class=\"wp-caption-text\">L&rsquo;Orgue de la Madeleine, Paris (Cavaill\u00e9-Coll 1846)<\/figcaption><\/figure>\n<p style=\"text-align: justify;\">Camille Saint-Sa\u00ebns est n\u00e9e \u00e0 Paris le 9 octobre 1835 et d\u00e9c\u00e9d\u00e9 \u00e0 Alger le 16 d\u00e9cembre 1921. Enfant prodige, il fait ses premiers concerts \u00e0 l&rsquo;\u00e2ge de onze ans, puis m\u00e8ne une brillante carri\u00e8re musicale. Surtout connu aujourd&rsquo;hui comme un compositeur prolifique et inspir\u00e9 de l&rsquo;\u00e8re post-romantique, il \u00e9tait \u00e9galement pianiste virtuose, chef d&rsquo;orchestre et organiste. Il fut d&rsquo;ailleurs l&rsquo;organiste titulaire d&rsquo;importantes \u00e9glises parisiennes, telles que Saint-Merry, la Madeleine et Saint-S\u00e9verin.<\/p>\n<p style=\"text-align: justify;\">Comme compositeur, Saint-Sa\u00ebns appara\u00eet souvent comme un adepte du contrepoint et un admirateur des ma\u00eetres classiques tels que Mozart ou Haydn. Dans son \u0153uvre pour orgue, ce go\u00fbt de la clart\u00e9 fut sans doute aliment\u00e9 par le caract\u00e8re semi-classique, semi-symphonique de certains des instruments qu&rsquo;il fut amen\u00e9 \u00e0 jouer (Saint-Merry, Saint-S\u00e9verin).<\/p>\n<h2>L&rsquo;\u0152uvre pour Orgue<\/h2>\n<figure id=\"attachment_4709\" aria-describedby=\"caption-attachment-4709\" style=\"width: 460px\" class=\"wp-caption alignright\"><a href=\"https:\/\/www.organscore.com\/wp-content\/uploads\/2020\/05\/Orgue-Saint-S\u00e9verin.jpg\"><img loading=\"lazy\" decoding=\"async\" class=\"size-full wp-image-4709\" src=\"https:\/\/www.organscore.com\/wp-content\/uploads\/2020\/05\/Orgue-Saint-S\u00e9verin.jpg\" alt=\"L'Orgue de Saint-S\u00e9verin, Paris\" width=\"460\" height=\"580\" srcset=\"https:\/\/www.organscore.com\/wp-content\/uploads\/2020\/05\/Orgue-Saint-S\u00e9verin.jpg 460w, https:\/\/www.organscore.com\/wp-content\/uploads\/2020\/05\/Orgue-Saint-S\u00e9verin-238x300.jpg 238w\" sizes=\"auto, (max-width: 460px) 100vw, 460px\" \/><\/a><figcaption id=\"caption-attachment-4709\" class=\"wp-caption-text\">Saint-S\u00e9verin, Paris (Orgue Ferrand 1745\/Abbey 1889\/Kern 1964)<\/figcaption><\/figure>\n<p style=\"text-align: justify;\">L&rsquo;\u0153uvre pour orgue de Saint-Sa\u00ebns s&rsquo;\u00e9tend sur toute sa carri\u00e8re, depuis les pi\u00e8ces de jeunesse (pi\u00e8ces pour harmonium, premi\u00e8re fantaisie, rhapsodies sur des cantiques bretons, etc.) jusqu&rsquo;au \u0153uvres de la maturit\u00e9 (Pr\u00e9ludes et fugues Op. 109, 7 improvisations, 3\u00e8me fantaisie). D&rsquo;un caract\u00e8re parfois tr\u00e8s libre et pittoresque, parfois plus solennel, la musique pour orgue de Saint-Sa\u00ebns est toujours d&rsquo;une grande inventivit\u00e9. Et m\u00eame si le langage en est souvent ch\u00e2ti\u00e9, aucune de ces \u0153uvres ne c\u00e8de \u00e0 un quelconque acad\u00e9misme st\u00e9rile.<\/p>\n<p style=\"text-align: justify;\">Cette \u00ab\u00a0int\u00e9grale\u00a0\u00bb ne saurait \u00eatre compl\u00e8te sans les transcriptions r\u00e9alis\u00e9es par Alexandre Guilmant (1837-1911), Emile Bernard (1843-1902) L\u00e9on Bo\u00ebllmann (1862-1897), trois organistes fran\u00e7ais contemporains de Saint-Sa\u00ebns. Ces transcriptions ayant \u00e9t\u00e9 r\u00e9alis\u00e9es du vivant de Saint-Sa\u00ebns ne peuvent-elles pas, en effet, \u00eatre quasiment consid\u00e9r\u00e9es comme si elles \u00e9taient de sa propre main&#8230;<\/p>\n<h2>Les Pi\u00e8ces pour Harmonium<\/h2>\n<p style=\"text-align: justify;\">Le volume I contient quelques pi\u00e8ces pour harmonium, dont certaines ont des indications de registration sp\u00e9cifiques \u00e0 cet instrument. Bien qu&rsquo;elles soient g\u00e9n\u00e9ralement jou\u00e9s \u00e0 l&rsquo;orgue de nos jours, il est important de comprendre la signification des ces indications. Dans ce but, une description de l&rsquo;harmonium fran\u00e7ais classique a \u00e9t\u00e9 incluse.<\/p>\n<figure id=\"attachment_4663\" aria-describedby=\"caption-attachment-4663\" style=\"width: 661px\" class=\"wp-caption aligncenter\"><a href=\"https:\/\/www.organscore.com\/wp-content\/uploads\/2020\/05\/Jeux-Harmonium-Fran\u00e7ais-4-Jeux-2-1.jpg\"><img loading=\"lazy\" decoding=\"async\" class=\"size-full wp-image-4663\" src=\"https:\/\/www.organscore.com\/wp-content\/uploads\/2020\/05\/Jeux-Harmonium-Fran\u00e7ais-4-Jeux-2-1.jpg\" alt=\"Disposition d'un harmonium fran\u00e7ais classique\" width=\"661\" height=\"214\" srcset=\"https:\/\/www.organscore.com\/wp-content\/uploads\/2020\/05\/Jeux-Harmonium-Fran\u00e7ais-4-Jeux-2-1.jpg 661w, https:\/\/www.organscore.com\/wp-content\/uploads\/2020\/05\/Jeux-Harmonium-Fran\u00e7ais-4-Jeux-2-1-600x194.jpg 600w, https:\/\/www.organscore.com\/wp-content\/uploads\/2020\/05\/Jeux-Harmonium-Fran\u00e7ais-4-Jeux-2-1-300x97.jpg 300w\" sizes=\"auto, (max-width: 661px) 100vw, 661px\" \/><\/a><figcaption id=\"caption-attachment-4663\" class=\"wp-caption-text\">Disposition d&rsquo;un harmonium fran\u00e7ais classique<\/figcaption><\/figure>\n<h2>L&rsquo;Edition OrganScore<\/h2>\n<p style=\"text-align: justify;\">Les \u0153uvres se r\u00e9partissent sur deux volumes et sont dispos\u00e9es selon un ordre approximativement chronologique. Cependant, pour des raisons de logique, nous avons regroup\u00e9 les transcriptions \u00e0 la fin du volume II. Comme pour toute partition OrganScore, l&rsquo;organiste pourra jouer sans probl\u00e8me de tourne de page, avec une tr\u00e8s bonne lisibilit\u00e9 (voir<a href=\"https:\/\/www.organscore.com\/fr\/2018\/11\/07\/lisibilite-des-partitions-organscore\/\"> la page sur la lisibilit\u00e9 de l&rsquo;\u00e9dition OrganScore<\/a>).<\/p>\n<p style=\"text-align: center;\"><a href=\"https:\/\/www.organscore.com\/fr\/produit\/c-saint-saens-oeuvres-compl-pour-orgue-vol-i\/\"><strong>VOLUME I<\/strong><\/a><br \/>\nPi\u00e8ces diverses (2 Pr\u00e9ludes, 2 Versets, Offertoire), 9 Pi\u00e8ces pour Orgue ou Harmonium, 3 Pi\u00e8ces pour Harmonium Op. 1, Fantaisie no 1, 3 Rhapsodies sur des Cantiques Bretons Op. 7, 3 Pr\u00e9ludes et Fugues Op. 99, Fantaisie no 2 Op. 101, Marche Religieuse Op. 107.<br \/>\n<a href=\"https:\/\/www.organscore.com\/fr\/produit\/c-saint-saens-oeuvres-compl-pour-orgue-vol-i\/\"><img loading=\"lazy\" decoding=\"async\" class=\"size-medium wp-image-4691\" src=\"https:\/\/www.organscore.com\/wp-content\/uploads\/2020\/05\/Covers_Page_24-300x238.jpg\" alt=\"Saint-Sa\u00ebns \u0152uvres Compl\u00e8tes pour Orgue Volume I, Couverture\" width=\"300\" height=\"238\" srcset=\"https:\/\/www.organscore.com\/wp-content\/uploads\/2020\/05\/Covers_Page_24-300x238.jpg 300w, https:\/\/www.organscore.com\/wp-content\/uploads\/2020\/05\/Covers_Page_24-600x476.jpg 600w, https:\/\/www.organscore.com\/wp-content\/uploads\/2020\/05\/Covers_Page_24-1024x812.jpg 1024w, https:\/\/www.organscore.com\/wp-content\/uploads\/2020\/05\/Covers_Page_24-768x609.jpg 768w, https:\/\/www.organscore.com\/wp-content\/uploads\/2020\/05\/Covers_Page_24.jpg 1100w\" sizes=\"auto, (max-width: 300px) 100vw, 300px\" \/><\/a><\/p>\n<p style=\"text-align: center;\"><a href=\"https:\/\/www.organscore.com\/fr\/produit\/c-saint-saens-oeuvres-compl-pour-orgue-vol-ii\/\"><strong>VOLUME II<\/strong><\/a><br \/>\n3 Pr\u00e9ludes et Fugues Op. 109, 7 Improvisations Op. 150, Cypr\u00e8s Op. 156, Fantaisie no 3 Op. 157, Transcriptions : O Salutaris Hostia, Marche H\u00e9ro\u00efque Op. 34, Adagio Op. 78, R\u00eaverie Op. 60, Hymne \u00e0 Victor Hugo Op. 69, Pr\u00e9lude du D\u00e9luge Op. 45, Berceuse Op. 105, Marche du Synode (Op\u00e9ra \u02baHenri VIII\u02ba), Le Cygne (Carnaval des Animaux).<br \/>\n<a href=\"https:\/\/www.organscore.com\/fr\/produit\/c-saint-saens-oeuvres-compl-pour-orgue-vol-ii\/\"><img loading=\"lazy\" decoding=\"async\" class=\"size-medium wp-image-4696 aligncenter\" src=\"https:\/\/www.organscore.com\/wp-content\/uploads\/2020\/05\/Covers_Page_25-300x238.jpg\" alt=\"Saint-Sa\u00ebns \u0152uvres pour Orgue, Volume II Couverture\" width=\"300\" height=\"238\" srcset=\"https:\/\/www.organscore.com\/wp-content\/uploads\/2020\/05\/Covers_Page_25-300x238.jpg 300w, https:\/\/www.organscore.com\/wp-content\/uploads\/2020\/05\/Covers_Page_25-600x476.jpg 600w, https:\/\/www.organscore.com\/wp-content\/uploads\/2020\/05\/Covers_Page_25-1024x812.jpg 1024w, https:\/\/www.organscore.com\/wp-content\/uploads\/2020\/05\/Covers_Page_25-768x609.jpg 768w, https:\/\/www.organscore.com\/wp-content\/uploads\/2020\/05\/Covers_Page_25.jpg 1100w\" sizes=\"auto, (max-width: 300px) 100vw, 300px\" \/><\/a><\/p>\n","protected":false},"excerpt":{"rendered":"<p>\u0152uvres Compl\u00e8tes pour Orgue de Saint-Sa\u00ebns Compositeur, Pianiste, Chef d&rsquo;Orchestre et Organiste Camille Saint-Sa\u00ebns est n\u00e9e \u00e0 Paris le 9 octobre 1835 et d\u00e9c\u00e9d\u00e9 \u00e0 Alger le 16 d\u00e9cembre 1921. Enfant prodige, il fait ses premiers concerts \u00e0 l&rsquo;\u00e2ge de onze ans, puis m\u00e8ne une brillante carri\u00e8re musicale. Surtout connu aujourd&rsquo;hui comme un compositeur prolifique [&hellip;]<\/p>\n","protected":false},"author":1,"featured_media":0,"parent":0,"menu_order":0,"comment_status":"closed","ping_status":"closed","template":"","meta":{"_monsterinsights_skip_tracking":false,"_monsterinsights_sitenote_active":false,"_monsterinsights_sitenote_note":"","_monsterinsights_sitenote_category":0,"site-sidebar-layout":"default","site-content-layout":"default","ast-site-content-layout":"default","site-content-style":"default","site-sidebar-style":"default","ast-global-header-display":"","ast-banner-title-visibility":"","ast-main-header-display":"","ast-hfb-above-header-display":"","ast-hfb-below-header-display":"","ast-hfb-mobile-header-display":"","site-post-title":"disabled","ast-breadcrumbs-content":"","ast-featured-img":"","footer-sml-layout":"","ast-disable-related-posts":"","theme-transparent-header-meta":"default","adv-header-id-meta":"","stick-header-meta":"default","header-above-stick-meta":"","header-main-stick-meta":"","header-below-stick-meta":"","astra-migrate-meta-layouts":"set","ast-page-background-enabled":"default","ast-page-background-meta":{"desktop":{"background-color":"","background-image":"","background-repeat":"repeat","background-position":"center center","background-size":"auto","background-attachment":"scroll","background-type":"","background-media":"","overlay-type":"","overlay-color":"","overlay-opacity":"","overlay-gradient":""},"tablet":{"background-color":"","background-image":"","background-repeat":"repeat","background-position":"center center","background-size":"auto","background-attachment":"scroll","background-type":"","background-media":"","overlay-type":"","overlay-color":"","overlay-opacity":"","overlay-gradient":""},"mobile":{"background-color":"","background-image":"","background-repeat":"repeat","background-position":"center center","background-size":"auto","background-attachment":"scroll","background-type":"","background-media":"","overlay-type":"","overlay-color":"","overlay-opacity":"","overlay-gradient":""}},"ast-content-background-meta":{"desktop":{"background-color":"var(--ast-global-color-5)","background-image":"","background-repeat":"repeat","background-position":"center center","background-size":"auto","background-attachment":"scroll","background-type":"","background-media":"","overlay-type":"","overlay-color":"","overlay-opacity":"","overlay-gradient":""},"tablet":{"background-color":"var(--ast-global-color-5)","background-image":"","background-repeat":"repeat","background-position":"center center","background-size":"auto","background-attachment":"scroll","background-type":"","background-media":"","overlay-type":"","overlay-color":"","overlay-opacity":"","overlay-gradient":""},"mobile":{"background-color":"var(--ast-global-color-5)","background-image":"","background-repeat":"repeat","background-position":"center center","background-size":"auto","background-attachment":"scroll","background-type":"","background-media":"","overlay-type":"","overlay-color":"","overlay-opacity":"","overlay-gradient":""}},"footnotes":""},"class_list":["post-4671","page","type-page","status-publish","hentry"],"yoast_head":"<!-- This site is optimized with the Yoast SEO plugin v27.4 - https:\/\/yoast.com\/product\/yoast-seo-wordpress\/ -->\n<title>C. Saint-Sa\u00ebns \u2013 Edition Compl\u00e8te OrganScore - OrganScore<\/title>\n<meta name=\"description\" content=\"\u0152uvres compl\u00e8tes pour Orgue de Saint-Sa\u00ebns (1837-1921) \u00e9vitant les tournes. Deux volumes incluant les transcription par d&#039;autres organistes.\" \/>\n<meta name=\"robots\" content=\"index, follow, max-snippet:-1, max-image-preview:large, max-video-preview:-1\" \/>\n<link rel=\"canonical\" href=\"https:\/\/www.organscore.com\/fr\/c-saint-saens-edition-complete-organscore\/\" \/>\n<meta property=\"og:locale\" content=\"fr_FR\" \/>\n<meta property=\"og:type\" content=\"article\" \/>\n<meta property=\"og:title\" content=\"C. Saint-Sa\u00ebns \u2013 Edition Compl\u00e8te OrganScore - OrganScore\" \/>\n<meta property=\"og:description\" content=\"\u0152uvres compl\u00e8tes pour Orgue de Saint-Sa\u00ebns (1837-1921) \u00e9vitant les tournes. Deux volumes incluant les transcription par d&#039;autres organistes.\" \/>\n<meta property=\"og:url\" content=\"https:\/\/www.organscore.com\/fr\/c-saint-saens-edition-complete-organscore\/\" \/>\n<meta property=\"og:site_name\" content=\"OrganScore\" \/>\n<meta property=\"article:modified_time\" content=\"2026-02-26T22:03:21+00:00\" \/>\n<meta property=\"og:image\" content=\"https:\/\/www.organscore.com\/wp-content\/uploads\/2020\/05\/Saint-Saens-Gaveau-1905-1910-BW.jpg\" \/>\n\t<meta property=\"og:image:width\" content=\"573\" \/>\n\t<meta property=\"og:image:height\" content=\"812\" \/>\n\t<meta property=\"og:image:type\" content=\"image\/jpeg\" \/>\n<meta name=\"twitter:card\" content=\"summary_large_image\" \/>\n<meta name=\"twitter:label1\" content=\"Dur\u00e9e de lecture estim\u00e9e\" \/>\n\t<meta name=\"twitter:data1\" content=\"4 minutes\" \/>\n<script type=\"application\/ld+json\" class=\"yoast-schema-graph\">{\"@context\":\"https:\\\/\\\/schema.org\",\"@graph\":[{\"@type\":\"WebPage\",\"@id\":\"https:\\\/\\\/www.organscore.com\\\/fr\\\/c-saint-saens-edition-complete-organscore\\\/\",\"url\":\"https:\\\/\\\/www.organscore.com\\\/fr\\\/c-saint-saens-edition-complete-organscore\\\/\",\"name\":\"C. Saint-Sa\u00ebns \u2013 Edition Compl\u00e8te OrganScore - OrganScore\",\"isPartOf\":{\"@id\":\"https:\\\/\\\/www.organscore.com\\\/#website\"},\"primaryImageOfPage\":{\"@id\":\"https:\\\/\\\/www.organscore.com\\\/fr\\\/c-saint-saens-edition-complete-organscore\\\/#primaryimage\"},\"image\":{\"@id\":\"https:\\\/\\\/www.organscore.com\\\/fr\\\/c-saint-saens-edition-complete-organscore\\\/#primaryimage\"},\"thumbnailUrl\":\"https:\\\/\\\/www.organscore.com\\\/wp-content\\\/uploads\\\/2020\\\/05\\\/Saint-Saens-Gaveau-1905-1910-BW.jpg\",\"datePublished\":\"2020-05-19T16:26:24+00:00\",\"dateModified\":\"2026-02-26T22:03:21+00:00\",\"description\":\"\u0152uvres compl\u00e8tes pour Orgue de Saint-Sa\u00ebns (1837-1921) \u00e9vitant les tournes. Deux volumes incluant les transcription par d'autres organistes.\",\"breadcrumb\":{\"@id\":\"https:\\\/\\\/www.organscore.com\\\/fr\\\/c-saint-saens-edition-complete-organscore\\\/#breadcrumb\"},\"inLanguage\":\"fr-FR\",\"potentialAction\":[{\"@type\":\"ReadAction\",\"target\":[\"https:\\\/\\\/www.organscore.com\\\/fr\\\/c-saint-saens-edition-complete-organscore\\\/\"]}]},{\"@type\":\"ImageObject\",\"inLanguage\":\"fr-FR\",\"@id\":\"https:\\\/\\\/www.organscore.com\\\/fr\\\/c-saint-saens-edition-complete-organscore\\\/#primaryimage\",\"url\":\"https:\\\/\\\/www.organscore.com\\\/wp-content\\\/uploads\\\/2020\\\/05\\\/Saint-Saens-Gaveau-1905-1910-BW.jpg\",\"contentUrl\":\"https:\\\/\\\/www.organscore.com\\\/wp-content\\\/uploads\\\/2020\\\/05\\\/Saint-Saens-Gaveau-1905-1910-BW.jpg\"},{\"@type\":\"BreadcrumbList\",\"@id\":\"https:\\\/\\\/www.organscore.com\\\/fr\\\/c-saint-saens-edition-complete-organscore\\\/#breadcrumb\",\"itemListElement\":[{\"@type\":\"ListItem\",\"position\":1,\"name\":\"Home\",\"item\":\"https:\\\/\\\/www.organscore.com\\\/fr\\\/\"},{\"@type\":\"ListItem\",\"position\":2,\"name\":\"C. Saint-Sa\u00ebns \u2013 Edition Compl\u00e8te OrganScore\"}]},{\"@type\":\"WebSite\",\"@id\":\"https:\\\/\\\/www.organscore.com\\\/#website\",\"url\":\"https:\\\/\\\/www.organscore.com\\\/\",\"name\":\"OrganScore\",\"description\":\"The Practical Score for Organists\",\"publisher\":{\"@id\":\"https:\\\/\\\/www.organscore.com\\\/#organization\"},\"potentialAction\":[{\"@type\":\"SearchAction\",\"target\":{\"@type\":\"EntryPoint\",\"urlTemplate\":\"https:\\\/\\\/www.organscore.com\\\/?s={search_term_string}\"},\"query-input\":{\"@type\":\"PropertyValueSpecification\",\"valueRequired\":true,\"valueName\":\"search_term_string\"}}],\"inLanguage\":\"fr-FR\"},{\"@type\":\"Organization\",\"@id\":\"https:\\\/\\\/www.organscore.com\\\/#organization\",\"name\":\"OrganScore\",\"url\":\"https:\\\/\\\/www.organscore.com\\\/\",\"logo\":{\"@type\":\"ImageObject\",\"inLanguage\":\"fr-FR\",\"@id\":\"https:\\\/\\\/www.organscore.com\\\/#\\\/schema\\\/logo\\\/image\\\/\",\"url\":\"https:\\\/\\\/www.organscore.com\\\/wp-content\\\/uploads\\\/2018\\\/09\\\/organscore-logo-0153bf-h142px-shaded.png\",\"contentUrl\":\"https:\\\/\\\/www.organscore.com\\\/wp-content\\\/uploads\\\/2018\\\/09\\\/organscore-logo-0153bf-h142px-shaded.png\",\"width\":434,\"height\":142,\"caption\":\"OrganScore\"},\"image\":{\"@id\":\"https:\\\/\\\/www.organscore.com\\\/#\\\/schema\\\/logo\\\/image\\\/\"},\"sameAs\":[\"https:\\\/\\\/www.youtube.com\\\/user\\\/organopleno2000\"]}]}<\/script>\n<!-- \/ Yoast SEO plugin. -->","yoast_head_json":{"title":"C. Saint-Sa\u00ebns \u2013 Edition Compl\u00e8te OrganScore - OrganScore","description":"\u0152uvres compl\u00e8tes pour Orgue de Saint-Sa\u00ebns (1837-1921) \u00e9vitant les tournes. Deux volumes incluant les transcription par d'autres organistes.","robots":{"index":"index","follow":"follow","max-snippet":"max-snippet:-1","max-image-preview":"max-image-preview:large","max-video-preview":"max-video-preview:-1"},"canonical":"https:\/\/www.organscore.com\/fr\/c-saint-saens-edition-complete-organscore\/","og_locale":"fr_FR","og_type":"article","og_title":"C. Saint-Sa\u00ebns \u2013 Edition Compl\u00e8te OrganScore - OrganScore","og_description":"\u0152uvres compl\u00e8tes pour Orgue de Saint-Sa\u00ebns (1837-1921) \u00e9vitant les tournes. Deux volumes incluant les transcription par d'autres organistes.","og_url":"https:\/\/www.organscore.com\/fr\/c-saint-saens-edition-complete-organscore\/","og_site_name":"OrganScore","article_modified_time":"2026-02-26T22:03:21+00:00","og_image":[{"width":573,"height":812,"url":"https:\/\/www.organscore.com\/wp-content\/uploads\/2020\/05\/Saint-Saens-Gaveau-1905-1910-BW.jpg","type":"image\/jpeg"}],"twitter_card":"summary_large_image","twitter_misc":{"Dur\u00e9e de lecture estim\u00e9e":"4 minutes"},"schema":{"@context":"https:\/\/schema.org","@graph":[{"@type":"WebPage","@id":"https:\/\/www.organscore.com\/fr\/c-saint-saens-edition-complete-organscore\/","url":"https:\/\/www.organscore.com\/fr\/c-saint-saens-edition-complete-organscore\/","name":"C. Saint-Sa\u00ebns \u2013 Edition Compl\u00e8te OrganScore - OrganScore","isPartOf":{"@id":"https:\/\/www.organscore.com\/#website"},"primaryImageOfPage":{"@id":"https:\/\/www.organscore.com\/fr\/c-saint-saens-edition-complete-organscore\/#primaryimage"},"image":{"@id":"https:\/\/www.organscore.com\/fr\/c-saint-saens-edition-complete-organscore\/#primaryimage"},"thumbnailUrl":"https:\/\/www.organscore.com\/wp-content\/uploads\/2020\/05\/Saint-Saens-Gaveau-1905-1910-BW.jpg","datePublished":"2020-05-19T16:26:24+00:00","dateModified":"2026-02-26T22:03:21+00:00","description":"\u0152uvres compl\u00e8tes pour Orgue de Saint-Sa\u00ebns (1837-1921) \u00e9vitant les tournes. Deux volumes incluant les transcription par d'autres organistes.","breadcrumb":{"@id":"https:\/\/www.organscore.com\/fr\/c-saint-saens-edition-complete-organscore\/#breadcrumb"},"inLanguage":"fr-FR","potentialAction":[{"@type":"ReadAction","target":["https:\/\/www.organscore.com\/fr\/c-saint-saens-edition-complete-organscore\/"]}]},{"@type":"ImageObject","inLanguage":"fr-FR","@id":"https:\/\/www.organscore.com\/fr\/c-saint-saens-edition-complete-organscore\/#primaryimage","url":"https:\/\/www.organscore.com\/wp-content\/uploads\/2020\/05\/Saint-Saens-Gaveau-1905-1910-BW.jpg","contentUrl":"https:\/\/www.organscore.com\/wp-content\/uploads\/2020\/05\/Saint-Saens-Gaveau-1905-1910-BW.jpg"},{"@type":"BreadcrumbList","@id":"https:\/\/www.organscore.com\/fr\/c-saint-saens-edition-complete-organscore\/#breadcrumb","itemListElement":[{"@type":"ListItem","position":1,"name":"Home","item":"https:\/\/www.organscore.com\/fr\/"},{"@type":"ListItem","position":2,"name":"C. Saint-Sa\u00ebns \u2013 Edition Compl\u00e8te OrganScore"}]},{"@type":"WebSite","@id":"https:\/\/www.organscore.com\/#website","url":"https:\/\/www.organscore.com\/","name":"OrganScore","description":"The Practical Score for Organists","publisher":{"@id":"https:\/\/www.organscore.com\/#organization"},"potentialAction":[{"@type":"SearchAction","target":{"@type":"EntryPoint","urlTemplate":"https:\/\/www.organscore.com\/?s={search_term_string}"},"query-input":{"@type":"PropertyValueSpecification","valueRequired":true,"valueName":"search_term_string"}}],"inLanguage":"fr-FR"},{"@type":"Organization","@id":"https:\/\/www.organscore.com\/#organization","name":"OrganScore","url":"https:\/\/www.organscore.com\/","logo":{"@type":"ImageObject","inLanguage":"fr-FR","@id":"https:\/\/www.organscore.com\/#\/schema\/logo\/image\/","url":"https:\/\/www.organscore.com\/wp-content\/uploads\/2018\/09\/organscore-logo-0153bf-h142px-shaded.png","contentUrl":"https:\/\/www.organscore.com\/wp-content\/uploads\/2018\/09\/organscore-logo-0153bf-h142px-shaded.png","width":434,"height":142,"caption":"OrganScore"},"image":{"@id":"https:\/\/www.organscore.com\/#\/schema\/logo\/image\/"},"sameAs":["https:\/\/www.youtube.com\/user\/organopleno2000"]}]}},"_links":{"self":[{"href":"https:\/\/www.organscore.com\/fr\/wp-json\/wp\/v2\/pages\/4671","targetHints":{"allow":["GET"]}}],"collection":[{"href":"https:\/\/www.organscore.com\/fr\/wp-json\/wp\/v2\/pages"}],"about":[{"href":"https:\/\/www.organscore.com\/fr\/wp-json\/wp\/v2\/types\/page"}],"author":[{"embeddable":true,"href":"https:\/\/www.organscore.com\/fr\/wp-json\/wp\/v2\/users\/1"}],"replies":[{"embeddable":true,"href":"https:\/\/www.organscore.com\/fr\/wp-json\/wp\/v2\/comments?post=4671"}],"version-history":[{"count":1,"href":"https:\/\/www.organscore.com\/fr\/wp-json\/wp\/v2\/pages\/4671\/revisions"}],"predecessor-version":[{"id":7046,"href":"https:\/\/www.organscore.com\/fr\/wp-json\/wp\/v2\/pages\/4671\/revisions\/7046"}],"wp:attachment":[{"href":"https:\/\/www.organscore.com\/fr\/wp-json\/wp\/v2\/media?parent=4671"}],"curies":[{"name":"wp","href":"https:\/\/api.w.org\/{rel}","templated":true}]}}