{"id":4128,"date":"2019-01-19T01:20:47","date_gmt":"2019-01-19T00:20:47","guid":{"rendered":"https:\/\/www.organscore.com\/?page_id=4128"},"modified":"2026-02-26T23:45:28","modified_gmt":"2026-02-26T22:45:28","slug":"felix-mendelssohn-oeuvres-pour-orgue","status":"publish","type":"page","link":"https:\/\/www.organscore.com\/fr\/felix-mendelssohn-oeuvres-pour-orgue\/","title":{"rendered":"Felix Mendelssohn : \u0152uvres pour Orgue"},"content":{"rendered":"<h1 style=\"text-align: center;\">F\u00e9lix Mendelssohn : \u0152uvres pour Orgue<\/h1>\n<p style=\"text-align: justify;\">Suivant le chemin emprunt\u00e9 pour J.S. Bach, Buxtehude et d&rsquo;autres grands compositeurs pour orgue, OrganScore propose l&rsquo;int\u00e9grale des \u0153uvres pour orgue de F. Mendelssohn en deux volumes. Le volume I couvre les c\u00e9l\u00e8bres Pr\u00e9ludes et Fugues (Op. 37) et Sonates (Op. 65). Le volume II comprend un certain nombre de pi\u00e8ces diverses, dont la plupart datent du jeune \u00e2ge du compositeur. Bien que moins exigeantes techniquement que celles du volume I, les \u0153uvres du volume II pr\u00e9sentent un grand int\u00e9r\u00eat musical.<\/p>\n<p style=\"text-align: center;\"><a href=\"https:\/\/www.organscore.com\/fr\/produit\/f-mendelssohn-oeuvres-orgue-volume-i\/\"><strong>VOLUME I<\/strong><\/a><br \/>\n3 P\u00e9ludes &amp; Fugues (Op. 37), 6 Sonates (Op. 65)<br \/>\n<a href=\"https:\/\/www.organscore.com\/fr\/produit\/f-mendelssohn-oeuvres-orgue-volume-i\/\"><img loading=\"lazy\" decoding=\"async\" class=\"wp-image-768 size-medium\" src=\"https:\/\/www.organscore.com\/wp-content\/uploads\/2018\/06\/organscore-mendelssohn-organ-preludes-fugues-sonatas-300x238.jpg\" alt=\"Mendelssohn organ works : Preludes &amp; Fugues, Sonatas\" width=\"300\" height=\"238\" srcset=\"https:\/\/www.organscore.com\/wp-content\/uploads\/2018\/06\/organscore-mendelssohn-organ-preludes-fugues-sonatas-300x238.jpg 300w, https:\/\/www.organscore.com\/wp-content\/uploads\/2018\/06\/organscore-mendelssohn-organ-preludes-fugues-sonatas-600x476.jpg 600w, https:\/\/www.organscore.com\/wp-content\/uploads\/2018\/06\/organscore-mendelssohn-organ-preludes-fugues-sonatas-768x609.jpg 768w, https:\/\/www.organscore.com\/wp-content\/uploads\/2018\/06\/organscore-mendelssohn-organ-preludes-fugues-sonatas-1024x812.jpg 1024w, https:\/\/www.organscore.com\/wp-content\/uploads\/2018\/06\/organscore-mendelssohn-organ-preludes-fugues-sonatas-400x317.jpg 400w, https:\/\/www.organscore.com\/wp-content\/uploads\/2018\/06\/organscore-mendelssohn-organ-preludes-fugues-sonatas.jpg 1100w\" sizes=\"auto, (max-width: 300px) 100vw, 300px\" \/><\/a><\/p>\n<p style=\"text-align: center;\"><strong><a href=\"https:\/\/www.organscore.com\/fr\/produit\/f-mendelssohn-volume-ii-pieces-diverses\/\">VOLUME II<\/a><\/strong><br \/>\nPi\u00e8ces Diverses<a href=\"https:\/\/www.organscore.com\/fr\/produit\/f-mendelssohn-volume-ii-pieces-diverses\/\"><img loading=\"lazy\" decoding=\"async\" class=\"size-medium wp-image-4040 aligncenter\" src=\"https:\/\/www.organscore.com\/wp-content\/uploads\/2019\/01\/organscore-mendelssohn-miscellaneous-organ-pieces-300x238.jpg\" alt=\"Mendelssohn organ works : Miscellaneous Pieces\" width=\"300\" height=\"238\" srcset=\"https:\/\/www.organscore.com\/wp-content\/uploads\/2019\/01\/organscore-mendelssohn-miscellaneous-organ-pieces-300x238.jpg 300w, https:\/\/www.organscore.com\/wp-content\/uploads\/2019\/01\/organscore-mendelssohn-miscellaneous-organ-pieces-600x476.jpg 600w, https:\/\/www.organscore.com\/wp-content\/uploads\/2019\/01\/organscore-mendelssohn-miscellaneous-organ-pieces-768x609.jpg 768w, https:\/\/www.organscore.com\/wp-content\/uploads\/2019\/01\/organscore-mendelssohn-miscellaneous-organ-pieces-1024x812.jpg 1024w, https:\/\/www.organscore.com\/wp-content\/uploads\/2019\/01\/organscore-mendelssohn-miscellaneous-organ-pieces-400x317.jpg 400w, https:\/\/www.organscore.com\/wp-content\/uploads\/2019\/01\/organscore-mendelssohn-miscellaneous-organ-pieces.jpg 1100w\" sizes=\"auto, (max-width: 300px) 100vw, 300px\" \/><\/a><\/p>\n","protected":false},"excerpt":{"rendered":"<p>Felix Mendelssohn : \u0152uvres pour Orgues &#8211; Edition de qualit\u00e9 en deux volumes avec tournes faciles, \u00e9dit\u00e9s par Renaud Vergnet.<\/p>\n","protected":false},"author":1,"featured_media":0,"parent":0,"menu_order":0,"comment_status":"closed","ping_status":"closed","template":"","meta":{"_monsterinsights_skip_tracking":false,"_monsterinsights_sitenote_active":false,"_monsterinsights_sitenote_note":"","_monsterinsights_sitenote_category":0,"site-sidebar-layout":"default","site-content-layout":"default","ast-site-content-layout":"default","site-content-style":"default","site-sidebar-style":"default","ast-global-header-display":"","ast-banner-title-visibility":"","ast-main-header-display":"","ast-hfb-above-header-display":"","ast-hfb-below-header-display":"","ast-hfb-mobile-header-display":"","site-post-title":"disabled","ast-breadcrumbs-content":"","ast-featured-img":"","footer-sml-layout":"","ast-disable-related-posts":"","theme-transparent-header-meta":"default","adv-header-id-meta":"","stick-header-meta":"default","header-above-stick-meta":"","header-main-stick-meta":"","header-below-stick-meta":"","astra-migrate-meta-layouts":"set","ast-page-background-enabled":"default","ast-page-background-meta":{"desktop":{"background-color":"","background-image":"","background-repeat":"repeat","background-position":"center center","background-size":"auto","background-attachment":"scroll","background-type":"","background-media":"","overlay-type":"","overlay-color":"","overlay-opacity":"","overlay-gradient":""},"tablet":{"background-color":"","background-image":"","background-repeat":"repeat","background-position":"center center","background-size":"auto","background-attachment":"scroll","background-type":"","background-media":"","overlay-type":"","overlay-color":"","overlay-opacity":"","overlay-gradient":""},"mobile":{"background-color":"","background-image":"","background-repeat":"repeat","background-position":"center center","background-size":"auto","background-attachment":"scroll","background-type":"","background-media":"","overlay-type":"","overlay-color":"","overlay-opacity":"","overlay-gradient":""}},"ast-content-background-meta":{"desktop":{"background-color":"var(--ast-global-color-5)","background-image":"","background-repeat":"repeat","background-position":"center center","background-size":"auto","background-attachment":"scroll","background-type":"","background-media":"","overlay-type":"","overlay-color":"","overlay-opacity":"","overlay-gradient":""},"tablet":{"background-color":"var(--ast-global-color-5)","background-image":"","background-repeat":"repeat","background-position":"center center","background-size":"auto","background-attachment":"scroll","background-type":"","background-media":"","overlay-type":"","overlay-color":"","overlay-opacity":"","overlay-gradient":""},"mobile":{"background-color":"var(--ast-global-color-5)","background-image":"","background-repeat":"repeat","background-position":"center center","background-size":"auto","background-attachment":"scroll","background-type":"","background-media":"","overlay-type":"","overlay-color":"","overlay-opacity":"","overlay-gradient":""}},"footnotes":""},"class_list":["post-4128","page","type-page","status-publish","hentry"],"yoast_head":"<!-- This site is optimized with the Yoast SEO plugin v27.4 - https:\/\/yoast.com\/product\/yoast-seo-wordpress\/ -->\n<title>Felix Mendelssohn : \u0152uvres pour Orgue - OrganScore<\/title>\n<meta name=\"description\" content=\"Felix Mendelssohn : \u0152uvres pour Orgues - Edition de qualit\u00e9 en deux volumes avec tournes faciles, \u00e9dit\u00e9s par Renaud Vergnet.\" \/>\n<meta name=\"robots\" content=\"index, follow, max-snippet:-1, max-image-preview:large, max-video-preview:-1\" \/>\n<link rel=\"canonical\" href=\"https:\/\/www.organscore.com\/fr\/felix-mendelssohn-oeuvres-pour-orgue\/\" \/>\n<meta property=\"og:locale\" content=\"fr_FR\" \/>\n<meta property=\"og:type\" content=\"article\" \/>\n<meta property=\"og:title\" content=\"Felix Mendelssohn : \u0152uvres pour Orgue - OrganScore\" \/>\n<meta property=\"og:description\" content=\"Felix Mendelssohn : \u0152uvres pour Orgues - Edition de qualit\u00e9 en deux volumes avec tournes faciles, \u00e9dit\u00e9s par Renaud Vergnet.\" \/>\n<meta property=\"og:url\" content=\"https:\/\/www.organscore.com\/fr\/felix-mendelssohn-oeuvres-pour-orgue\/\" \/>\n<meta property=\"og:site_name\" content=\"OrganScore\" \/>\n<meta property=\"article:modified_time\" content=\"2026-02-26T22:45:28+00:00\" \/>\n<meta property=\"og:image\" content=\"https:\/\/www.organscore.com\/wp-content\/uploads\/2018\/06\/organscore-mendelssohn-organ-preludes-fugues-sonatas.jpg\" \/>\n\t<meta property=\"og:image:width\" content=\"1100\" \/>\n\t<meta property=\"og:image:height\" content=\"872\" \/>\n\t<meta property=\"og:image:type\" content=\"image\/jpeg\" \/>\n<meta name=\"twitter:card\" content=\"summary_large_image\" \/>\n<meta name=\"twitter:label1\" content=\"Dur\u00e9e de lecture estim\u00e9e\" \/>\n\t<meta name=\"twitter:data1\" content=\"1 minute\" \/>\n<script type=\"application\/ld+json\" class=\"yoast-schema-graph\">{\"@context\":\"https:\\\/\\\/schema.org\",\"@graph\":[{\"@type\":\"WebPage\",\"@id\":\"https:\\\/\\\/www.organscore.com\\\/fr\\\/felix-mendelssohn-oeuvres-pour-orgue\\\/\",\"url\":\"https:\\\/\\\/www.organscore.com\\\/fr\\\/felix-mendelssohn-oeuvres-pour-orgue\\\/\",\"name\":\"Felix Mendelssohn : \u0152uvres pour Orgue - OrganScore\",\"isPartOf\":{\"@id\":\"https:\\\/\\\/www.organscore.com\\\/#website\"},\"primaryImageOfPage\":{\"@id\":\"https:\\\/\\\/www.organscore.com\\\/fr\\\/felix-mendelssohn-oeuvres-pour-orgue\\\/#primaryimage\"},\"image\":{\"@id\":\"https:\\\/\\\/www.organscore.com\\\/fr\\\/felix-mendelssohn-oeuvres-pour-orgue\\\/#primaryimage\"},\"thumbnailUrl\":\"https:\\\/\\\/www.organscore.com\\\/wp-content\\\/uploads\\\/2018\\\/06\\\/organscore-mendelssohn-organ-preludes-fugues-sonatas-300x238.jpg\",\"datePublished\":\"2019-01-19T00:20:47+00:00\",\"dateModified\":\"2026-02-26T22:45:28+00:00\",\"description\":\"Felix Mendelssohn : \u0152uvres pour Orgues - Edition de qualit\u00e9 en deux volumes avec tournes faciles, \u00e9dit\u00e9s par Renaud Vergnet.\",\"breadcrumb\":{\"@id\":\"https:\\\/\\\/www.organscore.com\\\/fr\\\/felix-mendelssohn-oeuvres-pour-orgue\\\/#breadcrumb\"},\"inLanguage\":\"fr-FR\",\"potentialAction\":[{\"@type\":\"ReadAction\",\"target\":[\"https:\\\/\\\/www.organscore.com\\\/fr\\\/felix-mendelssohn-oeuvres-pour-orgue\\\/\"]}]},{\"@type\":\"ImageObject\",\"inLanguage\":\"fr-FR\",\"@id\":\"https:\\\/\\\/www.organscore.com\\\/fr\\\/felix-mendelssohn-oeuvres-pour-orgue\\\/#primaryimage\",\"url\":\"https:\\\/\\\/www.organscore.com\\\/wp-content\\\/uploads\\\/2018\\\/06\\\/organscore-mendelssohn-organ-preludes-fugues-sonatas-300x238.jpg\",\"contentUrl\":\"https:\\\/\\\/www.organscore.com\\\/wp-content\\\/uploads\\\/2018\\\/06\\\/organscore-mendelssohn-organ-preludes-fugues-sonatas-300x238.jpg\"},{\"@type\":\"BreadcrumbList\",\"@id\":\"https:\\\/\\\/www.organscore.com\\\/fr\\\/felix-mendelssohn-oeuvres-pour-orgue\\\/#breadcrumb\",\"itemListElement\":[{\"@type\":\"ListItem\",\"position\":1,\"name\":\"Home\",\"item\":\"https:\\\/\\\/www.organscore.com\\\/fr\\\/\"},{\"@type\":\"ListItem\",\"position\":2,\"name\":\"Felix Mendelssohn : \u0152uvres pour Orgue\"}]},{\"@type\":\"WebSite\",\"@id\":\"https:\\\/\\\/www.organscore.com\\\/#website\",\"url\":\"https:\\\/\\\/www.organscore.com\\\/\",\"name\":\"OrganScore\",\"description\":\"The Practical Score for Organists\",\"publisher\":{\"@id\":\"https:\\\/\\\/www.organscore.com\\\/#organization\"},\"potentialAction\":[{\"@type\":\"SearchAction\",\"target\":{\"@type\":\"EntryPoint\",\"urlTemplate\":\"https:\\\/\\\/www.organscore.com\\\/?s={search_term_string}\"},\"query-input\":{\"@type\":\"PropertyValueSpecification\",\"valueRequired\":true,\"valueName\":\"search_term_string\"}}],\"inLanguage\":\"fr-FR\"},{\"@type\":\"Organization\",\"@id\":\"https:\\\/\\\/www.organscore.com\\\/#organization\",\"name\":\"OrganScore\",\"url\":\"https:\\\/\\\/www.organscore.com\\\/\",\"logo\":{\"@type\":\"ImageObject\",\"inLanguage\":\"fr-FR\",\"@id\":\"https:\\\/\\\/www.organscore.com\\\/#\\\/schema\\\/logo\\\/image\\\/\",\"url\":\"https:\\\/\\\/www.organscore.com\\\/wp-content\\\/uploads\\\/2018\\\/09\\\/organscore-logo-0153bf-h142px-shaded.png\",\"contentUrl\":\"https:\\\/\\\/www.organscore.com\\\/wp-content\\\/uploads\\\/2018\\\/09\\\/organscore-logo-0153bf-h142px-shaded.png\",\"width\":434,\"height\":142,\"caption\":\"OrganScore\"},\"image\":{\"@id\":\"https:\\\/\\\/www.organscore.com\\\/#\\\/schema\\\/logo\\\/image\\\/\"},\"sameAs\":[\"https:\\\/\\\/www.youtube.com\\\/user\\\/organopleno2000\"]}]}<\/script>\n<!-- \/ Yoast SEO plugin. -->","yoast_head_json":{"title":"Felix Mendelssohn : \u0152uvres pour Orgue - OrganScore","description":"Felix Mendelssohn : \u0152uvres pour Orgues - Edition de qualit\u00e9 en deux volumes avec tournes faciles, \u00e9dit\u00e9s par Renaud Vergnet.","robots":{"index":"index","follow":"follow","max-snippet":"max-snippet:-1","max-image-preview":"max-image-preview:large","max-video-preview":"max-video-preview:-1"},"canonical":"https:\/\/www.organscore.com\/fr\/felix-mendelssohn-oeuvres-pour-orgue\/","og_locale":"fr_FR","og_type":"article","og_title":"Felix Mendelssohn : \u0152uvres pour Orgue - OrganScore","og_description":"Felix Mendelssohn : \u0152uvres pour Orgues - Edition de qualit\u00e9 en deux volumes avec tournes faciles, \u00e9dit\u00e9s par Renaud Vergnet.","og_url":"https:\/\/www.organscore.com\/fr\/felix-mendelssohn-oeuvres-pour-orgue\/","og_site_name":"OrganScore","article_modified_time":"2026-02-26T22:45:28+00:00","og_image":[{"width":1100,"height":872,"url":"https:\/\/www.organscore.com\/wp-content\/uploads\/2018\/06\/organscore-mendelssohn-organ-preludes-fugues-sonatas.jpg","type":"image\/jpeg"}],"twitter_card":"summary_large_image","twitter_misc":{"Dur\u00e9e de lecture estim\u00e9e":"1 minute"},"schema":{"@context":"https:\/\/schema.org","@graph":[{"@type":"WebPage","@id":"https:\/\/www.organscore.com\/fr\/felix-mendelssohn-oeuvres-pour-orgue\/","url":"https:\/\/www.organscore.com\/fr\/felix-mendelssohn-oeuvres-pour-orgue\/","name":"Felix Mendelssohn : \u0152uvres pour Orgue - OrganScore","isPartOf":{"@id":"https:\/\/www.organscore.com\/#website"},"primaryImageOfPage":{"@id":"https:\/\/www.organscore.com\/fr\/felix-mendelssohn-oeuvres-pour-orgue\/#primaryimage"},"image":{"@id":"https:\/\/www.organscore.com\/fr\/felix-mendelssohn-oeuvres-pour-orgue\/#primaryimage"},"thumbnailUrl":"https:\/\/www.organscore.com\/wp-content\/uploads\/2018\/06\/organscore-mendelssohn-organ-preludes-fugues-sonatas-300x238.jpg","datePublished":"2019-01-19T00:20:47+00:00","dateModified":"2026-02-26T22:45:28+00:00","description":"Felix Mendelssohn : \u0152uvres pour Orgues - Edition de qualit\u00e9 en deux volumes avec tournes faciles, \u00e9dit\u00e9s par Renaud Vergnet.","breadcrumb":{"@id":"https:\/\/www.organscore.com\/fr\/felix-mendelssohn-oeuvres-pour-orgue\/#breadcrumb"},"inLanguage":"fr-FR","potentialAction":[{"@type":"ReadAction","target":["https:\/\/www.organscore.com\/fr\/felix-mendelssohn-oeuvres-pour-orgue\/"]}]},{"@type":"ImageObject","inLanguage":"fr-FR","@id":"https:\/\/www.organscore.com\/fr\/felix-mendelssohn-oeuvres-pour-orgue\/#primaryimage","url":"https:\/\/www.organscore.com\/wp-content\/uploads\/2018\/06\/organscore-mendelssohn-organ-preludes-fugues-sonatas-300x238.jpg","contentUrl":"https:\/\/www.organscore.com\/wp-content\/uploads\/2018\/06\/organscore-mendelssohn-organ-preludes-fugues-sonatas-300x238.jpg"},{"@type":"BreadcrumbList","@id":"https:\/\/www.organscore.com\/fr\/felix-mendelssohn-oeuvres-pour-orgue\/#breadcrumb","itemListElement":[{"@type":"ListItem","position":1,"name":"Home","item":"https:\/\/www.organscore.com\/fr\/"},{"@type":"ListItem","position":2,"name":"Felix Mendelssohn : \u0152uvres pour Orgue"}]},{"@type":"WebSite","@id":"https:\/\/www.organscore.com\/#website","url":"https:\/\/www.organscore.com\/","name":"OrganScore","description":"The Practical Score for Organists","publisher":{"@id":"https:\/\/www.organscore.com\/#organization"},"potentialAction":[{"@type":"SearchAction","target":{"@type":"EntryPoint","urlTemplate":"https:\/\/www.organscore.com\/?s={search_term_string}"},"query-input":{"@type":"PropertyValueSpecification","valueRequired":true,"valueName":"search_term_string"}}],"inLanguage":"fr-FR"},{"@type":"Organization","@id":"https:\/\/www.organscore.com\/#organization","name":"OrganScore","url":"https:\/\/www.organscore.com\/","logo":{"@type":"ImageObject","inLanguage":"fr-FR","@id":"https:\/\/www.organscore.com\/#\/schema\/logo\/image\/","url":"https:\/\/www.organscore.com\/wp-content\/uploads\/2018\/09\/organscore-logo-0153bf-h142px-shaded.png","contentUrl":"https:\/\/www.organscore.com\/wp-content\/uploads\/2018\/09\/organscore-logo-0153bf-h142px-shaded.png","width":434,"height":142,"caption":"OrganScore"},"image":{"@id":"https:\/\/www.organscore.com\/#\/schema\/logo\/image\/"},"sameAs":["https:\/\/www.youtube.com\/user\/organopleno2000"]}]}},"_links":{"self":[{"href":"https:\/\/www.organscore.com\/fr\/wp-json\/wp\/v2\/pages\/4128","targetHints":{"allow":["GET"]}}],"collection":[{"href":"https:\/\/www.organscore.com\/fr\/wp-json\/wp\/v2\/pages"}],"about":[{"href":"https:\/\/www.organscore.com\/fr\/wp-json\/wp\/v2\/types\/page"}],"author":[{"embeddable":true,"href":"https:\/\/www.organscore.com\/fr\/wp-json\/wp\/v2\/users\/1"}],"replies":[{"embeddable":true,"href":"https:\/\/www.organscore.com\/fr\/wp-json\/wp\/v2\/comments?post=4128"}],"version-history":[{"count":1,"href":"https:\/\/www.organscore.com\/fr\/wp-json\/wp\/v2\/pages\/4128\/revisions"}],"predecessor-version":[{"id":7060,"href":"https:\/\/www.organscore.com\/fr\/wp-json\/wp\/v2\/pages\/4128\/revisions\/7060"}],"wp:attachment":[{"href":"https:\/\/www.organscore.com\/fr\/wp-json\/wp\/v2\/media?parent=4128"}],"curies":[{"name":"wp","href":"https:\/\/api.w.org\/{rel}","templated":true}]}}