{"id":3148,"date":"2018-09-01T21:29:36","date_gmt":"2018-09-01T19:29:36","guid":{"rendered":"https:\/\/www.organscore.com\/?page_id=3148"},"modified":"2023-07-26T15:02:51","modified_gmt":"2023-07-26T13:02:51","slug":"a-propos","status":"publish","type":"page","link":"https:\/\/www.organscore.com\/fr\/a-propos\/","title":{"rendered":"A propos de Renaud Vergnet"},"content":{"rendered":"<h2>Des partitions pour orgue con\u00e7ues par un organiste<\/h2>\n<p lang=\"en-GB\" style=\"text-align: justify;\"><strong>Renaud Vergnet<\/strong>\u00a0est organiste professionnel, titulaire des orgues de l&rsquo;\u00e9glise Saint-Pierre du gros caillou \u00e0 Paris. Il est dipl\u00f4m\u00e9 des conservatoires de Boulogne-Billancourt et d&rsquo;Issy-les-Moulineaux (1er prix d&rsquo;orgue et d&rsquo;\u00e9criture).<\/p>\n<p style=\"text-align: justify;\"><em>\u00ab\u00a0Depuis que j&rsquo;utilise des partitions en grand format, je n&rsquo;ai pas besoin d&rsquo;assistant, je peux me concentrer sur la musique et sur les changements de registration. Cela fait tr\u00e8s longtemps je les utilise, et aujourd&rsquo;hui j&rsquo;aurais bien du mal \u00e0 m&rsquo;en passer. Aussi, il y a quelques ann\u00e9es, j&rsquo;ai d\u00e9cid\u00e9 d&rsquo;initier l&rsquo;\u00e9dition \u00ab\u00a0OrganScore\u00a0\u00bb pour les rendre disponibles pour la communaut\u00e9 des organistes\u00a0\u00bb.<\/em><\/p>\n<p lang=\"en-GB\" style=\"text-align: justify;\">En tant que musicien, Renaud Vergnet est nourri d&rsquo;influences \u00e9clectiques. Mais dans le cadre de son travail sur la collection OrganScore, il s&rsquo;est fix\u00e9 comme objectif de proposer une \u00e9dition de r\u00e9f\u00e9rence du r\u00e9pertoire des grands ma\u00eetres de l&rsquo;orgue. Cela l&rsquo;a conduit non seulement \u00e0 s&rsquo;atteler aux aspects ergonomiques, mais aussi \u00e0 r\u00e9fl\u00e9chir sur la qualit\u00e9 du texte musical.<\/p>\n<p lang=\"en-GB\" style=\"text-align: justify;\">A ce titre, il s&rsquo;est particuli\u00e8rement int\u00e9ress\u00e9 au p\u00e9rim\u00e8tre des \u0153uvres et au choix du texte pour l&rsquo;\u0153uvre d&rsquo;orgue compl\u00e8te de J.S. Bach. Celle-ci comprend notamment une \u00e9dition originale des chorals Neumeister et une s\u00e9lection de pi\u00e8ces pour clavecin adaptables \u00e0 l&rsquo;orgue. Il a aussi compl\u00e9t\u00e9 quelques \u0153uvres inachev\u00e9es, et introduit de nouvelles transcriptions.<\/p>\n<p lang=\"en-GB\" style=\"text-align: justify;\">Renaud Vergnet s&rsquo;est aussi attaqu\u00e9 \u00e0 l&rsquo;\u00e9dition de l&rsquo;\u0153uvre d&rsquo;orgue de D. Buxtehude, dont la fiabilit\u00e9 des sources est probl\u00e9matique. Il a pour cela \u00e9tudi\u00e9 l&rsquo;ensemble des manuscrits de mani\u00e8re \u00e0 en proposer une version originale et coh\u00e9rente.<\/p>\n<p lang=\"en-GB\">Plus r\u00e9cemment, il a enrichi le catalogue OrganScore de nombreux compositeurs sous forme &lsquo;d&rsquo;int\u00e9grales&rsquo; (Brahms, Franck, Mendelssohn, Saint-Sa\u00ebns, Grigny, Symphonies de Vierne et de Widor), de transcriptions (Vivaldi, Mozart, Debussy), ainsi que de 3 volumes &lsquo;d&rsquo;Offertoires &amp; Dialogues sur les grands jeux&rsquo;, portant la collection \u00e0 45 r\u00e9f\u00e9rences \u00e0 ce jour.<\/p>\n<p lang=\"en-GB\" style=\"text-align: justify;\">Il continue de travailler sur de nouveaux volumes, \u00e0 para\u00eetre r\u00e9guli\u00e8rement.<\/p>\n","protected":false},"excerpt":{"rendered":"<p>La collection OrganScore, une \u00e9dition \u00e9vitant les tournes de pages est con\u00e7ue et \u00e9dit\u00e9e pour les organistes par un organiste\u00a0: Renaud Vergnet.<\/p>\n","protected":false},"author":1,"featured_media":3686,"parent":0,"menu_order":0,"comment_status":"closed","ping_status":"closed","template":"","meta":{"_monsterinsights_skip_tracking":false,"_monsterinsights_sitenote_active":false,"_monsterinsights_sitenote_note":"","_monsterinsights_sitenote_category":0,"site-sidebar-layout":"default","site-content-layout":"default","ast-site-content-layout":"default","site-content-style":"default","site-sidebar-style":"default","ast-global-header-display":"","ast-banner-title-visibility":"","ast-main-header-display":"","ast-hfb-above-header-display":"","ast-hfb-below-header-display":"","ast-hfb-mobile-header-display":"","site-post-title":"disabled","ast-breadcrumbs-content":"","ast-featured-img":"","footer-sml-layout":"","ast-disable-related-posts":"","theme-transparent-header-meta":"default","adv-header-id-meta":"","stick-header-meta":"default","header-above-stick-meta":"","header-main-stick-meta":"","header-below-stick-meta":"","astra-migrate-meta-layouts":"default","ast-page-background-enabled":"default","ast-page-background-meta":{"desktop":{"background-color":"","background-image":"","background-repeat":"repeat","background-position":"center center","background-size":"auto","background-attachment":"scroll","background-type":"","background-media":"","overlay-type":"","overlay-color":"","overlay-opacity":"","overlay-gradient":""},"tablet":{"background-color":"","background-image":"","background-repeat":"repeat","background-position":"center center","background-size":"auto","background-attachment":"scroll","background-type":"","background-media":"","overlay-type":"","overlay-color":"","overlay-opacity":"","overlay-gradient":""},"mobile":{"background-color":"","background-image":"","background-repeat":"repeat","background-position":"center center","background-size":"auto","background-attachment":"scroll","background-type":"","background-media":"","overlay-type":"","overlay-color":"","overlay-opacity":"","overlay-gradient":""}},"ast-content-background-meta":{"desktop":{"background-color":"var(--ast-global-color-5)","background-image":"","background-repeat":"repeat","background-position":"center center","background-size":"auto","background-attachment":"scroll","background-type":"","background-media":"","overlay-type":"","overlay-color":"","overlay-opacity":"","overlay-gradient":""},"tablet":{"background-color":"var(--ast-global-color-5)","background-image":"","background-repeat":"repeat","background-position":"center center","background-size":"auto","background-attachment":"scroll","background-type":"","background-media":"","overlay-type":"","overlay-color":"","overlay-opacity":"","overlay-gradient":""},"mobile":{"background-color":"var(--ast-global-color-5)","background-image":"","background-repeat":"repeat","background-position":"center center","background-size":"auto","background-attachment":"scroll","background-type":"","background-media":"","overlay-type":"","overlay-color":"","overlay-opacity":"","overlay-gradient":""}},"footnotes":""},"class_list":["post-3148","page","type-page","status-publish","has-post-thumbnail","hentry"],"yoast_head":"<!-- This site is optimized with the Yoast SEO plugin v27.3 - https:\/\/yoast.com\/product\/yoast-seo-wordpress\/ -->\n<title>A propos de Renaud Vergnet - OrganScore<\/title>\n<meta name=\"description\" content=\"La collection OrganScore, une \u00e9dition \u00e9vitant les tournes de pages est con\u00e7ue et \u00e9dit\u00e9e pour les organistes par un organiste\u00a0: Renaud Vergnet.\" \/>\n<meta name=\"robots\" content=\"index, follow, max-snippet:-1, max-image-preview:large, max-video-preview:-1\" \/>\n<link rel=\"canonical\" href=\"https:\/\/www.organscore.com\/fr\/a-propos\/\" \/>\n<meta property=\"og:locale\" content=\"fr_FR\" \/>\n<meta property=\"og:type\" content=\"article\" \/>\n<meta property=\"og:title\" content=\"A propos de Renaud Vergnet - OrganScore\" \/>\n<meta property=\"og:description\" content=\"La collection OrganScore, une \u00e9dition \u00e9vitant les tournes de pages est con\u00e7ue et \u00e9dit\u00e9e pour les organistes par un organiste\u00a0: Renaud Vergnet.\" \/>\n<meta property=\"og:url\" content=\"https:\/\/www.organscore.com\/fr\/a-propos\/\" \/>\n<meta property=\"og:site_name\" content=\"OrganScore\" \/>\n<meta property=\"article:modified_time\" content=\"2023-07-26T13:02:51+00:00\" \/>\n<meta property=\"og:image\" content=\"https:\/\/www.organscore.com\/wp-content\/uploads\/2018\/10\/renaud-vergnet-portrait-playing-organ.jpg\" \/>\n\t<meta property=\"og:image:width\" content=\"780\" \/>\n\t<meta property=\"og:image:height\" content=\"280\" \/>\n\t<meta property=\"og:image:type\" content=\"image\/jpeg\" \/>\n<meta name=\"twitter:card\" content=\"summary_large_image\" \/>\n<meta name=\"twitter:label1\" content=\"Dur\u00e9e de lecture estim\u00e9e\" \/>\n\t<meta name=\"twitter:data1\" content=\"2 minutes\" \/>\n<script type=\"application\/ld+json\" class=\"yoast-schema-graph\">{\"@context\":\"https:\\\/\\\/schema.org\",\"@graph\":[{\"@type\":\"WebPage\",\"@id\":\"https:\\\/\\\/www.organscore.com\\\/fr\\\/a-propos\\\/\",\"url\":\"https:\\\/\\\/www.organscore.com\\\/fr\\\/a-propos\\\/\",\"name\":\"A propos de Renaud Vergnet - OrganScore\",\"isPartOf\":{\"@id\":\"https:\\\/\\\/www.organscore.com\\\/#website\"},\"primaryImageOfPage\":{\"@id\":\"https:\\\/\\\/www.organscore.com\\\/fr\\\/a-propos\\\/#primaryimage\"},\"image\":{\"@id\":\"https:\\\/\\\/www.organscore.com\\\/fr\\\/a-propos\\\/#primaryimage\"},\"thumbnailUrl\":\"https:\\\/\\\/www.organscore.com\\\/wp-content\\\/uploads\\\/2018\\\/10\\\/renaud-vergnet-portrait-playing-organ.jpg\",\"datePublished\":\"2018-09-01T19:29:36+00:00\",\"dateModified\":\"2023-07-26T13:02:51+00:00\",\"description\":\"La collection OrganScore, une \u00e9dition \u00e9vitant les tournes de pages est con\u00e7ue et \u00e9dit\u00e9e pour les organistes par un organiste\u00a0: Renaud Vergnet.\",\"breadcrumb\":{\"@id\":\"https:\\\/\\\/www.organscore.com\\\/fr\\\/a-propos\\\/#breadcrumb\"},\"inLanguage\":\"fr-FR\",\"potentialAction\":[{\"@type\":\"ReadAction\",\"target\":[\"https:\\\/\\\/www.organscore.com\\\/fr\\\/a-propos\\\/\"]}]},{\"@type\":\"ImageObject\",\"inLanguage\":\"fr-FR\",\"@id\":\"https:\\\/\\\/www.organscore.com\\\/fr\\\/a-propos\\\/#primaryimage\",\"url\":\"https:\\\/\\\/www.organscore.com\\\/wp-content\\\/uploads\\\/2018\\\/10\\\/renaud-vergnet-portrait-playing-organ.jpg\",\"contentUrl\":\"https:\\\/\\\/www.organscore.com\\\/wp-content\\\/uploads\\\/2018\\\/10\\\/renaud-vergnet-portrait-playing-organ.jpg\",\"width\":780,\"height\":280,\"caption\":\"Renaud Vergnet, portrait and playing the organ\"},{\"@type\":\"BreadcrumbList\",\"@id\":\"https:\\\/\\\/www.organscore.com\\\/fr\\\/a-propos\\\/#breadcrumb\",\"itemListElement\":[{\"@type\":\"ListItem\",\"position\":1,\"name\":\"Home\",\"item\":\"https:\\\/\\\/www.organscore.com\\\/fr\\\/\"},{\"@type\":\"ListItem\",\"position\":2,\"name\":\"A propos de Renaud Vergnet\"}]},{\"@type\":\"WebSite\",\"@id\":\"https:\\\/\\\/www.organscore.com\\\/#website\",\"url\":\"https:\\\/\\\/www.organscore.com\\\/\",\"name\":\"OrganScore\",\"description\":\"The Practical Score for Organists\",\"publisher\":{\"@id\":\"https:\\\/\\\/www.organscore.com\\\/#organization\"},\"potentialAction\":[{\"@type\":\"SearchAction\",\"target\":{\"@type\":\"EntryPoint\",\"urlTemplate\":\"https:\\\/\\\/www.organscore.com\\\/?s={search_term_string}\"},\"query-input\":{\"@type\":\"PropertyValueSpecification\",\"valueRequired\":true,\"valueName\":\"search_term_string\"}}],\"inLanguage\":\"fr-FR\"},{\"@type\":\"Organization\",\"@id\":\"https:\\\/\\\/www.organscore.com\\\/#organization\",\"name\":\"OrganScore\",\"url\":\"https:\\\/\\\/www.organscore.com\\\/\",\"logo\":{\"@type\":\"ImageObject\",\"inLanguage\":\"fr-FR\",\"@id\":\"https:\\\/\\\/www.organscore.com\\\/#\\\/schema\\\/logo\\\/image\\\/\",\"url\":\"https:\\\/\\\/www.organscore.com\\\/wp-content\\\/uploads\\\/2018\\\/09\\\/organscore-logo-0153bf-h142px-shaded.png\",\"contentUrl\":\"https:\\\/\\\/www.organscore.com\\\/wp-content\\\/uploads\\\/2018\\\/09\\\/organscore-logo-0153bf-h142px-shaded.png\",\"width\":434,\"height\":142,\"caption\":\"OrganScore\"},\"image\":{\"@id\":\"https:\\\/\\\/www.organscore.com\\\/#\\\/schema\\\/logo\\\/image\\\/\"},\"sameAs\":[\"https:\\\/\\\/www.youtube.com\\\/user\\\/organopleno2000\"]}]}<\/script>\n<!-- \/ Yoast SEO plugin. -->","yoast_head_json":{"title":"A propos de Renaud Vergnet - OrganScore","description":"La collection OrganScore, une \u00e9dition \u00e9vitant les tournes de pages est con\u00e7ue et \u00e9dit\u00e9e pour les organistes par un organiste\u00a0: Renaud Vergnet.","robots":{"index":"index","follow":"follow","max-snippet":"max-snippet:-1","max-image-preview":"max-image-preview:large","max-video-preview":"max-video-preview:-1"},"canonical":"https:\/\/www.organscore.com\/fr\/a-propos\/","og_locale":"fr_FR","og_type":"article","og_title":"A propos de Renaud Vergnet - OrganScore","og_description":"La collection OrganScore, une \u00e9dition \u00e9vitant les tournes de pages est con\u00e7ue et \u00e9dit\u00e9e pour les organistes par un organiste\u00a0: Renaud Vergnet.","og_url":"https:\/\/www.organscore.com\/fr\/a-propos\/","og_site_name":"OrganScore","article_modified_time":"2023-07-26T13:02:51+00:00","og_image":[{"width":780,"height":280,"url":"https:\/\/www.organscore.com\/wp-content\/uploads\/2018\/10\/renaud-vergnet-portrait-playing-organ.jpg","type":"image\/jpeg"}],"twitter_card":"summary_large_image","twitter_misc":{"Dur\u00e9e de lecture estim\u00e9e":"2 minutes"},"schema":{"@context":"https:\/\/schema.org","@graph":[{"@type":"WebPage","@id":"https:\/\/www.organscore.com\/fr\/a-propos\/","url":"https:\/\/www.organscore.com\/fr\/a-propos\/","name":"A propos de Renaud Vergnet - OrganScore","isPartOf":{"@id":"https:\/\/www.organscore.com\/#website"},"primaryImageOfPage":{"@id":"https:\/\/www.organscore.com\/fr\/a-propos\/#primaryimage"},"image":{"@id":"https:\/\/www.organscore.com\/fr\/a-propos\/#primaryimage"},"thumbnailUrl":"https:\/\/www.organscore.com\/wp-content\/uploads\/2018\/10\/renaud-vergnet-portrait-playing-organ.jpg","datePublished":"2018-09-01T19:29:36+00:00","dateModified":"2023-07-26T13:02:51+00:00","description":"La collection OrganScore, une \u00e9dition \u00e9vitant les tournes de pages est con\u00e7ue et \u00e9dit\u00e9e pour les organistes par un organiste\u00a0: Renaud Vergnet.","breadcrumb":{"@id":"https:\/\/www.organscore.com\/fr\/a-propos\/#breadcrumb"},"inLanguage":"fr-FR","potentialAction":[{"@type":"ReadAction","target":["https:\/\/www.organscore.com\/fr\/a-propos\/"]}]},{"@type":"ImageObject","inLanguage":"fr-FR","@id":"https:\/\/www.organscore.com\/fr\/a-propos\/#primaryimage","url":"https:\/\/www.organscore.com\/wp-content\/uploads\/2018\/10\/renaud-vergnet-portrait-playing-organ.jpg","contentUrl":"https:\/\/www.organscore.com\/wp-content\/uploads\/2018\/10\/renaud-vergnet-portrait-playing-organ.jpg","width":780,"height":280,"caption":"Renaud Vergnet, portrait and playing the organ"},{"@type":"BreadcrumbList","@id":"https:\/\/www.organscore.com\/fr\/a-propos\/#breadcrumb","itemListElement":[{"@type":"ListItem","position":1,"name":"Home","item":"https:\/\/www.organscore.com\/fr\/"},{"@type":"ListItem","position":2,"name":"A propos de Renaud Vergnet"}]},{"@type":"WebSite","@id":"https:\/\/www.organscore.com\/#website","url":"https:\/\/www.organscore.com\/","name":"OrganScore","description":"The Practical Score for Organists","publisher":{"@id":"https:\/\/www.organscore.com\/#organization"},"potentialAction":[{"@type":"SearchAction","target":{"@type":"EntryPoint","urlTemplate":"https:\/\/www.organscore.com\/?s={search_term_string}"},"query-input":{"@type":"PropertyValueSpecification","valueRequired":true,"valueName":"search_term_string"}}],"inLanguage":"fr-FR"},{"@type":"Organization","@id":"https:\/\/www.organscore.com\/#organization","name":"OrganScore","url":"https:\/\/www.organscore.com\/","logo":{"@type":"ImageObject","inLanguage":"fr-FR","@id":"https:\/\/www.organscore.com\/#\/schema\/logo\/image\/","url":"https:\/\/www.organscore.com\/wp-content\/uploads\/2018\/09\/organscore-logo-0153bf-h142px-shaded.png","contentUrl":"https:\/\/www.organscore.com\/wp-content\/uploads\/2018\/09\/organscore-logo-0153bf-h142px-shaded.png","width":434,"height":142,"caption":"OrganScore"},"image":{"@id":"https:\/\/www.organscore.com\/#\/schema\/logo\/image\/"},"sameAs":["https:\/\/www.youtube.com\/user\/organopleno2000"]}]}},"_links":{"self":[{"href":"https:\/\/www.organscore.com\/fr\/wp-json\/wp\/v2\/pages\/3148","targetHints":{"allow":["GET"]}}],"collection":[{"href":"https:\/\/www.organscore.com\/fr\/wp-json\/wp\/v2\/pages"}],"about":[{"href":"https:\/\/www.organscore.com\/fr\/wp-json\/wp\/v2\/types\/page"}],"author":[{"embeddable":true,"href":"https:\/\/www.organscore.com\/fr\/wp-json\/wp\/v2\/users\/1"}],"replies":[{"embeddable":true,"href":"https:\/\/www.organscore.com\/fr\/wp-json\/wp\/v2\/comments?post=3148"}],"version-history":[{"count":0,"href":"https:\/\/www.organscore.com\/fr\/wp-json\/wp\/v2\/pages\/3148\/revisions"}],"wp:featuredmedia":[{"embeddable":true,"href":"https:\/\/www.organscore.com\/fr\/wp-json\/wp\/v2\/media\/3686"}],"wp:attachment":[{"href":"https:\/\/www.organscore.com\/fr\/wp-json\/wp\/v2\/media?parent=3148"}],"curies":[{"name":"wp","href":"https:\/\/api.w.org\/{rel}","templated":true}]}}