{"id":1521,"date":"2018-06-24T13:31:46","date_gmt":"2018-06-24T11:31:46","guid":{"rendered":"https:\/\/www.organscore.com\/?page_id=1521"},"modified":"2026-02-27T18:13:46","modified_gmt":"2026-02-27T17:13:46","slug":"bach-oeuvre-complete-pour-orgue","status":"publish","type":"page","link":"https:\/\/www.organscore.com\/fr\/bach-oeuvre-complete-pour-orgue\/","title":{"rendered":"J. S. Bach \u2013 Edition Compl\u00e8te OrganScore"},"content":{"rendered":"<h1 style=\"text-align: center;\">\u0152uvre Compl\u00e8te pour Orgue de J.S. Bach<\/h1>\n<p style=\"text-align: justify;\">OrganScore propose l&rsquo;\u0153uvre compl\u00e8te pour orgue de J.S. Bach. La musique d&rsquo;orgue de Bach est en effet le \u00abpain quotidien\u00bb des organistes. L&rsquo;int\u00e9grale se pr\u00e9sente en neuf volumes seulement gr\u00e2ce \u00e0 l&rsquo;utilisation du grand format. Toutes l&rsquo;\u0153uvre ne n\u00e9cessitant n\u00e9cessairement pas un grand format, deux volumes sont de taille A4 (petits pr\u00e9ludes et fugues, chorals courts, etc.).<\/p>\n<h3>Des tournes de pages \u00e9vit\u00e9es<\/h3>\n<p>L&rsquo;ensemble de l&rsquo;\u0153uvre a \u00e9t\u00e9 mis en page de fa\u00e7on que chaque pi\u00e8ce \u00e9l\u00e9mentaire (pr\u00e9lude, fugue, mouvement de sonate, etc.) soit si possible \u00e9crite sur deux pages se faisant face. Parfois quatre pages sont n\u00e9cessaires (une tourne ais\u00e9e), tr\u00e8s rarement six (deux tournes ais\u00e9es).<\/p>\n<h3>Un texte musical optimis\u00e9<\/h3>\n<figure id=\"attachment_3438\" aria-describedby=\"caption-attachment-3438\" style=\"width: 382px\" class=\"wp-caption alignright\"><a href=\"https:\/\/www.organscore.com\/wp-content\/uploads\/2018\/09\/organscore-bach-complete-works-easy-page-turns.jpg\"><img loading=\"lazy\" decoding=\"async\" class=\"wp-image-3438\" src=\"https:\/\/www.organscore.com\/wp-content\/uploads\/2018\/09\/organscore-bach-complete-works-easy-page-turns.jpg\" alt=\"J.S. Bach \u0153uvres compl\u00e8tes pour orgue en 9 volumes\" width=\"382\" height=\"352\" srcset=\"https:\/\/www.organscore.com\/wp-content\/uploads\/2018\/09\/organscore-bach-complete-works-easy-page-turns.jpg 1160w, https:\/\/www.organscore.com\/wp-content\/uploads\/2018\/09\/organscore-bach-complete-works-easy-page-turns-600x553.jpg 600w, https:\/\/www.organscore.com\/wp-content\/uploads\/2018\/09\/organscore-bach-complete-works-easy-page-turns-300x277.jpg 300w, https:\/\/www.organscore.com\/wp-content\/uploads\/2018\/09\/organscore-bach-complete-works-easy-page-turns-768x708.jpg 768w, https:\/\/www.organscore.com\/wp-content\/uploads\/2018\/09\/organscore-bach-complete-works-easy-page-turns-1024x945.jpg 1024w, https:\/\/www.organscore.com\/wp-content\/uploads\/2018\/09\/organscore-bach-complete-works-easy-page-turns-400x369.jpg 400w\" sizes=\"auto, (max-width: 382px) 100vw, 382px\" \/><\/a><figcaption id=\"caption-attachment-3438\" class=\"wp-caption-text\">J.S. Bach \u0153uvres compl\u00e8tes pour orgue en 9 volumes<\/figcaption><\/figure>\n<p style=\"text-align: justify;\">Le texte musical est prioritairement issu de l&rsquo;excellente r\u00e9f\u00e9rence que constitue la BGA (\u00abBach-Gesellschaft Ausgabe\u00bb, Breitkopf &amp; H\u00e4rtel, Leipzig, 1851\u20131899), compl\u00e9t\u00e9e pour quelques pi\u00e8ces par l&rsquo;\u00e9dition Peters (Volume IX, \u00e9dition de 1904).<\/p>\n<p style=\"text-align: justify;\">Ces \u00e9ditions anciennes sont cependant incompl\u00e8tes car elles ne contiennent par les \u0153uvres les plus r\u00e9centes du catalogue (chorals Neumeister, etc.). Par ailleurs, la lecture qu&rsquo;elles proposent pour certaines pi\u00e8ces est obsol\u00e8te du fait de la d\u00e9couverte post\u00e9rieure de nouveaux manuscrits. Dans ces cas, l&rsquo;\u00e9dition OrganScore a \u00e9t\u00e9 aliment\u00e9e directement par les sources. Le lecteur peut consulter le travail \u00e9ditorial correspondant gr\u00e2ce \u00e0 l&rsquo;appareil critique (Volumes VIII et IX), qui est illustr\u00e9 par de nombreux extraits musicaux.<\/p>\n<h3>Une int\u00e9grale enrichie<\/h3>\n<p style=\"text-align: justify;\">Au-del\u00e0 de l&rsquo;optimisation des tournes et du travail \u00e9ditorial, l&rsquo;int\u00e9grale OrganScore de l&rsquo;\u0153uvre d&rsquo;orgue de J.S. Bach se distingue par bien d&rsquo;autres caract\u00e9ristiques originales :<\/p>\n<ul style=\"text-align: justify;\">\n<li>Tous les BWV correspondant \u00e0 des oeuvres d&rsquo;orgues sont inclus, y compris les \u0153uvres apocryphes (\u00e0 la seule exception de la partita BWV 771, de Nicolaus Vetter).<\/li>\n<li>Une transcription compl\u00e8te de la sonate en trio en sol majeur BWV 1039 est incluse.<\/li>\n<li>Une s\u00e9lection d&rsquo;\u0153uvres pour clavecin est incluse, sur trois port\u00e9es lorsque c&rsquo;est pertinent (pr\u00e9ludes et fugues, concertos, variations, ricercares de l&rsquo;offrande musicale, etc.)<\/li>\n<li>Des variantes de disposition de claviers sont propos\u00e9es (1 ou 2 claviers) d\u00e8s que cela para\u00eet opportun (Orgelb\u00fcchlein, Neumeister, etc.)<\/li>\n<li>Quelques pi\u00e8ces inachev\u00e9es, pourtant authentiques et d&rsquo;un int\u00e9r\u00eat musical certain sont compl\u00e9t\u00e9s (BWV 573, 753, 764).<\/li>\n<\/ul>\n<p style=\"text-align: justify;\"><strong><a href=\"https:\/\/www.organscore.com\/fr\/produit\/j-s-bach-oeuvres-completes-pour-orgue-vol-i\/\">VOLUME I<\/a><\/strong><br \/>\nPr\u00e9ludes, Fantaisies, Toccatas &amp; Fugues (I)\u00a0:<br \/>\nBWV 531, 532, 533, 534, 535, 536, 537, 538, 539, 540, 541, 542, 543, 544.<\/p>\n<p style=\"text-align: justify;\"><strong><a href=\"https:\/\/www.organscore.com\/fr\/produit\/j-s-bach-oeuvres-completes-pour-orgue-vol-ii\/\">VOLUME II<\/a><\/strong><br \/>\nPr\u00e9ludes, Fantaisies, Toccatas &amp; Fugues (II)\u00a0:<br \/>\nBWV 545, 546, 547, 548, 549, 549a, 550, 551, 552, 561, 562, 563, 564, 565, 566(E), 566(C).<\/p>\n<p style=\"text-align: justify;\"><a href=\"https:\/\/www.organscore.com\/fr\/produit\/j-s-bach-oeuvres-completes-pour-orgue-vol-iii\/\"><strong>VOLUME III<\/strong><\/a><br \/>\nPr\u00e9ludes, Fantaisies, Toccatas &amp; Fugues (III), Passacaille &amp;\u00a0Fugue\u00a0:<br \/>\nBWV 1121, 567, 568, 569, 570, 571, 572, 573\u00a0(compl\u00e9t\u00e9e), 574, 575, 576, 577, 578, 579, 580, 581, 582, 895, 904, 917, 131a, 943, 946, 949, 950, 989, 992, 1079\u00a0(Ricercare a 3, Ricercare a 6).<\/p>\n<p style=\"text-align: justify;\"><a href=\"https:\/\/www.organscore.com\/fr\/produit\/j-s-bach-oeuvres-completes-pour-orgue-vol-iv\/\"><strong>VOLUME IV<\/strong><\/a><br \/>\nSonates en trio\u00a0: BWV 525 , 526, 527, 528, 529, 530.<br \/>\nTrios: BWV 583, 584, 585, 586, 587, 1027-4a, 790\u00a0(transcription).<br \/>\nSonate en trio\u00a0: BWV 1039 (transcription)<br \/>\nDuettos: BWV 802, 803, 804, 805.<br \/>\nPi\u00e8ces diverses : BWV 588, 589, 590, 591, 598.<\/p>\n<p style=\"text-align: justify;\"><a href=\"https:\/\/www.organscore.com\/fr\/produit\/j-s-bach-oeuvres-completes-pour-orgue-vol-v\/\"><strong>VOLUME V<\/strong><\/a><br \/>\nConcertos : BWV 592, 593, 594, 595, 596, 597, 972, 973, 974, 975, 976, 978, 980, 981, 985, 986.<\/p>\n<p style=\"text-align: justify;\"><a href=\"https:\/\/www.organscore.com\/fr\/produit\/j-s-bach-oeuvres-completes-pour-orgue-vol-vi\/\"><strong>VOLUME VI<\/strong><\/a>\u00a0(A4)<br \/>\nPetits Pr\u00e9ludes &amp; Fugues\u00a0: BWV [553\u00a0\u2026\u00a0560].<br \/>\nOrgelb\u00fcchlein\u00a0: BWV [599\u00a0\u2026\u00a0644].<\/p>\n<p style=\"text-align: justify;\"><a href=\"https:\/\/www.organscore.com\/fr\/produit\/j-s-bach-oeuvres-completes-pour-orgue-vol-vii\/\"><strong>VOLUME VII<\/strong><\/a><br \/>\nChorals Sch\u00fcbler\u00a0: BWV 645, 646, 647, 648, 649, 650.<br \/>\nChorals de Leipzig : BWV 651, 651a, 652, 653, 653b, 654, 655, 656, 657, 658, 659, 660, 661, 662, 663, 664, 665, 666, 667, 668.<br \/>\nPartitas : BWV 766, 767, 768, 769 (Variations canoniques), 770.<\/p>\n<p style=\"text-align: justify;\"><a href=\"https:\/\/www.organscore.com\/fr\/produit\/j-s-bach-oeuvres-completes-pour-orgue-vol-viii\/\"><strong>VOLUME VIII<\/strong><\/a><br \/>\nChorals de la Clavier\u00fcbung : BWV [669\u00a0\u2026\u00a0689]<br \/>\nChorals Divers (longs):<br \/>\nBWV 694, 695, 707, 708, 713, 718, 720, 725, 733, 735, 736, 739, 741, 747, 748, 761, 764\u00a0(compl\u00e9t\u00e9), 1128\u00a0(\u00a9\u00a02008\u00a0ortus\u00a0musikverlag).<\/p>\n<p style=\"text-align: justify;\"><a href=\"https:\/\/www.organscore.com\/fr\/produit\/j-s-bach-oeuvres-completes-pour-orgue-vol-ix\/\"><strong>VOLUME IX<\/strong><\/a>\u00a0(A4)<br \/>\n96 Chorals Divers :<br \/>\nBWV 690, 691, 692, 693, 696, 697, 698, 699, 700, 701, 702, 703, 704, 705, 706, 709, 710, 711, 712, 714, 715, 716, 717, 719, 721, 722, 723, 724, 726, 727, 728, 729, 730, 731, 732, 734, 737, 738, 740, 742, 743, 744, 745, 746, 749, 750, 751, 752, 753 (completed), 754, 755, 756, 757, 758, 759, 760, 762, 763, 765, 957, 1085, [1090 \u2026 1120], Anh 49, 58, 2 chorals sans num\u00e9ro de BWV.<\/p>\n","protected":false},"excerpt":{"rendered":"<p>OrgansScore, une \u00e9dition grand format de l&rsquo;\u0153uvre compl\u00e8te pour orgue de J.S. Bach \u00e9vitant les tournes de pages, incluant de nombreuses nouvelles pi\u00e8ces.<\/p>\n","protected":false},"author":1,"featured_media":0,"parent":0,"menu_order":1,"comment_status":"closed","ping_status":"closed","template":"","meta":{"_monsterinsights_skip_tracking":false,"_monsterinsights_sitenote_active":false,"_monsterinsights_sitenote_note":"","_monsterinsights_sitenote_category":0,"site-sidebar-layout":"default","site-content-layout":"default","ast-site-content-layout":"default","site-content-style":"default","site-sidebar-style":"default","ast-global-header-display":"","ast-banner-title-visibility":"","ast-main-header-display":"","ast-hfb-above-header-display":"","ast-hfb-below-header-display":"","ast-hfb-mobile-header-display":"","site-post-title":"disabled","ast-breadcrumbs-content":"","ast-featured-img":"","footer-sml-layout":"","ast-disable-related-posts":"","theme-transparent-header-meta":"default","adv-header-id-meta":"","stick-header-meta":"default","header-above-stick-meta":"","header-main-stick-meta":"","header-below-stick-meta":"","astra-migrate-meta-layouts":"set","ast-page-background-enabled":"default","ast-page-background-meta":{"desktop":{"background-color":"","background-image":"","background-repeat":"repeat","background-position":"center center","background-size":"auto","background-attachment":"scroll","background-type":"","background-media":"","overlay-type":"","overlay-color":"","overlay-opacity":"","overlay-gradient":""},"tablet":{"background-color":"","background-image":"","background-repeat":"repeat","background-position":"center center","background-size":"auto","background-attachment":"scroll","background-type":"","background-media":"","overlay-type":"","overlay-color":"","overlay-opacity":"","overlay-gradient":""},"mobile":{"background-color":"","background-image":"","background-repeat":"repeat","background-position":"center center","background-size":"auto","background-attachment":"scroll","background-type":"","background-media":"","overlay-type":"","overlay-color":"","overlay-opacity":"","overlay-gradient":""}},"ast-content-background-meta":{"desktop":{"background-color":"var(--ast-global-color-5)","background-image":"","background-repeat":"repeat","background-position":"center center","background-size":"auto","background-attachment":"scroll","background-type":"","background-media":"","overlay-type":"","overlay-color":"","overlay-opacity":"","overlay-gradient":""},"tablet":{"background-color":"var(--ast-global-color-5)","background-image":"","background-repeat":"repeat","background-position":"center center","background-size":"auto","background-attachment":"scroll","background-type":"","background-media":"","overlay-type":"","overlay-color":"","overlay-opacity":"","overlay-gradient":""},"mobile":{"background-color":"var(--ast-global-color-5)","background-image":"","background-repeat":"repeat","background-position":"center center","background-size":"auto","background-attachment":"scroll","background-type":"","background-media":"","overlay-type":"","overlay-color":"","overlay-opacity":"","overlay-gradient":""}},"footnotes":""},"class_list":["post-1521","page","type-page","status-publish","hentry"],"yoast_head":"<!-- This site is optimized with the Yoast SEO plugin v27.4 - https:\/\/yoast.com\/product\/yoast-seo-wordpress\/ -->\n<title>\u0152uvre compl\u00e8te pour orgue de J.S. Bach en 9 volumes - OrganScore<\/title>\n<meta name=\"description\" content=\"OrgansScore, une \u00e9dition grand format de l&#039;\u0153uvre compl\u00e8te pour orgue de J.S. Bach \u00e9vitant les tournes de pages, incluant de nombreuses nouvelles pi\u00e8ces.\" \/>\n<meta name=\"robots\" content=\"index, follow, max-snippet:-1, max-image-preview:large, max-video-preview:-1\" \/>\n<link rel=\"canonical\" href=\"https:\/\/www.organscore.com\/fr\/bach-oeuvre-complete-pour-orgue\/\" \/>\n<meta property=\"og:locale\" content=\"fr_FR\" \/>\n<meta property=\"og:type\" content=\"article\" \/>\n<meta property=\"og:title\" content=\"\u0152uvre compl\u00e8te pour orgue de J.S. Bach en 9 volumes - OrganScore\" \/>\n<meta property=\"og:description\" content=\"OrgansScore, une \u00e9dition grand format de l&#039;\u0153uvre compl\u00e8te pour orgue de J.S. Bach \u00e9vitant les tournes de pages, incluant de nombreuses nouvelles pi\u00e8ces.\" \/>\n<meta property=\"og:url\" content=\"https:\/\/www.organscore.com\/fr\/bach-oeuvre-complete-pour-orgue\/\" \/>\n<meta property=\"og:site_name\" content=\"OrganScore\" \/>\n<meta property=\"article:modified_time\" content=\"2026-02-27T17:13:46+00:00\" \/>\n<meta property=\"og:image\" content=\"https:\/\/www.organscore.com\/wp-content\/uploads\/2018\/09\/organscore-bach-complete-works-easy-page-turns.jpg\" \/>\n\t<meta property=\"og:image:width\" content=\"1160\" \/>\n\t<meta property=\"og:image:height\" content=\"1070\" \/>\n\t<meta property=\"og:image:type\" content=\"image\/jpeg\" \/>\n<meta name=\"twitter:card\" content=\"summary_large_image\" \/>\n<meta name=\"twitter:label1\" content=\"Dur\u00e9e de lecture estim\u00e9e\" \/>\n\t<meta name=\"twitter:data1\" content=\"4 minutes\" \/>\n<script type=\"application\/ld+json\" class=\"yoast-schema-graph\">{\"@context\":\"https:\\\/\\\/schema.org\",\"@graph\":[{\"@type\":\"WebPage\",\"@id\":\"https:\\\/\\\/www.organscore.com\\\/fr\\\/bach-oeuvre-complete-pour-orgue\\\/\",\"url\":\"https:\\\/\\\/www.organscore.com\\\/fr\\\/bach-oeuvre-complete-pour-orgue\\\/\",\"name\":\"\u0152uvre compl\u00e8te pour orgue de J.S. Bach en 9 volumes - OrganScore\",\"isPartOf\":{\"@id\":\"https:\\\/\\\/www.organscore.com\\\/#website\"},\"primaryImageOfPage\":{\"@id\":\"https:\\\/\\\/www.organscore.com\\\/fr\\\/bach-oeuvre-complete-pour-orgue\\\/#primaryimage\"},\"image\":{\"@id\":\"https:\\\/\\\/www.organscore.com\\\/fr\\\/bach-oeuvre-complete-pour-orgue\\\/#primaryimage\"},\"thumbnailUrl\":\"https:\\\/\\\/www.organscore.com\\\/wp-content\\\/uploads\\\/2018\\\/09\\\/organscore-bach-complete-works-easy-page-turns.jpg\",\"datePublished\":\"2018-06-24T11:31:46+00:00\",\"dateModified\":\"2026-02-27T17:13:46+00:00\",\"description\":\"OrgansScore, une \u00e9dition grand format de l'\u0153uvre compl\u00e8te pour orgue de J.S. Bach \u00e9vitant les tournes de pages, incluant de nombreuses nouvelles pi\u00e8ces.\",\"breadcrumb\":{\"@id\":\"https:\\\/\\\/www.organscore.com\\\/fr\\\/bach-oeuvre-complete-pour-orgue\\\/#breadcrumb\"},\"inLanguage\":\"fr-FR\",\"potentialAction\":[{\"@type\":\"ReadAction\",\"target\":[\"https:\\\/\\\/www.organscore.com\\\/fr\\\/bach-oeuvre-complete-pour-orgue\\\/\"]}]},{\"@type\":\"ImageObject\",\"inLanguage\":\"fr-FR\",\"@id\":\"https:\\\/\\\/www.organscore.com\\\/fr\\\/bach-oeuvre-complete-pour-orgue\\\/#primaryimage\",\"url\":\"https:\\\/\\\/www.organscore.com\\\/wp-content\\\/uploads\\\/2018\\\/09\\\/organscore-bach-complete-works-easy-page-turns.jpg\",\"contentUrl\":\"https:\\\/\\\/www.organscore.com\\\/wp-content\\\/uploads\\\/2018\\\/09\\\/organscore-bach-complete-works-easy-page-turns.jpg\"},{\"@type\":\"BreadcrumbList\",\"@id\":\"https:\\\/\\\/www.organscore.com\\\/fr\\\/bach-oeuvre-complete-pour-orgue\\\/#breadcrumb\",\"itemListElement\":[{\"@type\":\"ListItem\",\"position\":1,\"name\":\"Home\",\"item\":\"https:\\\/\\\/www.organscore.com\\\/fr\\\/\"},{\"@type\":\"ListItem\",\"position\":2,\"name\":\"J. S. Bach \u2013 Edition Compl\u00e8te OrganScore\"}]},{\"@type\":\"WebSite\",\"@id\":\"https:\\\/\\\/www.organscore.com\\\/#website\",\"url\":\"https:\\\/\\\/www.organscore.com\\\/\",\"name\":\"OrganScore\",\"description\":\"The Practical Score for Organists\",\"publisher\":{\"@id\":\"https:\\\/\\\/www.organscore.com\\\/#organization\"},\"potentialAction\":[{\"@type\":\"SearchAction\",\"target\":{\"@type\":\"EntryPoint\",\"urlTemplate\":\"https:\\\/\\\/www.organscore.com\\\/?s={search_term_string}\"},\"query-input\":{\"@type\":\"PropertyValueSpecification\",\"valueRequired\":true,\"valueName\":\"search_term_string\"}}],\"inLanguage\":\"fr-FR\"},{\"@type\":\"Organization\",\"@id\":\"https:\\\/\\\/www.organscore.com\\\/#organization\",\"name\":\"OrganScore\",\"url\":\"https:\\\/\\\/www.organscore.com\\\/\",\"logo\":{\"@type\":\"ImageObject\",\"inLanguage\":\"fr-FR\",\"@id\":\"https:\\\/\\\/www.organscore.com\\\/#\\\/schema\\\/logo\\\/image\\\/\",\"url\":\"https:\\\/\\\/www.organscore.com\\\/wp-content\\\/uploads\\\/2018\\\/09\\\/organscore-logo-0153bf-h142px-shaded.png\",\"contentUrl\":\"https:\\\/\\\/www.organscore.com\\\/wp-content\\\/uploads\\\/2018\\\/09\\\/organscore-logo-0153bf-h142px-shaded.png\",\"width\":434,\"height\":142,\"caption\":\"OrganScore\"},\"image\":{\"@id\":\"https:\\\/\\\/www.organscore.com\\\/#\\\/schema\\\/logo\\\/image\\\/\"},\"sameAs\":[\"https:\\\/\\\/www.youtube.com\\\/user\\\/organopleno2000\"]}]}<\/script>\n<!-- \/ Yoast SEO plugin. -->","yoast_head_json":{"title":"\u0152uvre compl\u00e8te pour orgue de J.S. Bach en 9 volumes - OrganScore","description":"OrgansScore, une \u00e9dition grand format de l'\u0153uvre compl\u00e8te pour orgue de J.S. Bach \u00e9vitant les tournes de pages, incluant de nombreuses nouvelles pi\u00e8ces.","robots":{"index":"index","follow":"follow","max-snippet":"max-snippet:-1","max-image-preview":"max-image-preview:large","max-video-preview":"max-video-preview:-1"},"canonical":"https:\/\/www.organscore.com\/fr\/bach-oeuvre-complete-pour-orgue\/","og_locale":"fr_FR","og_type":"article","og_title":"\u0152uvre compl\u00e8te pour orgue de J.S. Bach en 9 volumes - OrganScore","og_description":"OrgansScore, une \u00e9dition grand format de l'\u0153uvre compl\u00e8te pour orgue de J.S. Bach \u00e9vitant les tournes de pages, incluant de nombreuses nouvelles pi\u00e8ces.","og_url":"https:\/\/www.organscore.com\/fr\/bach-oeuvre-complete-pour-orgue\/","og_site_name":"OrganScore","article_modified_time":"2026-02-27T17:13:46+00:00","og_image":[{"width":1160,"height":1070,"url":"https:\/\/www.organscore.com\/wp-content\/uploads\/2018\/09\/organscore-bach-complete-works-easy-page-turns.jpg","type":"image\/jpeg"}],"twitter_card":"summary_large_image","twitter_misc":{"Dur\u00e9e de lecture estim\u00e9e":"4 minutes"},"schema":{"@context":"https:\/\/schema.org","@graph":[{"@type":"WebPage","@id":"https:\/\/www.organscore.com\/fr\/bach-oeuvre-complete-pour-orgue\/","url":"https:\/\/www.organscore.com\/fr\/bach-oeuvre-complete-pour-orgue\/","name":"\u0152uvre compl\u00e8te pour orgue de J.S. Bach en 9 volumes - OrganScore","isPartOf":{"@id":"https:\/\/www.organscore.com\/#website"},"primaryImageOfPage":{"@id":"https:\/\/www.organscore.com\/fr\/bach-oeuvre-complete-pour-orgue\/#primaryimage"},"image":{"@id":"https:\/\/www.organscore.com\/fr\/bach-oeuvre-complete-pour-orgue\/#primaryimage"},"thumbnailUrl":"https:\/\/www.organscore.com\/wp-content\/uploads\/2018\/09\/organscore-bach-complete-works-easy-page-turns.jpg","datePublished":"2018-06-24T11:31:46+00:00","dateModified":"2026-02-27T17:13:46+00:00","description":"OrgansScore, une \u00e9dition grand format de l'\u0153uvre compl\u00e8te pour orgue de J.S. Bach \u00e9vitant les tournes de pages, incluant de nombreuses nouvelles pi\u00e8ces.","breadcrumb":{"@id":"https:\/\/www.organscore.com\/fr\/bach-oeuvre-complete-pour-orgue\/#breadcrumb"},"inLanguage":"fr-FR","potentialAction":[{"@type":"ReadAction","target":["https:\/\/www.organscore.com\/fr\/bach-oeuvre-complete-pour-orgue\/"]}]},{"@type":"ImageObject","inLanguage":"fr-FR","@id":"https:\/\/www.organscore.com\/fr\/bach-oeuvre-complete-pour-orgue\/#primaryimage","url":"https:\/\/www.organscore.com\/wp-content\/uploads\/2018\/09\/organscore-bach-complete-works-easy-page-turns.jpg","contentUrl":"https:\/\/www.organscore.com\/wp-content\/uploads\/2018\/09\/organscore-bach-complete-works-easy-page-turns.jpg"},{"@type":"BreadcrumbList","@id":"https:\/\/www.organscore.com\/fr\/bach-oeuvre-complete-pour-orgue\/#breadcrumb","itemListElement":[{"@type":"ListItem","position":1,"name":"Home","item":"https:\/\/www.organscore.com\/fr\/"},{"@type":"ListItem","position":2,"name":"J. S. Bach \u2013 Edition Compl\u00e8te OrganScore"}]},{"@type":"WebSite","@id":"https:\/\/www.organscore.com\/#website","url":"https:\/\/www.organscore.com\/","name":"OrganScore","description":"The Practical Score for Organists","publisher":{"@id":"https:\/\/www.organscore.com\/#organization"},"potentialAction":[{"@type":"SearchAction","target":{"@type":"EntryPoint","urlTemplate":"https:\/\/www.organscore.com\/?s={search_term_string}"},"query-input":{"@type":"PropertyValueSpecification","valueRequired":true,"valueName":"search_term_string"}}],"inLanguage":"fr-FR"},{"@type":"Organization","@id":"https:\/\/www.organscore.com\/#organization","name":"OrganScore","url":"https:\/\/www.organscore.com\/","logo":{"@type":"ImageObject","inLanguage":"fr-FR","@id":"https:\/\/www.organscore.com\/#\/schema\/logo\/image\/","url":"https:\/\/www.organscore.com\/wp-content\/uploads\/2018\/09\/organscore-logo-0153bf-h142px-shaded.png","contentUrl":"https:\/\/www.organscore.com\/wp-content\/uploads\/2018\/09\/organscore-logo-0153bf-h142px-shaded.png","width":434,"height":142,"caption":"OrganScore"},"image":{"@id":"https:\/\/www.organscore.com\/#\/schema\/logo\/image\/"},"sameAs":["https:\/\/www.youtube.com\/user\/organopleno2000"]}]}},"_links":{"self":[{"href":"https:\/\/www.organscore.com\/fr\/wp-json\/wp\/v2\/pages\/1521","targetHints":{"allow":["GET"]}}],"collection":[{"href":"https:\/\/www.organscore.com\/fr\/wp-json\/wp\/v2\/pages"}],"about":[{"href":"https:\/\/www.organscore.com\/fr\/wp-json\/wp\/v2\/types\/page"}],"author":[{"embeddable":true,"href":"https:\/\/www.organscore.com\/fr\/wp-json\/wp\/v2\/users\/1"}],"replies":[{"embeddable":true,"href":"https:\/\/www.organscore.com\/fr\/wp-json\/wp\/v2\/comments?post=1521"}],"version-history":[{"count":1,"href":"https:\/\/www.organscore.com\/fr\/wp-json\/wp\/v2\/pages\/1521\/revisions"}],"predecessor-version":[{"id":7068,"href":"https:\/\/www.organscore.com\/fr\/wp-json\/wp\/v2\/pages\/1521\/revisions\/7068"}],"wp:attachment":[{"href":"https:\/\/www.organscore.com\/fr\/wp-json\/wp\/v2\/media?parent=1521"}],"curies":[{"name":"wp","href":"https:\/\/api.w.org\/{rel}","templated":true}]}}