{"id":1504,"date":"2018-06-23T23:00:23","date_gmt":"2018-06-23T21:00:23","guid":{"rendered":"https:\/\/www.organscore.com\/?page_id=1504"},"modified":"2026-02-26T23:31:16","modified_gmt":"2026-02-26T22:31:16","slug":"buxtehude-oeuvre-complete-pour-orgue","status":"publish","type":"page","link":"https:\/\/www.organscore.com\/fr\/buxtehude-oeuvre-complete-pour-orgue\/","title":{"rendered":"D. Buxtehude \u2013 Edition Compl\u00e8te OrganScore"},"content":{"rendered":"<h1 style=\"text-align: center;\">D. Buxtehude : \u0152uvre compl\u00e8te pour orgue<\/h1>\n<figure id=\"attachment_4654\" aria-describedby=\"caption-attachment-4654\" style=\"width: 700px\" class=\"wp-caption aligncenter\"><a href=\"https:\/\/www.organscore.com\/wp-content\/uploads\/2020\/05\/Orgue-Buxtehude-Lubeck2.jpg\"><img loading=\"lazy\" decoding=\"async\" class=\"size-full wp-image-4654\" src=\"https:\/\/www.organscore.com\/wp-content\/uploads\/2020\/05\/Orgue-Buxtehude-Lubeck2.jpg\" alt=\"L'Orgue de Buxtehude, Eglise Sainte-Marie de L\u00fcbeck\" width=\"700\" height=\"984\" srcset=\"https:\/\/www.organscore.com\/wp-content\/uploads\/2020\/05\/Orgue-Buxtehude-Lubeck2.jpg 700w, https:\/\/www.organscore.com\/wp-content\/uploads\/2020\/05\/Orgue-Buxtehude-Lubeck2-600x843.jpg 600w, https:\/\/www.organscore.com\/wp-content\/uploads\/2020\/05\/Orgue-Buxtehude-Lubeck2-213x300.jpg 213w\" sizes=\"auto, (max-width: 700px) 100vw, 700px\" \/><\/a><figcaption id=\"caption-attachment-4654\" class=\"wp-caption-text\">L&rsquo;Orgue de Buxtehude, Eglise Sainte-Marie de L\u00fcbeck<\/figcaption><\/figure>\n<p style=\"text-align: justify;\">Suivant le chemin emprunt\u00e9 pour J.S. Bach, OrganScore propose l&rsquo;\u0153uvre compl\u00e8te pour orgue de Buxtehude, en trois volumes grand format. L&rsquo;ordre des pi\u00e8ces suit celui du BuxWV (\u00abBuxtehude Werke Verzeichnis\u00bb, compil\u00e9 par Georg Karstadt). Les deux premiers volumes sont consacr\u00e9s aux pi\u00e8ces en style libre et le troisi\u00e8me aux chorals.<\/p>\n<h3>Le probl\u00e8me des sources<\/h3>\n<p style=\"text-align: justify;\">L&rsquo;\u00e9dition de l&rsquo;\u0153uvre d&rsquo;orgue de Buxtehude est une t\u00e2che d\u00e9licate car on ne peut se r\u00e9f\u00e9rer \u00e0 aucun manuscrit de la main du compositeur lui-m\u00eame, mais seulement \u00e0 des copies non autographes, datant pour la plupart des 18\u00e8me et 19\u00e8me si\u00e8cles. Ces manuscrits, le plus souvent \u00e9crits en notation moderne et parfois en tablature d&rsquo;orgue (certainement comme les originaux) sont pour beaucoup d&rsquo;entre eux des copies de copies, entach\u00e9s de nombreuses erreurs :<\/p>\n<ul>\n<li style=\"text-align: justify;\">notes manquantes,<\/li>\n<li style=\"text-align: justify;\">confusions entre les voix,<\/li>\n<li style=\"text-align: justify;\">confusion des hauteurs de notes<\/li>\n<li style=\"text-align: justify;\">erreurs d&rsquo;alt\u00e9rations,<\/li>\n<li style=\"text-align: justify;\">barres de mesures mal plac\u00e9es, etc.<\/li>\n<\/ul>\n<p style=\"text-align: justify;\">En de nombreux endroits, le texte musical est suffisamment corrompu ou incoh\u00e9rent pour devoir \u00eatre reconstruit. Cela ne peut alors \u00eatre r\u00e9alis\u00e9 que par conjecture, c&rsquo;est-\u00e0-dire en devinant au mieux quelle erreur de transcription a pu \u00eatre commise. Aucune \u00e9dition moderne ou ancienne de l&rsquo;\u0153uvre d&rsquo;orgue de Buxtehude ne peut donc pr\u00e9tendre en d\u00e9tenir le texte authentique.<\/p>\n<h3>Travail \u00e9ditorial<\/h3>\n<p style=\"text-align: justify;\">L&rsquo;\u00e9dition OrganScore est le r\u00e9sultat d&rsquo;une d\u00e9marche bas\u00e9e \u00e0 la fois sur l&rsquo;examen de l&rsquo;\u00e9dition de Philipp Spitta et Max Seiffert (1876, 1901 et 1939) et celui de l&rsquo;ensemble des sources manuscrites originales connues \u00e0 ce jour.<\/p>\n<p style=\"text-align: justify;\">En cons\u00e9quence des choix \u00e9ditoriaux, il y a bien s\u00fbr place \u00e0 la critique ou au d\u00e9saccord. Par cons\u00e9quent, chaque volume contient un appareil critique d\u00e9taill\u00e9 avec de nombreux extraits musicaux. M\u00eame un lecteur non francophone peut facilement y v\u00e9rifier le contenu des manuscrits originaux, le contenu de la version de l&rsquo;\u00e9dition Spitta, et comprendre les d\u00e9cisions prises pour d\u00e9terminer le texte musical d\u00e9finitif de notre \u00e9dition.<\/p>\n<figure id=\"attachment_3571\" aria-describedby=\"caption-attachment-3571\" style=\"width: 800px\" class=\"wp-caption alignnone\"><a href=\"https:\/\/www.organscore.com\/wp-content\/uploads\/2018\/09\/organscore-buxtehude-vol-iii-renaud-vergnet-notes-critiques.jpg\"><img loading=\"lazy\" decoding=\"async\" class=\"wp-image-3571 size-full\" src=\"https:\/\/www.organscore.com\/wp-content\/uploads\/2018\/09\/organscore-buxtehude-vol-iii-renaud-vergnet-notes-critiques.jpg\" alt=\"\" width=\"800\" height=\"540\" srcset=\"https:\/\/www.organscore.com\/wp-content\/uploads\/2018\/09\/organscore-buxtehude-vol-iii-renaud-vergnet-notes-critiques.jpg 800w, https:\/\/www.organscore.com\/wp-content\/uploads\/2018\/09\/organscore-buxtehude-vol-iii-renaud-vergnet-notes-critiques-600x405.jpg 600w, https:\/\/www.organscore.com\/wp-content\/uploads\/2018\/09\/organscore-buxtehude-vol-iii-renaud-vergnet-notes-critiques-300x203.jpg 300w, https:\/\/www.organscore.com\/wp-content\/uploads\/2018\/09\/organscore-buxtehude-vol-iii-renaud-vergnet-notes-critiques-768x518.jpg 768w, https:\/\/www.organscore.com\/wp-content\/uploads\/2018\/09\/organscore-buxtehude-vol-iii-renaud-vergnet-notes-critiques-400x270.jpg 400w\" sizes=\"auto, (max-width: 800px) 100vw, 800px\" \/><\/a><figcaption id=\"caption-attachment-3571\" class=\"wp-caption-text\">Extrait du volume III de l&rsquo;\u00e9dition OrganScore (appareil critique).<\/figcaption><\/figure>\n<p>Les \u0153uvres sont r\u00e9parties sur trois volumes, dans l&rsquo;ordre des num\u00e9ros de catalogue BuxWV. Comme dans toutes les partitions OrganScore, l&rsquo;organiste est en mesure de jouer sans probl\u00e8me de tourne de page, avec une excellente lisibilit\u00e9 (consulter la <a href=\"https:\/\/www.organscore.com\/fr\/2018\/11\/07\/lisibilite-des-partitions-organscore\/\">page \u00e0 propos de la lisibilit\u00e9 des partitions<\/a> OrganScore)<\/p>\n<p><a href=\"https:\/\/www.organscore.com\/fr\/produit\/d-buxtehude-oeuvres-completes-pour-orgue-vol-i\/\"><strong>VOLUME I<\/strong><\/a><br \/>\n19 Pr\u00e6ludiums\u00a0: BuxWV [136\u00a0\u2026\u00a0154].<br \/>\n<a href=\"https:\/\/www.organscore.com\/fr\/produit\/d-buxtehude-oeuvres-completes-pour-orgue-vol-i\/\"><img loading=\"lazy\" decoding=\"async\" class=\"size-medium wp-image-2226\" src=\"https:\/\/www.organscore.com\/wp-content\/uploads\/2018\/05\/organscore-buxtehude-complete-organ-works-volume-i-300x238.jpg\" alt=\"Buxtehude \u0153uvres compl\u00e8tes pour orgue, volume I\" width=\"300\" height=\"238\" srcset=\"https:\/\/www.organscore.com\/wp-content\/uploads\/2018\/05\/organscore-buxtehude-complete-organ-works-volume-i-300x238.jpg 300w, https:\/\/www.organscore.com\/wp-content\/uploads\/2018\/05\/organscore-buxtehude-complete-organ-works-volume-i-600x476.jpg 600w, https:\/\/www.organscore.com\/wp-content\/uploads\/2018\/05\/organscore-buxtehude-complete-organ-works-volume-i-768x609.jpg 768w, https:\/\/www.organscore.com\/wp-content\/uploads\/2018\/05\/organscore-buxtehude-complete-organ-works-volume-i-1024x812.jpg 1024w, https:\/\/www.organscore.com\/wp-content\/uploads\/2018\/05\/organscore-buxtehude-complete-organ-works-volume-i.jpg 1100w\" sizes=\"auto, (max-width: 300px) 100vw, 300px\" \/><\/a><\/p>\n<p><strong><a href=\"https:\/\/www.organscore.com\/fr\/produit\/d-buxtehude-oeuvres-completes-pour-orgue-vol-ii\/\">VOLUME II<\/a><\/strong><br \/>\n5\u00a0Toccatas, 2\u00a0Ciacconas,\u00a0Passacaglia, Praeambulum, 2\u00a0Pr\u00e6ludiums, 8\u00a0Canzonas, 3\u00a0Fugues\u00a0: BuxWV [155\u00a0\u2026\u00a0176], 225.<br \/>\n<a href=\"https:\/\/www.organscore.com\/fr\/produit\/d-buxtehude-oeuvres-completes-pour-orgue-vol-ii\/\"><img loading=\"lazy\" decoding=\"async\" class=\"size-medium wp-image-2222\" src=\"https:\/\/www.organscore.com\/wp-content\/uploads\/2018\/05\/organscore-buxtehude-complete-organ-works-volume-ii-300x238.jpg\" alt=\"Buxtehude \u0153uvres compl\u00e8tes pour orgue, volume II\" width=\"300\" height=\"238\" srcset=\"https:\/\/www.organscore.com\/wp-content\/uploads\/2018\/05\/organscore-buxtehude-complete-organ-works-volume-ii-300x238.jpg 300w, https:\/\/www.organscore.com\/wp-content\/uploads\/2018\/05\/organscore-buxtehude-complete-organ-works-volume-ii-600x476.jpg 600w, https:\/\/www.organscore.com\/wp-content\/uploads\/2018\/05\/organscore-buxtehude-complete-organ-works-volume-ii-768x609.jpg 768w, https:\/\/www.organscore.com\/wp-content\/uploads\/2018\/05\/organscore-buxtehude-complete-organ-works-volume-ii-1024x812.jpg 1024w, https:\/\/www.organscore.com\/wp-content\/uploads\/2018\/05\/organscore-buxtehude-complete-organ-works-volume-ii.jpg 1100w\" sizes=\"auto, (max-width: 300px) 100vw, 300px\" \/><\/a><\/p>\n<p><a href=\"https:\/\/www.organscore.com\/fr\/produit\/d-buxtehude-oeuvres-completes-pour-orgue-vol-iii\/\"><strong>VOLUME III<\/strong><\/a><br \/>\nChorals : BuxWV [177 &#8230; 224], 76.<br \/>\n<a style=\"font-size: 16px; background-color: #ffffff;\" href=\"https:\/\/www.organscore.com\/fr\/produit\/d-buxtehude-oeuvres-completes-pour-orgue-vol-iii\/\"><img loading=\"lazy\" decoding=\"async\" class=\"size-medium wp-image-2221\" src=\"https:\/\/www.organscore.com\/wp-content\/uploads\/2018\/05\/organscore-buxtehude-complete-organ-works-volume-iii-300x238.jpg\" alt=\"Buxtehude \u0153uvres compl\u00e8tes pour orgue, volume III\" width=\"300\" height=\"238\" srcset=\"https:\/\/www.organscore.com\/wp-content\/uploads\/2018\/05\/organscore-buxtehude-complete-organ-works-volume-iii-300x238.jpg 300w, https:\/\/www.organscore.com\/wp-content\/uploads\/2018\/05\/organscore-buxtehude-complete-organ-works-volume-iii-600x476.jpg 600w, https:\/\/www.organscore.com\/wp-content\/uploads\/2018\/05\/organscore-buxtehude-complete-organ-works-volume-iii-768x609.jpg 768w, https:\/\/www.organscore.com\/wp-content\/uploads\/2018\/05\/organscore-buxtehude-complete-organ-works-volume-iii-1024x812.jpg 1024w, https:\/\/www.organscore.com\/wp-content\/uploads\/2018\/05\/organscore-buxtehude-complete-organ-works-volume-iii.jpg 1100w\" sizes=\"auto, (max-width: 300px) 100vw, 300px\" \/><\/a><\/p>\n<p align=\"JUSTIFY\">\n","protected":false},"excerpt":{"rendered":"<p>OrgansScore, une \u00e9dition grand format de l&rsquo;\u0153uvre compl\u00e8te pour orgue de Buxtehude \u00e9vitant les tournes de pages, en trois volumes grand format.<\/p>\n","protected":false},"author":1,"featured_media":0,"parent":0,"menu_order":0,"comment_status":"closed","ping_status":"closed","template":"","meta":{"_monsterinsights_skip_tracking":false,"_monsterinsights_sitenote_active":false,"_monsterinsights_sitenote_note":"","_monsterinsights_sitenote_category":0,"site-sidebar-layout":"default","site-content-layout":"default","ast-site-content-layout":"default","site-content-style":"default","site-sidebar-style":"default","ast-global-header-display":"","ast-banner-title-visibility":"","ast-main-header-display":"","ast-hfb-above-header-display":"","ast-hfb-below-header-display":"","ast-hfb-mobile-header-display":"","site-post-title":"disabled","ast-breadcrumbs-content":"","ast-featured-img":"","footer-sml-layout":"","ast-disable-related-posts":"","theme-transparent-header-meta":"default","adv-header-id-meta":"","stick-header-meta":"default","header-above-stick-meta":"","header-main-stick-meta":"","header-below-stick-meta":"","astra-migrate-meta-layouts":"set","ast-page-background-enabled":"default","ast-page-background-meta":{"desktop":{"background-color":"","background-image":"","background-repeat":"repeat","background-position":"center center","background-size":"auto","background-attachment":"scroll","background-type":"","background-media":"","overlay-type":"","overlay-color":"","overlay-opacity":"","overlay-gradient":""},"tablet":{"background-color":"","background-image":"","background-repeat":"repeat","background-position":"center center","background-size":"auto","background-attachment":"scroll","background-type":"","background-media":"","overlay-type":"","overlay-color":"","overlay-opacity":"","overlay-gradient":""},"mobile":{"background-color":"","background-image":"","background-repeat":"repeat","background-position":"center center","background-size":"auto","background-attachment":"scroll","background-type":"","background-media":"","overlay-type":"","overlay-color":"","overlay-opacity":"","overlay-gradient":""}},"ast-content-background-meta":{"desktop":{"background-color":"var(--ast-global-color-5)","background-image":"","background-repeat":"repeat","background-position":"center center","background-size":"auto","background-attachment":"scroll","background-type":"","background-media":"","overlay-type":"","overlay-color":"","overlay-opacity":"","overlay-gradient":""},"tablet":{"background-color":"var(--ast-global-color-5)","background-image":"","background-repeat":"repeat","background-position":"center center","background-size":"auto","background-attachment":"scroll","background-type":"","background-media":"","overlay-type":"","overlay-color":"","overlay-opacity":"","overlay-gradient":""},"mobile":{"background-color":"var(--ast-global-color-5)","background-image":"","background-repeat":"repeat","background-position":"center center","background-size":"auto","background-attachment":"scroll","background-type":"","background-media":"","overlay-type":"","overlay-color":"","overlay-opacity":"","overlay-gradient":""}},"footnotes":""},"class_list":["post-1504","page","type-page","status-publish","hentry"],"yoast_head":"<!-- This site is optimized with the Yoast SEO plugin v27.4 - https:\/\/yoast.com\/product\/yoast-seo-wordpress\/ -->\n<title>\u0152uvre compl\u00e8te pour orgue de Buxtehude en 9 volumes OrganScore<\/title>\n<meta name=\"description\" content=\"OrgansScore, une \u00e9dition grand format de l&#039;\u0153uvre compl\u00e8te pour orgue de Buxtehude \u00e9vitant les tournes de pages, en trois volumes grand format.\" \/>\n<meta name=\"robots\" content=\"index, follow, max-snippet:-1, max-image-preview:large, max-video-preview:-1\" \/>\n<link rel=\"canonical\" href=\"https:\/\/www.organscore.com\/fr\/buxtehude-oeuvre-complete-pour-orgue\/\" \/>\n<meta property=\"og:locale\" content=\"fr_FR\" \/>\n<meta property=\"og:type\" content=\"article\" \/>\n<meta property=\"og:title\" content=\"\u0152uvre compl\u00e8te pour orgue de Buxtehude en 9 volumes OrganScore\" \/>\n<meta property=\"og:description\" content=\"OrgansScore, une \u00e9dition grand format de l&#039;\u0153uvre compl\u00e8te pour orgue de Buxtehude \u00e9vitant les tournes de pages, en trois volumes grand format.\" \/>\n<meta property=\"og:url\" content=\"https:\/\/www.organscore.com\/fr\/buxtehude-oeuvre-complete-pour-orgue\/\" \/>\n<meta property=\"og:site_name\" content=\"OrganScore\" \/>\n<meta property=\"article:modified_time\" content=\"2026-02-26T22:31:16+00:00\" \/>\n<meta property=\"og:image\" content=\"https:\/\/www.organscore.com\/wp-content\/uploads\/2020\/05\/Orgue-Buxtehude-Lubeck2.jpg\" \/>\n\t<meta property=\"og:image:width\" content=\"700\" \/>\n\t<meta property=\"og:image:height\" content=\"984\" \/>\n\t<meta property=\"og:image:type\" content=\"image\/jpeg\" \/>\n<meta name=\"twitter:card\" content=\"summary_large_image\" \/>\n<meta name=\"twitter:label1\" content=\"Dur\u00e9e de lecture estim\u00e9e\" \/>\n\t<meta name=\"twitter:data1\" content=\"3 minutes\" \/>\n<script type=\"application\/ld+json\" class=\"yoast-schema-graph\">{\"@context\":\"https:\\\/\\\/schema.org\",\"@graph\":[{\"@type\":\"WebPage\",\"@id\":\"https:\\\/\\\/www.organscore.com\\\/fr\\\/buxtehude-oeuvre-complete-pour-orgue\\\/\",\"url\":\"https:\\\/\\\/www.organscore.com\\\/fr\\\/buxtehude-oeuvre-complete-pour-orgue\\\/\",\"name\":\"\u0152uvre compl\u00e8te pour orgue de Buxtehude en 9 volumes OrganScore\",\"isPartOf\":{\"@id\":\"https:\\\/\\\/www.organscore.com\\\/#website\"},\"primaryImageOfPage\":{\"@id\":\"https:\\\/\\\/www.organscore.com\\\/fr\\\/buxtehude-oeuvre-complete-pour-orgue\\\/#primaryimage\"},\"image\":{\"@id\":\"https:\\\/\\\/www.organscore.com\\\/fr\\\/buxtehude-oeuvre-complete-pour-orgue\\\/#primaryimage\"},\"thumbnailUrl\":\"https:\\\/\\\/www.organscore.com\\\/wp-content\\\/uploads\\\/2020\\\/05\\\/Orgue-Buxtehude-Lubeck2.jpg\",\"datePublished\":\"2018-06-23T21:00:23+00:00\",\"dateModified\":\"2026-02-26T22:31:16+00:00\",\"description\":\"OrgansScore, une \u00e9dition grand format de l'\u0153uvre compl\u00e8te pour orgue de Buxtehude \u00e9vitant les tournes de pages, en trois volumes grand format.\",\"breadcrumb\":{\"@id\":\"https:\\\/\\\/www.organscore.com\\\/fr\\\/buxtehude-oeuvre-complete-pour-orgue\\\/#breadcrumb\"},\"inLanguage\":\"fr-FR\",\"potentialAction\":[{\"@type\":\"ReadAction\",\"target\":[\"https:\\\/\\\/www.organscore.com\\\/fr\\\/buxtehude-oeuvre-complete-pour-orgue\\\/\"]}]},{\"@type\":\"ImageObject\",\"inLanguage\":\"fr-FR\",\"@id\":\"https:\\\/\\\/www.organscore.com\\\/fr\\\/buxtehude-oeuvre-complete-pour-orgue\\\/#primaryimage\",\"url\":\"https:\\\/\\\/www.organscore.com\\\/wp-content\\\/uploads\\\/2020\\\/05\\\/Orgue-Buxtehude-Lubeck2.jpg\",\"contentUrl\":\"https:\\\/\\\/www.organscore.com\\\/wp-content\\\/uploads\\\/2020\\\/05\\\/Orgue-Buxtehude-Lubeck2.jpg\"},{\"@type\":\"BreadcrumbList\",\"@id\":\"https:\\\/\\\/www.organscore.com\\\/fr\\\/buxtehude-oeuvre-complete-pour-orgue\\\/#breadcrumb\",\"itemListElement\":[{\"@type\":\"ListItem\",\"position\":1,\"name\":\"Home\",\"item\":\"https:\\\/\\\/www.organscore.com\\\/fr\\\/\"},{\"@type\":\"ListItem\",\"position\":2,\"name\":\"D. Buxtehude \u2013 Edition Compl\u00e8te OrganScore\"}]},{\"@type\":\"WebSite\",\"@id\":\"https:\\\/\\\/www.organscore.com\\\/#website\",\"url\":\"https:\\\/\\\/www.organscore.com\\\/\",\"name\":\"OrganScore\",\"description\":\"The Practical Score for Organists\",\"publisher\":{\"@id\":\"https:\\\/\\\/www.organscore.com\\\/#organization\"},\"potentialAction\":[{\"@type\":\"SearchAction\",\"target\":{\"@type\":\"EntryPoint\",\"urlTemplate\":\"https:\\\/\\\/www.organscore.com\\\/?s={search_term_string}\"},\"query-input\":{\"@type\":\"PropertyValueSpecification\",\"valueRequired\":true,\"valueName\":\"search_term_string\"}}],\"inLanguage\":\"fr-FR\"},{\"@type\":\"Organization\",\"@id\":\"https:\\\/\\\/www.organscore.com\\\/#organization\",\"name\":\"OrganScore\",\"url\":\"https:\\\/\\\/www.organscore.com\\\/\",\"logo\":{\"@type\":\"ImageObject\",\"inLanguage\":\"fr-FR\",\"@id\":\"https:\\\/\\\/www.organscore.com\\\/#\\\/schema\\\/logo\\\/image\\\/\",\"url\":\"https:\\\/\\\/www.organscore.com\\\/wp-content\\\/uploads\\\/2018\\\/09\\\/organscore-logo-0153bf-h142px-shaded.png\",\"contentUrl\":\"https:\\\/\\\/www.organscore.com\\\/wp-content\\\/uploads\\\/2018\\\/09\\\/organscore-logo-0153bf-h142px-shaded.png\",\"width\":434,\"height\":142,\"caption\":\"OrganScore\"},\"image\":{\"@id\":\"https:\\\/\\\/www.organscore.com\\\/#\\\/schema\\\/logo\\\/image\\\/\"},\"sameAs\":[\"https:\\\/\\\/www.youtube.com\\\/user\\\/organopleno2000\"]}]}<\/script>\n<!-- \/ Yoast SEO plugin. -->","yoast_head_json":{"title":"\u0152uvre compl\u00e8te pour orgue de Buxtehude en 9 volumes OrganScore","description":"OrgansScore, une \u00e9dition grand format de l'\u0153uvre compl\u00e8te pour orgue de Buxtehude \u00e9vitant les tournes de pages, en trois volumes grand format.","robots":{"index":"index","follow":"follow","max-snippet":"max-snippet:-1","max-image-preview":"max-image-preview:large","max-video-preview":"max-video-preview:-1"},"canonical":"https:\/\/www.organscore.com\/fr\/buxtehude-oeuvre-complete-pour-orgue\/","og_locale":"fr_FR","og_type":"article","og_title":"\u0152uvre compl\u00e8te pour orgue de Buxtehude en 9 volumes OrganScore","og_description":"OrgansScore, une \u00e9dition grand format de l'\u0153uvre compl\u00e8te pour orgue de Buxtehude \u00e9vitant les tournes de pages, en trois volumes grand format.","og_url":"https:\/\/www.organscore.com\/fr\/buxtehude-oeuvre-complete-pour-orgue\/","og_site_name":"OrganScore","article_modified_time":"2026-02-26T22:31:16+00:00","og_image":[{"width":700,"height":984,"url":"https:\/\/www.organscore.com\/wp-content\/uploads\/2020\/05\/Orgue-Buxtehude-Lubeck2.jpg","type":"image\/jpeg"}],"twitter_card":"summary_large_image","twitter_misc":{"Dur\u00e9e de lecture estim\u00e9e":"3 minutes"},"schema":{"@context":"https:\/\/schema.org","@graph":[{"@type":"WebPage","@id":"https:\/\/www.organscore.com\/fr\/buxtehude-oeuvre-complete-pour-orgue\/","url":"https:\/\/www.organscore.com\/fr\/buxtehude-oeuvre-complete-pour-orgue\/","name":"\u0152uvre compl\u00e8te pour orgue de Buxtehude en 9 volumes OrganScore","isPartOf":{"@id":"https:\/\/www.organscore.com\/#website"},"primaryImageOfPage":{"@id":"https:\/\/www.organscore.com\/fr\/buxtehude-oeuvre-complete-pour-orgue\/#primaryimage"},"image":{"@id":"https:\/\/www.organscore.com\/fr\/buxtehude-oeuvre-complete-pour-orgue\/#primaryimage"},"thumbnailUrl":"https:\/\/www.organscore.com\/wp-content\/uploads\/2020\/05\/Orgue-Buxtehude-Lubeck2.jpg","datePublished":"2018-06-23T21:00:23+00:00","dateModified":"2026-02-26T22:31:16+00:00","description":"OrgansScore, une \u00e9dition grand format de l'\u0153uvre compl\u00e8te pour orgue de Buxtehude \u00e9vitant les tournes de pages, en trois volumes grand format.","breadcrumb":{"@id":"https:\/\/www.organscore.com\/fr\/buxtehude-oeuvre-complete-pour-orgue\/#breadcrumb"},"inLanguage":"fr-FR","potentialAction":[{"@type":"ReadAction","target":["https:\/\/www.organscore.com\/fr\/buxtehude-oeuvre-complete-pour-orgue\/"]}]},{"@type":"ImageObject","inLanguage":"fr-FR","@id":"https:\/\/www.organscore.com\/fr\/buxtehude-oeuvre-complete-pour-orgue\/#primaryimage","url":"https:\/\/www.organscore.com\/wp-content\/uploads\/2020\/05\/Orgue-Buxtehude-Lubeck2.jpg","contentUrl":"https:\/\/www.organscore.com\/wp-content\/uploads\/2020\/05\/Orgue-Buxtehude-Lubeck2.jpg"},{"@type":"BreadcrumbList","@id":"https:\/\/www.organscore.com\/fr\/buxtehude-oeuvre-complete-pour-orgue\/#breadcrumb","itemListElement":[{"@type":"ListItem","position":1,"name":"Home","item":"https:\/\/www.organscore.com\/fr\/"},{"@type":"ListItem","position":2,"name":"D. Buxtehude \u2013 Edition Compl\u00e8te OrganScore"}]},{"@type":"WebSite","@id":"https:\/\/www.organscore.com\/#website","url":"https:\/\/www.organscore.com\/","name":"OrganScore","description":"The Practical Score for Organists","publisher":{"@id":"https:\/\/www.organscore.com\/#organization"},"potentialAction":[{"@type":"SearchAction","target":{"@type":"EntryPoint","urlTemplate":"https:\/\/www.organscore.com\/?s={search_term_string}"},"query-input":{"@type":"PropertyValueSpecification","valueRequired":true,"valueName":"search_term_string"}}],"inLanguage":"fr-FR"},{"@type":"Organization","@id":"https:\/\/www.organscore.com\/#organization","name":"OrganScore","url":"https:\/\/www.organscore.com\/","logo":{"@type":"ImageObject","inLanguage":"fr-FR","@id":"https:\/\/www.organscore.com\/#\/schema\/logo\/image\/","url":"https:\/\/www.organscore.com\/wp-content\/uploads\/2018\/09\/organscore-logo-0153bf-h142px-shaded.png","contentUrl":"https:\/\/www.organscore.com\/wp-content\/uploads\/2018\/09\/organscore-logo-0153bf-h142px-shaded.png","width":434,"height":142,"caption":"OrganScore"},"image":{"@id":"https:\/\/www.organscore.com\/#\/schema\/logo\/image\/"},"sameAs":["https:\/\/www.youtube.com\/user\/organopleno2000"]}]}},"_links":{"self":[{"href":"https:\/\/www.organscore.com\/fr\/wp-json\/wp\/v2\/pages\/1504","targetHints":{"allow":["GET"]}}],"collection":[{"href":"https:\/\/www.organscore.com\/fr\/wp-json\/wp\/v2\/pages"}],"about":[{"href":"https:\/\/www.organscore.com\/fr\/wp-json\/wp\/v2\/types\/page"}],"author":[{"embeddable":true,"href":"https:\/\/www.organscore.com\/fr\/wp-json\/wp\/v2\/users\/1"}],"replies":[{"embeddable":true,"href":"https:\/\/www.organscore.com\/fr\/wp-json\/wp\/v2\/comments?post=1504"}],"version-history":[{"count":1,"href":"https:\/\/www.organscore.com\/fr\/wp-json\/wp\/v2\/pages\/1504\/revisions"}],"predecessor-version":[{"id":7052,"href":"https:\/\/www.organscore.com\/fr\/wp-json\/wp\/v2\/pages\/1504\/revisions\/7052"}],"wp:attachment":[{"href":"https:\/\/www.organscore.com\/fr\/wp-json\/wp\/v2\/media?parent=1504"}],"curies":[{"name":"wp","href":"https:\/\/api.w.org\/{rel}","templated":true}]}}